{"id":216,"date":"2019-10-19T00:34:41","date_gmt":"2019-10-18T22:34:41","guid":{"rendered":"https:\/\/xorr.pl\/?page_id=216"},"modified":"2020-04-09T23:56:37","modified_gmt":"2020-04-09T21:56:37","slug":"o-nas","status":"publish","type":"page","link":"https:\/\/xorr.pl\/en\/o-nas\/","title":{"rendered":"About us"},"content":{"rendered":"<div data-elementor-type=\"wp-page\" data-elementor-id=\"216\" class=\"elementor elementor-216\">\n\t\t\t\t\t\t<div class=\"elementor-inner\">\n\t\t\t\t<div class=\"elementor-section-wrap\">\n\t\t\t\t\t\t\t\t\t<section class=\"elementor-section elementor-top-section elementor-element elementor-element-ab98a78 elementor-section-boxed elementor-section-height-default elementor-section-height-default\" data-id=\"ab98a78\" data-element_type=\"section\">\n\t\t\t\t\t\t<div class=\"elementor-container elementor-column-gap-default\">\n\t\t\t\t\t\t\t<div class=\"elementor-row\">\n\t\t\t\t\t<div class=\"elementor-column elementor-col-100 elementor-top-column elementor-element elementor-element-9f4cf9f\" data-id=\"9f4cf9f\" data-element_type=\"column\">\n\t\t\t<div class=\"elementor-column-wrap elementor-element-populated\">\n\t\t\t\t\t\t\t<div class=\"elementor-widget-wrap\">\n\t\t\t\t\t\t<div class=\"elementor-element elementor-element-2f21083 elementor-widget elementor-widget-heading\" data-id=\"2f21083\" data-element_type=\"widget\" data-widget_type=\"heading.default\">\n\t\t\t\t<div class=\"elementor-widget-container\">\n\t\t\t<h2 class=\"elementor-heading-title elementor-size-xl\">About us<\/h2>\t\t<\/div>\n\t\t\t\t<\/div>\n\t\t\t\t<div class=\"elementor-element elementor-element-dd2aaa3 elementor-widget-divider--view-line elementor-widget elementor-widget-divider\" data-id=\"dd2aaa3\" data-element_type=\"widget\" data-widget_type=\"divider.default\">\n\t\t\t\t<div class=\"elementor-widget-container\">\n\t\t\t\t\t<div class=\"elementor-divider\">\n\t\t\t<span class=\"elementor-divider-separator\">\n\t\t\t\t\t\t<\/span>\n\t\t<\/div>\n\t\t\t\t<\/div>\n\t\t\t\t<\/div>\n\t\t\t\t\t\t<\/div>\n\t\t\t\t\t<\/div>\n\t\t<\/div>\n\t\t\t\t\t\t\t\t<\/div>\n\t\t\t\t\t<\/div>\n\t\t<\/section>\n\t\t\t\t<section class=\"elementor-section elementor-top-section elementor-element elementor-element-334fb23 elementor-section-boxed elementor-section-height-default elementor-section-height-default\" data-id=\"334fb23\" data-element_type=\"section\">\n\t\t\t\t\t\t<div class=\"elementor-container elementor-column-gap-default\">\n\t\t\t\t\t\t\t<div class=\"elementor-row\">\n\t\t\t\t\t<div class=\"elementor-column elementor-col-100 elementor-top-column elementor-element elementor-element-7433869\" data-id=\"7433869\" data-element_type=\"column\">\n\t\t\t<div class=\"elementor-column-wrap elementor-element-populated\">\n\t\t\t\t\t\t\t<div class=\"elementor-widget-wrap\">\n\t\t\t\t\t\t<div class=\"elementor-element elementor-element-528d382 elementor-widget elementor-widget-text-editor\" data-id=\"528d382\" data-element_type=\"widget\" data-widget_type=\"text-editor.default\">\n\t\t\t\t<div class=\"elementor-widget-container\">\n\t\t\t\t\t\t\t\t<div class=\"elementor-text-editor elementor-clearfix\">\n\t\t\t\t<p>XORR to jedyny w Polsce autoryzowany dealer BetaFpv. U nas tanio i bezpiecznie kupisz najlepsze drony klasy whoop.\u00a0\u00a0<\/p><p>\u00a0<\/p><p>W XORR tak\u017ce staramy si\u0119 u\u0142atwi\u0107<span style=\"font-size: 18px;\">\u00a0dost\u0119p w hobby FPV osobom, kt\u00f3re chc\u0105 zacz\u0105\u0107 lata\u0107 bez zg\u0142\u0119biania budowy racera. Nasze zestawy umo\u017cliwiaj\u0105 zbudowanie racera bez lutownicy przy wykorzystaniu narz\u0119dzi do\u0142\u0105czonych do zestawu. Prosta wymiana cz\u0119\u015bci, wysokiej jako\u015bci podzespo\u0142y i unikalna nie kosztowna rama kt\u00f3r\u0105 mo\u017cna wydrukowa\u0107 na drukarce 3D czyni\u0105 nasze produkty wyj\u0105tkowe.<\/span><\/p>\t\t\t\t\t<\/div>\n\t\t\t\t\t\t<\/div>\n\t\t\t\t<\/div>\n\t\t\t\t\t\t<\/div>\n\t\t\t\t\t<\/div>\n\t\t<\/div>\n\t\t\t\t\t\t\t\t<\/div>\n\t\t\t\t\t<\/div>\n\t\t<\/section>\n\t\t\t\t<section class=\"elementor-section elementor-top-section elementor-element elementor-element-9cff311 elementor-section-boxed elementor-section-height-default elementor-section-height-default\" data-id=\"9cff311\" data-element_type=\"section\">\n\t\t\t\t\t\t<div class=\"elementor-container elementor-column-gap-no\">\n\t\t\t\t\t\t\t<div class=\"elementor-row\">\n\t\t\t\t\t<div class=\"elementor-column elementor-col-50 elementor-top-column elementor-element elementor-element-6a8e505\" data-id=\"6a8e505\" data-element_type=\"column\">\n\t\t\t<div class=\"elementor-column-wrap elementor-element-populated\">\n\t\t\t\t\t\t\t<div class=\"elementor-widget-wrap\">\n\t\t\t\t\t\t<div class=\"elementor-element elementor-element-825ea90 elementor-position-top elementor-vertical-align-top elementor-widget elementor-widget-image-box\" data-id=\"825ea90\" data-element_type=\"widget\" data-widget_type=\"image-box.default\">\n\t\t\t\t<div class=\"elementor-widget-container\">\n\t\t\t<div class=\"elementor-image-box-wrapper\"><figure class=\"elementor-image-box-img\"><img decoding=\"async\" width=\"1566\" height=\"1958\" src=\"https:\/\/xorr.pl\/wp-content\/uploads\/2019\/10\/72799280_398310237775760_623214860049580032_n-2.jpg\" class=\"attachment-full size-full\" alt=\"\" \/><\/figure><div class=\"elementor-image-box-content\"><h3 class=\"elementor-image-box-title\">Seweryn Prze\u017adzi\u0119k<\/h3><p class=\"elementor-image-box-description\">Do\u015bwiadczony przedsi\u0119biorca i hobbysta, wsp\u00f3\u0142za\u0142o\u017cyciel Xorr. <br>Odpowiedzialny za projekty 3D i przedsi\u0119biorczo\u015b\u0107.<\/p><\/div><\/div>\t\t<\/div>\n\t\t\t\t<\/div>\n\t\t\t\t<div class=\"elementor-element elementor-element-14d6d57 elementor-button-success elementor-align-center elementor-widget elementor-widget-button\" data-id=\"14d6d57\" data-element_type=\"widget\" data-widget_type=\"button.default\">\n\t\t\t\t<div class=\"elementor-widget-container\">\n\t\t\t\t\t<div class=\"elementor-button-wrapper\">\n\t\t\t<a class=\"elementor-button elementor-size-sm\" role=\"button\">\n\t\t\t\t\t\t<span class=\"elementor-button-content-wrapper\">\n\t\t\t\t\t\t<span class=\"elementor-button-text\">Zapytaj mnie<\/span>\n\t\t<\/span>\n\t\t\t\t\t<\/a>\n\t\t<\/div>\n\t\t\t\t<\/div>\n\t\t\t\t<\/div>\n\t\t\t\t\t\t<\/div>\n\t\t\t\t\t<\/div>\n\t\t<\/div>\n\t\t\t\t<div class=\"elementor-column elementor-col-50 elementor-top-column elementor-element elementor-element-7e6aa89\" data-id=\"7e6aa89\" data-element_type=\"column\">\n\t\t\t<div class=\"elementor-column-wrap elementor-element-populated\">\n\t\t\t\t\t\t\t<div class=\"elementor-widget-wrap\">\n\t\t\t\t\t\t<div class=\"elementor-element elementor-element-d4d8325 elementor-position-top elementor-vertical-align-top elementor-widget elementor-widget-image-box\" data-id=\"d4d8325\" data-element_type=\"widget\" data-widget_type=\"image-box.default\">\n\t\t\t\t<div class=\"elementor-widget-container\">\n\t\t\t<div class=\"elementor-image-box-wrapper\"><figure class=\"elementor-image-box-img\"><img decoding=\"async\" width=\"1008\" height=\"1260\" src=\"https:\/\/xorr.pl\/wp-content\/uploads\/2019\/10\/67300496_168696457511907_1082213874979605644_n1.jpg\" class=\"attachment-full size-full\" alt=\"\" \/><\/figure><div class=\"elementor-image-box-content\"><h3 class=\"elementor-image-box-title\">Tomasz Adam Radomski <\/h3><p class=\"elementor-image-box-description\">M\u0142ody ale ambitny konstruktor dron\u00f3w oraz wsp\u00f3\u0142za\u0142o\u017cyciel Xorr. \nOdpowiedzialny za techniczn\u0105 stron\u0119 przedsi\u0119wzi\u0119cia. <\/p><\/div><\/div>\t\t<\/div>\n\t\t\t\t<\/div>\n\t\t\t\t<div class=\"elementor-element elementor-element-40c87a1 elementor-button-success elementor-align-center elementor-widget elementor-widget-button\" data-id=\"40c87a1\" data-element_type=\"widget\" data-widget_type=\"button.default\">\n\t\t\t\t<div class=\"elementor-widget-container\">\n\t\t\t\t\t<div class=\"elementor-button-wrapper\">\n\t\t\t<a href=\"#\" class=\"elementor-button-link elementor-button elementor-size-sm\" role=\"button\">\n\t\t\t\t\t\t<span class=\"elementor-button-content-wrapper\">\n\t\t\t\t\t\t<span class=\"elementor-button-text\">Zapytaj mnie<\/span>\n\t\t<\/span>\n\t\t\t\t\t<\/a>\n\t\t<\/div>\n\t\t\t\t<\/div>\n\t\t\t\t<\/div>\n\t\t\t\t\t\t<\/div>\n\t\t\t\t\t<\/div>\n\t\t<\/div>\n\t\t\t\t\t\t\t\t<\/div>\n\t\t\t\t\t<\/div>\n\t\t<\/section>\n\t\t\t\t<section class=\"elementor-section elementor-top-section elementor-element elementor-element-f04a058 elementor-section-boxed elementor-section-height-default elementor-section-height-default\" data-id=\"f04a058\" data-element_type=\"section\">\n\t\t\t\t\t\t<div class=\"elementor-container elementor-column-gap-default\">\n\t\t\t\t\t\t\t<div class=\"elementor-row\">\n\t\t\t\t\t<div class=\"elementor-column elementor-col-100 elementor-top-column elementor-element elementor-element-c16cf85\" data-id=\"c16cf85\" data-element_type=\"column\">\n\t\t\t<div class=\"elementor-column-wrap elementor-element-populated\">\n\t\t\t\t\t\t\t<div class=\"elementor-widget-wrap\">\n\t\t\t\t\t\t<div class=\"elementor-element elementor-element-3dd83c1 elementor-widget elementor-widget-heading\" data-id=\"3dd83c1\" data-element_type=\"widget\" data-widget_type=\"heading.default\">\n\t\t\t\t<div class=\"elementor-widget-container\">\n\t\t\t<h2 class=\"elementor-heading-title elementor-size-default\">Razem Tworzymy XORR<\/h2>\t\t<\/div>\n\t\t\t\t<\/div>\n\t\t\t\t\t\t<\/div>\n\t\t\t\t\t<\/div>\n\t\t<\/div>\n\t\t\t\t\t\t\t\t<\/div>\n\t\t\t\t\t<\/div>\n\t\t<\/section>\n\t\t\t\t\t\t\t\t\t<\/div>\n\t\t\t<\/div>\n\t\t\t\t\t<\/div>","protected":false},"excerpt":{"rendered":"<p>O nas XORR to jedyny w Polsce autoryzowany dealer BetaFpv. U nas tanio i bezpiecznie kupisz najlepsze drony klasy whoop.\u00a0\u00a0 \u00a0 W XORR tak\u017ce staramy si\u0119 u\u0142atwi\u0107\u00a0dost\u0119p w hobby FPV osobom, kt\u00f3re chc\u0105 zacz\u0105\u0107 lata\u0107 bez zg\u0142\u0119biania budowy racera. Nasze zestawy umo\u017cliwiaj\u0105 zbudowanie racera bez lutownicy przy wykorzystaniu narz\u0119dzi do\u0142\u0105czonych do zestawu. Prosta wymiana cz\u0119\u015bci, [&hellip;]<\/p>","protected":false},"author":2,"featured_media":0,"parent":0,"menu_order":0,"comment_status":"closed","ping_status":"closed","template":"","meta":{"footnotes":""},"jetpack_sharing_enabled":true,"_links":{"self":[{"href":"https:\/\/xorr.pl\/en\/wp-json\/wp\/v2\/pages\/216"}],"collection":[{"href":"https:\/\/xorr.pl\/en\/wp-json\/wp\/v2\/pages"}],"about":[{"href":"https:\/\/xorr.pl\/en\/wp-json\/wp\/v2\/types\/page"}],"author":[{"embeddable":true,"href":"https:\/\/xorr.pl\/en\/wp-json\/wp\/v2\/users\/2"}],"replies":[{"embeddable":true,"href":"https:\/\/xorr.pl\/en\/wp-json\/wp\/v2\/comments?post=216"}],"version-history":[{"count":17,"href":"https:\/\/xorr.pl\/en\/wp-json\/wp\/v2\/pages\/216\/revisions"}],"predecessor-version":[{"id":3921,"href":"https:\/\/xorr.pl\/en\/wp-json\/wp\/v2\/pages\/216\/revisions\/3921"}],"wp:attachment":[{"href":"https:\/\/xorr.pl\/en\/wp-json\/wp\/v2\/media?parent=216"}],"curies":[{"name":"wp","href":"https:\/\/api.w.org\/{rel}","templated":true}]}}