{"id":556,"date":"2019-10-31T20:20:15","date_gmt":"2019-10-31T19:20:15","guid":{"rendered":"https:\/\/xorr.pl\/?page_id=556"},"modified":"2021-12-30T11:44:15","modified_gmt":"2021-12-30T10:44:15","slug":"regulamin","status":"publish","type":"page","link":"https:\/\/xorr.pl\/en\/regulamin\/","title":{"rendered":"Terms of service"},"content":{"rendered":"<p>\nI.<strong>POSTANOWIENIA\nOG\u00d3LNE<\/strong><\/p>\n\n\n\n<p> 1. Poni\u017cszy Regulamin okre\u015bla zasady dokonywania transakcji w Sklepie Internetowym XORR dzia\u0142aj\u0105cym pod adresem xorr.pl.<\/p>\n\n\n\n<p>2. U\u017cyte w Regulaminie terminy oznaczaj\u0105:<br> a) Sprzedawca \u2013 Xorr sp. z.o.o. z siedzib\u0105 w Obornikach \u015al\u0105skich przy ulicy Marii Sk\u0142odowskiej-Curie 75, o numerach NIP: 9151819955 i REGON: 52042041000000,<br> b) Strona \u2013 zar\u00f3wno Sprzedawca jak i Klient,<br> c) Sklep Internetowy &#8211; serwis internetowy prowadzony przez Sprzedawc\u0119, dost\u0119pny pod adresem elektronicznym xorr.pl za po\u015brednictwem kt\u00f3rego Klient mo\u017ce kupi\u0107 Produkt u Sprzedawcy,<br> d) Klient \u2013 osoba fizyczna, posiadaj\u0105ca uko\u0144czone 18 lat, a tak\u017ce osoba prawna i jednostka organizacyjna nie posiadaj\u0105ca osobowo\u015bci prawnej, posiadaj\u0105ca zdolno\u015b\u0107 prawn\u0105 i zdolno\u015b\u0107 do czynno\u015bci prawnych, kt\u00f3ra dokonuje lub zamierza dokona\u0107 Zam\u00f3wienia lub korzysta z innych us\u0142ug Sklepu Internetowego,<br> e) Rejestracja &#8211; jednorazowa czynno\u015b\u0107, polegaj\u0105ca na za\u0142o\u017ceniu przez Klienta Konta Klienta, dokonana z wykorzystaniem panelu administracyjnego udost\u0119pnionego przez Sprzedawc\u0119 na stronie serwisu Sklepu Internetowego,<br> f) Logowanie \u2013 czynno\u015b\u0107 polegaj\u0105ca na wpisaniu podczas procesu Rejestracji ci\u0105gu znak\u00f3w alfanumerycznych (e-mail), koniecznego do uzyskania dost\u0119pu do Konta Klienta. Login ustalany jest samodzielnie przez Klienta podczas procesu Rejestracji,<br> g) U\u017cytkownik \u2013 Klient, kt\u00f3ry za\u0142o\u017cy\u0142 Konto Klienta z wykorzystaniem panelu administracyjnego udost\u0119pnionego przez Sprzedawc\u0119,<br> h) Konsument \u2013 osoba fizyczna dokonuj\u0105ca z przedsi\u0119biorc\u0105 czynno\u015bci prawnej niezwi\u0105zanej bezpo\u015brednio z jej dzia\u0142alno\u015bci\u0105 gospodarcz\u0105 lub zawodow\u0105,<br> i) Produkt\/Produkty \u2013 rzecz ruchoma oferowana przez Sprzedawc\u0119 do sprzeda\u017cy detalicznej za po\u015brednictwem Sklepu Internetowego,<br> j) Regulamin \u2013 niniejszy regulamin sprzeda\u017cy przy wykorzystaniu \u015brodk\u00f3w porozumiewania si\u0119 na odleg\u0142o\u015b\u0107 oraz \u015bwiadczenia us\u0142ug drog\u0105 elektroniczn\u0105, sporz\u0105dzony w oparciu aktualne przepisy.<\/p>\n\n\n\n<p>\n3.\nSklep internetowy prowadzi Sprzedawca.<\/p>\n\n\n\n<p>\n4.\nSklep Internetowy jest platform\u0105 teleinformatyczn\u0105 (systemem\ninformacji i zdalnego wyboru oraz zakupu Produkt\u00f3w lub \u015bwiadczenia\nus\u0142ug), umo\u017cliwiaj\u0105c\u0105 Klientom zapoznanie si\u0119 z Produktami\nSprzedawcy.<\/p>\n\n\n\n<p> 5. Klient jest zobowi\u0105zany w szczeg\u00f3lno\u015bci do:<br> a) przestrzegania postanowie\u0144 Regulaminu,<br> b) korzystania z us\u0142ug oferowanych przez Sprzedawc\u0119 w spos\u00f3b nie zak\u0142\u00f3caj\u0105cy funkcjonowania serwisu internetowego Sprzedawcy, w szczeg\u00f3lno\u015bci poprzez u\u017cycie okre\u015blonego oprogramowania lub urz\u0105dze\u0144,<br> c) niepodejmowania dzia\u0142a\u0144 takich jak: rozsy\u0142anie lub umieszczanie w Sklepie Internetowym niezam\u00f3wionej informacji handlowej, podejmowanie czynno\u015bci informatycznych lub wszelkich innych maj\u0105cych na celu wej\u015bcie w posiadanie informacji nieprzeznaczonych dla Klienta,<br> d) korzystania z us\u0142ug oferowanych przez Sprzedawc\u0119 w spos\u00f3b zgodny z przepisami obowi\u0105zuj\u0105cego na terytorium Rzeczypospolitej Polskiej prawa, postanowieniami Regulaminu, a tak\u017ce z przyj\u0119tymi w danym zakresie zwyczajami,<br> e) niedostarczania i nieprzekazywania tre\u015bci zabronionych przez przepisy obowi\u0105zuj\u0105cego prawa,<br> f) korzystania z us\u0142ug oferowanych przez Sprzedawc\u0119 w spos\u00f3b nieuci\u0105\u017cliwy dla pozosta\u0142ych Klient\u00f3w oraz dla Sprzedawcy, z poszanowaniem ich d\u00f3br osobistych (w tym prawa do prywatno\u015bci) i wszelkich przys\u0142uguj\u0105cych im praw,<br> g) korzystania z wszelkich tre\u015bci zamieszczonych w ramach Sklepu Internetowego, chronionych prawem autorskim przys\u0142uguj\u0105cym Sprzedawcy lub osobom trzecim, jedynie w zakresie w\u0142asnego u\u017cytku osobistego. Wykorzystywanie tre\u015bci w innym zakresie jest dopuszczalne wy\u0142\u0105cznie na podstawie wyra\u017anej zgody udzielonej przez uprawnion\u0105 osob\u0119.<\/p>\n\n\n\n<p> 6. Korzystanie ze Sklepu Internetowego mo\u017cliwe jest pod warunkiem spe\u0142nienia przez system teleinformatyczny, z kt\u00f3rego korzysta Klient, nast\u0119puj\u0105cych minimalnych wymaga\u0144 technicznych:<br> a) Internet Explorer w wersji 11.0 lub nowszej z w\u0142\u0105czon\u0105 obs\u0142ug\u0105 JavaScript i Cookies lub por\u00f3wnywalna przegl\u0105darka innej firmy,<br> b) minimalna rozdzielczo\u015b\u0107 ekranu 1024&#215;768 pikseli.<\/p>\n\n\n\n<p> 7. Sprzedawca wykorzystuje pliki typu cookie w celu gromadzenia informacji zwi\u0105zanych z korzystaniem z serwisu Sklepu przez Klienta w celu:<br> a) utrzymania sesji Klienta (po zalogowaniu), dzi\u0119ki kt\u00f3rej Klient nie musi na ka\u017cdej podstronie serwisu Sklepu ponownie wpisywa\u0107 Has\u0142a,<br> b) dostosowania serwisu Sklepu do potrzeb Klient\u00f3w oraz<br> c) tworzenia statystyk ogl\u0105dalno\u015bci podstron ww. serwisu.<\/p>\n\n\n\n<p>\n8.\nPrawa wy\u0142\u0105czne do tre\u015bci udost\u0119pnianych w ramach us\u0142ug\n\u015bwiadczonych za po\u015brednictwem Sklepu Internetowego, w szczeg\u00f3lno\u015bci\nprawa autorskie, nazwa Sklepu Internetowego (znak towarowy),\nwchodz\u0105ce w jego sk\u0142ad elementy graficzne, oprogramowanie oraz\nprawa w zakresie baz danych podlegaj\u0105 ochronie prawnej i przys\u0142uguj\u0105\nSprzedawcy lub podmiotom, z kt\u00f3rymi Sprzedawca zawar\u0142 stosowne\numowy.<\/p>\n\n\n\n<p>\n9.\nKlienci mog\u0105 uzyska\u0107 dost\u0119p do niniejszego Regulaminu w ka\u017cdym\nczasie oraz nieodp\u0142atnie za po\u015brednictwem odes\u0142ania internetowego\n(tj. linku) zamieszczonego na stronie g\u0142\u00f3wnej serwisu xorr.pl\noraz\nsporz\u0105dzi\u0107 jego wydruk.<\/p>\n\n\n\n<p>\n10.\nInformacje o Produktach podane w Sklepie Internetowym, w\nszczeg\u00f3lno\u015bci ich opisy, parametry techniczne i u\u017cytkowe oraz\nceny, stanowi\u0105 zaproszenie do zawarcia umowy w rozumieniu art. 71\nKodeksu Cywilnego.<\/p>\n\n\n\n<p>\nII.<strong>PRZYJMOWANIE\nORAZ REALIZACJA ZAM\u00d3WIENIA<\/strong><\/p>\n\n\n\n<p> 1. Klientami uprawnionymi do sk\u0142adania zam\u00f3wie\u0144 na Produkty oferowane przez Sklep Internetowy s\u0105 Klienci:<br> a) posiadaj\u0105cy status zarejestrowanego U\u017cytkownika Sklepu Internetowego,<br> b) nieposiadaj\u0105cy statusu zarejestrowanego U\u017cytkownika Sklepu Internetowego \u2013 dokonuj\u0105cy zakup\u00f3w z pomini\u0119ciem procedury rejestracji i logowania.<\/p>\n\n\n\n<p> 2. Status zarejestrowanego U\u017cytkownika Sklepu Internetowego uzyskuje si\u0119 po:<br> a) prawid\u0142owym wype\u0142nieniu formularza rejestracyjnego znajduj\u0105cego si\u0119 na stronie internetowej Sklepu wraz z zakceptowaniem tre\u015bci Regulaminu oraz ustaleniu przez Klienta loginu i has\u0142a,<br> b) dokonaniu aktywacji konta poprzez klikni\u0119cie na link wys\u0142any na adres e-mailowy Klienta. Login i has\u0142o maj\u0105 charakter poufny. Przy ka\u017cdym kolejnym zam\u00f3wieniu Klient u\u017cywa ustalonego wcze\u015bniej loginu i has\u0142a. Po u\u017cyciu ustalonego przez Klienta loginu i has\u0142a ma on mo\u017cliwo\u015b\u0107 aktualizacji danych podanych przy rejestracji.<\/p>\n\n\n\n<p> 3. Sprzedawca mo\u017ce pozbawi\u0107 Klienta prawa do korzystania ze Sklepu Internetowego, jak r\u00f3wnie\u017c mo\u017ce ograniczy\u0107 jego dost\u0119p do cz\u0119\u015bci lub ca\u0142o\u015bci zasob\u00f3w Sklepu Internetowego, ze skutkiem natychmiastowym, w przypadku naruszenia przez Klienta Regulaminu, a w szczeg\u00f3lno\u015bci, gdy Klient:<br>a) poda\u0142 w trakcie rejestracji w Sklepie Internetowym dane niezgodne z prawd\u0105, niedok\u0142adne lub nieaktualne, wprowadzaj\u0105ce w b\u0142\u0105d lub naruszaj\u0105ce prawa os\u00f3b trzecich, <br>b) dopu\u015bci\u0142 si\u0119 za po\u015brednictwem Sklepu Internetowego naruszenia d\u00f3br osobistych os\u00f3b trzecich, w szczeg\u00f3lno\u015bci d\u00f3br osobistych innych Klient\u00f3w Sklepu Internetowego, <br>c)  dopu\u015bci si\u0119 innych zachowa\u0144, kt\u00f3re zostan\u0105 uznane przez Sprzedawc\u0119 za zachowania niezgodne z obowi\u0105zuj\u0105cymi przepisami prawa lub og\u00f3lnymi zasadami korzystania z sieci Internet lub godz\u0105ce w dobre imi\u0119 Sprzedawcy lub godz\u0105ce w reputacj\u0119 Sklepu Internetowego.<\/p>\n\n\n\n<p>4. Osoba, kt\u00f3ra zosta\u0142a pozbawiona prawa do korzystania ze sklepu internetowego, nie mo\u017ce dokona\u0107 powt\u00f3rnej rejestracji bez uprzedniej zgody Sprzedawcy. <\/p>\n\n\n\n<p>\n5.\nZam\u00f3wienia od Klient\u00f3w przyjmowane s\u0105 przez stron\u0119 xorr.pl.\nWyb\u00f3r\nzamawianych towar\u00f3w\nprzez Klienta jest dokonywany poprzez ich dodanie do koszyka.<\/p>\n\n\n\n<p>\n6.\nWarunkiem przyj\u0119cia zam\u00f3wienia do realizacji jest prawid\u0142owe\nwype\u0142nienie formularza teleadresowego.<\/p>\n\n\n\n<p>\n7.\nPrzyj\u0119cie zam\u00f3wienia do realizacji rozpoczyna si\u0119 najp\u00f3\u017aniej 3\ndnia roboczego po z\u0142o\u017ceniu zam\u00f3wienia przez Klienta.<\/p>\n\n\n\n<p>\n8.\nRealizacja zam\u00f3wienia przez Sklep Internetowy odbywa si\u0119 do 48\ngodzin licz\u0105c od dnia, o kt\u00f3rym mowa w punkcie poprzednim, w dni\nrobocze od poniedzia\u0142ku do pi\u0105tku, w godzinach od 9:00 do 17:00.\nZam\u00f3wienia z\u0142o\u017cone w sobot\u0119, niedziel\u0119 i \u015bwi\u0119ta lub poza\ngodzinami dzia\u0142ania Sklepu Internetowego s\u0105 realizowane pierwszego\nkolejnego dnia roboczego.<\/p>\n\n\n\n<p>\n9.\nW sytuacji, gdy zam\u00f3wienie nie b\u0119dzie mog\u0142o zosta\u0107 zrealizowane\nze wzgl\u0119du na brak dost\u0119pno\u015bci Produktu, Klient zostanie o tym\npoinformowany niezw\u0142ocznie, nie p\u00f3\u017aniej jednak ni\u017c w terminie 3\ndni od dnia z\u0142o\u017cenia zam\u00f3wienia. W takim przypadku Sprzedawca\nzwr\u00f3ci w tym terminie otrzyman\u0105 od Klienta kwot\u0119 pieni\u0119\u017cn\u0105 za\nniezrealizowane zam\u00f3wienie. Zamiast zwrotu pieni\u0119dzy Klient mo\u017ce\nwyrazi\u0107 zgod\u0119 na wyd\u0142u\u017cenie czasu realizacji zam\u00f3wienia lub\nzakup innego Produktu.<\/p>\n\n\n\n<p>\n10.\nDo ka\u017cdego zam\u00f3wienia wystawiany zostaje dokument sprzeda\u017cy\nwysy\u0142any do Klienta wraz z zam\u00f3wionym Produktem.<\/p>\n\n\n\n<p>\nIII.<strong>\nCENY PRODUKT\u00d3W<\/strong><\/p>\n\n\n\n<p>\n1.\nCeny Produkt\u00f3w oferowanych w Sklepie\nInternetowym\ns\u0105 wyra\u017cone w z\u0142otych polskich i zawieraj\u0105 podatek VAT.<\/p>\n\n\n\n<p>\n2.\nCena podana przy Produkcie jest wi\u0105\u017c\u0105ca w chwili z\u0142o\u017cenia\nzam\u00f3wienia przez Klienta.<\/p>\n\n\n\n<p>\nIV.<strong>\nFORMY P\u0141ATNO\u015aCI<\/strong><\/p>\n\n\n\n<p> 1.W Sklepie Internetowym za z\u0142o\u017cone zam\u00f3wienie mo\u017cna dokona\u0107 p\u0142atno\u015bci w nast\u0119puj\u0105cy spos\u00f3b:<br> a) za pobraniem \u2013 przy odbiorze przesy\u0142ki u kuriera,<br> b) przelewem \u2013 na podany podczas sk\u0142adania zam\u00f3wienia rachunek bankowy,<br> c) p\u0142atno\u015b\u0107 w systemie elektronicznym &#8211; dokonywana jest za po\u015brednictwem profesjonalnego systemu realizacji transakcji p\u0142atniczych on-line. Klient po wybraniu opcji p\u0142atno\u015bci zostaje przekierowany do serwisu umo\u017cliwiaj\u0105cego autoryzacj\u0119 transakcji,<\/p>\n\n\n\n<p>\nV.<strong>\nCZAS DOSTAWY<\/strong><\/p>\n\n\n\n<p>\n1.\nW opisie ka\u017cdego Produktu zamieszczonego na stronie internetowej\nSklepu widnieje orientacyjny czas dostawy.<\/p>\n\n\n\n<p>\n2.\nZam\u00f3wienie Produkt\u00f3wo posiadaj\u0105cych r\u00f3\u017cne terminy realizacji\nwysy\u0142ane jest po skompletowaniu ca\u0142o\u015bci zam\u00f3wienia.<\/p>\n\n\n\n<p>\n3.\nCzas oczekiwania na dor\u0119czenie przesy\u0142ki przez przewo\u017anika wynosi\nod 24 h do 48 h dni roboczych od dnia przekazania przez Sprzedawc\u0119\nprzewo\u017anikowi przesy\u0142ki do wys\u0142ania.<\/p>\n\n\n\n<p>\n4.\nDostawa odbywa si\u0119 za po\u015brednictwem firmy kurierskiej. W momencie\nnadania przesy\u0142ki Klient otrzymuje e-mailowo numer listu\nprzewozowego przesy\u0142ki, na podstawie kt\u00f3rego mo\u017ce sprawdzi\u0107 jej\nstatus na stronie internetowej firmy kurierskiej.<\/p>\n\n\n\n<p>\nVI.\n<strong>KOSZTY\nDOSTAWY<\/strong><\/p>\n\n\n\n<p>\n1.\nInformacja o kosztach dostawy widoczna jest w koszyku podczas\nsk\u0142adania zam\u00f3wienia. Wszystkie przesy\u0142ki s\u0105 nieodp\u0142atnie\nubezpieczone.<\/p>\n\n\n\n<p>\n2.\nO ostatecznych kosztach dostawy, kt\u00f3re uzale\u017cnione s\u0105 od wagi,\ngabaryt\u00f3w oraz liczby zakupionych Produkt\u00f3w,Klient jest informowany\nprzed wyra\u017ceniem zgody na zawarcie umowy ze Sprzedawc\u0105.<\/p>\n\n\n\n<p>\nVII.<strong>\nODBI\u00d3R PRZESY\u0141KI PRZEZ KLIENTA<\/strong><\/p>\n\n\n\n<p>\n1.\nW momencie odbioru Produktu wys\u0142anego pod wskazany przez Klienta\nadres, zaleca si\u0119 w pierwszej kolejno\u015bci zwr\u00f3ci\u0107 uwag\u0119 na stan\nzewn\u0119trzny dor\u0119czonej przesy\u0142ki. W przypadku stwierdzenia\nwidocznych uszkodze\u0144 mechanicznych lub innych niepokoj\u0105cych\nzastrze\u017ce\u0144 co do stanu opakowania, w tym zabezpiecze\u0144\nlogistycznych (np. opakowanie Produktu jest uszkodzone, widoczne\n\u015blady otwierania, naruszono ta\u015bm\u0119) rekomendujemy zdecydowanie\nodm\u00f3wi\u0107 jej przyj\u0119cia i niezw\u0142ocznie zawiadomi\u0107 o powy\u017cszym\nSprzedawc\u0119.<\/p>\n\n\n\n<p>\n2.\nJe\u017celi stan zewn\u0119trzny przesy\u0142ki nie budzi jakichkolwiek\nzastrze\u017ce\u0144 jeszcze w obecno\u015bci dor\u0119czyciela, zaleca si\u0119\nsprawdzi\u0107 jej zawarto\u015b\u0107. W sytuacji jakichkolwiek uwag co do stanu\ntechnicznego i wizualnego oraz kompletno\u015bci odbieranego produktu\nwskazane jest sporz\u0105dzenie protoko\u0142u szkody. Niezb\u0119dnymi drukami\ndysponuje dor\u0119czyciel, kt\u00f3ry ma jednocze\u015bnie obowi\u0105zek\npo\u015bwiadczy\u0107 stwierdzone nieprawid\u0142owo\u015bci.<\/p>\n\n\n\n<p> 3. W przypadku stwierdzenia uszkodzenia przesy\u0142ki podczas transportu lub zastrze\u017ce\u0144 co do ilo\u015bci dostarczonego Produktu, zaleca si\u0119, w obecno\u015bci kuriera, spisa\u0107 protok\u00f3\u0142 szkody (w przypadku gdy kurier nie ma przy sobie takiego protoko\u0142u nale\u017cy um\u00f3wi\u0107 si\u0119 z kurierem na spisane go w innym terminie), a w nim poda\u0107: dat\u0119, godzin\u0119 dor\u0119czenia oraz opis uszkodze\u0144 lub brak\u00f3w Produktu i opakowania, a nast\u0119pnie podpisany protok\u00f3\u0142 przes\u0142a\u0107 niezw\u0142ocznie do Sprzedawcy na adres siedziby lub zeskanowa\u0107 i przes\u0142a\u0107 na adres e-mail: <a href=\"mailto:serwis@xorr.pl\">serwis@xorr.pl<\/a>.<\/p>\n\n\n\n<p>\n4.\nPowy\u017csze zalecenia i rekomendacje maj\u0105 na celu wy\u0142\u0105cznie\nusprawnienie procedury dochodzenia roszcze\u0144 przez Klienta. Ich\nniedochowanie nie ma jednak \u017cadnego wp\u0142ywu na mo\u017cliwo\u015b\u0107\nrealizacji uprawnie\u0144 przys\u0142uguj\u0105cych Klientowi w zwi\u0105zku z wadami\nProdukt\u00f3w.<\/p>\n\n\n\n<p>\nVIII.\n<strong>PRAWO\nODST\u0104PIENIA OD UMOWY<\/strong><\/p>\n\n\n\n<p>\n1.\nKlient b\u0119d\u0105cy jednocze\u015bnie Konsumentem w rozumieniu art. 22\u00b9\nKodeksu cywilnego, kt\u00f3ry zawar\u0142 umow\u0119 na odleg\u0142o\u015b\u0107, mo\u017ce od\nniej odst\u0105pi\u0107 bez podania jakiejkolwiek przyczyny, sk\u0142adaj\u0105c\nstosowne o\u015bwiadczenie w dowolnej formie w terminie 14 dni licz\u0105c od\ndnia wydania Produktu Konsumentowi lub wskazanej przez niego osoby\ntrzeciej innej ni\u017c przewo\u017anik, a je\u015bli Produkt dostarczany by\u0142\npartiami lub w cz\u0119\u015bciach, od dnia w kt\u00f3rym Klient wszed\u0142 w\nposiadanie ostatniej z rzeczy, lub w kt\u00f3rym osoba trzecia inna ni\u017c\nprzewo\u017anik i wskazana przez Klienta wesz\u0142a w posiadanie ostatniej z\nrzeczy.<\/p>\n\n\n\n<p> 2. Aby skorzysta\u0107 z prawa odst\u0105pienia od umowy Klient musi poinformowa\u0107 Sprzedawc\u0119 pisemnie na adres siedziby sprzedawcy lub mailowo na adres: <a href=\"mailto:serwis@xorr.pl\">serwis@xorr.pl<\/a> o swojej decyzji o odst\u0105pieniu od niniejszej umowy w drodze jednoznacznego o\u015bwiadczenia.<\/p>\n\n\n\n<p> 3. Klient mo\u017ce skorzysta\u0107 z wzoru formularza odst\u0105pienia od umowy, jednak nie jest to obowi\u0105zkowe.<\/p>\n\n\n\n<p>\n4.\nW przypadku odst\u0105pienia od niniejszej umowy Sprzedawca zwraca\nKlientowi wszystkie otrzymane od Klienta p\u0142atno\u015bci, w tym koszty\ndostarczenia towaru (z wyj\u0105tkiem dodatkowych koszt\u00f3w wynikaj\u0105cych\nz wybranego przez Klienta sposobu dostarczenia innego ni\u017c najta\u0144szy\nzwyk\u0142y spos\u00f3b dostarczenia oferowany przez Sklep Internetowy),\nniezw\u0142ocznie, a w ka\u017cdym przypadku nie p\u00f3\u017aniej ni\u017c 14 dni od\ndnia, w kt\u00f3rym Sprzedawca zosta\u0142 poinformowany o decyzji Klienta o\nwykonaniu prawa odst\u0105pienia od umowy. Zwrot p\u0142atno\u015bci zostanie\ndokonany przy u\u017cyciu takich samych sposob\u00f3w p\u0142atno\u015bci, jakie\nzosta\u0142y przez Klienta u\u017cyte w pierwotnej transakcji, chyba \u017ce\nKlient i Sprzedawca uzgodnili inaczej.<\/p>\n\n\n\n<p>\n5.\nSprzedawca mo\u017ce wstrzyma\u0107 si\u0119 ze zwrotem p\u0142atno\u015bci do czasu\notrzymania towaru.<\/p>\n\n\n\n<p> 6. Zwracany Produkt mosi zosta\u0107 odes\u0142any niezw\u0142ocznie, a w ka\u017cdym razie nie p\u00f3\u017aniej ni\u017c 14 dni od dnia, w kt\u00f3rym Klient poinformowa\u0142 Sprzedawc\u0119 o odst\u0105pieniu od umowy. Termin uznaje si\u0119 za zachowany, je\u017celi Klient odes\u0142a\u0142 Produkt przed up\u0142ywem terminu 14 dni.<\/p>\n\n\n\n<p> 7. Klient ponosi bezpo\u015brednie koszty zwrotu Produktu.<\/p>\n\n\n\n<p>\n8.\nKlient odpowiada za zmniejszenie warto\u015bci Produktu wynikaj\u0105ce z\nkorzystania z niego w spos\u00f3b inny ni\u017c by\u0142o to konieczne do\nstwierdzenia charakteru, cech i funkcjonowania Produktu.<\/p>\n\n\n\n<p>\nIX.<strong>\nWADY PRODUKT\u00d3W; PROCEDURA REKLAMACYJNA<\/strong><\/p>\n\n\n\n<p>\n1.\nSprzedawca jest zobowi\u0105zany dostarczy\u0107 Klientowi Produkt bez wad.<\/p>\n\n\n\n<p>\n2.\nW celu unikni\u0119cia w\u0105tpliwo\u015bci stwierdza si\u0119, \u017ce \u017cadne z\npostanowie\u0144 Regulaminu nie ogranicza uprawnie\u0144 Konsumenta jakie\nprzys\u0142uguj\u0105 mu na podstawie obowi\u0105zuj\u0105cych przepis\u00f3w.<\/p>\n\n\n\n<p>\n3.\nW przypadku stwierdzenia wad fizycznych lub prawnych Produktu Klient\nb\u0119d\u0105cy Konsumentem mo\u017ce \u017c\u0105da\u0107 obni\u017cenia ceny albo od umowy\nodst\u0105pi\u0107, chyba \u017ce Sprzedawca niezw\u0142ocznie i bez nadmiernych\nniedogodno\u015bci dla Konsumenta wymieni Produkt wadliwy na wolny od wad\nalbo wad\u0119 usunie. Ograniczenie to nie ma zastosowania, je\u017celi\nProdukt by\u0142 ju\u017c wymieniony lub naprawiany przez Sprzedawc\u0119 albo\nSprzedawca nie uczyni\u0142 zado\u015b\u0107 obowi\u0105zkowi wymiany rzeczy na woln\u0105\nod wad lub usuni\u0119cia wady.<\/p>\n\n\n\n<p>\n4.\nKonsument mo\u017ce zamiast zaproponowanego przez Sprzedawc\u0119 usuni\u0119cia\nwady \u017c\u0105da\u0107 wymiany Produktu na wolny od wad albo zamiast wymiany\nProduktu \u017c\u0105da\u0107 usuni\u0119cia wady, chyba \u017ce doprowadzenie Produktu\ndo zgodno\u015bci z umow\u0105 w spos\u00f3b wybrany przez Klienta jest\nniemo\u017cliwe albo wymaga\u0142oby nadmiernych koszt\u00f3w w por\u00f3wnaniu ze\nsposobem proponowanym przez Sprzedawc\u0119. Przy ocenie nadmierno\u015bci\nkoszt\u00f3w uwzgl\u0119dnia si\u0119 warto\u015b\u0107 rzeczy wolnej od wad, rodzaj i\nznaczenie stwierdzonej wady, a tak\u017ce bierze si\u0119 pod uwag\u0119\nniedogodno\u015bci, na jakie nara\u017ca\u0142by Konsumenta inny spos\u00f3b\nzaspokojenia.<\/p>\n\n\n\n<p>\n5.\nKonsument nie mo\u017ce odst\u0105pi\u0107 od umowy, je\u017celi wada jest\nnieistotna.<\/p>\n\n\n\n<p>\n6.\nO stwierdzonej wadzie nale\u017cy zawiadomi\u0107 Sprzedawc\u0119, nie p\u00f3\u017aniej\nni\u017c w terminie 2 lat od dnia wydania Produktu. Zaleca si\u0119 w\nzg\u0142oszeniu reklamacyjnym wskaza\u0107 opis wady oraz \u017c\u0105danie\nKonsumenta zgodnie z pkt 4 oraz 5 powy\u017cej Do zachowania terminu\nwystarczy wys\u0142anie zawiadomienia przed jego up\u0142ywem. Zaleca si\u0119\ndo\u0142\u0105czenie do zg\u0142oszenia wady, dokumentu (lub jego kopii)\npotwierdzaj\u0105cego dokonanie zakupu Produktu w Sklepie Internetowym\nlub jego kopii.<\/p>\n\n\n\n<p>\n7.\nKlient\nwraz ze zg\u0142oszeniem wad jest zobowi\u0105zany do wys\u0142ania wadliwego\nproduktu na adres siedzby Sprzedawcy. Je\u017celi ze wzgl\u0119du na rodzaj\nProduktu lub spos\u00f3b jego zamontowania, dostarczenie Produktu by\u0142oby\nnadmiernie utrudnione, Klient zobowi\u0105zuje si\u0119 udost\u0119pni\u0107 Produkt\nSprzedawcy w miejscu, w kt\u00f3rym si\u0119 on znajduje. \n<\/p>\n\n\n\n<p>\n8.\nSprzedawca ma 14 dni na rozpatrzenie reklamacji Konsumenta. Brak\nzawiadomienia Konsumenta o sposobie jej rozpatrzenia w powy\u017cszym\nterminie traktowany b\u0119dzie jako uznanie reklamacji przez Sprzedawc\u0119.<\/p>\n\n\n\n<p> 9. W przypadku Umowy sprzeda\u017cy zawieranej z Klientem nieb\u0119d\u0105cym jednocze\u015bnie Konsumentem, na podstawie art. 558 \u00a7 1 Kodeksu Cywilnego, odpowiedzialno\u015b\u0107 Sklepu internetowego z tytu\u0142u r\u0119kojmi za wady Towaru zostaje wy\u0142\u0105czona. Wy\u0142\u0105czenie to jest bezskuteczne w przypadku podst\u0119pnego przemilczenia przez Sklep wady Produktu zakupionego przez Klienta.<\/p>\n\n\n\n<p>\nXI.\nREKLAMACJE W ZAKRESIE \u015aWIDCZENIA US\u0141UG DROG\u0104 ELEKTRONICZN\u0104<\/p>\n\n\n\n<p> 1. Sprzedawca podejmuje dzia\u0142ania w celu zapewnienia w pe\u0142ni poprawnego dzia\u0142ania Sklepu Internetowego, w takim zakresie, jaki wynika z aktualnej wiedzy technicznej i zobowi\u0105zuje si\u0119 usun\u0105\u0107 w rozs\u0105dnym terminie wszelkie nieprawid\u0142owo\u015bci zg\u0142oszone przez Klient\u00f3w.<\/p>\n\n\n\n<p>2. Klient mo\u017ce powiadomi\u0107 Sprzedawc\u0105 o wszelkich nieprawid\u0142owo\u015bciach lub przerwach w funkcjonowaniu serwisu Sklepu Internetowego drog\u0105 elektroniczn\u0105 na adres e-mail: <a href=\"mailto:serwis@xorr.pl\">serwis@xorr.pl<\/a>. Reklamacja powinna zawiera\u0107 dat\u0119 wyst\u0105pienia usterki oraz jej opis.<\/p>\n\n\n\n<p>\n3.\nSprzedawca zobowi\u0105zuje si\u0119 ustosunkowa\u0107 do reklamacji\nniezw\u0142ocznie, nie p\u00f3\u017aniej ni\u017c w terminie 14 dni od dnia jej\nz\u0142o\u017cenia<\/p>\n\n\n\n<p>\nXI.\n<strong>POSTANOWIENIA\nKO\u0143COWE<\/strong><\/p>\n\n\n\n<p>\n1.\nWe wszelkich sprawach nieuregulowanych w Regulaminie maj\u0105\nzastosowanie przepisy Kodeksu cywilnego, oraz innych ustaw, a w\nodniesieniu do Konsument\u00f3w r\u00f3wnie\u017c Ustawy z dnia 30 maja 2014 o\nprawach konsumenta (Dz.U. z 2014 r, poz. 827, ze zm.) Postanowienia\nRegulaminu nie wy\u0142\u0105czaj\u0105 i nie ograniczaj\u0105 \u017cadnych praw\nKonsumenta z tytu\u0142u wad Produkt\u00f3w, kt\u00f3re przys\u0142uguj\u0105 mu na\npodstawie bezwzgl\u0119dnie obowi\u0105zuj\u0105cych przepis\u00f3w prawa.W razie\nsprzeczno\u015bci pomi\u0119dzy postanowieniami Regulaminu, a bezwzgl\u0119dnie\nobowi\u0105zuj\u0105cymi przepisami prawa przyznaj\u0105cymi Konsumentowi\nuprawnienia, pierwsze\u0144stwo maj\u0105 te przepisy.<\/p>\n\n\n\n<p>\n2.\nW przypadku konieczno\u015bci zmiany Regulaminu wynikaj\u0105cych z: zmiany\nformy p\u0142atno\u015bci, sposob\u00f3w i zasad dostawy, warunk\u00f3w zawierania\num\u00f3w,trybu post\u0119powania reklamacyjnego, konieczno\u015bci wprowadzenia\nzmian doprecyzowuj\u0105cych postanowienia Regulaminu, zmian w zakresie\npowszechnie obowi\u0105zuj\u0105cych przepis\u00f3w prawa oraz innych\npostanowie\u0144, kt\u00f3rych zmiany wp\u0142ywaj\u0105 na realizacj\u0119 zawartych\num\u00f3w, Sprzedawca zobowi\u0105zuje si\u0119 do poinformowania Klienta o tym\nfakcie co najmniej na7 dni przed rozpocz\u0119ciem obowi\u0105zywania zmian.\nW takiej sytuacji wprowadzone zmiany nie b\u0119d\u0105 w \u017caden spos\u00f3b\nnarusza\u0107 praw nabytych przez Klienta przed dniem wej\u015bcia w \u017cycie\nprzedmiotowych zmian, co oznacza, \u017ce do z\u0142o\u017conych zam\u00f3wie\u0144,\nzawartych um\u00f3w oraz um\u00f3w wykonanych zastosowanie b\u0119dzie mia\u0142\nRegulamin obowi\u0105zuj\u0105cy w chwili zawarcia umowy.<\/p>\n\n\n\n<p>\n3.\nRegulamin wchodzi w \u017cycie z chwil\u0105 jego umieszczenia na stronie\nSklepu Internetowego<\/p>","protected":false},"excerpt":{"rendered":"<p>I.POSTANOWIENIA OG\u00d3LNE 1. Poni\u017cszy Regulamin okre\u015bla zasady dokonywania transakcji w Sklepie Internetowym XORR dzia\u0142aj\u0105cym pod adresem xorr.pl. 2. U\u017cyte w Regulaminie terminy oznaczaj\u0105: a) Sprzedawca \u2013 Xorr sp. z.o.o. z siedzib\u0105 w Obornikach \u015al\u0105skich przy ulicy Marii Sk\u0142odowskiej-Curie 75, o numerach NIP: 9151819955 i REGON: 52042041000000, b) Strona \u2013 zar\u00f3wno Sprzedawca jak i Klient, c) [&hellip;]<\/p>","protected":false},"author":1,"featured_media":0,"parent":0,"menu_order":0,"comment_status":"closed","ping_status":"closed","template":"","meta":{"footnotes":""},"jetpack_sharing_enabled":true,"_links":{"self":[{"href":"https:\/\/xorr.pl\/en\/wp-json\/wp\/v2\/pages\/556"}],"collection":[{"href":"https:\/\/xorr.pl\/en\/wp-json\/wp\/v2\/pages"}],"about":[{"href":"https:\/\/xorr.pl\/en\/wp-json\/wp\/v2\/types\/page"}],"author":[{"embeddable":true,"href":"https:\/\/xorr.pl\/en\/wp-json\/wp\/v2\/users\/1"}],"replies":[{"embeddable":true,"href":"https:\/\/xorr.pl\/en\/wp-json\/wp\/v2\/comments?post=556"}],"version-history":[{"count":5,"href":"https:\/\/xorr.pl\/en\/wp-json\/wp\/v2\/pages\/556\/revisions"}],"predecessor-version":[{"id":6839,"href":"https:\/\/xorr.pl\/en\/wp-json\/wp\/v2\/pages\/556\/revisions\/6839"}],"wp:attachment":[{"href":"https:\/\/xorr.pl\/en\/wp-json\/wp\/v2\/media?parent=556"}],"curies":[{"name":"wp","href":"https:\/\/api.w.org\/{rel}","templated":true}]}}