{"id":2703,"date":"2020-04-09T23:29:39","date_gmt":"2020-04-09T21:29:39","guid":{"rendered":"https:\/\/xorr.pl\/?post_type=product&#038;p=2703"},"modified":"2022-10-03T11:57:32","modified_gmt":"2022-10-03T09:57:32","slug":"betafpv-meteor-75-elrs","status":"publish","type":"product","link":"https:\/\/xorr.pl\/en\/product\/betafpv-meteor-75-elrs\/","title":{"rendered":"BetaFpv Meteor75 Brushless Whoop ELRS 2.4G"},"content":{"rendered":"<p>Meteor75 w od\u015bwie\u017conej wersji z wbudowanym odbiornikiem ExpressLRS 2.4G i VTX o mocy 350mW. Nowy rodzaj \u015bmigie\u0142 gwarantuje maksymaln\u0105 wydajno\u015b\u0107 a odbiornik ELRS i nowy VTX zapewni\u0105 do tej pory nieosi\u0105galny w tej klasie zasi\u0119g.<\/p>\n<p><img decoding=\"async\" src=\"https:\/\/cdn.shopifycdn.net\/s\/files\/1\/1778\/6615\/files\/FB1_afeb38ee-4cee-453c-b837-fa517d5ad537_1024x1024.jpg?v=1634475165\" \/><\/p>\n<h3>Specification<\/h3>\n<ul>\n<li>Waga bez baterii: 24.00g<\/li>\n<li>FC&amp;ESC: F4 1S 5A FC (ELRS 2.4G)<\/li>\n<li>Rama:\u00a0<a href=\"https:\/\/xorr.pl\/en\/product\/rama-meteor75\/\">Meteor75 Frame<\/a><\/li>\n<li>Silniki:\u00a0<a href=\"https:\/\/xorr.pl\/en\/product\/0802-19500kv-brushless-motors-4szt\/\">0802SE 19500KV Motor<\/a><\/li>\n<li>\u015amig\u0142a: 40mm 2-Blade Propellers (1.0mm Shaft)<\/li>\n<li>Kamera: C02 Camera<\/li>\n<li>VTX:\u00a0<a href=\"https:\/\/xorr.pl\/en\/product\/m03-25-350mw-5-8g-vtx\/\">M03 25-350mW VTX<\/a><\/li>\n<li>Canopy:\u00a0<a href=\"https:\/\/xorr.pl\/en\/product\/canopy-for-micro-camera\/\">Canopy for Micro Camera<\/a><\/li>\n<li>Bateria:\u00a0<a href=\"https:\/\/xorr.pl\/en\/product\/bateria-450mah-1s-30c-bt2-0\/\">BT2.0 450mah 1S Battery<\/a><\/li>\n<\/ul>\n<h3>Zawarto\u015b\u0107 opakowania<\/h3>\n<ul>\n<li>1 * Meteor75 Brushless Whoop Quadcopter (1S) (wyposa\u017cony w \u015bmig\u0142a 2 \u0142opatowe)<\/li>\n<li>2 * 450mAh 1S 30C Battery BT2.0<\/li>\n<li>1 * \u0141adowarka i tester baterii BT2.0<\/li>\n<li>1 * Kabel USB-C<\/li>\n<li>1 * Pokrowiec do przechowywania<\/li>\n<li>1 * Dodatkowy zestaw \u015bmigie\u0142<\/li>\n<li>1 * Screwdriver<\/li>\n<\/ul>\n<p><img decoding=\"async\" src=\"https:\/\/cdn.shopifycdn.net\/s\/files\/1\/1778\/6615\/files\/M75_a78e6c59-616e-418b-891d-44f3db9bacd1_600x600.jpg?v=1615444428\" \/><\/p>","protected":false},"excerpt":{"rendered":"<p>Meteor75 w od\u015bwie\u017conej wersji z wbudowanym odbiornikiem ExpressLRS 2.4G i VTX o mocy 350mW. Nowy rodzaj \u015bmigie\u0142 gwarantuje maksymaln\u0105 wydajno\u015b\u0107 a odbiornik ELRS i nowy VTX zapewni\u0105 do tej pory nieosi\u0105galny w tej klasie zasi\u0119g. Specyfikacja Waga bez baterii: 24.00g FC&amp;ESC: F4 1S 5A FC (ELRS 2.4G) Rama:\u00a0Meteor75 Frame Silniki:\u00a00802SE 19500KV Motor \u015amig\u0142a: 40mm 2-Blade [&hellip;]<\/p>","protected":false},"featured_media":6724,"template":"","meta":[],"product_cat":[22,30],"product_tag":[],"jetpack_sharing_enabled":true,"_links":{"self":[{"href":"https:\/\/xorr.pl\/en\/wp-json\/wp\/v2\/product\/2703"}],"collection":[{"href":"https:\/\/xorr.pl\/en\/wp-json\/wp\/v2\/product"}],"about":[{"href":"https:\/\/xorr.pl\/en\/wp-json\/wp\/v2\/types\/product"}],"wp:featuredmedia":[{"embeddable":true,"href":"https:\/\/xorr.pl\/en\/wp-json\/wp\/v2\/media\/6724"}],"wp:attachment":[{"href":"https:\/\/xorr.pl\/en\/wp-json\/wp\/v2\/media?parent=2703"}],"wp:term":[{"taxonomy":"product_cat","embeddable":true,"href":"https:\/\/xorr.pl\/en\/wp-json\/wp\/v2\/product_cat?post=2703"},{"taxonomy":"product_tag","embeddable":true,"href":"https:\/\/xorr.pl\/en\/wp-json\/wp\/v2\/product_tag?post=2703"}],"curies":[{"name":"wp","href":"https:\/\/api.w.org\/{rel}","templated":true}]}}