{"id":2750,"date":"2020-03-11T13:30:37","date_gmt":"2020-03-11T12:30:37","guid":{"rendered":"https:\/\/xorr.pl\/?post_type=product&#038;p=2750"},"modified":"2023-01-09T08:20:31","modified_gmt":"2023-01-09T07:20:31","slug":"rama-meteor65","status":"publish","type":"product","link":"https:\/\/xorr.pl\/en\/product\/rama-meteor65\/","title":{"rendered":"Meteor65 Frame"},"content":{"rendered":"<p>Najnowszy model ramy do dron\u00f3w klasy 65mm przystosowany do Meteor65. Przy zastosowaniu genialnego designu mocowania akumulatora rama zachowuje niski profil, oraz nowego rodzaju mocowania silnik\u00f3w, rama wa\u017cy tylko 3.14g.<\/p>\n<p><img decoding=\"async\" class=\"wp-image-2755 aligncenter\" src=\"https:\/\/xorr.pl\/wp-content\/uploads\/2020\/03\/2_1_1024x1024-300x150.jpg\" alt=\"\" width=\"490\" height=\"245\" srcset=\"https:\/\/xorr.pl\/wp-content\/uploads\/2020\/03\/2_1_1024x1024-300x150.jpg 300w, https:\/\/xorr.pl\/wp-content\/uploads\/2020\/03\/2_1_1024x1024-768x384.jpg 768w, https:\/\/xorr.pl\/wp-content\/uploads\/2020\/03\/2_1_1024x1024.jpg 1024w, https:\/\/xorr.pl\/wp-content\/uploads\/2020\/03\/2_1_1024x1024-600x300.jpg 600w\" sizes=\"(max-width: 490px) 100vw, 490px\" \/><\/p>\n<h1>Najwa\u017cniejsze cechy:<\/h1>\n<ul>\n<li>W por\u00f3wnaniu do poprzedniej ramy, dzi\u0119ki zastosowaniu niskiego profilu COG(Center Of Gravity) zosta\u0142o przesuni\u0119te do g\u00f3ry. W wyniku czego dron lata du\u017co stabilniej.<\/li>\n<li>Nowy spos\u00f3b mocowania silnik\u00f3w jest wytrzymalszy wzgl\u0119dem poprzednik\u00f3w.<\/li>\n<li>Ram\u0119 wykonano z ultra lekkiego i wytrzyma\u0142ego PP dzi\u0119ki czemu rama wa\u017cy tylko 3.14g. Co czyni j\u0105 jedn\u0105 z najl\u017cejszych ram 26mm na rynku.<\/li>\n<\/ul>\n<p><img decoding=\"async\" class=\"wp-image-2754 aligncenter\" src=\"https:\/\/xorr.pl\/wp-content\/uploads\/2020\/03\/55_8e11b704-252d-4d22-86b3-35c555a42188_1024x1024-1-300x141.jpg\" alt=\"\" width=\"555\" height=\"261\" srcset=\"https:\/\/xorr.pl\/wp-content\/uploads\/2020\/03\/55_8e11b704-252d-4d22-86b3-35c555a42188_1024x1024-1-300x141.jpg 300w, https:\/\/xorr.pl\/wp-content\/uploads\/2020\/03\/55_8e11b704-252d-4d22-86b3-35c555a42188_1024x1024-1-768x362.jpg 768w, https:\/\/xorr.pl\/wp-content\/uploads\/2020\/03\/55_8e11b704-252d-4d22-86b3-35c555a42188_1024x1024-1-600x283.jpg 600w, https:\/\/xorr.pl\/wp-content\/uploads\/2020\/03\/55_8e11b704-252d-4d22-86b3-35c555a42188_1024x1024-1.jpg 1023w\" sizes=\"(max-width: 555px) 100vw, 555px\" \/><\/p>\n<h1>Upgrade<\/h1>\n<ul>\n<li>W por\u00f3wnaniu do poprzedniej ramy, dzi\u0119ki zastosowaniu niskiego profilu COG(Center Of Gravity) zosta\u0142o przesuni\u0119te do g\u00f3ry. W wyniku czego dron lata du\u017co stabilniej.<\/li>\n<\/ul>\n<p><img decoding=\"async\" class=\"wp-image-2753 aligncenter\" src=\"https:\/\/xorr.pl\/wp-content\/uploads\/2020\/03\/compa_480x480-300x135.jpg\" alt=\"\" width=\"565\" height=\"254\" srcset=\"https:\/\/xorr.pl\/wp-content\/uploads\/2020\/03\/compa_480x480-300x135.jpg 300w, https:\/\/xorr.pl\/wp-content\/uploads\/2020\/03\/compa_480x480.jpg 479w\" sizes=\"(max-width: 565px) 100vw, 565px\" \/><\/p>\n<ul>\n<li>Nowy spos\u00f3b mocowania silnik\u00f3w jest wytrzymalszy wzgl\u0119dem poprzednik\u00f3w.<\/li>\n<\/ul>\n<p><img decoding=\"async\" class=\"wp-image-2752 aligncenter\" src=\"https:\/\/xorr.pl\/wp-content\/uploads\/2020\/03\/compa2_480x480-300x135.jpg\" alt=\"\" width=\"573\" height=\"258\" srcset=\"https:\/\/xorr.pl\/wp-content\/uploads\/2020\/03\/compa2_480x480-300x135.jpg 300w, https:\/\/xorr.pl\/wp-content\/uploads\/2020\/03\/compa2_480x480.jpg 480w\" sizes=\"(max-width: 573px) 100vw, 573px\" \/><\/p>\n<ul>\n<li>Ram\u0119 wykonano z ultra lekkiego i wytrzyma\u0142ego PP dzi\u0119ki czemu rama wa\u017cy tylko 3.14g. Co czyni j\u0105 jedn\u0105 z najl\u017cejszych ram 26mm na rynku.<\/li>\n<\/ul>\n<p><img decoding=\"async\" class=\"wp-image-2751 aligncenter\" src=\"https:\/\/xorr.pl\/wp-content\/uploads\/2020\/03\/f1d3f2e934a7f7df4970562b60a46e3c_cd8af9ac-005b-4991-bda4-b9046750f069_480x480-300x227.jpg\" alt=\"\" width=\"411\" height=\"311\" srcset=\"https:\/\/xorr.pl\/wp-content\/uploads\/2020\/03\/f1d3f2e934a7f7df4970562b60a46e3c_cd8af9ac-005b-4991-bda4-b9046750f069_480x480-300x227.jpg 300w, https:\/\/xorr.pl\/wp-content\/uploads\/2020\/03\/f1d3f2e934a7f7df4970562b60a46e3c_cd8af9ac-005b-4991-bda4-b9046750f069_480x480.jpg 480w\" sizes=\"(max-width: 411px) 100vw, 411px\" \/><\/p>\n<p>&nbsp;<\/p>\n<p>&nbsp;<\/p>","protected":false},"excerpt":{"rendered":"<p>Najnowszy model ramy do dron\u00f3w klasy 65mm przystosowany do Meteor65. Przy zastosowaniu genialnego designu mocowania akumulatora rama zachowuje niski profil, oraz nowego rodzaju mocowania silnik\u00f3w, rama wa\u017cy tylko 3.14g. Najwa\u017cniejsze cechy: W por\u00f3wnaniu do poprzedniej ramy, dzi\u0119ki zastosowaniu niskiego profilu COG(Center Of Gravity) zosta\u0142o przesuni\u0119te do g\u00f3ry. W wyniku czego dron lata du\u017co stabilniej. Nowy [&hellip;]<\/p>","protected":false},"featured_media":2757,"template":"","meta":[],"product_cat":[22,23,38],"product_tag":[],"jetpack_sharing_enabled":true,"_links":{"self":[{"href":"https:\/\/xorr.pl\/en\/wp-json\/wp\/v2\/product\/2750"}],"collection":[{"href":"https:\/\/xorr.pl\/en\/wp-json\/wp\/v2\/product"}],"about":[{"href":"https:\/\/xorr.pl\/en\/wp-json\/wp\/v2\/types\/product"}],"wp:featuredmedia":[{"embeddable":true,"href":"https:\/\/xorr.pl\/en\/wp-json\/wp\/v2\/media\/2757"}],"wp:attachment":[{"href":"https:\/\/xorr.pl\/en\/wp-json\/wp\/v2\/media?parent=2750"}],"wp:term":[{"taxonomy":"product_cat","embeddable":true,"href":"https:\/\/xorr.pl\/en\/wp-json\/wp\/v2\/product_cat?post=2750"},{"taxonomy":"product_tag","embeddable":true,"href":"https:\/\/xorr.pl\/en\/wp-json\/wp\/v2\/product_tag?post=2750"}],"curies":[{"name":"wp","href":"https:\/\/api.w.org\/{rel}","templated":true}]}}