{"id":2784,"date":"2020-03-12T09:29:09","date_gmt":"2020-03-12T08:29:09","guid":{"rendered":"https:\/\/xorr.pl\/?post_type=product&#038;p=2784"},"modified":"2024-05-22T14:05:53","modified_gmt":"2024-05-22T12:05:53","slug":"bt2-0-300mah-1s-30c-battery-1szt","status":"publish","type":"product","link":"https:\/\/xorr.pl\/en\/product\/bt2-0-300mah-1s-30c-battery-1szt\/","title":{"rendered":"BT2.0 300mAh 1S 30C Battery"},"content":{"rendered":"<h2><img decoding=\"async\" class=\"alignnone wp-image-2723\" src=\"https:\/\/xorr.pl\/wp-content\/uploads\/2020\/03\/meteor_1024x1024-300x131.jpg\" alt=\"\" width=\"792\" height=\"346\" srcset=\"https:\/\/xorr.pl\/wp-content\/uploads\/2020\/03\/meteor_1024x1024-300x131.jpg 300w, https:\/\/xorr.pl\/wp-content\/uploads\/2020\/03\/meteor_1024x1024-768x336.jpg 768w, https:\/\/xorr.pl\/wp-content\/uploads\/2020\/03\/meteor_1024x1024.jpg 1024w, https:\/\/xorr.pl\/wp-content\/uploads\/2020\/03\/meteor_1024x1024-600x263.jpg 600w\" sizes=\"(max-width: 792px) 100vw, 792px\" \/><\/h2>\n<h2>Dlaczego warto u\u017cywa\u0107 BT2.0?<\/h2>\n<p>BETAFPV na w\u0142asny u\u017cytek zaprojektowa\u0142a BT2.0, kt\u00f3ry wyeliminowa\u0142 problem bottle-neckingu, kt\u00f3ry wyst\u0119powa\u0142 przy korektorze PH2.0. Pozwala to na ci\u0105g\u0142e obci\u0105\u017cenie akumulatora pr\u0105dem 9A oraz chwilowym 15A. Dzi\u0119ki temu nie tracimy osi\u0105g\u00f3w oraz mo\u017cemy d\u0142u\u017cej lata\u0107.<\/p>\n<p>Poni\u017cej znajduje si\u0119 wykres przedstawiaj\u0105cy zale\u017cno\u015b\u0107 napi\u0119cia od czasu por\u00f3wnuj\u0105cy PH2.0 oraz BT2.0 na akumulatorze 1s 300mah. Test wykonany przy ci\u0105g\u0142ym poborze 9A (koniec wykresu ~ koniec lotu).<\/p>\n<p><img decoding=\"async\" class=\"wp-image-2724 aligncenter\" src=\"https:\/\/xorr.pl\/wp-content\/uploads\/2020\/03\/BT2.0_report_1024x1024-300x129.jpg\" alt=\"\" width=\"1000\" height=\"430\" srcset=\"https:\/\/xorr.pl\/wp-content\/uploads\/2020\/03\/BT2.0_report_1024x1024-300x129.jpg 300w, https:\/\/xorr.pl\/wp-content\/uploads\/2020\/03\/BT2.0_report_1024x1024-600x259.jpg 600w\" sizes=\"(max-width: 1000px) 100vw, 1000px\" \/><\/p>\n<h1>Najwa\u017cniejsze cechy:<\/h1>\n<ul>\n<li>Z\u0142\u0105cze BT2.0 ma mniejszy op\u00f3r wewn\u0119trzny dzi\u0119ki zastosowaniu twardych pin\u00f3w (1mm banan).<\/li>\n<li>Bateria BT2.0 300mAh 1S 30C mo\u017ce dostarczy\u0107 ci\u0105g\u0142y pr\u0105d 9A i chwilowy 15A, akumulatory stosuj\u0105ce z\u0142\u0105cze PH2.0 ograniczaj\u0105 przep\u0142yw pr\u0105du o po\u0142ow\u0119. Dzi\u0119ki temu z\u0142\u0105czu dron lata d\u0142u\u017cej i szybciej.<\/li>\n<li>W por\u00f3wnaniu do PH2.0 z\u0142\u0105cze BT2.0 jest du\u017co wytrzymalsze.<\/li>\n<\/ul>\n<p><img decoding=\"async\" class=\"wp-image-2786 aligncenter\" src=\"https:\/\/xorr.pl\/wp-content\/uploads\/2020\/03\/sdsf_43c1dd7f-e898-408d-b60c-e54c8922b506_600x600-300x141.jpg\" alt=\"\" width=\"645\" height=\"303\" srcset=\"https:\/\/xorr.pl\/wp-content\/uploads\/2020\/03\/sdsf_43c1dd7f-e898-408d-b60c-e54c8922b506_600x600-300x141.jpg 300w, https:\/\/xorr.pl\/wp-content\/uploads\/2020\/03\/sdsf_43c1dd7f-e898-408d-b60c-e54c8922b506_600x600.jpg 600w\" sizes=\"(max-width: 645px) 100vw, 645px\" \/><\/p>\n<p>&nbsp;<\/p>","protected":false},"excerpt":{"rendered":"<p>The BETAFPV BT2.0 300mAh 1S 30C battery offers good performance at a good price. It uses the influences used by the BT2.0 interface, the impact of the so-called bottle-necking in progress to PH2.0 in flight.<\/p>","protected":false},"featured_media":2790,"template":"","meta":[],"product_cat":[25],"product_tag":[],"jetpack_sharing_enabled":true,"_links":{"self":[{"href":"https:\/\/xorr.pl\/en\/wp-json\/wp\/v2\/product\/2784"}],"collection":[{"href":"https:\/\/xorr.pl\/en\/wp-json\/wp\/v2\/product"}],"about":[{"href":"https:\/\/xorr.pl\/en\/wp-json\/wp\/v2\/types\/product"}],"wp:featuredmedia":[{"embeddable":true,"href":"https:\/\/xorr.pl\/en\/wp-json\/wp\/v2\/media\/2790"}],"wp:attachment":[{"href":"https:\/\/xorr.pl\/en\/wp-json\/wp\/v2\/media?parent=2784"}],"wp:term":[{"taxonomy":"product_cat","embeddable":true,"href":"https:\/\/xorr.pl\/en\/wp-json\/wp\/v2\/product_cat?post=2784"},{"taxonomy":"product_tag","embeddable":true,"href":"https:\/\/xorr.pl\/en\/wp-json\/wp\/v2\/product_tag?post=2784"}],"curies":[{"name":"wp","href":"https:\/\/api.w.org\/{rel}","templated":true}]}}