{"id":2904,"date":"2020-03-15T11:43:01","date_gmt":"2020-03-15T10:43:01","guid":{"rendered":"https:\/\/xorr.pl\/?post_type=product&#038;p=2904"},"modified":"2022-01-11T23:02:55","modified_gmt":"2022-01-11T22:02:55","slug":"beta95x-whoop-quadcopter-hd-digital-vtx","status":"publish","type":"product","link":"https:\/\/xorr.pl\/en\/product\/beta95x-whoop-quadcopter-hd-digital-vtx\/","title":{"rendered":"Beta95X Whoop Quadcopter (HD Digital VTX)"},"content":{"rendered":"<p>Beta95X to najmniejszy i najl\u017cejszy dron z cyfrowym nadajnikiem HD na \u015bwiecie. Wa\u017cy tylko 110g! U\u017cywaj\u0105c \u015bmig\u0142a 2.5&#8242;, silniki 1106 i 16A ESC, ten dron bezproblemowo mo\u017ce wykonywa\u0107 nawet najbardziej wymagaj\u0105ce akrobacje takie jak &#8220;dive&#8221; czy &#8220;power loop&#8221;.<\/p>\n<p class=\"responsive-video-wrap clr\"><iframe loading=\"lazy\" title=\"BetaFPV 95x DJI FPV (Vista) - is 95x acro ready?\" width=\"1200\" height=\"900\" src=\"https:\/\/www.youtube.com\/embed\/qrxznbmuTpA?feature=oembed\" frameborder=\"0\" allow=\"accelerometer; autoplay; clipboard-write; encrypted-media; gyroscope; picture-in-picture\" allowfullscreen><\/iframe><\/p>\n<h2>Najwa\u017cniejsze cechy:<\/h2>\n<ul>\n<li>Beta95X zaprojektowano tak by mog\u0142a unosi\u0107 Caddx Vista o wadze 30g.<\/li>\n<li>Dzi\u0119ki zastosowaniu procesora STM32F051K66 dron mo\u017ce lata\u0107 na du\u017co lepszych ustawieniach co skutkuje wi\u0119ksz\u0105 moc\u0105 i lepsz\u0105 kontrol\u0105 nad lotem.<\/li>\n<li>Silniki 1106 4500kV zapewniaj\u0105 moc dok\u0142adnie wtedy gdy jej potrzeba. Zaleca si\u0119 stosowanie akumulator\u00f3w 4s. Silniki s\u0105 fabrycznie zako\u0144czone szybko z\u0142\u0105czk\u0105 co pozwala na szybk\u0105 i bezproblemow\u0105 wymian\u0119 silnika.<\/li>\n<li>Producent zaleca stosowanie akumulator\u00f3w 4S 450mAh (a my\u015bmy sprawdzili \u017ce na 650mAh te\u017c lata \u015bwietnie \ud83d\ude42 ).<\/li>\n<\/ul>\n<p><img decoding=\"async\" class=\"wp-image-3055 aligncenter\" src=\"https:\/\/xorr.pl\/wp-content\/uploads\/2020\/03\/95X_8_600x600-300x200.jpg\" alt=\"\" width=\"581\" height=\"387\" srcset=\"https:\/\/xorr.pl\/wp-content\/uploads\/2020\/03\/95X_8_600x600-300x200.jpg 300w, https:\/\/xorr.pl\/wp-content\/uploads\/2020\/03\/95X_8_600x600.jpg 600w\" sizes=\"(max-width: 581px) 100vw, 581px\" \/><\/p>\n<h2>DJI FPV<\/h2>\n<p>Gogle DJI HD FPV jako jedyne na rynku zapewniaj\u0105 stabilny obraz cyfrowy. Dodatkowo maj\u0105 tylko 28ms op\u00f3\u017anienia. <a href=\"https:\/\/www.dji.com\/pl\/fpv\">Wi\u0119cej informacji kliknij tutaj.<\/a><\/p>\n<p><img decoding=\"async\" class=\"wp-image-3056 aligncenter\" src=\"https:\/\/xorr.pl\/wp-content\/uploads\/2020\/03\/DJI_FPV_Goggles_1_600x600-300x169.png\" alt=\"\" width=\"664\" height=\"374\" srcset=\"https:\/\/xorr.pl\/wp-content\/uploads\/2020\/03\/DJI_FPV_Goggles_1_600x600-300x169.png 300w, https:\/\/xorr.pl\/wp-content\/uploads\/2020\/03\/DJI_FPV_Goggles_1_600x600.png 599w\" sizes=\"(max-width: 664px) 100vw, 664px\" \/><\/p>\n<h2>Caddx Vista<\/h2>\n<p>Caddx Vista to cyfrowy nadajnik, kt\u00f3ry dzia\u0142a z goglami DJI jak i ich nadajnikiem. Ca\u0142kowita waga zestawu (nadajnik, kamerka, antena) to tylko 35g, to a\u017c 20g mniej ni\u017c zestaw DJI FPV. Dodatkowo jest mniejszy i zaprojektowany by pasowa\u0142 do dron\u00f3w klasy whoop.<\/p>\n<p><img decoding=\"async\" class=\"wp-image-3110 aligncenter\" src=\"https:\/\/xorr.pl\/wp-content\/uploads\/2020\/03\/bb5849d0-f662-4306-9dad-4352057d5ade-300x300.jpg\" alt=\"\" width=\"341\" height=\"341\" srcset=\"https:\/\/xorr.pl\/wp-content\/uploads\/2020\/03\/bb5849d0-f662-4306-9dad-4352057d5ade-300x300.jpg 300w, https:\/\/xorr.pl\/wp-content\/uploads\/2020\/03\/bb5849d0-f662-4306-9dad-4352057d5ade-150x150.jpg 150w, https:\/\/xorr.pl\/wp-content\/uploads\/2020\/03\/bb5849d0-f662-4306-9dad-4352057d5ade-768x768.jpg 768w, https:\/\/xorr.pl\/wp-content\/uploads\/2020\/03\/bb5849d0-f662-4306-9dad-4352057d5ade-600x600.jpg 600w, https:\/\/xorr.pl\/wp-content\/uploads\/2020\/03\/bb5849d0-f662-4306-9dad-4352057d5ade-100x100.jpg 100w, https:\/\/xorr.pl\/wp-content\/uploads\/2020\/03\/bb5849d0-f662-4306-9dad-4352057d5ade.jpg 1000w\" sizes=\"(max-width: 341px) 100vw, 341px\" \/><\/p>\n<h2>Odwr\u00f3cony kierunek obrotu silnik\u00f3w<\/h2>\n<p>W Beta95X fabrycznie ustawiono odwrotny kierunek obrotu silnik\u00f3w, dlaczego?<\/p>\n<p><em>Poniewa\u017c podczas wykonywania mocnych skr\u0119t\u00f3w albo wyj\u015b\u0107 z akrobacji wyst\u0119powa\u0142 tzw. &#8220;propwash&#8221;. Teraz nawet w najtrudniejszych sytuacjach dron bezproblemowo sobie radzi. <a href=\"https:\/\/betafpv.freshdesk.com\/support\/solutions\/articles\/27000050781-troubleshooting-know-more-about-props-out-\">Wi\u0119cej informacji kliknij tutaj.<\/a><\/em><\/p>\n<p><span style=\"color: #ff0000;\"><em>W zestawie nie ma akumulator\u00f3w. Zalecamy stosowanie pakiet\u00f3w 4S 450mAh.\u00a0<\/em><\/span><\/p>\n<p class=\"responsive-video-wrap clr\"><iframe loading=\"lazy\" title=\"BETA95X Maiden Flight - The Smallest and Lightest HD VTX Whoop\" width=\"1200\" height=\"900\" src=\"https:\/\/www.youtube.com\/embed\/KIwhCoO_wcI?feature=oembed\" frameborder=\"0\" allow=\"accelerometer; autoplay; clipboard-write; encrypted-media; gyroscope; picture-in-picture\" allowfullscreen><\/iframe><\/p>","protected":false},"excerpt":{"rendered":"<p>Najl\u017cejszy dron (poni\u017cej 250g) z obrazem HD na rynku, idealny do codziennego latania.<\/p>","protected":false},"featured_media":3113,"template":"","meta":[],"product_cat":[22,30],"product_tag":[],"jetpack_sharing_enabled":true,"_links":{"self":[{"href":"https:\/\/xorr.pl\/en\/wp-json\/wp\/v2\/product\/2904"}],"collection":[{"href":"https:\/\/xorr.pl\/en\/wp-json\/wp\/v2\/product"}],"about":[{"href":"https:\/\/xorr.pl\/en\/wp-json\/wp\/v2\/types\/product"}],"wp:featuredmedia":[{"embeddable":true,"href":"https:\/\/xorr.pl\/en\/wp-json\/wp\/v2\/media\/3113"}],"wp:attachment":[{"href":"https:\/\/xorr.pl\/en\/wp-json\/wp\/v2\/media?parent=2904"}],"wp:term":[{"taxonomy":"product_cat","embeddable":true,"href":"https:\/\/xorr.pl\/en\/wp-json\/wp\/v2\/product_cat?post=2904"},{"taxonomy":"product_tag","embeddable":true,"href":"https:\/\/xorr.pl\/en\/wp-json\/wp\/v2\/product_tag?post=2904"}],"curies":[{"name":"wp","href":"https:\/\/api.w.org\/{rel}","templated":true}]}}