{"id":3572,"date":"2020-03-31T22:38:21","date_gmt":"2020-03-31T20:38:21","guid":{"rendered":"https:\/\/xorr.pl\/?post_type=product&#038;p=3572"},"modified":"2023-10-20T21:12:18","modified_gmt":"2023-10-20T19:12:18","slug":"0802-19500kv-brushless-motors-4szt","status":"publish","type":"product","link":"https:\/\/xorr.pl\/en\/product\/0802-19500kv-brushless-motors-4szt\/","title":{"rendered":"0802SE 19500KV Brushless Motors (4pcs)"},"content":{"rendered":"<p><img decoding=\"async\" class=\"aligncenter\" src=\"https:\/\/cdn.shopify.com\/s\/files\/1\/1778\/6615\/files\/FB_47e65e9a-9744-45e0-a315-0c440e945aa6_1024x1024.jpg?v=1599879621\" \/><\/p>\n<p>Nowe silniki 0802SE poprawiono wzgl\u0119dem poprzednik\u00f3w o dwie znacz\u0105ce rzeczy:<\/p>\n<ul>\n<li>\u0141o\u017cyska kulkowe &#8211; W por\u00f3wnaniu do \u0142o\u017cysk \u015blizgowych, \u0142o\u017cyska kulkowe maja d\u0142u\u017csz\u0105 \u017cywotno\u015b\u0107 oraz powoduj\u0105 mniej wibracji. Nowe silniki cechuj\u0105 si\u0119 tak\u017ce wi\u0119ksz\u0105 wytrzyma\u0142o\u015bci\u0105 na wysokich obrotach.<\/li>\n<\/ul>\n<p><img decoding=\"async\" class=\"wp-image-3573 aligncenter\" src=\"https:\/\/xorr.pl\/wp-content\/uploads\/2020\/03\/0802_5e4af4b4-b563-4447-bc91-723d67f6512d_600x600-1-300x100.jpg\" alt=\"\" width=\"681\" height=\"227\" srcset=\"https:\/\/xorr.pl\/wp-content\/uploads\/2020\/03\/0802_5e4af4b4-b563-4447-bc91-723d67f6512d_600x600-1-300x100.jpg 300w, https:\/\/xorr.pl\/wp-content\/uploads\/2020\/03\/0802_5e4af4b4-b563-4447-bc91-723d67f6512d_600x600-1.jpg 600w\" sizes=\"(max-width: 681px) 100vw, 681px\" \/><\/p>\n<ul>\n<li>Przylutowane kable zasilaj\u0105ce &#8211; pozwalaj\u0105 na bardzo szybk\u0105 i \u0142atw\u0105 wymian\u0119 silnik\u00f3w lub kabli.<\/li>\n<\/ul>\n<p><img decoding=\"async\" class=\"wp-image-3576 aligncenter\" src=\"https:\/\/xorr.pl\/wp-content\/uploads\/2020\/03\/0802_wire_480x480-300x137.jpg\" alt=\"\" width=\"488\" height=\"223\" srcset=\"https:\/\/xorr.pl\/wp-content\/uploads\/2020\/03\/0802_wire_480x480-300x137.jpg 300w, https:\/\/xorr.pl\/wp-content\/uploads\/2020\/03\/0802_wire_480x480.jpg 479w\" sizes=\"(max-width: 488px) 100vw, 488px\" \/><\/p>\n<h3>Package:<\/h3>\n<ul>\n<li>4x BETAFPV 0802 SE Motor<\/li>\n<li>1x Zestaw \u015brub M1.4*3<\/li>\n<\/ul>\n<p><img decoding=\"async\" class=\"wp-image-3575 aligncenter\" src=\"https:\/\/xorr.pl\/wp-content\/uploads\/2020\/03\/2_261c0fff-cdd5-4818-bf0d-63142eefa390_grande-300x142.jpg\" alt=\"\" width=\"568\" height=\"269\" srcset=\"https:\/\/xorr.pl\/wp-content\/uploads\/2020\/03\/2_261c0fff-cdd5-4818-bf0d-63142eefa390_grande-300x142.jpg 300w, https:\/\/xorr.pl\/wp-content\/uploads\/2020\/03\/2_261c0fff-cdd5-4818-bf0d-63142eefa390_grande.jpg 600w\" sizes=\"(max-width: 568px) 100vw, 568px\" \/><\/p>\n<p><img decoding=\"async\" class=\"aligncenter\" src=\"https:\/\/cdn.shopify.com\/s\/files\/1\/1778\/6615\/files\/WPS_1_ec523f4b-e32f-4991-8bed-4dc5cc7da643_1024x1024.jpg?v=1599793641\" \/><\/p>\n<p>&nbsp;<\/p>","protected":false},"excerpt":{"rendered":"<p>Pasuj\u0105 idealnie do Meteora65<\/p>","protected":false},"featured_media":3577,"template":"","meta":[],"product_cat":[22,32,36],"product_tag":[],"jetpack_sharing_enabled":true,"_links":{"self":[{"href":"https:\/\/xorr.pl\/en\/wp-json\/wp\/v2\/product\/3572"}],"collection":[{"href":"https:\/\/xorr.pl\/en\/wp-json\/wp\/v2\/product"}],"about":[{"href":"https:\/\/xorr.pl\/en\/wp-json\/wp\/v2\/types\/product"}],"wp:featuredmedia":[{"embeddable":true,"href":"https:\/\/xorr.pl\/en\/wp-json\/wp\/v2\/media\/3577"}],"wp:attachment":[{"href":"https:\/\/xorr.pl\/en\/wp-json\/wp\/v2\/media?parent=3572"}],"wp:term":[{"taxonomy":"product_cat","embeddable":true,"href":"https:\/\/xorr.pl\/en\/wp-json\/wp\/v2\/product_cat?post=3572"},{"taxonomy":"product_tag","embeddable":true,"href":"https:\/\/xorr.pl\/en\/wp-json\/wp\/v2\/product_tag?post=3572"}],"curies":[{"name":"wp","href":"https:\/\/api.w.org\/{rel}","templated":true}]}}