{"id":359,"date":"2019-10-21T14:05:43","date_gmt":"2019-10-21T12:05:43","guid":{"rendered":"https:\/\/xorr.pl\/?post_type=product&#038;p=359"},"modified":"2024-06-25T22:56:34","modified_gmt":"2024-06-25T20:56:34","slug":"silnik","status":"publish","type":"product","link":"https:\/\/xorr.pl\/en\/product\/silnik\/","title":{"rendered":"Emax ECO 2207 2400KV 3-4S Motor"},"content":{"rendered":"<p>Silnik z rewelacyjnej serii Emax ECO o rozmiarze 2207 w wersji 2400KV. Idealny do 5 calowych \u015bmigie\u0142 na 3-4S. Silnik posiada przylutowane z\u0142\u0105cze MR30 \u017ce\u0144skie. Dzi\u0119ki temu monta\u017c zajmuje niewiele czasu.<\/p>\n<p><img decoding=\"async\" src=\"https:\/\/imgaz.staticbg.com\/images\/oaupload\/ser1\/banggood\/images\/C6\/64\/3a9602e9-ec0d-4424-8c41-47f64c07d85a.jpg.webp\" \/><\/p>","protected":false},"excerpt":{"rendered":"<p>Emax ECO to sprawdzony silnik renomowanej firmy Emax. Jego nominalna pr\u0119dko\u015b\u0107 to 2400kv. Pracuje na pakietach 4s. Fabrycznie zosta\u0142 zamontowany element \u0142\u0105cz\u0105cy go z regulatorem obrot\u00f3w (ESC) tak jak to widoczne na zdj\u0119ciach.<\/p>","protected":false},"featured_media":365,"template":"","meta":[],"product_cat":[32,36],"product_tag":[],"jetpack_sharing_enabled":true,"_links":{"self":[{"href":"https:\/\/xorr.pl\/en\/wp-json\/wp\/v2\/product\/359"}],"collection":[{"href":"https:\/\/xorr.pl\/en\/wp-json\/wp\/v2\/product"}],"about":[{"href":"https:\/\/xorr.pl\/en\/wp-json\/wp\/v2\/types\/product"}],"wp:featuredmedia":[{"embeddable":true,"href":"https:\/\/xorr.pl\/en\/wp-json\/wp\/v2\/media\/365"}],"wp:attachment":[{"href":"https:\/\/xorr.pl\/en\/wp-json\/wp\/v2\/media?parent=359"}],"wp:term":[{"taxonomy":"product_cat","embeddable":true,"href":"https:\/\/xorr.pl\/en\/wp-json\/wp\/v2\/product_cat?post=359"},{"taxonomy":"product_tag","embeddable":true,"href":"https:\/\/xorr.pl\/en\/wp-json\/wp\/v2\/product_tag?post=359"}],"curies":[{"name":"wp","href":"https:\/\/api.w.org\/{rel}","templated":true}]}}