{"id":3688,"date":"2020-04-04T13:36:27","date_gmt":"2020-04-04T11:36:27","guid":{"rendered":"https:\/\/xorr.pl\/?post_type=product&#038;p=3688"},"modified":"2024-05-08T13:09:38","modified_gmt":"2024-05-08T11:09:38","slug":"1106-4500kv-brushless-motors%ef%bc%884szt%ef%bc%89","status":"publish","type":"product","link":"https:\/\/xorr.pl\/en\/product\/1106-4500kv-brushless-motors%ef%bc%884szt%ef%bc%89\/","title":{"rendered":"1106 4500KV Brushless Motors (1szt)"},"content":{"rendered":"<p>Bezszczotkowe silniki 1106 nadaj\u0105 si\u0119 idealnie do zastosowania w dronach 4S poniewa\u017c zosta\u0142 zaprojektowany i skonstruowany dok\u0142adnie do klasy 85-120mm.<\/p>\n<p><img decoding=\"async\" class=\"wp-image-3693 aligncenter\" src=\"https:\/\/xorr.pl\/wp-content\/uploads\/2020\/04\/1106_4500KV-FB_1024x1024-300x169.jpg\" alt=\"\" width=\"623\" height=\"351\" srcset=\"https:\/\/xorr.pl\/wp-content\/uploads\/2020\/04\/1106_4500KV-FB_1024x1024-300x169.jpg 300w, https:\/\/xorr.pl\/wp-content\/uploads\/2020\/04\/1106_4500KV-FB_1024x1024-768x432.jpg 768w, https:\/\/xorr.pl\/wp-content\/uploads\/2020\/04\/1106_4500KV-FB_1024x1024.jpg 1024w, https:\/\/xorr.pl\/wp-content\/uploads\/2020\/04\/1106_4500KV-FB_1024x1024-600x338.jpg 600w\" sizes=\"(max-width: 623px) 100vw, 623px\" \/><\/p>\n<h2>Najwa\u017cniejsze cechy:<\/h2>\n<ul>\n<li>Pasuje do HX100, Beta85X, Beta95X i innych.<\/li>\n<li>Fabrycznie wywa\u017cone dzwonki.<\/li>\n<li>Wysokiej klasy materia\u0142y zastosowane do produkcji silnik\u00f3w, takie jak Lotniczy Stop Aluminium czy temperaturo-odporne magnesy.<\/li>\n<li>Przetestowane do wytrzymywania du\u017cych obci\u0105\u017ce\u0144.<\/li>\n<\/ul>\n<p><img decoding=\"async\" class=\"wp-image-3692 aligncenter\" src=\"https:\/\/xorr.pl\/wp-content\/uploads\/2020\/04\/3_13588571-5858-450a-8a1a-c574db50dc03_grande-300x108.jpg\" alt=\"\" width=\"650\" height=\"234\" srcset=\"https:\/\/xorr.pl\/wp-content\/uploads\/2020\/04\/3_13588571-5858-450a-8a1a-c574db50dc03_grande-300x108.jpg 300w, https:\/\/xorr.pl\/wp-content\/uploads\/2020\/04\/3_13588571-5858-450a-8a1a-c574db50dc03_grande.jpg 600w\" sizes=\"(max-width: 650px) 100vw, 650px\" \/><\/p>\n<p><img decoding=\"async\" class=\"wp-image-3691 aligncenter\" src=\"https:\/\/xorr.pl\/wp-content\/uploads\/2020\/04\/lADPBE1XYS4j8y3NAujNBiE_1569_744_grande-300x151.jpg\" alt=\"\" width=\"437\" height=\"220\" srcset=\"https:\/\/xorr.pl\/wp-content\/uploads\/2020\/04\/lADPBE1XYS4j8y3NAujNBiE_1569_744_grande-300x151.jpg 300w, https:\/\/xorr.pl\/wp-content\/uploads\/2020\/04\/lADPBE1XYS4j8y3NAujNBiE_1569_744_grande.jpg 600w\" sizes=\"(max-width: 437px) 100vw, 437px\" \/><\/p>","protected":false},"excerpt":{"rendered":"<p>Bezszczotkowe silniki 1106 nadaj\u0105 si\u0119 idealnie do zastosowania w dronach 4S poniewa\u017c zosta\u0142 zaprojektowany i skonstruowany dok\u0142adnie do klasy 85-120mm. Najwa\u017cniejsze cechy: Pasuje do HX100, Beta85X, Beta95X i innych. Fabrycznie wywa\u017cone dzwonki. Wysokiej klasy materia\u0142y zastosowane do produkcji silnik\u00f3w, takie jak Lotniczy Stop Aluminium czy temperaturo-odporne magnesy. Przetestowane do wytrzymywania du\u017cych obci\u0105\u017ce\u0144.<\/p>","protected":false},"featured_media":3577,"template":"","meta":[],"product_cat":[22,32,36],"product_tag":[],"jetpack_sharing_enabled":true,"_links":{"self":[{"href":"https:\/\/xorr.pl\/en\/wp-json\/wp\/v2\/product\/3688"}],"collection":[{"href":"https:\/\/xorr.pl\/en\/wp-json\/wp\/v2\/product"}],"about":[{"href":"https:\/\/xorr.pl\/en\/wp-json\/wp\/v2\/types\/product"}],"wp:featuredmedia":[{"embeddable":true,"href":"https:\/\/xorr.pl\/en\/wp-json\/wp\/v2\/media\/3577"}],"wp:attachment":[{"href":"https:\/\/xorr.pl\/en\/wp-json\/wp\/v2\/media?parent=3688"}],"wp:term":[{"taxonomy":"product_cat","embeddable":true,"href":"https:\/\/xorr.pl\/en\/wp-json\/wp\/v2\/product_cat?post=3688"},{"taxonomy":"product_tag","embeddable":true,"href":"https:\/\/xorr.pl\/en\/wp-json\/wp\/v2\/product_tag?post=3688"}],"curies":[{"name":"wp","href":"https:\/\/api.w.org\/{rel}","templated":true}]}}