{"id":3903,"date":"2020-04-09T22:48:02","date_gmt":"2020-04-09T20:48:02","guid":{"rendered":"https:\/\/xorr.pl\/?post_type=product&#038;p=3903"},"modified":"2024-07-05T10:43:52","modified_gmt":"2024-07-05T08:43:52","slug":"smigla-gemfan-31mm-3-blade-4szt","status":"publish","type":"product","link":"https:\/\/xorr.pl\/en\/product\/smigla-gemfan-31mm-3-blade-4szt\/","title":{"rendered":"Gemfan 31mm 3-blade \u03c61mm Props"},"content":{"rendered":"<h2>Specifikacja:<\/h2>\n<ul>\n<li>Ilo\u015b\u0107 ramion: 3<\/li>\n<li>Material:\u00a0PC (Poly Carbonates)<\/li>\n<li>\u015arednica zewn\u0119trzna: 31mm<\/li>\n<li>Otw\u00f3r mocuj\u0105cy: 1.0mm<\/li>\n<li>Waga (2CW+2CCW): 1g<\/li>\n<li>Kolory: r\u00f3\u017cowy, b\u0142\u0119kitny, czarny, bia\u0142y, \u017c\u00f3\u0142ty<\/li>\n<\/ul>\n<p><span style=\"color: #ff0000;\">Je\u017celi zale\u017cy ci na wybranym kolorze, odezwij si\u0119 do nas na czacie, postaramy Ci si\u0119 pom\u00f3c \ud83d\ude42<\/span><\/p>\n<p><img decoding=\"async\" class=\"wp-image-3905 aligncenter\" src=\"https:\/\/xorr.pl\/wp-content\/uploads\/2020\/04\/size_0b4ef6ca-1bc2-49f0-82c2-ad530a8fc36e_480x480-300x223.jpg\" alt=\"\" width=\"409\" height=\"304\" srcset=\"https:\/\/xorr.pl\/wp-content\/uploads\/2020\/04\/size_0b4ef6ca-1bc2-49f0-82c2-ad530a8fc36e_480x480-300x223.jpg 300w, https:\/\/xorr.pl\/wp-content\/uploads\/2020\/04\/size_0b4ef6ca-1bc2-49f0-82c2-ad530a8fc36e_480x480.jpg 480w\" sizes=\"(max-width: 409px) 100vw, 409px\" \/><\/p>\n<p><img decoding=\"async\" class=\"size-medium wp-image-3904 aligncenter\" src=\"https:\/\/xorr.pl\/wp-content\/uploads\/2020\/04\/f1d3f2e934a7f7df4970562b60a46e3c_a66ab48d-67c2-4723-beca-792d656239b7_600x600-300x300.jpg\" alt=\"\" width=\"300\" height=\"300\" srcset=\"https:\/\/xorr.pl\/wp-content\/uploads\/2020\/04\/f1d3f2e934a7f7df4970562b60a46e3c_a66ab48d-67c2-4723-beca-792d656239b7_600x600-300x300.jpg 300w, https:\/\/xorr.pl\/wp-content\/uploads\/2020\/04\/f1d3f2e934a7f7df4970562b60a46e3c_a66ab48d-67c2-4723-beca-792d656239b7_600x600-150x150.jpg 150w, https:\/\/xorr.pl\/wp-content\/uploads\/2020\/04\/f1d3f2e934a7f7df4970562b60a46e3c_a66ab48d-67c2-4723-beca-792d656239b7_600x600.jpg 600w, https:\/\/xorr.pl\/wp-content\/uploads\/2020\/04\/f1d3f2e934a7f7df4970562b60a46e3c_a66ab48d-67c2-4723-beca-792d656239b7_600x600-100x100.jpg 100w\" sizes=\"(max-width: 300px) 100vw, 300px\" \/><\/p>","protected":false},"excerpt":{"rendered":"<p>Je\u017celi zale\u017cy ci na wybranym kolorze, odezwij si\u0119 do nas na czacie, postaramy Ci si\u0119 pom\u00f3c \ud83d\ude42<\/p>","protected":false},"featured_media":3910,"template":"","meta":[],"product_cat":[22,23,35],"product_tag":[],"jetpack_sharing_enabled":true,"_links":{"self":[{"href":"https:\/\/xorr.pl\/en\/wp-json\/wp\/v2\/product\/3903"}],"collection":[{"href":"https:\/\/xorr.pl\/en\/wp-json\/wp\/v2\/product"}],"about":[{"href":"https:\/\/xorr.pl\/en\/wp-json\/wp\/v2\/types\/product"}],"wp:featuredmedia":[{"embeddable":true,"href":"https:\/\/xorr.pl\/en\/wp-json\/wp\/v2\/media\/3910"}],"wp:attachment":[{"href":"https:\/\/xorr.pl\/en\/wp-json\/wp\/v2\/media?parent=3903"}],"wp:term":[{"taxonomy":"product_cat","embeddable":true,"href":"https:\/\/xorr.pl\/en\/wp-json\/wp\/v2\/product_cat?post=3903"},{"taxonomy":"product_tag","embeddable":true,"href":"https:\/\/xorr.pl\/en\/wp-json\/wp\/v2\/product_tag?post=3903"}],"curies":[{"name":"wp","href":"https:\/\/api.w.org\/{rel}","templated":true}]}}