{"id":4150,"date":"2020-04-14T22:00:07","date_gmt":"2020-04-14T20:00:07","guid":{"rendered":"https:\/\/xorr.pl\/?post_type=product&#038;p=4150"},"modified":"2022-02-02T17:24:23","modified_gmt":"2022-02-02T16:24:23","slug":"gogle-od-betafpv-vr01-fpv","status":"publish","type":"product","link":"https:\/\/xorr.pl\/en\/product\/gogle-od-betafpv-vr01-fpv\/","title":{"rendered":"BetaFPV VR01 FPV Goggles"},"content":{"rendered":"<blockquote><p><img decoding=\"async\" src=\"https:\/\/cdn.shopify.com\/s\/files\/1\/1778\/6615\/files\/FB-VR01_1f22e828-a1ff-4a44-9d35-373e8da672ec_1024x1024.jpg?v=1582886777\" alt=\"\" \/><\/p><\/blockquote>\n<h2>Bullet Points<\/h2>\n<ul>\n<li>Gogle BETAFPV VR01 FPV posiadaj\u0105 ekran LCD o rozmiarze <strong>4.3 cali<\/strong>\u00a0o rozdzielczo\u015bci <strong>800*480px.<\/strong><\/li>\n<li>Mi\u0119kkie i wygodne wyko\u0144czenie oraz trzy punktowa opaska pozwalaj\u0105 na komfortowe u\u017cytkowanie.<\/li>\n<li>Posiadaj\u0105 wbudowany 40 kana\u0142owy odbiornik 5.8GHz\u00a0 (w tym <strong>RaceBand<\/strong>) obs\u0142uguj\u0105cy dwie anteny (antenna diversity).<\/li>\n<li>Posiadaj\u0105 funkcj\u0119 <strong>automatycznego wyszukiwania<\/strong> aktywnego kana\u0142u i wy\u015bwietlania numeru ogl\u0105danego kana\u0142u.<\/li>\n<li>Wysoka przejrzysto\u015b\u0107 soczewek (92% przej\u017cysto\u015bci), ostry obraz nawet na kraw\u0119dziach ekranu.<\/li>\n<li>Ultra lekkie: nieca\u0142e <strong>300g<\/strong><\/li>\n<li>Wbudowana bateria 2000mAh <strong>\u0142adowana poprzez port USB<\/strong>, umo\u017cliwiaj\u0105ca do 2 godziny dzia\u0142ania.<\/li>\n<li>Wbudowanie nagrywania obrazu (DVR) i odtwarzania nagra\u0144 z karty SD.<\/li>\n<\/ul>\n<h2>Specification<\/h2>\n<p>Obudowa<\/p>\n<ul>\n<li>Wymiary: 155 x 144 x 113 mm<\/li>\n<li>Waga: 300g wraz z 2000mAh bateri\u0105<\/li>\n<li>Mocowanie: trzy-punktowa regulowana opaska<\/li>\n<\/ul>\n<p>Ekran<\/p>\n<ul>\n<li>rozmiar: 4.3 inch<\/li>\n<li>rozdzielczo\u015b\u0107: 800*480<\/li>\n<li>jasno\u015b\u0107: 300cd\/m2 pod\u015bwietlanie LED<\/li>\n<\/ul>\n<p>Soczewka<\/p>\n<ul>\n<li>powi\u0119kszenie 2.8x<\/li>\n<li>92% przej\u017cysto\u015bci<\/li>\n<\/ul>\n<p>Z\u0142\u0105cza<\/p>\n<ul>\n<li>Wej\u015bciowe CVBS<\/li>\n<li>Wyj\u015bciowe s\u0142uchawkowe<\/li>\n<li>Karta microSF<\/li>\n<li>USB DC 5V 0,75A \u0142adowanie wy\u0142\u0105czonych gogli lub 2A \u0142adowanie i zasilanie jednocze\u015bnie<\/li>\n<li>2 antenowe RP-SMA \u017ce\u0144skie<\/li>\n<\/ul>\n<p>Bateria<\/p>\n<ul>\n<li>Wbudowana 3.7V\/2000mAh polimerowa (podczas \u0142adowania dioda od baterii \u015bwieci si\u0119 na czerwono, zmienia kolor na zielony po na\u0142adowaniu)<\/li>\n<li>W pe\u0142ni na\u0142adowana bateria pozwala na dzia\u0142anie gogli do 2 godzin.<\/li>\n<\/ul>\n<p><a href=\"https:\/\/www.youtube.com\/watch?v=cL2hzr5Y5-4\">https:\/\/www.youtube.com\/watch?v=cL2hzr5Y5-4<\/a><\/p>\n<h2>Dost\u0119pne kana\u0142y<\/h2>\n<div>\n<div>\n<div class=\"table-wrapper\">\n<table>\n<colgroup>\n<col \/>\n<col \/>\n<col \/>\n<col \/>\n<col \/>\n<col \/>\n<col \/>\n<col \/>\n<col \/><\/colgroup>\n<tbody>\n<tr>\n<td data-cell-id=\"7197-1582709647931-cell-0-0\">\n<div class=\"table-cell-line\">\u00a0\u00a0CH<\/div>\n<\/td>\n<td colspan=\"1\" rowspan=\"2\" data-cell-id=\"7197-1582709647931-cell-0-1\">\n<div class=\"table-cell-line\">CH\u00a01<\/div>\n<div class=\"table-cell-line\">(MHZ)<\/div>\n<\/td>\n<td colspan=\"1\" rowspan=\"2\" data-cell-id=\"7197-1582709647931-cell-0-2\">\n<div class=\"table-cell-line\">CH\u00a02<\/div>\n<div class=\"table-cell-line\">(MHZ)<\/div>\n<\/td>\n<td colspan=\"1\" rowspan=\"2\" data-cell-id=\"7197-1582709647931-cell-0-3\">\n<div class=\"table-cell-line\">CH\u00a03<\/div>\n<div class=\"table-cell-line\">(MHZ)<\/div>\n<\/td>\n<td colspan=\"1\" rowspan=\"2\" data-cell-id=\"7197-1582709647931-cell-0-4\">\n<div class=\"table-cell-line\">CH\u00a04<\/div>\n<div class=\"table-cell-line\">(MHZ)<\/div>\n<\/td>\n<td colspan=\"1\" rowspan=\"2\" data-cell-id=\"7197-1582709647931-cell-0-5\">\n<div class=\"table-cell-line\">CH\u00a05<\/div>\n<div class=\"table-cell-line\">(MHZ)<\/div>\n<\/td>\n<td colspan=\"1\" rowspan=\"2\" data-cell-id=\"7197-1582709647931-cell-0-6\">\n<div class=\"table-cell-line\">CH\u00a06<\/div>\n<div class=\"table-cell-line\">(MHZ)<\/div>\n<\/td>\n<td colspan=\"1\" rowspan=\"2\" data-cell-id=\"7197-1582709647931-cell-0-7\">\n<div class=\"table-cell-line\">CH\u00a07<\/div>\n<div class=\"table-cell-line\">(MHZ)<\/div>\n<\/td>\n<td colspan=\"1\" rowspan=\"2\" data-cell-id=\"7197-1582709647931-cell-0-8\">\n<div class=\"table-cell-line\">CH\u00a08<\/div>\n<div class=\"table-cell-line\">(MHZ)<\/div>\n<\/td>\n<\/tr>\n<tr>\n<td data-cell-id=\"7197-1582709647931-cell-1-0\">\n<div class=\"table-cell-line\">GROUP<\/div>\n<\/td>\n<\/tr>\n<tr>\n<td data-cell-id=\"7197-1582709647931-cell-2-0\">\n<div class=\"table-cell-line\">A<\/div>\n<\/td>\n<td data-cell-id=\"7197-1582709647931-cell-2-1\">\n<div class=\"table-cell-line\">5865<\/div>\n<\/td>\n<td data-cell-id=\"7197-1582709647931-cell-2-2\">\n<div class=\"table-cell-line\">5845<\/div>\n<\/td>\n<td data-cell-id=\"7197-1582709647931-cell-2-3\">\n<div class=\"table-cell-line\">5825<\/div>\n<\/td>\n<td data-cell-id=\"7197-1582709647931-cell-2-4\">\n<div class=\"table-cell-line\">5805<\/div>\n<\/td>\n<td data-cell-id=\"7197-1582709647931-cell-2-5\">\n<div class=\"table-cell-line\">5785<\/div>\n<\/td>\n<td data-cell-id=\"7197-1582709647931-cell-2-6\">\n<div class=\"table-cell-line\">5765<\/div>\n<\/td>\n<td data-cell-id=\"7197-1582709647931-cell-2-7\">\n<div class=\"table-cell-line\">5745<\/div>\n<\/td>\n<td data-cell-id=\"7197-1582709647931-cell-2-8\">\n<div class=\"table-cell-line\">5725<\/div>\n<\/td>\n<\/tr>\n<tr>\n<td data-cell-id=\"7197-1582709647931-cell-3-0\">\n<div class=\"table-cell-line\">B<\/div>\n<\/td>\n<td data-cell-id=\"7197-1582709647931-cell-3-1\">\n<div class=\"table-cell-line\">5733<\/div>\n<\/td>\n<td data-cell-id=\"7197-1582709647931-cell-3-2\">\n<div class=\"table-cell-line\">5752<\/div>\n<\/td>\n<td data-cell-id=\"7197-1582709647931-cell-3-3\">\n<div class=\"table-cell-line\">5771<\/div>\n<\/td>\n<td data-cell-id=\"7197-1582709647931-cell-3-4\">\n<div class=\"table-cell-line\">5790<\/div>\n<\/td>\n<td data-cell-id=\"7197-1582709647931-cell-3-5\">\n<div class=\"table-cell-line\">5809<\/div>\n<\/td>\n<td data-cell-id=\"7197-1582709647931-cell-3-6\">\n<div class=\"table-cell-line\">5828<\/div>\n<\/td>\n<td data-cell-id=\"7197-1582709647931-cell-3-7\">\n<div class=\"table-cell-line\">5847<\/div>\n<\/td>\n<td data-cell-id=\"7197-1582709647931-cell-3-8\">\n<div class=\"table-cell-line\">5866<\/div>\n<\/td>\n<\/tr>\n<tr>\n<td data-cell-id=\"7197-1582709647931-cell-4-0\">\n<div class=\"table-cell-line\">D<\/div>\n<\/td>\n<td data-cell-id=\"7197-1582709647931-cell-4-1\">\n<div class=\"table-cell-line\">5705<\/div>\n<\/td>\n<td data-cell-id=\"7197-1582709647931-cell-4-2\">\n<div class=\"table-cell-line\">5685<\/div>\n<\/td>\n<td data-cell-id=\"7197-1582709647931-cell-4-3\">\n<div class=\"table-cell-line\">5665<\/div>\n<\/td>\n<td data-cell-id=\"7197-1582709647931-cell-4-4\">\n<div class=\"table-cell-line\">5645<\/div>\n<\/td>\n<td data-cell-id=\"7197-1582709647931-cell-4-5\">\n<div class=\"table-cell-line\">5885<\/div>\n<\/td>\n<td data-cell-id=\"7197-1582709647931-cell-4-6\">\n<div class=\"table-cell-line\">5905<\/div>\n<\/td>\n<td data-cell-id=\"7197-1582709647931-cell-4-7\">\n<div class=\"table-cell-line\">5925<\/div>\n<\/td>\n<td data-cell-id=\"7197-1582709647931-cell-4-8\">\n<div class=\"table-cell-line\">5945<\/div>\n<\/td>\n<\/tr>\n<tr>\n<td data-cell-id=\"7197-1582709647931-cell-5-0\">\n<div class=\"table-cell-line\">E<\/div>\n<\/td>\n<td data-cell-id=\"7197-1582709647931-cell-5-1\">\n<div class=\"table-cell-line\">5740<\/div>\n<\/td>\n<td data-cell-id=\"7197-1582709647931-cell-5-2\">\n<div class=\"table-cell-line\">5760<\/div>\n<\/td>\n<td data-cell-id=\"7197-1582709647931-cell-5-3\">\n<div class=\"table-cell-line\">5780<\/div>\n<\/td>\n<td data-cell-id=\"7197-1582709647931-cell-5-4\">\n<div class=\"table-cell-line\">5800<\/div>\n<\/td>\n<td data-cell-id=\"7197-1582709647931-cell-5-5\">\n<div class=\"table-cell-line\">5820<\/div>\n<\/td>\n<td data-cell-id=\"7197-1582709647931-cell-5-6\">\n<div class=\"table-cell-line\">5840<\/div>\n<\/td>\n<td data-cell-id=\"7197-1582709647931-cell-5-7\">\n<div class=\"table-cell-line\">5860<\/div>\n<\/td>\n<td data-cell-id=\"7197-1582709647931-cell-5-8\">\n<div class=\"table-cell-line\">5880<\/div>\n<\/td>\n<\/tr>\n<tr>\n<td data-cell-id=\"7197-1582709647931-cell-6-0\">\n<div class=\"table-cell-line\">R<\/div>\n<\/td>\n<td data-cell-id=\"7197-1582709647931-cell-6-1\">\n<div class=\"table-cell-line\">5658<\/div>\n<\/td>\n<td data-cell-id=\"7197-1582709647931-cell-6-2\">\n<div class=\"table-cell-line\">5695<\/div>\n<\/td>\n<td data-cell-id=\"7197-1582709647931-cell-6-3\">\n<div class=\"table-cell-line\">5732<\/div>\n<\/td>\n<td data-cell-id=\"7197-1582709647931-cell-6-4\">\n<div class=\"table-cell-line\">5769<\/div>\n<\/td>\n<td data-cell-id=\"7197-1582709647931-cell-6-5\">\n<div class=\"table-cell-line\">5806<\/div>\n<\/td>\n<td data-cell-id=\"7197-1582709647931-cell-6-6\">\n<div class=\"table-cell-line\">5843<\/div>\n<\/td>\n<td data-cell-id=\"7197-1582709647931-cell-6-7\">\n<div class=\"table-cell-line\">5880<\/div>\n<\/td>\n<td data-cell-id=\"7197-1582709647931-cell-6-8\">\n<div class=\"table-cell-line\">5917<\/div>\n<\/td>\n<\/tr>\n<\/tbody>\n<\/table>\n<\/div>\n<\/div>\n<\/div>\n<h2>Przyciski<\/h2>\n<div><\/div>\n<div><img decoding=\"async\" src=\"https:\/\/cdn.shopify.com\/s\/files\/1\/1778\/6615\/files\/41ac3bfa3e3925020f3aceb79819fa23_a1d1ad88-bd03-4a72-81e4-3cc1c04b11ae_1024x1024.jpg?v=1582886409\" alt=\"\" \/><\/div>\n<div><\/div>\n<h3><span style=\"color: #ff0000;\"><em>UWAGA: Je\u017celi gogle nie s\u0105 d\u0142ugo u\u017cywane\u00a0zaleca si\u0119 \u0142adowa\u0107 bateri\u0119 1 na miesi\u0105c w celu jej ochrony.<\/em><\/span><\/h3>\n<h2>Package:<\/h2>\n<ul>\n<li>1 * Gogle BETAFPV VR01 FPV<\/li>\n<li>1 * Kabel \u0142adowania<\/li>\n<li>2 * antena 5,8Ghz dipolowa (z\u0142\u0105cze RP-SMA m\u0119skie)<\/li>\n<li>1 * regulowana 3trzy-punktowa opaska<\/li>\n<\/ul>","protected":false},"excerpt":{"rendered":"<p>Najwa\u017cniejsze cechy Gogle BETAFPV VR01 FPV posiadaj\u0105 ekran LCD o rozmiarze 4.3 cali\u00a0o rozdzielczo\u015bci 800*480px. Mi\u0119kkie i wygodne wyko\u0144czenie oraz trzy punktowa opaska pozwalaj\u0105 na komfortowe u\u017cytkowanie. Posiadaj\u0105 wbudowany 40 kana\u0142owy odbiornik 5.8GHz\u00a0 (w tym RaceBand) obs\u0142uguj\u0105cy dwie anteny (antenna diversity). Posiadaj\u0105 funkcj\u0119 automatycznego wyszukiwania aktywnego kana\u0142u i wy\u015bwietlania numeru ogl\u0105danego kana\u0142u. Wysoka przejrzysto\u015b\u0107 soczewek [&hellip;]<\/p>","protected":false},"featured_media":4151,"template":"","meta":[],"product_cat":[22,32,37],"product_tag":[],"jetpack_sharing_enabled":true,"_links":{"self":[{"href":"https:\/\/xorr.pl\/en\/wp-json\/wp\/v2\/product\/4150"}],"collection":[{"href":"https:\/\/xorr.pl\/en\/wp-json\/wp\/v2\/product"}],"about":[{"href":"https:\/\/xorr.pl\/en\/wp-json\/wp\/v2\/types\/product"}],"wp:featuredmedia":[{"embeddable":true,"href":"https:\/\/xorr.pl\/en\/wp-json\/wp\/v2\/media\/4151"}],"wp:attachment":[{"href":"https:\/\/xorr.pl\/en\/wp-json\/wp\/v2\/media?parent=4150"}],"wp:term":[{"taxonomy":"product_cat","embeddable":true,"href":"https:\/\/xorr.pl\/en\/wp-json\/wp\/v2\/product_cat?post=4150"},{"taxonomy":"product_tag","embeddable":true,"href":"https:\/\/xorr.pl\/en\/wp-json\/wp\/v2\/product_tag?post=4150"}],"curies":[{"name":"wp","href":"https:\/\/api.w.org\/{rel}","templated":true}]}}