{"id":5002,"date":"2020-06-03T14:42:14","date_gmt":"2020-06-03T12:42:14","guid":{"rendered":"https:\/\/xorr.pl\/?post_type=product&#038;p=5002"},"modified":"2023-05-23T09:17:19","modified_gmt":"2023-05-23T07:17:19","slug":"betafpv-meteor-65-zestaw","status":"publish","type":"product","link":"https:\/\/xorr.pl\/en\/product\/betafpv-meteor-65-zestaw\/","title":{"rendered":"BetaFpv Meteor65 Brushless Whoop"},"content":{"rendered":"<p><img decoding=\"async\" class=\"alignnone wp-image-2717\" src=\"https:\/\/xorr.pl\/wp-content\/uploads\/2020\/03\/meteor65_63ecac40-71e6-45d1-a764-c3501769d568_1024x1024-300x169.jpg\" alt=\"\" width=\"738\" height=\"416\" srcset=\"https:\/\/xorr.pl\/wp-content\/uploads\/2020\/03\/meteor65_63ecac40-71e6-45d1-a764-c3501769d568_1024x1024-300x169.jpg 300w, https:\/\/xorr.pl\/wp-content\/uploads\/2020\/03\/meteor65_63ecac40-71e6-45d1-a764-c3501769d568_1024x1024-768x432.jpg 768w, https:\/\/xorr.pl\/wp-content\/uploads\/2020\/03\/meteor65_63ecac40-71e6-45d1-a764-c3501769d568_1024x1024.jpg 1024w, https:\/\/xorr.pl\/wp-content\/uploads\/2020\/03\/meteor65_63ecac40-71e6-45d1-a764-c3501769d568_1024x1024-600x338.jpg 600w\" sizes=\"(max-width: 738px) 100vw, 738px\" \/><\/p>\n<h2>Package:<\/h2>\n<ul>\n<li>1 * Meteor65 Whoop Quadcopter (1S)<\/li>\n<li>1 * BT2.0 Battery Charger and Voltage Tester<\/li>\n<li>2 * BT2.0 300mAh 1S<\/li>\n<li>1 * Zapasowe \u015bmig\u0142a 31mm 3-blade (2CW+2CCW) (W wersji SE czarne)<\/li>\n<li>1 * Opakowanie do noszenia<\/li>\n<li>1 * Screwdriver<\/li>\n<\/ul>\n<h2><img decoding=\"async\" class=\"alignnone wp-image-5003\" src=\"https:\/\/xorr.pl\/wp-content\/uploads\/2020\/06\/FB_877e403f-a6ca-484c-af75-0f1f32982aa5_1024x1024-300x169.jpg\" alt=\"\" width=\"737\" height=\"415\" srcset=\"https:\/\/xorr.pl\/wp-content\/uploads\/2020\/06\/FB_877e403f-a6ca-484c-af75-0f1f32982aa5_1024x1024-300x169.jpg 300w, https:\/\/xorr.pl\/wp-content\/uploads\/2020\/06\/FB_877e403f-a6ca-484c-af75-0f1f32982aa5_1024x1024-768x432.jpg 768w, https:\/\/xorr.pl\/wp-content\/uploads\/2020\/06\/FB_877e403f-a6ca-484c-af75-0f1f32982aa5_1024x1024-600x338.jpg 600w, https:\/\/xorr.pl\/wp-content\/uploads\/2020\/06\/FB_877e403f-a6ca-484c-af75-0f1f32982aa5_1024x1024.jpg 1024w\" sizes=\"(max-width: 737px) 100vw, 737px\" \/><\/h2>\n<h2>Bullet Points<\/h2>\n<ul>\n<li>\n<div>Meteor65 to pierwszy tiny whoop, kt\u00f3ry korzysta z konektor\u00f3w BT2.0. Konektor BT2.0 znacznie ograniczy\u0142 wewn\u0119trzn\u0105 rezystancj\u0119 wzgl\u0119dem PH2.0, co pozwala na dostarczanie wi\u0119kszej ilo\u015bci energii w efektywny spos\u00f3b.<\/div>\n<\/li>\n<li>\n<div>Dla zminimalizowania wagi i uzyskania lepszych osi\u0105g\u00f3w zastosowano najl\u017cejsz\u0105 konfiguracj\u0119 FC F4 v2.1(2,6g) i Kamery M01 z VTX(3g).<\/div>\n<\/li>\n<li>Zastosowanie silnik\u00f3w 0802 19500KV i \u015bmigie\u0142 31mm dostarcza zupe\u0142nie nowych wra\u017ce\u0144 z lot\u00f3w w pomieszczeniach. W silnikach zastosowano \u0142o\u017cyska kulkowe oraz kable dolutowywane do silnik\u00f3w czego efektem jest p\u0142ynne dzia\u0142anie oraz mo\u017cliwo\u015b\u0107 \u0142atwej wymiany kabli.<img decoding=\"async\" class=\"wp-image-2732 aligncenter\" src=\"https:\/\/xorr.pl\/wp-content\/uploads\/2020\/03\/0802_5e4af4b4-b563-4447-bc91-723d67f6512d_600x600-300x100.jpg\" alt=\"\" width=\"494\" height=\"165\" srcset=\"https:\/\/xorr.pl\/wp-content\/uploads\/2020\/03\/0802_5e4af4b4-b563-4447-bc91-723d67f6512d_600x600-300x100.jpg 300w, https:\/\/xorr.pl\/wp-content\/uploads\/2020\/03\/0802_5e4af4b4-b563-4447-bc91-723d67f6512d_600x600.jpg 600w\" sizes=\"(max-width: 494px) 100vw, 494px\" \/><\/li>\n<li>Zastosowanie w\u0105skoprofilowej ramy w Meteor65 zaoszcz\u0119dzi\u0142o 0,75g. Baterie mocowane s\u0105 wy\u017cej co pozwala przesun\u0105\u0107 \u015brodek ci\u0119\u017cko\u015bci wy\u017cej. Efektem tego jest dok\u0142adne sterowanie i p\u0142ynny lot. Dodatkowo w nowym modelu ramy przy l\u0105dowaniu dron staje stabilnie na silnikach a nie na baterii.<\/li>\n<li>Optymalny k\u0105t nachylenia kamery wynosz\u0105cy 35\u00b0.<\/li>\n<\/ul>\n<p><img decoding=\"async\" class=\"wp-image-2731 aligncenter\" src=\"https:\/\/xorr.pl\/wp-content\/uploads\/2020\/03\/m01_cam_600x600-300x171.jpg\" alt=\"\" width=\"468\" height=\"268\" srcset=\"https:\/\/xorr.pl\/wp-content\/uploads\/2020\/03\/m01_cam_600x600-300x171.jpg 300w, https:\/\/xorr.pl\/wp-content\/uploads\/2020\/03\/m01_cam_600x600.jpg 600w\" sizes=\"(max-width: 468px) 100vw, 468px\" \/><\/p>\n<h2>BT 2.0 Connector<\/h2>\n<p>BETAFPV na w\u0142asny u\u017cytek zaprojektowa\u0142a BT2.0, kt\u00f3ry wyeliminowa\u0142 problem bottle-neckingu, kt\u00f3ry wyst\u0119powa\u0142 przy korektorze PH2.0. Pozwala to na ci\u0105g\u0142e obci\u0105\u017cenie akumulatora na poziomie 9A oraz chwilowe 15A. Dzi\u0119ki temu nie tracimy osi\u0105g\u00f3w oraz mo\u017cemy d\u0142u\u017cej lata\u0107.<\/p>\n<p><img decoding=\"async\" class=\"wp-image-2723 aligncenter\" src=\"https:\/\/xorr.pl\/wp-content\/uploads\/2020\/03\/meteor_1024x1024-300x131.jpg\" alt=\"\" width=\"728\" height=\"318\" srcset=\"https:\/\/xorr.pl\/wp-content\/uploads\/2020\/03\/meteor_1024x1024-300x131.jpg 300w, https:\/\/xorr.pl\/wp-content\/uploads\/2020\/03\/meteor_1024x1024-768x336.jpg 768w, https:\/\/xorr.pl\/wp-content\/uploads\/2020\/03\/meteor_1024x1024.jpg 1024w, https:\/\/xorr.pl\/wp-content\/uploads\/2020\/03\/meteor_1024x1024-600x263.jpg 600w\" sizes=\"(max-width: 728px) 100vw, 728px\" \/><\/p>\n<p>Poni\u017cej znajduje si\u0119 wykres przedstawiaj\u0105cy zale\u017cno\u015b\u0107 napi\u0119cia od czasu por\u00f3wnuj\u0105cy PH2.0 oraz BT2.0 na akumulatorze 1s 300mah. Test wykonany przy ci\u0105g\u0142ym poborze 9A\u00a0 (koniec wykresu ~ koniec lotu).<\/p>\n<p><img decoding=\"async\" class=\"alignnone wp-image-2724\" src=\"https:\/\/xorr.pl\/wp-content\/uploads\/2020\/03\/BT2.0_report_1024x1024-300x129.jpg\" alt=\"\" width=\"732\" height=\"315\" srcset=\"https:\/\/xorr.pl\/wp-content\/uploads\/2020\/03\/BT2.0_report_1024x1024-300x129.jpg 300w, https:\/\/xorr.pl\/wp-content\/uploads\/2020\/03\/BT2.0_report_1024x1024-768x332.jpg 768w, https:\/\/xorr.pl\/wp-content\/uploads\/2020\/03\/BT2.0_report_1024x1024.jpg 1024w, https:\/\/xorr.pl\/wp-content\/uploads\/2020\/03\/BT2.0_report_1024x1024-600x259.jpg 600w\" sizes=\"(max-width: 732px) 100vw, 732px\" \/><\/p>\n<h2>Frame<\/h2>\n<p>Rama od Meteor65 wa\u017cy tylko 3.14g! I jest dost\u0119pna w r\u00f3\u017cnych kolorach takich jak:\u00a0 Beta-blue, mint-green, sakura-pink, mango-orange, etc.<\/p>\n<p><img decoding=\"async\" class=\"wp-image-2725 aligncenter\" src=\"https:\/\/xorr.pl\/wp-content\/uploads\/2020\/03\/55_8e11b704-252d-4d22-86b3-35c555a42188_1024x1024-300x141.jpg\" alt=\"\" width=\"519\" height=\"244\" srcset=\"https:\/\/xorr.pl\/wp-content\/uploads\/2020\/03\/55_8e11b704-252d-4d22-86b3-35c555a42188_1024x1024-300x141.jpg 300w, https:\/\/xorr.pl\/wp-content\/uploads\/2020\/03\/55_8e11b704-252d-4d22-86b3-35c555a42188_1024x1024-768x362.jpg 768w, https:\/\/xorr.pl\/wp-content\/uploads\/2020\/03\/55_8e11b704-252d-4d22-86b3-35c555a42188_1024x1024-600x283.jpg 600w, https:\/\/xorr.pl\/wp-content\/uploads\/2020\/03\/55_8e11b704-252d-4d22-86b3-35c555a42188_1024x1024.jpg 1023w\" sizes=\"(max-width: 519px) 100vw, 519px\" \/><\/p>\n<h1>Wersja SE<\/h1>\n<p>&nbsp;<\/p>","protected":false},"excerpt":{"rendered":"<p>Meteor 65 to sprawdzony i uznany dron klasy mikro. Idealnie nadaje si\u0119 do latania w przestrzeniach zamkni\u0119tych oraz na ma\u0142ych torach. Cechuj\u0105 go zwinno\u015b\u0107 oraz wytrzyma\u0142o\u015b\u0107. Zamontowano w nim odbiornik FrSky Fcc. Przy zakupie zestawu otrzymujesz dodatkowe produkty, zobacz jakie!<\/p>\n<p>&nbsp;<\/p>","protected":false},"featured_media":0,"template":"","meta":[],"product_cat":[22,30],"product_tag":[],"jetpack_sharing_enabled":true,"_links":{"self":[{"href":"https:\/\/xorr.pl\/en\/wp-json\/wp\/v2\/product\/5002"}],"collection":[{"href":"https:\/\/xorr.pl\/en\/wp-json\/wp\/v2\/product"}],"about":[{"href":"https:\/\/xorr.pl\/en\/wp-json\/wp\/v2\/types\/product"}],"wp:attachment":[{"href":"https:\/\/xorr.pl\/en\/wp-json\/wp\/v2\/media?parent=5002"}],"wp:term":[{"taxonomy":"product_cat","embeddable":true,"href":"https:\/\/xorr.pl\/en\/wp-json\/wp\/v2\/product_cat?post=5002"},{"taxonomy":"product_tag","embeddable":true,"href":"https:\/\/xorr.pl\/en\/wp-json\/wp\/v2\/product_tag?post=5002"}],"curies":[{"name":"wp","href":"https:\/\/api.w.org\/{rel}","templated":true}]}}