{"id":5066,"date":"2020-07-24T21:55:22","date_gmt":"2020-07-24T19:55:22","guid":{"rendered":"https:\/\/xorr.pl\/?post_type=product&#038;p=5066"},"modified":"2022-09-20T09:26:45","modified_gmt":"2022-09-20T07:26:45","slug":"obudowa-do-naked-gopro","status":"publish","type":"product","link":"https:\/\/xorr.pl\/en\/product\/obudowa-do-naked-gopro\/","title":{"rendered":"Naked GoPro Case V1"},"content":{"rendered":"<p data-key=\"100\" data-type=\"paragraph\">Specjalna obudowa wraz z p\u0142ytk\u0105 BEC stworzona specjalnie dla naked GoPro. Przystosowana do kamer GoPro HERO 6\/7. Dzi\u0119ki niej b\u0119dziesz m\u00f3g\u0142 jeszcze lepiej zabezpieczy\u0107 swoje rozebrane GoPro przed zniszczeniem oraz zapewnisz stabilne zasilanie. Dodatkowo p\u0142ytka BEC pozwoli na zdalne sterowanie uruchamianiem nagrywania.<\/p>\n<p class=\"p16ugcud\" data-key=\"100\" data-type=\"paragraph\"><strong><span style=\"color: #ff0000;\" data-key=\"99\"><em>UWAGA! Ta obudowa jak i p\u0142ytka BEC pasuj\u0105 tylko do kamer GoPro HERO6 i GoPro HERO7 Black. NIE PASUJ\u0104 DO GoPro HERO8.<\/em><\/span><\/strong><\/p>\n<p class=\"p16ugcud\" data-key=\"100\" data-type=\"paragraph\"><span data-key=\"99\"><em><img decoding=\"async\" src=\"https:\/\/cdn.shopifycdn.net\/s\/files\/1\/1778\/6615\/files\/a10ac50f96c45021366784e1b98ee394_fd10cd30-e359-4a38-96b3-fd33a68bf220_1024x1024.jpg?v=1593762029\" alt=\"\" \/><\/em><\/span><\/p>\n<p class=\"p16ugcud\" data-key=\"100\" data-type=\"paragraph\"><span data-key=\"101\">Na wst\u0119pie chcieliby\u015bmy podzi\u0119kowa\u0107 <a title=\"betafpv cinewhoop \" href=\"https:\/\/www.facebook.com\/haverr4\" target=\"_blank\" rel=\"noopener noreferrer\">Rich\u00e1rd Papp<\/a> oraz wszystkim osoba kt\u00f3re w\u0142\u0105zy\u0142y du\u017co swojego czasu i energii w opracowanie koncepcji naked GoPro specjalnie dla ultralekkich dron\u00f3w. Je\u017celi chcia\u0142by\u015b si\u0119 dowiedzie\u0107 wi\u0119cej na temat naked GoPro zach\u0119camy do do\u0142\u0105czenia do tej grupy na FB: <\/span><a title=\"betafpv cinewhoop\" href=\"https:\/\/www.facebook.com\/groups\/NAKEDCINEWHOOP\/?ref=nf_target&amp;fref=nf\" target=\"_blank\" rel=\"noopener noreferrer\">NAKED Cinewhoop Community<\/a><\/p>\n<h2 class=\"p16ugcud\" data-key=\"102\" data-type=\"paragraph\"><span data-key=\"101\">Bullet Points<\/span><\/h2>\n<ul>\n<li><span data-key=\"101\">P\u0142ytka BEC zosta\u0142a specjalnie zaprojektowana do Naked GoPro HERO 6 \/7 i wazy zaledwie 1.5g.<\/span><\/li>\n<li><span data-key=\"101\">Napi\u0119cie wyj\u015bciowe p\u0142ytki BEC to 5V@2A, dzi\u0119ki temu kamera nie wy\u0142\u0105czy si\u0119 podczas nagrywania.<\/span><\/li>\n<li>Zintegrowane 2 przyciski odpowiadaj\u0105ce przyciskom na obudowie kamery GoPro: Power\/Mode Button oraz Record Button.<\/li>\n<li>Zintegrowana dioda LED odpowiadaj\u0105ca diodzie na kamerze GoPro.<\/li>\n<li>Mo\u017cliwo\u015b\u0107 kontroli rozpocz\u0119cia\/zako\u0144czenia nagrywania poprzez FC.<\/li>\n<li>Posiada z\u0142\u0105cze kt\u00f3re umo\u017cliwe \u0142atwe podpi\u0119cie\/odpi\u0119cie od FC.<\/li>\n<\/ul>\n<h2>Specification<\/h2>\n<ul>\n<li>Nazwa: Case for Naked Camera<\/li>\n<li>Output: 5V@2A<\/li>\n<li>Voltage: 2-4S<\/li>\n<li>Connector: GH 1.25 3P Connector<\/li>\n<\/ul>\n<h2>Instrukcja monta\u017cu<\/h2>\n<ul>\n<li>Step 1: Umie\u015b\u0107 p\u0142ytke BEC na p\u0142ycie g\u0142\u00f3wnej GoPro.<\/li>\n<li>Step 2: Umie\u015b\u0107 obiektyw oraz p\u0142yt\u0119 g\u0142\u00f3wn\u0105 GoPro w czarnej obudowie, tak aby obiektyw wystawa\u0142 z ty\u0142u. Uwa\u017caj na ta\u015bm\u0119 \u0142\u0105cz\u0105c\u0105 obiektyw z p\u0142yt\u0105 g\u0142\u00f3wn\u0105. Za\u0142\u00f3\u017c os\u0142on\u0119 na ty\u0142 obiektywu.<\/li>\n<li>Step 3: Przykr\u0119\u0107 p\u0142yt\u0119 g\u0142\u00f3wna do obudowy za\u0142\u0105czonymi \u015br\u00f3bami M1.4*5.<\/li>\n<li>Step 4: Przykr\u0119\u0107 os\u0142on\u0119 z w\u0142\u00f3kna w\u0119glowego wykorzystuj\u0105c za\u0142\u0105czone \u015br\u00f3by M1.4*8.<\/li>\n<li>Step 5: Przykr\u0119\u0107 &#8220;camera lens holder&#8221; tak jak pokazano na zdj\u0119ciu, wykorzystuj\u0105c \u015br\u00f3by M1.4*12.<\/li>\n<li>Step 6: Za\u0142\u00f3\u017c uchwyt na filtry ND i gotowe \ud83d\ude42<\/li>\n<\/ul>\n<p><img decoding=\"async\" src=\"https:\/\/cdn.shopifycdn.net\/s\/files\/1\/1778\/6615\/files\/WPS_1_599423aa-37d8-46dd-aba6-8dd2b8246ba5_1024x1024.jpg?v=1593675284\" alt=\"\" \/><\/p>\n<h2>Diagram p\u0142ytki BEC<\/h2>\n<div class=\"p16ugcud\" data-key=\"112\" data-type=\"paragraph\">\n<p>Dwa przyciski umieszczone na p\u0142ytce BEC posiadaj\u0105 te same funkcje co przyciski na kamerze GoPpo:<\/p>\n<ul>\n<li>Power On &#8211; naci\u015bnij przycisk <strong>Power\/Mode<\/strong> jako potwierdzenie dioda LED zamruga 3 razy i pozostanie wy\u0142\u0105czona.<\/li>\n<li>Power OF &#8211; przytrzymaj przycisk <strong>Power\/Mode<\/strong> przez 5 sek, jako potwierdzenie dioda LED zamruga 7 razy i pozostanie wy\u0142\u0105czona.<\/li>\n<li>Start Record &#8211; naci\u015bnij przycisk <strong>Record button<\/strong>, dioda LED roz\u015bwietli si\u0119 powoli a nast\u0119pnie zga\u015bnie i co jaki\u015b czas b\u0119dzie powtarza\u0142a roz\u015bwietlenie. Je\u017celi jednak nie b\u0119dzie umieszczonej karty SD dioda zamruga raz szybko i zga\u015bnie.<\/li>\n<li>Stop Record &#8211; naci\u015bnij przycisk <strong>Record button, <\/strong>dioda zamruga 3 razy i pozostanie wy\u0142\u0105czona.<\/li>\n<li>Mode Switch &#8211; naci\u015bnij przycisk <strong>Power\/Mode\u00a0<\/strong>kiedy kamera jest w\u0142\u0105czona, zmieniony tryb powinien pojawi\u0107 si\u0119 na wy\u015bwietlaczu (np. przednim).<\/li>\n<\/ul>\n<p><img decoding=\"async\" src=\"https:\/\/cdn.shopifycdn.net\/s\/files\/1\/1778\/6615\/files\/web_a5eab90b-05bd-4063-838a-5e2188cfa664_1024x1024.jpg?v=1593586396\" alt=\"\" \/><\/p>\n<h2 class=\"table-wrapper\">Sterowanie nagrywaniem z poziomu FC<\/h2>\n<div>W celu sterowania uruchamianiem nagrywania z poziomu kontrolera lotu zalecamy u\u017cycia ujemnego pinu buzzera (buzzer-). Pod\u0142\u0105czenie b\u0142\u0119dnego pinu b\u0105d\u017a z\u0142e skonfigurowanie mo\u017ce doprowadzi\u0107 do zniszczenia p\u0142ytki lub problem\u00f3w z uruchomieniem GoPro, cz\u0119stym objawem jest ci\u0105gle \u015bwiec\u0105ca si\u0119 dioda na p\u0142ytce BEC.<\/div>\n<\/div>\n<h2>Uchwyt filtr\u00f3w ND<\/h2>\n<p>Zestaw zawiera uchwyt do standardowych filtr\u00f3w ND dla kamery GoPro (brak filtr\u00f3w w zestawie).<\/p>\n<p><img decoding=\"async\" src=\"https:\/\/cdn.shopifycdn.net\/s\/files\/1\/1778\/6615\/files\/WPS_1_8c67de05-0441-4566-a008-73011dc1cce7_600x600.jpg?v=1593675142\" alt=\"\" \/><\/p>\n<h2>Pliki STL do samodzielnego wydruku<\/h2>\n<p>W razie potrzeby wszystkie pliki STL potrzebne do wydruk\u00f3w umie\u015bcili\u015bmy w tym miejscu: <a title=\"betafpv gopro\" href=\"https:\/\/betafpv.freshdesk.com\/support\/solutions\/articles\/27000062647-stl-file-for-gopro-lite-series\" target=\"_blank\" rel=\"noopener noreferrer\">STL Files for Naked Camera Series<\/a>.<\/p>\n<h2>Jak przygotowa\u0107 naked GoPro HERO6 Black<\/h2>\n<p>Poradnik dost\u0119pny jest pod tym linkiem:\u00a0 <a href=\"https:\/\/www.facebook.com\/notes\/naked-cinewhoop-community-gopro-insta360-and-the-others\/gopro-hero6-black-disassembly-guide\/278177150142498\/\">GoPro HERO6 Black Disassembly Guide\u2002<\/a><\/p>\n<p>UWAGA: Dokonujesz tego na w\u0142asne ryzyko. Proces nie jest wpierany przez producenta GoPro i skutkuj utrat\u0105 gwarancji. Drobny b\u0142\u0105d, b\u0105d\u017a u\u017cycie nieodpowiedniej si\u0142y mo\u017ce doprowadzi\u0107 do trwa\u0142ego uszkodzenia kamery GoPro. Oczywi\u015bcie rozebrana kamera nie jest odporna na wod\u0119 i znacznie mniej wytrzyma\u0142a. My (XORR.pl) oraz GoPro czy BetaFPV nie bierzemy odpowiedzialno\u015bci za przeprowadzenie tego procesu.<\/p>\n<h2>Package<\/h2>\n<ul>\n<li>1 * obudowa dla Naked GoPro 6\/7<\/li>\n<li>1 * Pack of Screws<\/li>\n<li>1 * Zestaw wydruk\u00f3w z TPU<\/li>\n<\/ul>\n<p>&nbsp;<\/p>","protected":false},"excerpt":{"rendered":"<p>Specjalna obudowa do naked GoPro z w\u0142\u00f3ka w\u0119glowego oraz TPU, w zestawie razem z p\u0142ytk\u0105 BEC odpowiedzialna za stabilne zasilanie kamery GoPro oraz mo\u017cliwo\u015b\u0107 zdalnego sterowania uruchamianiem\/zatrzymywaniem nagrywania.<\/p>","protected":false},"featured_media":5067,"template":"","meta":[],"product_cat":[22,32,33],"product_tag":[],"jetpack_sharing_enabled":true,"_links":{"self":[{"href":"https:\/\/xorr.pl\/en\/wp-json\/wp\/v2\/product\/5066"}],"collection":[{"href":"https:\/\/xorr.pl\/en\/wp-json\/wp\/v2\/product"}],"about":[{"href":"https:\/\/xorr.pl\/en\/wp-json\/wp\/v2\/types\/product"}],"wp:featuredmedia":[{"embeddable":true,"href":"https:\/\/xorr.pl\/en\/wp-json\/wp\/v2\/media\/5067"}],"wp:attachment":[{"href":"https:\/\/xorr.pl\/en\/wp-json\/wp\/v2\/media?parent=5066"}],"wp:term":[{"taxonomy":"product_cat","embeddable":true,"href":"https:\/\/xorr.pl\/en\/wp-json\/wp\/v2\/product_cat?post=5066"},{"taxonomy":"product_tag","embeddable":true,"href":"https:\/\/xorr.pl\/en\/wp-json\/wp\/v2\/product_tag?post=5066"}],"curies":[{"name":"wp","href":"https:\/\/api.w.org\/{rel}","templated":true}]}}