{"id":5076,"date":"2020-07-24T22:18:36","date_gmt":"2020-07-24T20:18:36","guid":{"rendered":"https:\/\/xorr.pl\/?post_type=product&#038;p=5076"},"modified":"2023-05-19T11:14:13","modified_gmt":"2023-05-19T09:14:13","slug":"bt2-0-1s-kabel-cable-pigtail","status":"publish","type":"product","link":"https:\/\/xorr.pl\/en\/product\/bt2-0-1s-kabel-cable-pigtail\/","title":{"rendered":"BT2.0 1S Cable Pigtail"},"content":{"rendered":"<p>M\u0119skie z\u0142\u0105cze BT2.0 wraz z 55 milimetrowym kablem. Dzi\u0119ki kt\u00f3remu mo\u017cna jeszcze pro\u015bciej przerobi\u0107 dotychczasowe zasilanie drona na nowy rodzaj z\u0142\u0105cza BT2.0<\/p>\n<h2>Dlaczego warto u\u017cywa\u0107 BT2.0?<\/h2>\n<p>BETAFPV na w\u0142asny u\u017cytek zaprojektowa\u0142a BT2.0 kt\u00f3ry wyeliminowa\u0142 problem bottle-neckingu kt\u00f3ry wyst\u0119powa\u0142 przy korektorze PH2.0. Pozwala to na ci\u0105g\u0142e obci\u0105\u017cenie akumulatora pr\u0105dem 9A oraz chwilowe 15A. Dzi\u0119ki temu nie tracimy osi\u0105g\u00f3w oraz mo\u017cemy d\u0142u\u017cej lata\u0107.<\/p>\n<p>Poni\u017cej znajduje si\u0119 wykres przedstawiaj\u0105cy zale\u017cno\u015b\u0107 napi\u0119cia od czasu por\u00f3wnuj\u0105cy PH2.0 oraz BT2.0 na akumulatorze 1s 300mah. Test wykonany przy ci\u0105g\u0142ym poborze 9A\u00a0 . (koniec wykresu ~ koniec lotu)<\/p>\n<p><img decoding=\"async\" class=\"wp-image-2724 aligncenter\" src=\"https:\/\/xorr.pl\/wp-content\/uploads\/2020\/03\/BT2.0_report_1024x1024-300x129.jpg\" alt=\"\" width=\"609\" height=\"262\" srcset=\"https:\/\/xorr.pl\/wp-content\/uploads\/2020\/03\/BT2.0_report_1024x1024-300x129.jpg 300w, https:\/\/xorr.pl\/wp-content\/uploads\/2020\/03\/BT2.0_report_1024x1024-768x332.jpg 768w, https:\/\/xorr.pl\/wp-content\/uploads\/2020\/03\/BT2.0_report_1024x1024.jpg 1024w, https:\/\/xorr.pl\/wp-content\/uploads\/2020\/03\/BT2.0_report_1024x1024-600x259.jpg 600w\" sizes=\"(max-width: 609px) 100vw, 609px\" \/><\/p>\n<h4>Poni\u017cej znajduje si\u0119 kr\u00f3tki filmik w j\u0119zyku angielskim pokazuj\u0105cy jak w poprawny spos\u00f3b zmieni\u0107 z\u0142\u0105cze:<\/h4>\n<p class=\"responsive-video-wrap clr\"><iframe loading=\"lazy\" title=\"Best Way to Replace Your PH2.0 to BT2.0 Connector\" width=\"1200\" height=\"675\" src=\"https:\/\/www.youtube.com\/embed\/JRU9sDiKaDo?feature=oembed\" frameborder=\"0\" allow=\"accelerometer; autoplay; clipboard-write; encrypted-media; gyroscope; picture-in-picture\" allowfullscreen><\/iframe><\/p>\n<h2>T2.0 Connector &#8211; najwa\u017cniejsza rewolucja w klasie 1S Tiny Whoop<\/h2>\n<p>Pocz\u0105wszy od lutego 2019, BetaFpv dostawa\u0142a informacje zwrotn\u0105 od pilot\u00f3w z ca\u0142ego \u015bwiata, o tym, \u017ce z\u0142\u0105cza PH2.0 nie s\u0105 w stanie sprosta\u0107 ich wymaganiom.<br \/>\nTak rozpocz\u0119\u0142y si\u0119 badania nad z\u0142\u0105czem z bananami 1.0mm. BetaFpv znowu sprosta\u0142a pok\u0142adanym w niej nadziejom i tak powsta\u0142o z\u0142\u0105cze BT2.0!<\/p>\n<p><img decoding=\"async\" class=\"wp-image-3728 aligncenter\" src=\"https:\/\/xorr.pl\/wp-content\/uploads\/2020\/04\/tongyongtu_9_a661b5df-450d-4059-9a11-e6e8c71a8e96_1024x1024-300x169.jpg\" alt=\"\" width=\"568\" height=\"320\" srcset=\"https:\/\/xorr.pl\/wp-content\/uploads\/2020\/04\/tongyongtu_9_a661b5df-450d-4059-9a11-e6e8c71a8e96_1024x1024-300x169.jpg 300w, https:\/\/xorr.pl\/wp-content\/uploads\/2020\/04\/tongyongtu_9_a661b5df-450d-4059-9a11-e6e8c71a8e96_1024x1024-768x432.jpg 768w, https:\/\/xorr.pl\/wp-content\/uploads\/2020\/04\/tongyongtu_9_a661b5df-450d-4059-9a11-e6e8c71a8e96_1024x1024.jpg 1024w, https:\/\/xorr.pl\/wp-content\/uploads\/2020\/04\/tongyongtu_9_a661b5df-450d-4059-9a11-e6e8c71a8e96_1024x1024-600x338.jpg 600w\" sizes=\"(max-width: 568px) 100vw, 568px\" \/><\/p>\n<h2>Specification<\/h2>\n<ul>\n<li>Nazwa: BT2.0 1S Whoop Cable Pigtail<\/li>\n<li>Rodzaj przewodu: 22AWG<\/li>\n<li>Z\u0142\u0105cze: Meskie BT2.0<\/li>\n<li>D\u0142ugo\u015b\u0107 przewod\u00f3w: 55mm<\/li>\n<li>Waga: 0.91g\/pc<\/li>\n<\/ul>\n<p><img decoding=\"async\" src=\"https:\/\/cdn.shopify.com\/s\/files\/1\/1778\/6615\/files\/QQ_20191111164143_480x480.png?v=1573461720\" alt=\"\" \/><img decoding=\"async\" src=\"https:\/\/cdn.shopify.com\/s\/files\/1\/1778\/6615\/files\/121_e31d8671-ddb5-4d21-ac00-79505b0f7ba1_1024x1024.jpg?v=1573465524\" \/><\/p>","protected":false},"excerpt":{"rendered":"<p>M\u0119skie z\u0142\u0105cze BT2.0 wraz z 55 milimetrowym kablem. Dzi\u0119ki kt\u00f3remu mo\u017cna jeszcze pro\u015bciej przerobi\u0107 dotychczasowe zasilanie drona na nowy rodzaj z\u0142\u0105cza BT2.0<\/p>","protected":false},"featured_media":5077,"template":"","meta":[],"product_cat":[22,23,39],"product_tag":[],"jetpack_sharing_enabled":true,"_links":{"self":[{"href":"https:\/\/xorr.pl\/en\/wp-json\/wp\/v2\/product\/5076"}],"collection":[{"href":"https:\/\/xorr.pl\/en\/wp-json\/wp\/v2\/product"}],"about":[{"href":"https:\/\/xorr.pl\/en\/wp-json\/wp\/v2\/types\/product"}],"wp:featuredmedia":[{"embeddable":true,"href":"https:\/\/xorr.pl\/en\/wp-json\/wp\/v2\/media\/5077"}],"wp:attachment":[{"href":"https:\/\/xorr.pl\/en\/wp-json\/wp\/v2\/media?parent=5076"}],"wp:term":[{"taxonomy":"product_cat","embeddable":true,"href":"https:\/\/xorr.pl\/en\/wp-json\/wp\/v2\/product_cat?post=5076"},{"taxonomy":"product_tag","embeddable":true,"href":"https:\/\/xorr.pl\/en\/wp-json\/wp\/v2\/product_tag?post=5076"}],"curies":[{"name":"wp","href":"https:\/\/api.w.org\/{rel}","templated":true}]}}