{"id":5083,"date":"2020-07-24T23:23:27","date_gmt":"2020-07-24T21:23:27","guid":{"rendered":"https:\/\/xorr.pl\/?post_type=product&#038;p=5083"},"modified":"2024-09-24T19:27:19","modified_gmt":"2024-09-24T17:27:19","slug":"torba-pojemnik-do-przechowywania-baterii-lipo","status":"publish","type":"product","link":"https:\/\/xorr.pl\/en\/product\/torba-pojemnik-do-przechowywania-baterii-lipo\/","title":{"rendered":"Lipo safe storage bag"},"content":{"rendered":"<p>Typowa torba do przechowywania Lipo, ognioodporna oraz wodoodporna. Zamykana na suwak z fajnym logo \ud83d\ude42<\/p>\n<p>Zalecamy aby zawsze \u0142adowa\u0107 baterie w takiej torbie &#8211; wi\u0119kszo\u015b\u0107 samozap\u0142on\u00f3w baterii nast\u0119puje w procesie ich \u0142adowania. Oczywi\u015bcie warto tak\u017ce przechowywa\u0107 baterie w niej dla bezpiecze\u0144stwa (szczeg\u00f3lnie w podr\u00f3\u017cy). No i pomie\u015bci drona typu Meteora65 wraz z zestawem baterii \ud83d\ude00<\/p>\n<div><img decoding=\"async\" src=\"https:\/\/cdn.shopify.com\/s\/files\/1\/1778\/6615\/files\/8c6db81bad1f7fab20f937b5a3deb50b_480x480.jpg?v=1567416754\" alt=\"betafpv Lipo Battery Drone Safety Handbag\" \/><img decoding=\"async\" src=\"https:\/\/cdn.shopify.com\/s\/files\/1\/1778\/6615\/files\/aa4321eb8a36b431d1efa2180eab4f35_ddd41495-1545-44ae-95bc-b16455524a4f_600x600.jpg?v=1567508457\" alt=\"\" \/><\/div>\n<h2><strong>Specification<\/strong><\/h2>\n<ul>\n<li>Kolor: Czarna<\/li>\n<li>Wymiary zewn\u0119trzne: 165*90*120mm<\/li>\n<li>Waga: 130g<\/li>\n<li>Zastosowanie: Do \u0142adowania i przechowywania baterii lipo<\/li>\n<li>Materia\u0142: W\u0142\u00f3kno szklane z pow\u0142ok\u0105 ognioodporn\u0105<\/li>\n<\/ul>\n<h2><img decoding=\"async\" src=\"https:\/\/cdn.shopify.com\/s\/files\/1\/1778\/6615\/files\/468ef44610c31b5b50b747b4f9f5ee49_ac633146-a3cb-4a95-ad51-f9539a72d9a2_480x480.jpg?v=1567477224\" alt=\"\" \/><\/h2>","protected":false},"excerpt":{"rendered":"<p>Typowa torba do przechowywania Lipo, ognioodporna oraz wodoodporna. Zamykana na suwak z fajnym logo \ud83d\ude42 Zalecamy aby zawsze \u0142adowa\u0107 baterie w takiej torbie &#8211; wi\u0119kszo\u015b\u0107 samozap\u0142on\u00f3w baterii nast\u0119puje w procesie ich \u0142adowania. Oczywi\u015bcie warto tak\u017ce przechowywa\u0107 baterie w niej dla bezpiecze\u0144stwa (szczeg\u00f3lnie w podr\u00f3\u017cy). No i pomie\u015bci drona typu Meteora65 wraz z zestawem baterii \ud83d\ude00 [&hellip;]<\/p>","protected":false},"featured_media":5087,"template":"","meta":[],"product_cat":[22,23,25],"product_tag":[],"jetpack_sharing_enabled":true,"_links":{"self":[{"href":"https:\/\/xorr.pl\/en\/wp-json\/wp\/v2\/product\/5083"}],"collection":[{"href":"https:\/\/xorr.pl\/en\/wp-json\/wp\/v2\/product"}],"about":[{"href":"https:\/\/xorr.pl\/en\/wp-json\/wp\/v2\/types\/product"}],"wp:featuredmedia":[{"embeddable":true,"href":"https:\/\/xorr.pl\/en\/wp-json\/wp\/v2\/media\/5087"}],"wp:attachment":[{"href":"https:\/\/xorr.pl\/en\/wp-json\/wp\/v2\/media?parent=5083"}],"wp:term":[{"taxonomy":"product_cat","embeddable":true,"href":"https:\/\/xorr.pl\/en\/wp-json\/wp\/v2\/product_cat?post=5083"},{"taxonomy":"product_tag","embeddable":true,"href":"https:\/\/xorr.pl\/en\/wp-json\/wp\/v2\/product_tag?post=5083"}],"curies":[{"name":"wp","href":"https:\/\/api.w.org\/{rel}","templated":true}]}}