{"id":5129,"date":"2020-09-05T16:28:08","date_gmt":"2020-09-05T14:28:08","guid":{"rendered":"https:\/\/xorr.pl\/?post_type=product&#038;p=5129"},"modified":"2022-12-19T16:08:23","modified_gmt":"2022-12-19T15:08:23","slug":"case-v2-pod-gopro-naked","status":"publish","type":"product","link":"https:\/\/xorr.pl\/en\/product\/case-v2-pod-gopro-naked\/","title":{"rendered":"Case V2 pod GoPro Naked"},"content":{"rendered":"<p>Przy tworzeniu Case V2 zastosowano proces formowania wtryskowego, dzi\u0119ki temu obudowa nabra\u0142a dodatkowej wytrzyma\u0142o\u015bci oraz poprawiono jej design. Obudowa pasuje zar\u00f3wno do kamer GoPro 6 i 7.\u00a0 Istnieje mo\u017cliwo\u015b\u0107 \u0142atwego monta\u017cu filtra ND do tej obudowy.<\/p>\n<p>&nbsp;<\/p>\n<p><img decoding=\"async\" class=\"alignnone wp-image-5134\" src=\"https:\/\/xorr.pl\/wp-content\/uploads\/2020\/09\/Gopro_FB_1024x1024-300x169.jpg\" alt=\"\" width=\"731\" height=\"412\" srcset=\"https:\/\/xorr.pl\/wp-content\/uploads\/2020\/09\/Gopro_FB_1024x1024-300x169.jpg 300w, https:\/\/xorr.pl\/wp-content\/uploads\/2020\/09\/Gopro_FB_1024x1024-768x432.jpg 768w, https:\/\/xorr.pl\/wp-content\/uploads\/2020\/09\/Gopro_FB_1024x1024-600x338.jpg 600w, https:\/\/xorr.pl\/wp-content\/uploads\/2020\/09\/Gopro_FB_1024x1024.jpg 1024w\" sizes=\"(max-width: 731px) 100vw, 731px\" \/><\/p>\n<p>Poni\u017cej filmik pokazuj\u0105cy monta\u017c kamery do obudowy w j\u0119zyku angielskim. W razie niejasno\u015bci odpowiemy na wszystkie pytania \ud83d\ude42<\/p>\n<p class=\"responsive-video-wrap clr\"><iframe loading=\"lazy\" title=\"Assemble the Naked GoPro Lite V2 Case\" width=\"1200\" height=\"675\" src=\"https:\/\/www.youtube.com\/embed\/4q97CLd7OiA?feature=oembed\" frameborder=\"0\" allow=\"accelerometer; autoplay; clipboard-write; encrypted-media; gyroscope; picture-in-picture\" allowfullscreen><\/iframe><\/p>\n<h2 class=\"p16ugcud\" data-type=\"paragraph\" data-key=\"100\">Najwa\u017cniejsze cechy:<\/h2>\n<ul>\n<li>Obudowa wykonana za pomoc\u0105 formowania wtryskowego<\/li>\n<li>Mocowanie na filtr ND<\/li>\n<li>Poprawiono spos\u00f3b monta\u017cu kamery w obudowie wzgl\u0119dem poprzednika. W obudowie znajduje si\u0119 otw\u00f3r ods\u0142aniaj\u0105cy lampk\u0119 LED kamery<\/li>\n<li>Waga: 6.57g<\/li>\n<\/ul>\n<h2>Spos\u00f3b monta\u017cu:<\/h2>\n<ul>\n<li>Krok 1: Zainstaluj p\u0142ytk\u0119 <a href=\"https:\/\/xorr.pl\/en\/product\/plytka-bec-do-gopro-hero-6-7-8-naked\/\">BEC <\/a>na kamerze GoPro<\/li>\n<li>Krok 2: Uwa\u017cnie umie\u015b\u0107 obiektyw z p\u0142yt\u0105 g\u0142\u00f3wn\u0105 na miejscu.<\/li>\n<li>Krok 3&amp;4: Przykr\u0119\u0107 p\u0142yt\u0119 g\u0142\u00f3wn\u0105 do obudowy \u015brubami M1.5&#215;5 oraz M1.4&#215;8 jak na obrazku poni\u017cej<\/li>\n<li>Krok 5: Zainstaluj prze\u017aroczyst\u0105 za\u015blepk\u0119<\/li>\n<li>Krok 6: Zamontuj tyln\u0105 cz\u0119\u015b\u0107 obudowy u\u017cywaj\u0105c \u015brub M1.4*8<\/li>\n<\/ul>\n<p><img decoding=\"async\" class=\"alignnone wp-image-5135\" src=\"https:\/\/xorr.pl\/wp-content\/uploads\/2020\/09\/WPS_1_b13329b6-89a4-455b-8525-b7b2b1c199c0_1024x1024-300x205.jpg\" alt=\"\" width=\"740\" height=\"506\" srcset=\"https:\/\/xorr.pl\/wp-content\/uploads\/2020\/09\/WPS_1_b13329b6-89a4-455b-8525-b7b2b1c199c0_1024x1024-300x205.jpg 300w, https:\/\/xorr.pl\/wp-content\/uploads\/2020\/09\/WPS_1_b13329b6-89a4-455b-8525-b7b2b1c199c0_1024x1024-768x524.jpg 768w, https:\/\/xorr.pl\/wp-content\/uploads\/2020\/09\/WPS_1_b13329b6-89a4-455b-8525-b7b2b1c199c0_1024x1024-600x410.jpg 600w, https:\/\/xorr.pl\/wp-content\/uploads\/2020\/09\/WPS_1_b13329b6-89a4-455b-8525-b7b2b1c199c0_1024x1024.jpg 1024w\" sizes=\"(max-width: 740px) 100vw, 740px\" \/><\/p>\n<p><em>Obudowa nie pasuje do starego typu dron\u00f3w cinewhoop od bety.\u00a0<\/em><\/p>\n<h2>Zestaw zawiera<\/h2>\n<ul>\n<li>1x Case V2 pod Naked&#8217;a GoPro<\/li>\n<li>1x BEC do GoPro 6\/7<\/li>\n<li>1x Zestaw \u015brub potrzebnych do monta\u017cu<\/li>\n<\/ul>\n<p><img decoding=\"async\" src=\"https:\/\/cdn.shopifycdn.net\/s\/files\/1\/1778\/6615\/files\/gopro_WPS_1_ccb2ca2f-0b5e-4284-a725-8aa91c626dfe_600x600.jpg?v=1597229714\" \/><\/p>\n<p>&nbsp;<\/p>\n<p>&nbsp;<\/p>","protected":false},"excerpt":{"rendered":"<p>Case V2 to nowatorskie rozwi\u0105zanie dla dron\u00f3w typu cinewhoop. Zastosowanie jej pozwala obni\u017cy\u0107 wag\u0119 drona a\u017c o 90G!!!<\/p>","protected":false},"featured_media":5138,"template":"","meta":[],"product_cat":[32,33],"product_tag":[],"jetpack_sharing_enabled":true,"_links":{"self":[{"href":"https:\/\/xorr.pl\/en\/wp-json\/wp\/v2\/product\/5129"}],"collection":[{"href":"https:\/\/xorr.pl\/en\/wp-json\/wp\/v2\/product"}],"about":[{"href":"https:\/\/xorr.pl\/en\/wp-json\/wp\/v2\/types\/product"}],"wp:featuredmedia":[{"embeddable":true,"href":"https:\/\/xorr.pl\/en\/wp-json\/wp\/v2\/media\/5138"}],"wp:attachment":[{"href":"https:\/\/xorr.pl\/en\/wp-json\/wp\/v2\/media?parent=5129"}],"wp:term":[{"taxonomy":"product_cat","embeddable":true,"href":"https:\/\/xorr.pl\/en\/wp-json\/wp\/v2\/product_cat?post=5129"},{"taxonomy":"product_tag","embeddable":true,"href":"https:\/\/xorr.pl\/en\/wp-json\/wp\/v2\/product_tag?post=5129"}],"curies":[{"name":"wp","href":"https:\/\/api.w.org\/{rel}","templated":true}]}}