{"id":5174,"date":"2020-09-14T20:22:14","date_gmt":"2020-09-14T18:22:14","guid":{"rendered":"https:\/\/xorr.pl\/?post_type=product&#038;p=5174"},"modified":"2024-08-09T23:16:01","modified_gmt":"2024-08-09T21:16:01","slug":"smigla-gemfan-d63","status":"publish","type":"product","link":"https:\/\/xorr.pl\/en\/product\/smigla-gemfan-d63\/","title":{"rendered":"\u015amig\u0142a Gemfan D63 3-Blade"},"content":{"rendered":"<p>\u015amig\u0142a Gemfan D63 zosta\u0142y specjalnie zaprojektowane do Beta95X V2. S\u0105 wytrzymalsze ni\u017c ich zamienniki, pasuj\u0105 idealnie do dron\u00f3w typu &#8220;Pusher&#8221;, oraz oferuj\u0105 du\u017c\u0105 wydajno\u015b\u0107. Najlepiej sprawdzaj\u0105 si\u0119 z silnikami 1106 4500KV.<\/p>\n<p><img decoding=\"async\" class=\"wp-image-5302 aligncenter\" src=\"https:\/\/xorr.pl\/wp-content\/uploads\/2020\/09\/WPS_2_2b50bd82-0877-4d81-963b-2acbe7a57039_600x600-300x236.jpg\" alt=\"\" width=\"783\" height=\"616\" srcset=\"https:\/\/xorr.pl\/wp-content\/uploads\/2020\/09\/WPS_2_2b50bd82-0877-4d81-963b-2acbe7a57039_600x600-300x236.jpg 300w, https:\/\/xorr.pl\/wp-content\/uploads\/2020\/09\/WPS_2_2b50bd82-0877-4d81-963b-2acbe7a57039_600x600.jpg 600w\" sizes=\"(max-width: 783px) 100vw, 783px\" \/><\/p>\n<h2 class=\"p1\">Package<\/h2>\n<ul>\n<li>2x D63 CW<\/li>\n<li>2x D63 CCW<\/li>\n<\/ul>\n<p><img decoding=\"async\" class=\"wp-image-5303 alignleft\" src=\"https:\/\/xorr.pl\/wp-content\/uploads\/2020\/09\/WPS_1_c9c38452-4962-4fe5-8123-cd8acb9d91c1_600x600-300x184.jpg\" alt=\"\" width=\"553\" height=\"339\" srcset=\"https:\/\/xorr.pl\/wp-content\/uploads\/2020\/09\/WPS_1_c9c38452-4962-4fe5-8123-cd8acb9d91c1_600x600-300x184.jpg 300w, https:\/\/xorr.pl\/wp-content\/uploads\/2020\/09\/WPS_1_c9c38452-4962-4fe5-8123-cd8acb9d91c1_600x600.jpg 600w\" sizes=\"(max-width: 553px) 100vw, 553px\" \/><\/p>\n<p><img decoding=\"async\" class=\"alignnone wp-image-5304\" src=\"https:\/\/xorr.pl\/wp-content\/uploads\/2020\/09\/WPS_1_6993b96e-f625-49cb-9238-7be080cb6845_600x600-300x167.jpg\" alt=\"\" width=\"551\" height=\"307\" srcset=\"https:\/\/xorr.pl\/wp-content\/uploads\/2020\/09\/WPS_1_6993b96e-f625-49cb-9238-7be080cb6845_600x600-300x167.jpg 300w, https:\/\/xorr.pl\/wp-content\/uploads\/2020\/09\/WPS_1_6993b96e-f625-49cb-9238-7be080cb6845_600x600.jpg 600w\" sizes=\"(max-width: 551px) 100vw, 551px\" \/><\/p>\n<p>&nbsp;<\/p>","protected":false},"excerpt":{"rendered":"<p>\u015amig\u0142a Gemfan D63 zosta\u0142y specjalnie zaprojektowane do Beta95X V2. S\u0105 wytrzymalsze ni\u017c ich zamienniki, pasuj\u0105 idealnie do dron\u00f3w typu &#8220;Pusher&#8221;, oraz oferuj\u0105 du\u017c\u0105 wydajno\u015b\u0107. Najlepiej sprawdzaj\u0105 si\u0119 z silnikami 1106 4500KV. W opakowaniu: 2x D63 CW 2x D63 CCW &nbsp;<\/p>","protected":false},"featured_media":5180,"template":"","meta":[],"product_cat":[22,23,35],"product_tag":[],"jetpack_sharing_enabled":true,"_links":{"self":[{"href":"https:\/\/xorr.pl\/en\/wp-json\/wp\/v2\/product\/5174"}],"collection":[{"href":"https:\/\/xorr.pl\/en\/wp-json\/wp\/v2\/product"}],"about":[{"href":"https:\/\/xorr.pl\/en\/wp-json\/wp\/v2\/types\/product"}],"wp:featuredmedia":[{"embeddable":true,"href":"https:\/\/xorr.pl\/en\/wp-json\/wp\/v2\/media\/5180"}],"wp:attachment":[{"href":"https:\/\/xorr.pl\/en\/wp-json\/wp\/v2\/media?parent=5174"}],"wp:term":[{"taxonomy":"product_cat","embeddable":true,"href":"https:\/\/xorr.pl\/en\/wp-json\/wp\/v2\/product_cat?post=5174"},{"taxonomy":"product_tag","embeddable":true,"href":"https:\/\/xorr.pl\/en\/wp-json\/wp\/v2\/product_tag?post=5174"}],"curies":[{"name":"wp","href":"https:\/\/api.w.org\/{rel}","templated":true}]}}