{"id":5222,"date":"2020-09-14T21:28:42","date_gmt":"2020-09-14T19:28:42","guid":{"rendered":"https:\/\/xorr.pl\/?post_type=product&#038;p=5222"},"modified":"2024-07-05T09:09:30","modified_gmt":"2024-07-05T07:09:30","slug":"1506-3000kv-brushless-motors","status":"publish","type":"product","link":"https:\/\/xorr.pl\/en\/product\/1506-3000kv-brushless-motors\/","title":{"rendered":"1506 3000KV Brushless Motors (4 pcs)"},"content":{"rendered":"<p>Silnik stworzony przez BetaFPV, idealnie nadaje si\u0119 do dron\u00f3w takich jak TWIG ET 5&#8242; czy wszystkich 4&#8242;. Polecamy zastosowanie ESC 20A \ud83d\ude42<\/p>\n<p>&nbsp;<\/p>\n<p><img decoding=\"async\" src=\"https:\/\/cdn.shopify.com\/s\/files\/1\/1778\/6615\/files\/1505_3600KV_Motor_1024x1024.jpg?v=1621303510\" alt=\"alt\" \/><\/p>\n<p>&nbsp;<\/p>\n<p>Silnik ma kabel o d\u0142ugo\u015bci 80mm i grubo\u015bci 24AWG, nie posiada tak zwanych pre-solder&#8217;\u00f3w.<\/p>\n<h2>Specification<\/h2>\n<ul>\n<li>KV (rpm\/V): 3000KV<\/li>\n<li>Waga:14 g<\/li>\n<li>Shaft: \u03c61,5mm<\/li>\n<li>Otwory mocuj\u0105ce: M2<\/li>\n<li>Napi\u0119cie wej\u015bcia: 3-6S<\/li>\n<li>Kable: 40mm long, 24AWG<\/li>\n<\/ul>\n<p><img decoding=\"async\" class=\"aligncenter\" src=\"https:\/\/cdn.shopify.cn\/s\/files\/1\/1778\/6615\/files\/1_9bc634cb-5e97-4686-8689-579842fc6643_600x600.jpg?v=1587779381\" width=\"773\" height=\"433\" \/><\/p>\n<p>Co otrzymasz w zestawie:<\/p>\n<ul>\n<li>4x 1506 3000KV Silniki Bezszczotkowe<\/li>\n<li>1x Zestaw \u015brub M2<\/li>\n<\/ul>\n<div><\/div>","protected":false},"excerpt":{"rendered":"<p>Silnik stworzony przez BetaFPV, idealnie nadaje si\u0119 do dron\u00f3w takich jak TWIG ET 5&#8242; czy wszystkich 4&#8242;. Polecamy zastosowanie ESC 20A \ud83d\ude42 &nbsp; &nbsp; Silnik ma kabel o d\u0142ugo\u015bci 80mm i grubo\u015bci 24AWG, nie posiada tak zwanych pre-solder&#8217;\u00f3w. Specyfikacja: KV (rpm\/V): 3000KV Waga:14 g Shaft: \u03c61,5mm Otwory mocuj\u0105ce: M2 Napi\u0119cie wej\u015bcia: 3-6S Kable: 40mm long, [&hellip;]<\/p>","protected":false},"featured_media":8219,"template":"","meta":[],"product_cat":[22,32,36],"product_tag":[],"jetpack_sharing_enabled":true,"_links":{"self":[{"href":"https:\/\/xorr.pl\/en\/wp-json\/wp\/v2\/product\/5222"}],"collection":[{"href":"https:\/\/xorr.pl\/en\/wp-json\/wp\/v2\/product"}],"about":[{"href":"https:\/\/xorr.pl\/en\/wp-json\/wp\/v2\/types\/product"}],"wp:featuredmedia":[{"embeddable":true,"href":"https:\/\/xorr.pl\/en\/wp-json\/wp\/v2\/media\/8219"}],"wp:attachment":[{"href":"https:\/\/xorr.pl\/en\/wp-json\/wp\/v2\/media?parent=5222"}],"wp:term":[{"taxonomy":"product_cat","embeddable":true,"href":"https:\/\/xorr.pl\/en\/wp-json\/wp\/v2\/product_cat?post=5222"},{"taxonomy":"product_tag","embeddable":true,"href":"https:\/\/xorr.pl\/en\/wp-json\/wp\/v2\/product_tag?post=5222"}],"curies":[{"name":"wp","href":"https:\/\/api.w.org\/{rel}","templated":true}]}}