{"id":5229,"date":"2020-09-14T21:30:25","date_gmt":"2020-09-14T19:30:25","guid":{"rendered":"https:\/\/xorr.pl\/?post_type=product&#038;p=5229"},"modified":"2021-12-30T18:16:37","modified_gmt":"2021-12-30T17:16:37","slug":"x-knight-5-toothpick-quad-hd-digital-vtx","status":"publish","type":"product","link":"https:\/\/xorr.pl\/en\/product\/x-knight-5-toothpick-quad-hd-digital-vtx\/","title":{"rendered":"X-Knight 5&#8221; Toothpick Quad  (HD Digital VTX)"},"content":{"rendered":"<p>X-Knight 5&#8221; Toothpick Quad (HD Digital VTX) jest pierwszym 5 calowym dronem 6S typu toothpick w ofercie BetaFpv. Posiada cyfrow\u0105 transmisj\u0119 obrazu zgodn\u0105 z systemem DJI FPV (vista).<\/p>\n<p><img decoding=\"async\" src=\"https:\/\/cdn.shopifycdn.net\/s\/files\/1\/1778\/6615\/files\/FB_1c20c73f-fda0-4320-8538-505dafe366d3_1024x1024.jpg?v=1597303818\" alt=\"\" \/><\/p>\n<h2>Bullet Points<\/h2>\n<ul>\n<li>X-Knight 5&#8221; Toothpick Quad (HD Digital VTX) posiada nadajnik Caddx Vista, umo\u017cliwiaj\u0105cy nagrywanie DVR w rozdzielczo\u015bci 720P i a\u017c 120fps video.<\/li>\n<li>Nowe, specjalnie przygotowane przez BETAFPV, silniki 2004 1700KV motors i \u015bmig\u0142a HQ 5025. X-Knight 5&#8221; HD Digital VTX posiada du\u017cy zapas mocy co pozwoli na wykonywanie dowolnych akrobacji w powietrzu.<\/li>\n<li>X-Knight 5&#8221; Toothpick Quad (HD Digital VTX) jest ultra lekki, wa\u017cy tylko 176.8g a przy tym dzi\u0119ki bateri 6S i nowym silnikom dysponuje ogromn\u0105 moc\u0105.<\/li>\n<li>Posiada ram\u0119 wykonan\u0105 z w\u0142\u00f3kna w\u0119glowego typu T800, kt\u00f3re jest mocniejsze, l\u017cejsze i o 11% bardziej wytrzyma\u0142y na rozci\u0105ganie (obci\u0105\u017cenie powstaj\u0105ce podczas pracy\/zginania) od T700.<\/li>\n<li>\n<p class=\"p1\">Zalecamy u\u017cycie baterii 6S 550mAh dzi\u0119ki kt\u00f3rej<span class=\"Apple-converted-space\">\u00a0<\/span>X-Knight 5&#8221; HD Digital VTX mo\u017ce lata\u0107 spokojnie a\u017c 11 min lub agresywnie do 4min.<\/p>\n<\/li>\n<\/ul>\n<h2 class=\"p1\">Specification<\/h2>\n<ul>\n<li>Model: X-Knight 5&#8221; Quad(HD Digital VTX)<\/li>\n<li>Waga: 176.8g (bez baterii)<\/li>\n<li>Obs\u0142ugiwane napi\u0119cie: 6S<\/li>\n<li>FC&amp;ESC:\u00a0<a title=\"35A AIO Brushless FC\" href=\"https:\/\/betafpv.com\/collections\/brushless-flight-controller\/products\/toothpick-f4-2-6s-aio-brushless-flight-controller-35ablheli_32\" target=\"_blank\" rel=\"noopener noreferrer\">F4 35A\u00a0AIO Brushless FC<\/a><\/li>\n<li>Silniki: <a title=\"BETAFPV 2004-1700KV Brushless Motors\" href=\"https:\/\/betafpv.com\/products\/2004-brushless-motors\" target=\"_blank\" rel=\"noopener noreferrer\">2004 1700KV Brushless Motors<\/a><\/li>\n<li>\u015amig\u0142a: HQ 5025 3-Blade Props<\/li>\n<li>Kamera i VTX: <a href=\"https:\/\/betafpv.com\/collections\/camera-vtx\/products\/caddx-vista-compatible-with-dji-digital-fpv-system\">Caddx Vista<\/a><\/li>\n<li>Battery: <a title=\"550mAh 6S 75C battery\" href=\"https:\/\/betafpv.com\/collections\/4s-battery\/products\/550mah-6s-75c-lipo-battery-2pcs?nopreview\" target=\"_blank\" rel=\"noopener noreferrer\">550mAh 6S 75C Battery<\/a> (nie jest w zestawie)<\/li>\n<li>Rama: <a title=\"BETAFPV X-Knight Carbon Fiber 5'' V2 Frame Kit\" href=\"https:\/\/betafpv.com\/products\/x-knight-carbon-fiber-5-frame-v2-kit\" target=\"_blank\" rel=\"noopener noreferrer\">X-Knight Carbon Fiber 5&#8221; V2 Frame Kit<\/a><span class=\"s1\">\uff08<\/span>T800<span class=\"s1\">\uff09<\/span><\/li>\n<li>Canopy:\u00a0<a title=\"BETAFPV Canopy for Mini Camera V3\" href=\"https:\/\/betafpv.com\/products\/sleek-canopy-for-turtle-v2-camera?_pos=1&amp;_sid=2f1053be6&amp;_ss=r\" target=\"_blank\" rel=\"noopener noreferrer\">Canopy for Mini Camera V3<\/a><\/li>\n<li>Odbiornik: Frsky FCC\/Frsky LBT\/Vista<\/li>\n<\/ul>\n<p><img decoding=\"async\" src=\"https:\/\/cdn.shopifycdn.net\/s\/files\/1\/1778\/6615\/files\/04fbbc2239dcc66b324b8161c32854f4_2bb8caa8-4e81-4fcb-a5a9-4ef5c2e3cdea_600x600.jpg?v=1597380721\" alt=\"\" \/><\/p>\n<h2 class=\"p1\">Flight Controller<\/h2>\n<p class=\"p1\">Toothpick\u00a0<a title=\"35A AIO Brushless FC\" href=\"https:\/\/betafpv.com\/collections\/brushless-flight-controller\/products\/toothpick-f4-2-6s-aio-brushless-flight-controller-35ablheli_32\" target=\"_blank\" rel=\"noopener noreferrer\">F4 35A\u00a0AIO Brushless FC<\/a>\u00a0&#8211;\u00a0The board is the first BLHeli_32 ESC 35A All-in-one toothpick FC on the current market.\u00a0It\u00a0can handle 35A continuous current(40A burst)\u00a0and provide with massive levels of performance capability, but it still maintains ultralight only 7g. In addition, this board supports a 2-6S Lipo battery, perfectly suitable for the 4&#8221;-5&#8221; toothpick drone.<\/p>\n<div><img decoding=\"async\" src=\"https:\/\/cdn.shopifycdn.net\/s\/files\/1\/1778\/6615\/files\/35A_AIO_Flight_controller_1024x1024.jpg?v=1597370594\" alt=\"F4 35A AIO Toothpick FC\" \/><\/div>\n<h2 class=\"p1\">Caddx Vista<\/h2>\n<p class=\"p1\">The\u00a0<a href=\"https:\/\/betafpv.com\/collections\/camera-vtx\/products\/caddx-vista-compatible-with-dji-digital-fpv-system\">Caddx Vista<\/a>\u00a0HD digital video transmitter can work with DJI FPV camera, goggles, and remote controller. The total weight (with camera and antenna) is 35g only, about 20g lighter than the DJI FPV unit. Besides, it is smaller and designed to suit for whoop drones. With this vista kit, the max range is up to 4 kilometers. BETAFPV mini canopy V3\u00a0 is suitable for the Caddx Vista greatly. With injection molded process and PE material. The canopy will perfectly protect the\u00a0Caddx Vista\u00a0camera.<\/p>\n<div><img decoding=\"async\" src=\"https:\/\/cdn.shopifycdn.net\/s\/files\/1\/1778\/6615\/files\/392e14cd1c45d7ec1f911cb0b7f68dca_1024x1024.jpg?v=1597386896\" alt=\"\" \/><\/div>\n<h2 class=\"p1\">Motors<\/h2>\n<p class=\"p1\"><a title=\"BETAFPV 2004-1700KV Brushless Motors\" href=\"https:\/\/betafpv.com\/products\/2004-brushless-motors\" target=\"_blank\" rel=\"noopener noreferrer\">2004 1700KV Brushless Motors<\/a>\u00a0is a lightweight 6S motor. It only weights 16.4g \/ 1pc.\u00a0Best matched with the\u00a0HQ\u00a05025 3-Blade Props, the motor is very efficient in use and has an excellent racing flight experience. Combined with\u00a0Toothpick 35A\u00a0AIO Brushless FC, it will provide you enough output power.<\/p>\n<div><img decoding=\"async\" src=\"https:\/\/cdn.shopifycdn.net\/s\/files\/1\/1778\/6615\/files\/1700KV_1024x1024.jpg?v=1597382484\" alt=\"\" \/><\/div>\n<h2 class=\"p1\">X-Knight Carbon Fiber 5&#8221; Frame V2 Kit<\/h2>\n<p class=\"p1\"><a title=\"BETAFPV X-Knight Carbon Fiber 5'' V2 Frame Kit\" href=\"https:\/\/betafpv.com\/products\/x-knight-carbon-fiber-5-frame-v2-kit\" target=\"_blank\" rel=\"noopener noreferrer\">X-Knight Carbon Fiber 5&#8221; V2 Frame Kit<\/a>\u00a0&#8211; Our first assembled 5&#8221;\u00a0frame kit, which adopts T800 carbon material becomes ultimate durability while maintaining minimal weight 26.44g. It consists of arms, bottom plate, and top plate, which allows you to replace the damaged part. Meanwhile, the\u00a0top plate comes with press nuts to make the\u00a0installation process easier.<\/p>\n<div><img decoding=\"async\" src=\"https:\/\/cdn.shopifycdn.net\/s\/files\/1\/1778\/6615\/files\/WPS_1_e3b5d818-01cf-430c-94d9-ab031988a992_1024x1024.jpg?v=1597387009\" alt=\"\" \/><\/div>","protected":false},"excerpt":{"rendered":"<p>X-Knight 5&#8221; Toothpick Quad (HD Digital VTX) jest pierwszym 5 calowym dronem 6S typu toothpick w ofercie BetaFpv. Posiada cyfrow\u0105 transmisj\u0119 obrazu zgodn\u0105 z systemem DJI FPV (vista). Najwa\u017cniejsze cechy X-Knight 5&#8221; Toothpick Quad (HD Digital VTX) posiada nadajnik Caddx Vista, umo\u017cliwiaj\u0105cy nagrywanie DVR w rozdzielczo\u015bci 720P i a\u017c 120fps video. Nowe, specjalnie przygotowane przez [&hellip;]<\/p>","protected":false},"featured_media":5239,"template":"","meta":[],"product_cat":[22,30],"product_tag":[],"jetpack_sharing_enabled":true,"_links":{"self":[{"href":"https:\/\/xorr.pl\/en\/wp-json\/wp\/v2\/product\/5229"}],"collection":[{"href":"https:\/\/xorr.pl\/en\/wp-json\/wp\/v2\/product"}],"about":[{"href":"https:\/\/xorr.pl\/en\/wp-json\/wp\/v2\/types\/product"}],"wp:featuredmedia":[{"embeddable":true,"href":"https:\/\/xorr.pl\/en\/wp-json\/wp\/v2\/media\/5239"}],"wp:attachment":[{"href":"https:\/\/xorr.pl\/en\/wp-json\/wp\/v2\/media?parent=5229"}],"wp:term":[{"taxonomy":"product_cat","embeddable":true,"href":"https:\/\/xorr.pl\/en\/wp-json\/wp\/v2\/product_cat?post=5229"},{"taxonomy":"product_tag","embeddable":true,"href":"https:\/\/xorr.pl\/en\/wp-json\/wp\/v2\/product_tag?post=5229"}],"curies":[{"name":"wp","href":"https:\/\/api.w.org\/{rel}","templated":true}]}}