{"id":5264,"date":"2020-10-03T21:45:07","date_gmt":"2020-10-03T19:45:07","guid":{"rendered":"https:\/\/xorr.pl\/?post_type=product&#038;p=5264"},"modified":"2022-10-14T21:56:11","modified_gmt":"2022-10-14T19:56:11","slug":"beta85x-whoop-quadcopter-4s","status":"publish","type":"product","link":"https:\/\/xorr.pl\/en\/product\/beta85x-whoop-quadcopter-4s\/","title":{"rendered":"Beta85X Whoop Quadcopter (4S)"},"content":{"rendered":"<p><img decoding=\"async\" class=\"aligncenter\" src=\"https:\/\/scontent-frt3-1.xx.fbcdn.net\/v\/t1.0-0\/p180x540\/97537389_2695102190752163_1399291226821230592_o.jpg?_nc_cat=106&amp;_nc_sid=730e14&amp;_nc_ohc=WmGQXlXON38AX9l-67m&amp;_nc_ht=scontent-frt3-1.xx&amp;tp=6&amp;oh=e5ba6d6cb611125f2ad16dd47afc84b4&amp;oe=5F9F5D8B\" \/><\/p>\n<h2>Bullet Points<\/h2>\n<ul>\n<li>Beta 85X to dron kt\u00f3ry nale\u017cy do bardzo nielicznej grupy whoop&#8217;\u00f3w \u0142\u0105cz\u0105cych gabaryty whoopa i mo\u017cliwo\u015bci kt\u00f3re daj\u0105 dorny 5&#8242;.<\/li>\n<li>W najnowszej wersji zastosowano FC F4 z ESC 12A. Kontroler ten posiada 3 pe\u0142ne UART&#8217;y dzi\u0119ki kt\u00f3rym jest kompatybilny ze wszystkimi modu\u0142ami takimi jak TBS Crossfire, Caddx Vista czy TBS Unify.<\/li>\n<li>Kamera FPV to C01 Pro. Wyj\u0105tkowa dobra kamera kt\u00f3ra wa\u017cy tylko 1.96g! Wyposa\u017cona w matryc\u0119 CMOS 1\/3&#8243;<\/li>\n<li>Canopy zosta\u0142o wyprodukowane metod\u0105 wtryskow\u0105, dzi\u0119ki czemu jest wytrzyma\u0142e i lekkie.<\/li>\n<li>Silniki 1105 500KV idealnie sprawdzaj\u0105 si\u0119 w tym dronie. Dzi\u0119ki nim dron jest zrywny i szybki a zarazem nie wa\u017cy du\u017co. Ze \u015bmig\u0142ami EMAX Avan 2&#8243; tworz\u0105 idealn\u0105 par\u0119.<\/li>\n<li>Zalecamy stosowanie akumulator\u00f3w 4S 450mah.<\/li>\n<\/ul>\n<p>&nbsp;<\/p>","protected":false},"excerpt":{"rendered":"<p>Jedyny taki produkt na runku \u0142\u0105cz\u0105cy gabaryty whoop&#8217;\u00f3w i w\u0142a\u015bciwo\u015bci lotne dron\u00f3w 5&#8243;.<\/p>\n<p><span style=\"color: #ff0000;\">Produkt jest sprzedawany w wersji EU LBT! Za dodatkowe 10z\u0142 przeprogramujemy odbiornik na wersj\u0119 FCC.<\/span><\/p>","protected":false},"featured_media":5265,"template":"","meta":[],"product_cat":[22,30],"product_tag":[],"jetpack_sharing_enabled":true,"_links":{"self":[{"href":"https:\/\/xorr.pl\/en\/wp-json\/wp\/v2\/product\/5264"}],"collection":[{"href":"https:\/\/xorr.pl\/en\/wp-json\/wp\/v2\/product"}],"about":[{"href":"https:\/\/xorr.pl\/en\/wp-json\/wp\/v2\/types\/product"}],"wp:featuredmedia":[{"embeddable":true,"href":"https:\/\/xorr.pl\/en\/wp-json\/wp\/v2\/media\/5265"}],"wp:attachment":[{"href":"https:\/\/xorr.pl\/en\/wp-json\/wp\/v2\/media?parent=5264"}],"wp:term":[{"taxonomy":"product_cat","embeddable":true,"href":"https:\/\/xorr.pl\/en\/wp-json\/wp\/v2\/product_cat?post=5264"},{"taxonomy":"product_tag","embeddable":true,"href":"https:\/\/xorr.pl\/en\/wp-json\/wp\/v2\/product_tag?post=5264"}],"curies":[{"name":"wp","href":"https:\/\/api.w.org\/{rel}","templated":true}]}}