{"id":5379,"date":"2020-11-07T22:39:44","date_gmt":"2020-11-07T21:39:44","guid":{"rendered":"https:\/\/xorr.pl\/?post_type=product&#038;p=5379"},"modified":"2024-09-20T12:25:06","modified_gmt":"2024-09-20T10:25:06","slug":"bateria-450mah-1s-30c-bt2-0","status":"publish","type":"product","link":"https:\/\/xorr.pl\/en\/product\/bateria-450mah-1s-30c-bt2-0\/","title":{"rendered":"450mAh 1S 30C BT2.0 Battery"},"content":{"rendered":"<p>BT2.0 Connector &#8211; \u017baden inny konektor do whoop\u00f3w nie daje takich mo\u017cliwo\u015bci.<\/p>\n<p>Nie wierzysz? Mo\u017ce Joshua z BR zmieni twoje zdanie?<\/p>\n<div class=\"video-wrapper\"><\/div>\n<p>&nbsp;<\/p>\n<p>Zmieniaj\u0105c z\u0142\u0105cze PH2.0 na BT2.0 tzw. zjawiska bottlenecking&#8217;u. Do tej pory rezystancja z\u0142\u0105cza ogranicza\u0142a jego mo\u017cliwo\u015bci, in\u017cynierowie z Bety zauwa\u017cyli ten problem i pozbyli si\u0119 go projektuj\u0105c BT2.0<\/p>\n<p><img decoding=\"async\" class=\"wp-image-5382 aligncenter\" src=\"https:\/\/xorr.pl\/wp-content\/uploads\/2020\/11\/fb_ebad9a44-25ce-4dbf-8ee2-277157f17b5b_1024x1024-300x169.jpg\" alt=\"\" width=\"675\" height=\"380\" srcset=\"https:\/\/xorr.pl\/wp-content\/uploads\/2020\/11\/fb_ebad9a44-25ce-4dbf-8ee2-277157f17b5b_1024x1024-300x169.jpg 300w, https:\/\/xorr.pl\/wp-content\/uploads\/2020\/11\/fb_ebad9a44-25ce-4dbf-8ee2-277157f17b5b_1024x1024-768x432.jpg 768w, https:\/\/xorr.pl\/wp-content\/uploads\/2020\/11\/fb_ebad9a44-25ce-4dbf-8ee2-277157f17b5b_1024x1024-600x338.jpg 600w, https:\/\/xorr.pl\/wp-content\/uploads\/2020\/11\/fb_ebad9a44-25ce-4dbf-8ee2-277157f17b5b_1024x1024.jpg 1024w\" sizes=\"(max-width: 675px) 100vw, 675px\" \/><\/p>\n<h1>Najwa\u017cniejsze cechy:<\/h1>\n<ul>\n<li style=\"list-style-type: none;\">\n<ul>\n<li>Z\u0142\u0105cze BT2.0 ma mniejszy op\u00f3r wewn\u0119trzny dzi\u0119ki zastosowaniu twardych pin\u00f3w (1mm banan).<\/li>\n<li>Bateria BT2.0 450mAh 1S 30C mo\u017ce dostarcza\u0107 pr\u0105d przez d\u0142ugi czas bez tzw. SAG&#8217;owania.<\/li>\n<li>W por\u00f3wnaniu do PH2.0 z\u0142\u0105cze BT2.0 jest du\u017co wytrzymalsze.<\/li>\n<\/ul>\n<\/li>\n<\/ul>\n<h1>Specification<\/h1>\n<ul>\n<li>Pojemno\u015b\u0107: 450mAh<\/li>\n<li>R8: 30C\/60C<\/li>\n<li>Napi\u0119cie max: 4.35V<\/li>\n<li>Wymiary: 61*15*7.5mm<\/li>\n<li>Konektor: Betafpv BT2.0<\/li>\n<li>Waga: 12.7g(1szt)<\/li>\n<\/ul>\n<p><img decoding=\"async\" class=\"wp-image-5383 aligncenter\" src=\"https:\/\/xorr.pl\/wp-content\/uploads\/2020\/11\/468ef44610c31b5b50b747b4f9f5ee49_c5c1b919-7fdd-4614-b5ae-3e903b521462_480x480-300x166.jpg\" alt=\"\" width=\"479\" height=\"265\" srcset=\"https:\/\/xorr.pl\/wp-content\/uploads\/2020\/11\/468ef44610c31b5b50b747b4f9f5ee49_c5c1b919-7fdd-4614-b5ae-3e903b521462_480x480-300x166.jpg 300w, https:\/\/xorr.pl\/wp-content\/uploads\/2020\/11\/468ef44610c31b5b50b747b4f9f5ee49_c5c1b919-7fdd-4614-b5ae-3e903b521462_480x480.jpg 480w\" sizes=\"(max-width: 479px) 100vw, 479px\" \/><\/p>\n<h3>Por\u00f3wnanie akumulator\u00f3w konkurencyjnego producenta ze z\u0142\u0105czem PH2.0:<\/h3>\n<p><img decoding=\"async\" class=\"wp-image-5384 aligncenter\" src=\"https:\/\/xorr.pl\/wp-content\/uploads\/2020\/11\/1_5700e561-20d4-4568-9ba9-93a7e6effe83_1024x1024-300x139.jpg\" alt=\"\" width=\"701\" height=\"325\" srcset=\"https:\/\/xorr.pl\/wp-content\/uploads\/2020\/11\/1_5700e561-20d4-4568-9ba9-93a7e6effe83_1024x1024-300x139.jpg 300w, https:\/\/xorr.pl\/wp-content\/uploads\/2020\/11\/1_5700e561-20d4-4568-9ba9-93a7e6effe83_1024x1024-768x356.jpg 768w, https:\/\/xorr.pl\/wp-content\/uploads\/2020\/11\/1_5700e561-20d4-4568-9ba9-93a7e6effe83_1024x1024-600x278.jpg 600w, https:\/\/xorr.pl\/wp-content\/uploads\/2020\/11\/1_5700e561-20d4-4568-9ba9-93a7e6effe83_1024x1024.jpg 1024w\" sizes=\"(max-width: 701px) 100vw, 701px\" \/><\/p>\n<p><img decoding=\"async\" class=\"wp-image-5385 aligncenter\" src=\"https:\/\/xorr.pl\/wp-content\/uploads\/2020\/11\/81fd8c1ee93af5581746bfe52c7418e6_e324a92a-45cd-45ab-8b7b-0d597340acf6_1024x1024-300x169.jpg\" alt=\"\" width=\"1065\" height=\"600\" srcset=\"https:\/\/xorr.pl\/wp-content\/uploads\/2020\/11\/81fd8c1ee93af5581746bfe52c7418e6_e324a92a-45cd-45ab-8b7b-0d597340acf6_1024x1024-300x169.jpg 300w, https:\/\/xorr.pl\/wp-content\/uploads\/2020\/11\/81fd8c1ee93af5581746bfe52c7418e6_e324a92a-45cd-45ab-8b7b-0d597340acf6_1024x1024-768x432.jpg 768w, https:\/\/xorr.pl\/wp-content\/uploads\/2020\/11\/81fd8c1ee93af5581746bfe52c7418e6_e324a92a-45cd-45ab-8b7b-0d597340acf6_1024x1024-600x338.jpg 600w, https:\/\/xorr.pl\/wp-content\/uploads\/2020\/11\/81fd8c1ee93af5581746bfe52c7418e6_e324a92a-45cd-45ab-8b7b-0d597340acf6_1024x1024.jpg 1024w\" sizes=\"(max-width: 1065px) 100vw, 1065px\" \/><\/p>","protected":false},"excerpt":{"rendered":"<p>Akumulator BETAFPV\u00a0 BT2.0 450mAh 1S 30C oferuje dobre osi\u0105gi w dobrej cenie. Zastosowano w nim nowatorskie z\u0142\u0105cze BT2.0 kt\u00f3re ogranicza wp\u0142yw tzw. bottle-neckingu w por\u00f3wnaniu do PH2.0 w trakcie lotu.<\/p>","protected":false},"featured_media":5380,"template":"","meta":[],"product_cat":[22,25],"product_tag":[],"jetpack_sharing_enabled":true,"_links":{"self":[{"href":"https:\/\/xorr.pl\/en\/wp-json\/wp\/v2\/product\/5379"}],"collection":[{"href":"https:\/\/xorr.pl\/en\/wp-json\/wp\/v2\/product"}],"about":[{"href":"https:\/\/xorr.pl\/en\/wp-json\/wp\/v2\/types\/product"}],"wp:featuredmedia":[{"embeddable":true,"href":"https:\/\/xorr.pl\/en\/wp-json\/wp\/v2\/media\/5380"}],"wp:attachment":[{"href":"https:\/\/xorr.pl\/en\/wp-json\/wp\/v2\/media?parent=5379"}],"wp:term":[{"taxonomy":"product_cat","embeddable":true,"href":"https:\/\/xorr.pl\/en\/wp-json\/wp\/v2\/product_cat?post=5379"},{"taxonomy":"product_tag","embeddable":true,"href":"https:\/\/xorr.pl\/en\/wp-json\/wp\/v2\/product_tag?post=5379"}],"curies":[{"name":"wp","href":"https:\/\/api.w.org\/{rel}","templated":true}]}}