{"id":5387,"date":"2020-11-07T23:24:40","date_gmt":"2020-11-07T22:24:40","guid":{"rendered":"https:\/\/xorr.pl\/?post_type=product&#038;p=5387"},"modified":"2022-12-20T00:50:23","modified_gmt":"2022-12-19T23:50:23","slug":"450mah-4s-75c-lipo-bateria","status":"publish","type":"product","link":"https:\/\/xorr.pl\/en\/product\/450mah-4s-75c-lipo-bateria\/","title":{"rendered":"450mAh 4S 75C Lipo Battery"},"content":{"rendered":"<p>Akumulator 450mah 4S 75\/150C idealnie nadaje si\u0119 do Beta95X oraz Beta85X.<\/p>\n<p><img decoding=\"async\" class=\"wp-image-5389 aligncenter\" src=\"https:\/\/xorr.pl\/wp-content\/uploads\/2020\/11\/16_7_1024x1024-300x131.jpg\" alt=\"\" width=\"804\" height=\"351\" srcset=\"https:\/\/xorr.pl\/wp-content\/uploads\/2020\/11\/16_7_1024x1024-300x131.jpg 300w, https:\/\/xorr.pl\/wp-content\/uploads\/2020\/11\/16_7_1024x1024-768x336.jpg 768w, https:\/\/xorr.pl\/wp-content\/uploads\/2020\/11\/16_7_1024x1024-600x263.jpg 600w, https:\/\/xorr.pl\/wp-content\/uploads\/2020\/11\/16_7_1024x1024.jpg 1024w\" sizes=\"(max-width: 804px) 100vw, 804px\" \/><\/p>\n<h2><img decoding=\"async\" src=\"https:\/\/cdn.shopify.com\/s\/files\/1\/1778\/6615\/files\/4bbcv_grande_480x480.jpg?v=1558407127\" alt=\"\" \/><strong>Specification<\/strong><\/h2>\n<ul>\n<li>Pojemno\u015b\u0107: 450mAh<\/li>\n<li>Konfiguracja: 4S1P \/ 14.8V<\/li>\n<li>Rate: 75C<\/li>\n<li>Max pr\u0105d roz\u0142adowania: 150C<\/li>\n<li>Waga: 56.3g<\/li>\n<li>Wymiary: 65 x 16 x 25mm<\/li>\n<li>Z\u0142\u0105cza: XT30 Plug, JST-XH Plug<\/li>\n<li>Przekr\u00f3j kabla: 16AWG (Sylikonowa izolacja)<\/li>\n<li>Do zastosowania w: <a href=\"https:\/\/betafpv.com\/collections\/beta85x\/products\/beta85x-whoop-quadcopter-4s\">Beta85X FPV<\/a>,\u00a0<a href=\"https:\/\/betafpv.com\/collections\/beta85x\/products\/beta85x-whoop-quadcopter\">Beta85X\u00a0HD<\/a>,\u00a0<a href=\"https:\/\/betafpv.com\/collections\/beta85x\/products\/beta85x-4k-whoop-quadcopter-4s\">Beta85X 4K<\/a>,\u00a0<a title=\"Beta85X for Gopro\" href=\"https:\/\/betafpv.com\/products\/beta85x-whoop-quadcopter-for-gopro-hero\" target=\"_blank\" rel=\"noopener noreferrer\">Beta85X for GoPro<\/a>,\u00a0<a title=\"Beta95X Whoop Quadcopter\" href=\"https:\/\/betafpv.com\/collections\/x-series-drones\/products\/beta95x-whoop-quadcopter-hd-digital-vtx\" target=\"_blank\" rel=\"noopener noreferrer\">Beta95X Whoop Quadcopter<\/a>\u00a0and\u00a0<a title=\"Beta95X for GoPro\" href=\"https:\/\/betafpv.com\/products\/beta95x-whoop-quadcopter-for-gopro-hero\" target=\"_blank\" rel=\"noopener noreferrer\">Beta95X for GoPro<\/a>.<\/li>\n<\/ul>\n<h2><img decoding=\"async\" src=\"https:\/\/cdn.shopify.com\/s\/files\/1\/1778\/6615\/files\/4bbcv_grande_480x480.jpg?v=1558407127\" alt=\"\" \/><\/h2>\n<h2>Wymiary:<\/h2>\n<p><img decoding=\"async\" class=\"wp-image-5390 aligncenter\" src=\"https:\/\/xorr.pl\/wp-content\/uploads\/2020\/11\/2_3de116d2-1784-4504-bfa1-25de86ec465f_480x480-300x163.jpg\" alt=\"\" width=\"782\" height=\"425\" srcset=\"https:\/\/xorr.pl\/wp-content\/uploads\/2020\/11\/2_3de116d2-1784-4504-bfa1-25de86ec465f_480x480-300x163.jpg 300w, https:\/\/xorr.pl\/wp-content\/uploads\/2020\/11\/2_3de116d2-1784-4504-bfa1-25de86ec465f_480x480.jpg 480w\" sizes=\"(max-width: 782px) 100vw, 782px\" \/><\/p>\n<p><img decoding=\"async\" class=\"wp-image-5391 aligncenter\" src=\"https:\/\/xorr.pl\/wp-content\/uploads\/2020\/11\/4S_480x480-300x168.jpg\" alt=\"\" width=\"582\" height=\"326\" srcset=\"https:\/\/xorr.pl\/wp-content\/uploads\/2020\/11\/4S_480x480-300x168.jpg 300w, https:\/\/xorr.pl\/wp-content\/uploads\/2020\/11\/4S_480x480.jpg 480w\" sizes=\"(max-width: 582px) 100vw, 582px\" \/><\/p>","protected":false},"excerpt":{"rendered":"<p>Akumulator 450mah 4S 75\/150C idealnie nadaje si\u0119 do Beta95X oraz Beta85X. Specyfikacja: Pojemno\u015b\u0107: 450mAh Konfiguracja: 4S1P \/ 14.8V R8: 75C Max pr\u0105d roz\u0142adowania: 150C Waga: 56.3g Wymiary: 65 x 16 x 25mm Z\u0142\u0105cza: XT30 Plug, JST-XH Plug Przekr\u00f3j kabla: 16AWG (Sylikonowa izolacja) Do zastosowania w: Beta85X FPV,\u00a0Beta85X\u00a0HD,\u00a0Beta85X 4K,\u00a0Beta85X for GoPro,\u00a0Beta95X Whoop Quadcopter\u00a0and\u00a0Beta95X for GoPro. Wymiary:<\/p>","protected":false},"featured_media":5388,"template":"","meta":[],"product_cat":[22,25],"product_tag":[],"jetpack_sharing_enabled":true,"_links":{"self":[{"href":"https:\/\/xorr.pl\/en\/wp-json\/wp\/v2\/product\/5387"}],"collection":[{"href":"https:\/\/xorr.pl\/en\/wp-json\/wp\/v2\/product"}],"about":[{"href":"https:\/\/xorr.pl\/en\/wp-json\/wp\/v2\/types\/product"}],"wp:featuredmedia":[{"embeddable":true,"href":"https:\/\/xorr.pl\/en\/wp-json\/wp\/v2\/media\/5388"}],"wp:attachment":[{"href":"https:\/\/xorr.pl\/en\/wp-json\/wp\/v2\/media?parent=5387"}],"wp:term":[{"taxonomy":"product_cat","embeddable":true,"href":"https:\/\/xorr.pl\/en\/wp-json\/wp\/v2\/product_cat?post=5387"},{"taxonomy":"product_tag","embeddable":true,"href":"https:\/\/xorr.pl\/en\/wp-json\/wp\/v2\/product_tag?post=5387"}],"curies":[{"name":"wp","href":"https:\/\/api.w.org\/{rel}","templated":true}]}}