{"id":5399,"date":"2020-11-08T22:11:20","date_gmt":"2020-11-08T21:11:20","guid":{"rendered":"https:\/\/xorr.pl\/?post_type=product&#038;p=5399"},"modified":"2022-04-25T21:03:31","modified_gmt":"2022-04-25T19:03:31","slug":"sls-noc-race-450mah-4s","status":"publish","type":"product","link":"https:\/\/xorr.pl\/en\/product\/sls-noc-race-450mah-4s\/","title":{"rendered":"SLS NOC Race 450mAh 4S"},"content":{"rendered":"<p class=\"h3\">SLS NOC RACE 450mAh 4S1P (14,8V) to wed\u0142ug wielu najlepsze akumulatory do dron\u00f3w wy\u015bcigowych na rynku, charakteryzuj\u0105 si\u0119 du\u017c\u0105 wydajno\u015bci\u0105 oraz bezkonkurencyjn\u0105 \u017cywotno\u015bci\u0105.<\/p>\n<h3 class=\"h3\"><strong>Specification<\/strong><\/h3>\n<div class=\"prodLongDescription\">\n<ul>\n<li>Napi\u0119cie: 14,8 V.<\/li>\n<li>Wersja: 4S1P<\/li>\n<li>Pojemno\u015b\u0107: 450 mAh<\/li>\n<li>Pr\u0105d \u0142adowania: max.\u00a04C (1,8 A)<\/li>\n<li>Waga: ok. 54 gram\u00f3w (w tym kabel i wtyczka)<\/li>\n<li>Wymiary: 46x24x27mm(DSW)<\/li>\n<li>Pod\u0142\u0105czenie balansera: XH<\/li>\n<li>System z\u0142\u0105czy: XT30 (gniazdo)<\/li>\n<li>Kabel: wysokopr\u0105dowy kabel silikonowy AWG16<\/li>\n<\/ul>\n<\/div>","protected":false},"excerpt":{"rendered":"<p>SLS NOC RACE 450mAh 4S1P (14,8V) to wed\u0142ug wielu najlepsze akumulatory do dron\u00f3w wy\u015bcigowych na rynku, charakteryzuj\u0105 si\u0119 du\u017c\u0105 wydajno\u015bci\u0105 oraz bezkonkurencyjn\u0105 \u017cywotno\u015bci\u0105. Specyfikacja: Napi\u0119cie: 14,8 V. Wersja: 4S1P Pojemno\u015b\u0107: 450 mAh Pr\u0105d \u0142adowania: max.\u00a04C (1,8 A) Waga: ok. 54 gram\u00f3w (w tym kabel i wtyczka) Wymiary: 46x24x27mm(DSW) Pod\u0142\u0105czenie balansera: XH System z\u0142\u0105czy: XT30 (gniazdo) [&hellip;]<\/p>","protected":false},"featured_media":5400,"template":"","meta":[],"product_cat":[25],"product_tag":[],"jetpack_sharing_enabled":true,"_links":{"self":[{"href":"https:\/\/xorr.pl\/en\/wp-json\/wp\/v2\/product\/5399"}],"collection":[{"href":"https:\/\/xorr.pl\/en\/wp-json\/wp\/v2\/product"}],"about":[{"href":"https:\/\/xorr.pl\/en\/wp-json\/wp\/v2\/types\/product"}],"wp:featuredmedia":[{"embeddable":true,"href":"https:\/\/xorr.pl\/en\/wp-json\/wp\/v2\/media\/5400"}],"wp:attachment":[{"href":"https:\/\/xorr.pl\/en\/wp-json\/wp\/v2\/media?parent=5399"}],"wp:term":[{"taxonomy":"product_cat","embeddable":true,"href":"https:\/\/xorr.pl\/en\/wp-json\/wp\/v2\/product_cat?post=5399"},{"taxonomy":"product_tag","embeddable":true,"href":"https:\/\/xorr.pl\/en\/wp-json\/wp\/v2\/product_tag?post=5399"}],"curies":[{"name":"wp","href":"https:\/\/api.w.org\/{rel}","templated":true}]}}