{"id":5403,"date":"2020-11-08T22:25:05","date_gmt":"2020-11-08T21:25:05","guid":{"rendered":"https:\/\/xorr.pl\/?post_type=product&#038;p=5403"},"modified":"2022-03-01T20:04:28","modified_gmt":"2022-03-01T19:04:28","slug":"550mah-6s-75c-lipo-battery-1szt","status":"publish","type":"product","link":"https:\/\/xorr.pl\/en\/product\/550mah-6s-75c-lipo-battery-1szt\/","title":{"rendered":"550mAh 6S 75C Lipo Battery (1pcs)"},"content":{"rendered":"<p>LiPo 550mAh 6S 75C to lekki pakiet wysokiej jako\u015bci wydany przez BetaFPV. Napi\u0119cie nominalne wynosi 22.2V, co w po\u0142\u0105czeniu z pr\u0105dem roz\u0142adowania 75C zaspokaja wymagania dron\u00f3w takich jak <a href=\"https:\/\/xorr.pl\/en\/product\/x-knight-5-toothpick-quad-hd-digital-vtx\/\">X-Knight 5&#8242;<\/a>.<\/p>\n<p><img decoding=\"async\" class=\"wp-image-5409 aligncenter\" src=\"https:\/\/xorr.pl\/wp-content\/uploads\/2020\/11\/6S_-web_6b1cbe84-d246-44d9-b860-90a26f40404a_1024x1024-300x169.jpg\" alt=\"\" width=\"774\" height=\"436\" srcset=\"https:\/\/xorr.pl\/wp-content\/uploads\/2020\/11\/6S_-web_6b1cbe84-d246-44d9-b860-90a26f40404a_1024x1024-300x169.jpg 300w, https:\/\/xorr.pl\/wp-content\/uploads\/2020\/11\/6S_-web_6b1cbe84-d246-44d9-b860-90a26f40404a_1024x1024-768x432.jpg 768w, https:\/\/xorr.pl\/wp-content\/uploads\/2020\/11\/6S_-web_6b1cbe84-d246-44d9-b860-90a26f40404a_1024x1024-600x338.jpg 600w, https:\/\/xorr.pl\/wp-content\/uploads\/2020\/11\/6S_-web_6b1cbe84-d246-44d9-b860-90a26f40404a_1024x1024.jpg 1024w\" sizes=\"(max-width: 774px) 100vw, 774px\" \/><\/p>\n<h2>Specification<\/h2>\n<ul>\n<li>Pojemno\u015b\u0107: 550mAh<\/li>\n<li>Rate: 75C<\/li>\n<li>Waga: 103.61g<\/li>\n<li>Dymiary: 59x30x28mm<\/li>\n<li>Z\u0142\u0105cza: XT60U Plug and JST-XH Plug<\/li>\n<li>Kabel: Wysokopr\u0105dowy kabel w sylikonowej os\u0142onie 14AWG<\/li>\n<\/ul>\n<h2>Wymiary:<\/h2>\n<p><img decoding=\"async\" class=\"wp-image-5410 aligncenter\" src=\"https:\/\/xorr.pl\/wp-content\/uploads\/2020\/11\/WPS_1_08e19476-c833-4f85-890a-0a8a1b05ea00_1024x1024-300x176.jpg\" alt=\"\" width=\"799\" height=\"469\" srcset=\"https:\/\/xorr.pl\/wp-content\/uploads\/2020\/11\/WPS_1_08e19476-c833-4f85-890a-0a8a1b05ea00_1024x1024-300x176.jpg 300w, https:\/\/xorr.pl\/wp-content\/uploads\/2020\/11\/WPS_1_08e19476-c833-4f85-890a-0a8a1b05ea00_1024x1024-768x452.jpg 768w, https:\/\/xorr.pl\/wp-content\/uploads\/2020\/11\/WPS_1_08e19476-c833-4f85-890a-0a8a1b05ea00_1024x1024-600x353.jpg 600w, https:\/\/xorr.pl\/wp-content\/uploads\/2020\/11\/WPS_1_08e19476-c833-4f85-890a-0a8a1b05ea00_1024x1024.jpg 1024w\" sizes=\"(max-width: 799px) 100vw, 799px\" \/><\/p>\n<h2>Package<\/h2>\n<ul>\n<li>1x BETAFPV 550mAh 6S 75C Lipo<\/li>\n<\/ul>","protected":false},"excerpt":{"rendered":"<p>LiPo 550mAh 6S 75C to lekki pakiet wysokiej jako\u015bci wydany przez BetaFPV. Napi\u0119cie nominalne wynosi 22.2V, co w po\u0142\u0105czeniu z pr\u0105dem roz\u0142adowania 75C zaspokaja wymagania dron\u00f3w takich jak X-Knight 5&#8242;. Specyfikacja Pojemno\u015b\u0107: 550mAh R8: 75C Waga: 103.61g Dymiary: 59x30x28mm Z\u0142\u0105cza: XT60U Plug and JST-XH Plug Kabel: Wysokopr\u0105dowy kabel w sylikonowej os\u0142onie 14AWG Wymiary: W opakowaniu: [&hellip;]<\/p>","protected":false},"featured_media":5404,"template":"","meta":[],"product_cat":[22,25],"product_tag":[],"jetpack_sharing_enabled":true,"_links":{"self":[{"href":"https:\/\/xorr.pl\/en\/wp-json\/wp\/v2\/product\/5403"}],"collection":[{"href":"https:\/\/xorr.pl\/en\/wp-json\/wp\/v2\/product"}],"about":[{"href":"https:\/\/xorr.pl\/en\/wp-json\/wp\/v2\/types\/product"}],"wp:featuredmedia":[{"embeddable":true,"href":"https:\/\/xorr.pl\/en\/wp-json\/wp\/v2\/media\/5404"}],"wp:attachment":[{"href":"https:\/\/xorr.pl\/en\/wp-json\/wp\/v2\/media?parent=5403"}],"wp:term":[{"taxonomy":"product_cat","embeddable":true,"href":"https:\/\/xorr.pl\/en\/wp-json\/wp\/v2\/product_cat?post=5403"},{"taxonomy":"product_tag","embeddable":true,"href":"https:\/\/xorr.pl\/en\/wp-json\/wp\/v2\/product_tag?post=5403"}],"curies":[{"name":"wp","href":"https:\/\/api.w.org\/{rel}","templated":true}]}}