{"id":5438,"date":"2020-11-15T23:51:43","date_gmt":"2020-11-15T22:51:43","guid":{"rendered":"https:\/\/xorr.pl\/?post_type=product&#038;p=5438"},"modified":"2021-12-30T18:15:19","modified_gmt":"2021-12-30T17:15:19","slug":"f4-bl-fc-and-esc-v2-0-blheli_3216a","status":"publish","type":"product","link":"https:\/\/xorr.pl\/en\/product\/f4-bl-fc-and-esc-v2-0-blheli_3216a\/","title":{"rendered":"F4 BL FC and ESC V2.0 (BLHeli_32)(16A)"},"content":{"rendered":"<p>BLHeli_32 to oprogramowanie trzeciej generacji, w ko\u0144cu pozwala na wykorzystanie procesora MCU 32-bit. Mniejsze zak\u0142\u00f3cenia, wi\u0119cej mocy obliczeniowej, szybszy czas reakcji! Dshot1200!<\/p>\n<p><span style=\"color: #ff0000;\">Na tych esc mo\u017cna programowa\u0107 muzyk\u0119!<\/span><\/p>\n<h2>Specyfikacja FC:<\/h2>\n<ul>\n<li>Procesor: STM32F405 (OC 240MHz)<\/li>\n<li>Gyro: MPU6000<\/li>\n<li>Wymiary: 26mm x 26mm<\/li>\n<li>RX3 i TX3 maj\u0105 automatyczny inverter, wspieraj\u0105 wszystkie typy odbiornik\u00f3w.<\/li>\n<li>F-port<\/li>\n<li>Pady specjalnie do buzzera<\/li>\n<li>Wsparcie dla programowalnych LED&#8217;\u00f3w takich jak WS2812<\/li>\n<li>Waga: 4.2g<\/li>\n<\/ul>\n<h2><strong>DIAGRAM F405 4S FC<\/strong><\/h2>\n<p><img decoding=\"async\" class=\"wp-image-5440 aligncenter\" src=\"https:\/\/xorr.pl\/wp-content\/uploads\/2020\/11\/2_a8192c1c-4426-40dc-b391-65d0d7a3fa29_480x480-300x300.jpg\" alt=\"\" width=\"619\" height=\"619\" srcset=\"https:\/\/xorr.pl\/wp-content\/uploads\/2020\/11\/2_a8192c1c-4426-40dc-b391-65d0d7a3fa29_480x480-300x300.jpg 300w, https:\/\/xorr.pl\/wp-content\/uploads\/2020\/11\/2_a8192c1c-4426-40dc-b391-65d0d7a3fa29_480x480-150x150.jpg 150w, https:\/\/xorr.pl\/wp-content\/uploads\/2020\/11\/2_a8192c1c-4426-40dc-b391-65d0d7a3fa29_480x480-100x100.jpg 100w, https:\/\/xorr.pl\/wp-content\/uploads\/2020\/11\/2_a8192c1c-4426-40dc-b391-65d0d7a3fa29_480x480.jpg 480w\" sizes=\"(max-width: 619px) 100vw, 619px\" \/><\/p>\n<p><img decoding=\"async\" class=\"wp-image-5441 aligncenter\" src=\"https:\/\/xorr.pl\/wp-content\/uploads\/2020\/11\/0_2_grande-300x213.jpg\" alt=\"\" width=\"617\" height=\"438\" srcset=\"https:\/\/xorr.pl\/wp-content\/uploads\/2020\/11\/0_2_grande-300x213.jpg 300w, https:\/\/xorr.pl\/wp-content\/uploads\/2020\/11\/0_2_grande.jpg 599w\" sizes=\"(max-width: 617px) 100vw, 617px\" \/><\/p>\n<h2>Specyfikacja ESC:<\/h2>\n<ul>\n<li>BLHELI_32<\/li>\n<li>Wspiera PWM, Oneshot125, Oneshot42, Multishot, Dshot150, Dshot300, Dshot600, Dshot1200<\/li>\n<li>Napi\u0119cie wej\u015bcia: 3-4S lipo<\/li>\n<li>Nat\u0119\u017cenie ci\u0105g\u0142e: 16A<\/li>\n<li>MAX chwilowe nat\u0119\u017cenie: 19A<\/li>\n<li>MCU:\u00a0STM32F051K66<\/li>\n<li>Konektory silnik\u00f3w: 1.25mm<\/li>\n<li>Waga: 4.4g (7.7g z XT30)<\/li>\n<\/ul>\n<h2><strong>DIAGRAM F405 4S FC<\/strong><\/h2>\n<p><img decoding=\"async\" class=\"wp-image-5442 aligncenter\" src=\"https:\/\/xorr.pl\/wp-content\/uploads\/2020\/11\/0_3_grande-300x213.jpg\" alt=\"\" width=\"520\" height=\"369\" srcset=\"https:\/\/xorr.pl\/wp-content\/uploads\/2020\/11\/0_3_grande-300x213.jpg 300w, https:\/\/xorr.pl\/wp-content\/uploads\/2020\/11\/0_3_grande.jpg 600w\" sizes=\"(max-width: 520px) 100vw, 520px\" \/><\/p>\n<p><img decoding=\"async\" class=\"wp-image-5443 aligncenter\" src=\"https:\/\/xorr.pl\/wp-content\/uploads\/2020\/11\/0_4_grande-300x214.jpg\" alt=\"\" width=\"477\" height=\"340\" srcset=\"https:\/\/xorr.pl\/wp-content\/uploads\/2020\/11\/0_4_grande-300x214.jpg 300w, https:\/\/xorr.pl\/wp-content\/uploads\/2020\/11\/0_4_grande.jpg 600w\" sizes=\"(max-width: 477px) 100vw, 477px\" \/><\/p>\n<h2>Jak po\u0142\u0105czy\u0107 ESC z FC:<\/h2>\n<p><img decoding=\"async\" class=\"alignnone size-medium wp-image-5444\" src=\"https:\/\/xorr.pl\/wp-content\/uploads\/2020\/11\/11_a216fb08-1493-4a6b-958c-f67638519db2_grande-300x169.jpg\" alt=\"\" width=\"300\" height=\"169\" srcset=\"https:\/\/xorr.pl\/wp-content\/uploads\/2020\/11\/11_a216fb08-1493-4a6b-958c-f67638519db2_grande-300x169.jpg 300w, https:\/\/xorr.pl\/wp-content\/uploads\/2020\/11\/11_a216fb08-1493-4a6b-958c-f67638519db2_grande.jpg 600w\" sizes=\"(max-width: 300px) 100vw, 300px\" \/><\/p>\n<h2 class=\"text-left\">Zalecane podzespo\u0142y:<\/h2>\n<ul>\n<li>Rama: Beta85X\/Beta95X<\/li>\n<li>Silniki: 1105 5000KV motors ze z\u0142\u0105czem 1.5mm<\/li>\n<li>Akumulator:\u00a0 <a href=\"https:\/\/xorr.pl\/en\/product\/sls-noc-race-450mah-4s\/\" target=\"_blank\" rel=\"noopener noreferrer\">450mAh 4S<\/a><\/li>\n<li>\u015amig\u0142a: 2-2.5&#8242;<\/li>\n<\/ul>\n<p><img decoding=\"async\" class=\"wp-image-5445 aligncenter\" src=\"https:\/\/xorr.pl\/wp-content\/uploads\/2020\/11\/7_WPS_grande-300x169.jpg\" alt=\"\" width=\"522\" height=\"294\" srcset=\"https:\/\/xorr.pl\/wp-content\/uploads\/2020\/11\/7_WPS_grande-300x169.jpg 300w, https:\/\/xorr.pl\/wp-content\/uploads\/2020\/11\/7_WPS_grande.jpg 600w\" sizes=\"(max-width: 522px) 100vw, 522px\" \/><\/p>","protected":false},"excerpt":{"rendered":"<p>BLHeli_32 to oprogramowanie trzeciej generacji, w ko\u0144cu pozwala na wykorzystanie procesora MCU 32-bit. Mniejsze zak\u0142\u00f3cenia, wi\u0119cej mocy obliczeniowej, szybszy czas reakcji! Dshot1200! Na tych esc mo\u017cna programowa\u0107 muzyk\u0119! Specyfikacja FC: Procesor: STM32F405 (OC 240MHz) \u017byroskop: MPU6000 Wymiary: 26mm x 26mm RX3 i TX3 maj\u0105 automatyczny inverter, wspieraj\u0105 wszystkie typy odbiornik\u00f3w. F-port Pady specjalnie do buzzera [&hellip;]<\/p>","protected":false},"featured_media":5451,"template":"","meta":[],"product_cat":[22,32,40],"product_tag":[],"jetpack_sharing_enabled":true,"_links":{"self":[{"href":"https:\/\/xorr.pl\/en\/wp-json\/wp\/v2\/product\/5438"}],"collection":[{"href":"https:\/\/xorr.pl\/en\/wp-json\/wp\/v2\/product"}],"about":[{"href":"https:\/\/xorr.pl\/en\/wp-json\/wp\/v2\/types\/product"}],"wp:featuredmedia":[{"embeddable":true,"href":"https:\/\/xorr.pl\/en\/wp-json\/wp\/v2\/media\/5451"}],"wp:attachment":[{"href":"https:\/\/xorr.pl\/en\/wp-json\/wp\/v2\/media?parent=5438"}],"wp:term":[{"taxonomy":"product_cat","embeddable":true,"href":"https:\/\/xorr.pl\/en\/wp-json\/wp\/v2\/product_cat?post=5438"},{"taxonomy":"product_tag","embeddable":true,"href":"https:\/\/xorr.pl\/en\/wp-json\/wp\/v2\/product_tag?post=5438"}],"curies":[{"name":"wp","href":"https:\/\/api.w.org\/{rel}","templated":true}]}}