{"id":5450,"date":"2020-11-17T13:35:09","date_gmt":"2020-11-17T12:35:09","guid":{"rendered":"https:\/\/xorr.pl\/?post_type=product&#038;p=5450"},"modified":"2024-03-01T20:52:14","modified_gmt":"2024-03-01T19:52:14","slug":"silniki-1805-betafpv-1550kv-4szt","status":"publish","type":"product","link":"https:\/\/xorr.pl\/en\/product\/silniki-1805-betafpv-1550kv-4szt\/","title":{"rendered":"1805 BetaFPV 2550kv (4pcs) Motors"},"content":{"rendered":"<p>Silniki 1805 2550KV idealnie nadaj\u0105 si\u0119 do lekkich dron\u00f3w 4S 4-5&#8242;. Zalecamy stosowanie \u015bmigie\u0142 5125\/5020. <img decoding=\"async\" class=\"wp-image-5455 aligncenter\" src=\"https:\/\/xorr.pl\/wp-content\/uploads\/2020\/11\/FB-1805motor_a2d82a37-f9bb-482b-9a5c-f2d6296dc5b6_1024x1024-300x169.jpg\" alt=\"\" width=\"566\" height=\"319\" srcset=\"https:\/\/xorr.pl\/wp-content\/uploads\/2020\/11\/FB-1805motor_a2d82a37-f9bb-482b-9a5c-f2d6296dc5b6_1024x1024-300x169.jpg 300w, https:\/\/xorr.pl\/wp-content\/uploads\/2020\/11\/FB-1805motor_a2d82a37-f9bb-482b-9a5c-f2d6296dc5b6_1024x1024-768x432.jpg 768w, https:\/\/xorr.pl\/wp-content\/uploads\/2020\/11\/FB-1805motor_a2d82a37-f9bb-482b-9a5c-f2d6296dc5b6_1024x1024-600x338.jpg 600w, https:\/\/xorr.pl\/wp-content\/uploads\/2020\/11\/FB-1805motor_a2d82a37-f9bb-482b-9a5c-f2d6296dc5b6_1024x1024.jpg 1024w\" sizes=\"(max-width: 566px) 100vw, 566px\" \/><\/p>\n<h2>G\u0142\u00f3wne cechy:&#8221;<\/h2>\n<ul>\n<li>1805 2550KV to idealny silnik do akumulator\u00f3w 4S.<\/li>\n<li>Waga jednego silnika to tylko 16.1g!<\/li>\n<li>\u03c61.5mm shaft zamiast typowego shaft&#8217;u co pozwala zaoszcz\u0119dzi\u0107 wag\u0119.<\/li>\n<li>Idealnie pasuje do np. <a title=\"X-Knight 4'' FPV\" href=\"https:\/\/betafpv.com\/products\/x-knight-4inch-toothpick-quad\" target=\"_blank\" rel=\"noopener noreferrer\">X-Knight 4&#8221; FPV<\/a>.<img decoding=\"async\" class=\"wp-image-5456 aligncenter\" src=\"https:\/\/xorr.pl\/wp-content\/uploads\/2020\/11\/1_WPS_1_5a39e730-ecbf-446f-aa7b-10d0b26d2dc5_1024x1024-300x134.jpg\" alt=\"\" width=\"652\" height=\"291\" srcset=\"https:\/\/xorr.pl\/wp-content\/uploads\/2020\/11\/1_WPS_1_5a39e730-ecbf-446f-aa7b-10d0b26d2dc5_1024x1024-300x134.jpg 300w, https:\/\/xorr.pl\/wp-content\/uploads\/2020\/11\/1_WPS_1_5a39e730-ecbf-446f-aa7b-10d0b26d2dc5_1024x1024-768x343.jpg 768w, https:\/\/xorr.pl\/wp-content\/uploads\/2020\/11\/1_WPS_1_5a39e730-ecbf-446f-aa7b-10d0b26d2dc5_1024x1024-600x268.jpg 600w, https:\/\/xorr.pl\/wp-content\/uploads\/2020\/11\/1_WPS_1_5a39e730-ecbf-446f-aa7b-10d0b26d2dc5_1024x1024.jpg 1024w\" sizes=\"(max-width: 652px) 100vw, 652px\" \/><\/li>\n<\/ul>\n<h2>Specification<\/h2>\n<ul>\n<li>KV (rpm\/V): 2550KV<\/li>\n<li>Waga: 16.1g \/ szt.<\/li>\n<li>Kolor: blue-black<\/li>\n<li>Shaft: \u03c61.5mm<\/li>\n<li>Shaft (d\u0142ugo\u015b\u0107): 3.8mm<\/li>\n<li>Rozstaw otwor\u00f3w mocujacych: 12mm<\/li>\n<li>Otwory mocuj\u0105ce silniki: M2<\/li>\n<li>Napi\u0119cie wej\u015bciowe: 2550KV &#8211; 4S LIPO<\/li>\n<li>Kable: 100mm d\u0142ugo\u015bci, 24AWG<\/li>\n<li>Wymiary: 23.2 x 23.2 x 19.7mm<\/li>\n<\/ul>\n<p><img decoding=\"async\" class=\"wp-image-5457 aligncenter\" src=\"https:\/\/xorr.pl\/wp-content\/uploads\/2020\/11\/WPS_1_db1cec7f-4bf7-4f6c-a543-3e33a8610b76_600x600-300x103.jpg\" alt=\"\" width=\"580\" height=\"199\" srcset=\"https:\/\/xorr.pl\/wp-content\/uploads\/2020\/11\/WPS_1_db1cec7f-4bf7-4f6c-a543-3e33a8610b76_600x600-300x103.jpg 300w, https:\/\/xorr.pl\/wp-content\/uploads\/2020\/11\/WPS_1_db1cec7f-4bf7-4f6c-a543-3e33a8610b76_600x600.jpg 600w\" sizes=\"(max-width: 580px) 100vw, 580px\" \/><\/p>\n<h2>W opakowaniu<\/h2>\n<ul>\n<li>4x 1805 2550KV Brushless Motors<\/li>\n<li>1x Zestaw \u015brub M2<\/li>\n<\/ul>\n<p>&nbsp;<\/p>","protected":false},"excerpt":{"rendered":"<p>Silniki 1805 2550KV idealnie nadaj\u0105 si\u0119 do lekkich dron\u00f3w 4S 4-5&#8242;. Zalecamy stosowanie \u015bmigie\u0142 5125\/5020. G\u0142\u00f3wne cechy:&#8221; 1805 2550KV to idealny silnik do akumulator\u00f3w 4S. Waga jednego silnika to tylko 16.1g! \u03c61.5mm shaft zamiast typowego shaft&#8217;u co pozwala zaoszcz\u0119dzi\u0107 wag\u0119. Idealnie pasuje do np. X-Knight 4&#8221; FPV. Specyfikacja: KV (rpm\/V): 2550KV Waga: 16.1g \/ szt. [&hellip;]<\/p>","protected":false},"featured_media":5459,"template":"","meta":[],"product_cat":[22,32,36],"product_tag":[],"jetpack_sharing_enabled":true,"_links":{"self":[{"href":"https:\/\/xorr.pl\/en\/wp-json\/wp\/v2\/product\/5450"}],"collection":[{"href":"https:\/\/xorr.pl\/en\/wp-json\/wp\/v2\/product"}],"about":[{"href":"https:\/\/xorr.pl\/en\/wp-json\/wp\/v2\/types\/product"}],"wp:featuredmedia":[{"embeddable":true,"href":"https:\/\/xorr.pl\/en\/wp-json\/wp\/v2\/media\/5459"}],"wp:attachment":[{"href":"https:\/\/xorr.pl\/en\/wp-json\/wp\/v2\/media?parent=5450"}],"wp:term":[{"taxonomy":"product_cat","embeddable":true,"href":"https:\/\/xorr.pl\/en\/wp-json\/wp\/v2\/product_cat?post=5450"},{"taxonomy":"product_tag","embeddable":true,"href":"https:\/\/xorr.pl\/en\/wp-json\/wp\/v2\/product_tag?post=5450"}],"curies":[{"name":"wp","href":"https:\/\/api.w.org\/{rel}","templated":true}]}}