{"id":5484,"date":"2020-11-20T18:12:20","date_gmt":"2020-11-20T17:12:20","guid":{"rendered":"https:\/\/xorr.pl\/?post_type=product&#038;p=5484"},"modified":"2022-01-11T23:07:22","modified_gmt":"2022-01-11T22:07:22","slug":"meteor65-hd-whoop-quadcopter-1s","status":"publish","type":"product","link":"https:\/\/xorr.pl\/en\/product\/meteor65-hd-whoop-quadcopter-1s\/","title":{"rendered":"Meteor65 HD Whoop Quadcopter (1S)"},"content":{"rendered":"<p>Meteor65 HD &#8211; Nowy ultralekki dron HD 1S!<\/p>\n<p><img decoding=\"async\" class=\"wp-image-5494 aligncenter\" src=\"https:\/\/xorr.pl\/wp-content\/uploads\/2020\/11\/2FB_7d65a814-53d1-49c4-8b69-8d3857f3b33b_1024x1024-300x169.jpg\" alt=\"\" width=\"533\" height=\"300\" srcset=\"https:\/\/xorr.pl\/wp-content\/uploads\/2020\/11\/2FB_7d65a814-53d1-49c4-8b69-8d3857f3b33b_1024x1024-300x169.jpg 300w, https:\/\/xorr.pl\/wp-content\/uploads\/2020\/11\/2FB_7d65a814-53d1-49c4-8b69-8d3857f3b33b_1024x1024-768x432.jpg 768w, https:\/\/xorr.pl\/wp-content\/uploads\/2020\/11\/2FB_7d65a814-53d1-49c4-8b69-8d3857f3b33b_1024x1024-600x338.jpg 600w, https:\/\/xorr.pl\/wp-content\/uploads\/2020\/11\/2FB_7d65a814-53d1-49c4-8b69-8d3857f3b33b_1024x1024.jpg 1024w\" sizes=\"(max-width: 533px) 100vw, 533px\" \/><\/p>\n<p>Recenzja Mr ShutterBug:<\/p>\n<p class=\"responsive-video-wrap clr\"><iframe loading=\"lazy\" title=\"Meteor65 HD Review + NEW BETAFPV 1S AIO FC with BUILT-IN VTX\" width=\"1200\" height=\"675\" src=\"https:\/\/www.youtube.com\/embed\/v4lJmZ_lWGw?feature=oembed\" frameborder=\"0\" allow=\"accelerometer; autoplay; clipboard-write; encrypted-media; gyroscope; picture-in-picture\" allowfullscreen><\/iframe><\/p>\n<h2><img \/>Bullet Point<\/h2>\n<ul>\n<li>Meteor65 HD wa\u017cy zaledwie 27.46g bez baterii.<\/li>\n<li>Nowo zaprojektowany F4 AIO 1S BL FC, ze zintegrowanym VTX 25mW VTX, zero lutowania, minimum wagi.<\/li>\n<li>Silniki 0802SE-22000KV spcjalnie zaprojektowane do dron\u00f3w klasy whoop, pozwalaj\u0105 zaoszcz\u0119dzi\u0107 wag\u0119 nie trac\u0105c przy tym mocy.<\/li>\n<li>Superlekka Kamera Betafpv Nano HD o rozdzielczo\u015bci 1080P@60fps . Tylko 6.8g! Zawiera opcj\u0119 nagrywania jak i mikrofon.<\/li>\n<li>Z\u0142\u0105cze BT2.0<\/li>\n<\/ul>\n<p><img decoding=\"async\" class=\"wp-image-5496 aligncenter\" src=\"https:\/\/xorr.pl\/wp-content\/uploads\/2020\/11\/WPS_1_aeca9857-6f05-4ea8-b83f-5a08e428f32a_1024x1024-1-300x134.jpg\" alt=\"\" width=\"479\" height=\"214\" srcset=\"https:\/\/xorr.pl\/wp-content\/uploads\/2020\/11\/WPS_1_aeca9857-6f05-4ea8-b83f-5a08e428f32a_1024x1024-1-300x134.jpg 300w, https:\/\/xorr.pl\/wp-content\/uploads\/2020\/11\/WPS_1_aeca9857-6f05-4ea8-b83f-5a08e428f32a_1024x1024-1-768x342.jpg 768w, https:\/\/xorr.pl\/wp-content\/uploads\/2020\/11\/WPS_1_aeca9857-6f05-4ea8-b83f-5a08e428f32a_1024x1024-1-600x267.jpg 600w, https:\/\/xorr.pl\/wp-content\/uploads\/2020\/11\/WPS_1_aeca9857-6f05-4ea8-b83f-5a08e428f32a_1024x1024-1.jpg 1023w\" sizes=\"(max-width: 479px) 100vw, 479px\" \/><\/p>\n<h2>Specification<\/h2>\n<ul>\n<li>Waga: 27.46g (bez baterii)<\/li>\n<li>FC: F4 AIO 1S Brushless FC<\/li>\n<li>Rama: <a href=\"https:\/\/xorr.pl\/en\/product\/rama-meteor65\/\" target=\"_blank\" rel=\"noopener noreferrer\">Meteor65 Frame <\/a><\/li>\n<li>Silniki: <a title=\"BETAFPV 0802SE 22000KV Brushless Motors\" href=\"https:\/\/xorr.pl\/en\/product\/0802-19500kv-brushless-motors-4szt\/\" target=\"_blank\" rel=\"noopener noreferrer\">0802SE 22000KV<\/a><\/li>\n<li>Props: Gemfan D63-3B (Gray) <a href=\"https:\/\/betafpv.com\/collections\/31mm-propellers\/products\/31mm-3-blade-micro-whoop-propellers-1-0mm-shaft-1\" target=\"_blank\" rel=\"noopener noreferrer\">Gemfan 31mm<\/a><\/li>\n<li>Kamera: <a href=\"https:\/\/betafpv.com\/products\/betafpv-nano-hd-camera\" target=\"_blank\" rel=\"noopener noreferrer\">Betafpv Nano HD<\/a><\/li>\n<li>Canopy:\u00a0Canopy Nano HD<\/li>\n<li>Baterie:\u00a0 <a href=\"https:\/\/xorr.pl\/en\/product\/bt2-0-300mah-1s-30c-battery-1szt\/\" target=\"_blank\" rel=\"noopener noreferrer\">BT2.0 300mah<\/a><\/li>\n<\/ul>\n<h2>Nano HD Camera<\/h2>\n<p><a href=\"https:\/\/betafpv.com\/products\/betafpv-nano-hd-camera\" target=\"_blank\" rel=\"noopener noreferrer\">Betafpv Nano HD Camera<\/a> &#8211; To najl\u017cejsza kamera HD na rynku, wa\u017cy zaledwie 6.8g! Zaopatrzona w matryc\u0119 1\/2.7&#8243; CMOS o rozdzielczo\u015bci 2080p. Odkryj now\u0105 przyjemno\u015b\u0107 z latania dronem w HD!<\/p>\n<p><img decoding=\"async\" class=\"wp-image-5498 aligncenter\" src=\"https:\/\/xorr.pl\/wp-content\/uploads\/2020\/11\/WPS_1_66e26d2f-3049-462d-ac33-0b95caec7c83_600x600-300x187.jpg\" alt=\"\" width=\"579\" height=\"361\" srcset=\"https:\/\/xorr.pl\/wp-content\/uploads\/2020\/11\/WPS_1_66e26d2f-3049-462d-ac33-0b95caec7c83_600x600-300x187.jpg 300w, https:\/\/xorr.pl\/wp-content\/uploads\/2020\/11\/WPS_1_66e26d2f-3049-462d-ac33-0b95caec7c83_600x600.jpg 600w\" sizes=\"(max-width: 579px) 100vw, 579px\" \/><\/p>\n<h2>Package:<\/h2>\n<ul>\n<li>1x Meteor65 HD Whoop (1S)<\/li>\n<li>1x Zapasowe \u015bmig\u0142a 31mm (2CW+2CCW)<\/li>\n<li>2x\u00a0BT2.0 300mAh 1S Bateria<\/li>\n<li>1x BT2.0-PH2.0 Adapter<\/li>\n<li>1x Zapasowe Canopy<\/li>\n<li>1 * ND16 Filter<\/li>\n<\/ul>\n<p><img decoding=\"async\" class=\"wp-image-5499 aligncenter\" src=\"https:\/\/xorr.pl\/wp-content\/uploads\/2020\/11\/WPS_1_d32ac77f-722e-4ff2-b638-30dbd8e6b497_600x600-300x236.jpg\" alt=\"\" width=\"675\" height=\"531\" srcset=\"https:\/\/xorr.pl\/wp-content\/uploads\/2020\/11\/WPS_1_d32ac77f-722e-4ff2-b638-30dbd8e6b497_600x600-300x236.jpg 300w, https:\/\/xorr.pl\/wp-content\/uploads\/2020\/11\/WPS_1_d32ac77f-722e-4ff2-b638-30dbd8e6b497_600x600.jpg 600w\" sizes=\"(max-width: 675px) 100vw, 675px\" \/><\/p>","protected":false},"excerpt":{"rendered":"<p>Najl\u017cejszy i najmniejszy dron z kamer\u0105 HD na rynku! Odkryj przyjemno\u015b\u0107 latania w HD dzi\u0119ki temu dronowi!<br \/>\n<span style=\"color: #ff0000;\">Odbiornik FrSky FCC!<\/span><\/p>","protected":false},"featured_media":5485,"template":"","meta":[],"product_cat":[22,30],"product_tag":[],"jetpack_sharing_enabled":true,"_links":{"self":[{"href":"https:\/\/xorr.pl\/en\/wp-json\/wp\/v2\/product\/5484"}],"collection":[{"href":"https:\/\/xorr.pl\/en\/wp-json\/wp\/v2\/product"}],"about":[{"href":"https:\/\/xorr.pl\/en\/wp-json\/wp\/v2\/types\/product"}],"wp:featuredmedia":[{"embeddable":true,"href":"https:\/\/xorr.pl\/en\/wp-json\/wp\/v2\/media\/5485"}],"wp:attachment":[{"href":"https:\/\/xorr.pl\/en\/wp-json\/wp\/v2\/media?parent=5484"}],"wp:term":[{"taxonomy":"product_cat","embeddable":true,"href":"https:\/\/xorr.pl\/en\/wp-json\/wp\/v2\/product_cat?post=5484"},{"taxonomy":"product_tag","embeddable":true,"href":"https:\/\/xorr.pl\/en\/wp-json\/wp\/v2\/product_tag?post=5484"}],"curies":[{"name":"wp","href":"https:\/\/api.w.org\/{rel}","templated":true}]}}