{"id":5521,"date":"2020-11-21T21:32:52","date_gmt":"2020-11-21T20:32:52","guid":{"rendered":"https:\/\/xorr.pl\/?post_type=product&#038;p=5521"},"modified":"2024-04-01T21:39:05","modified_gmt":"2024-04-01T19:39:05","slug":"fc-f722-2-6s-aio-35ablheli_32","status":"publish","type":"product","link":"https:\/\/xorr.pl\/en\/product\/fc-f722-2-6s-aio-35ablheli_32\/","title":{"rendered":"FC F722 2-6S AIO 35A(BLHeli_S)"},"content":{"rendered":"<div id=\"revy-bundles-wrapper\" class=\"\">\n<div id=\"revy-bundle-wrapper\" class=\"\" data-product-id=\"5171783925894\">\n<div class=\"revy-bundle-wrapper-inner\">\n<div>Equipped with the updated F722 2-6S 35A AIO FC(BLHeli_S), the Pavo30 whoop drone totally supports a 4S battery for a stable and flexible flight experience. Come with a BETAFPVF722 processor FC, BetaFlight OSD, and 35A BLHeli_S ESC, this AIO flight controller offers more powerful flight performance that can push your FPV racer to the max. We highly recommend a 750mAh 4S battery for the drone, Pavo30 can get 6-8min flight time with it.<\/div>\n<\/div>\n<\/div>\n<\/div>\n<div class=\"product-single__description rte\">\n<p><img decoding=\"async\" class=\"wp-image-5523 aligncenter\" src=\"https:\/\/xorr.pl\/wp-content\/uploads\/2020\/11\/FB-_01_1024x1024-300x169.jpg\" alt=\"\" width=\"1151\" height=\"649\" srcset=\"https:\/\/xorr.pl\/wp-content\/uploads\/2020\/11\/FB-_01_1024x1024-300x169.jpg 300w, https:\/\/xorr.pl\/wp-content\/uploads\/2020\/11\/FB-_01_1024x1024-768x432.jpg 768w, https:\/\/xorr.pl\/wp-content\/uploads\/2020\/11\/FB-_01_1024x1024-600x338.jpg 600w, https:\/\/xorr.pl\/wp-content\/uploads\/2020\/11\/FB-_01_1024x1024.jpg 1024w\" sizes=\"(max-width: 1151px) 100vw, 1151px\" \/><\/p>\n<p class=\"responsive-video-wrap clr\"><iframe loading=\"lazy\" title=\"How does it all fit? New F722 35A 6S AIO with DJI PNP Connector.\" width=\"1200\" height=\"675\" src=\"https:\/\/www.youtube.com\/embed\/lys4O53A1QU?feature=oembed\" frameborder=\"0\" allow=\"accelerometer; autoplay; clipboard-write; encrypted-media; gyroscope; picture-in-picture; web-share\" allowfullscreen><\/iframe><\/p>\n<h2>Bullet Point<\/h2>\n<ul>\n<li>Main difference over pre-model is new 722 processor.<\/li>\n<li>Port 6-pin do DJI HD, zero lutowwania, system HD plug &#8216;n play.<\/li>\n<li>6 pe\u0142nych uart&#8217;\u00f3w.<\/li>\n<li>10V BEC for peripherals like VTX or Camera<\/li>\n<li>4-6S battery support<\/li>\n<li>35A ci\u0105g\u0142ego nat\u0119\u017cenia, 40A MAX chwilowe nat\u0119\u017cenie.<\/li>\n<\/ul>\n<h2>Specifications of FC<\/h2>\n<ul>\n<li>Waga: 7.89g<\/li>\n<li>Procesor: STM32F722RET6<\/li>\n<li>\u017byroskop: BMI270<\/li>\n<li>Wymiary otwor\u00f3w mocuj\u0105cych: 26mm x 26mm<\/li>\n<li>OSD: Tak (OSD chip: AT7456E)<\/li>\n<li>Wsparcie dla programowalnych LED&#8217;\u00f3w takich jak WS2812<\/li>\n<li>Wbudowany sensor nat\u0119\u017cenia<\/li>\n<\/ul>\n<h2>Specifications of ESC<\/h2>\n<ul>\n<li>Wsparcie dla protoko\u0142\u00f3w: PWM, Oneshot125, Oneshot42, Multishot, Dshot150, Dshot300, Dshot600<\/li>\n<li>Napi\u0119cie wej\u015bcia: 2S-6S Lipo<\/li>\n<li>Nat\u0119\u017cenie ci\u0105g\u0142e: 35A<\/li>\n<li>MAX Nat\u0119\u017cenie chwilowe: 40A<\/li>\n<li>ESC fw: BLHELI_S<\/li>\n<li>Kondensatory: CS|470\u03bcF|35V<\/li>\n<li>Przew\u00f3d: 80mm kabla 14AWG ze z\u0142\u0105czem XT60<\/li>\n<li>Zalecane silniki: 14xx, 15xxs, 16xx, 18xx, 20xx<\/li>\n<\/ul>\n<p><img decoding=\"async\" class=\"wp-image-5525 aligncenter\" src=\"https:\/\/xorr.pl\/wp-content\/uploads\/2020\/11\/WPS_1_0cb23172-8c43-409a-ac21-61f8120d1777_600x600-1-300x228.jpg\" alt=\"\" width=\"568\" height=\"432\" srcset=\"https:\/\/xorr.pl\/wp-content\/uploads\/2020\/11\/WPS_1_0cb23172-8c43-409a-ac21-61f8120d1777_600x600-1-300x228.jpg 300w, https:\/\/xorr.pl\/wp-content\/uploads\/2020\/11\/WPS_1_0cb23172-8c43-409a-ac21-61f8120d1777_600x600-1.jpg 600w\" sizes=\"(max-width: 568px) 100vw, 568px\" \/><\/p>\n<h2>Diagram F722 35A AIO FC<\/h2>\n<p><img decoding=\"async\" class=\"wp-image-5526 aligncenter\" src=\"https:\/\/xorr.pl\/wp-content\/uploads\/2020\/11\/WPS_1_24c56267-5c63-4eb3-85f1-39d22de2b8ff_600x600-300x241.jpg\" alt=\"\" width=\"487\" height=\"391\" srcset=\"https:\/\/xorr.pl\/wp-content\/uploads\/2020\/11\/WPS_1_24c56267-5c63-4eb3-85f1-39d22de2b8ff_600x600-300x241.jpg 300w, https:\/\/xorr.pl\/wp-content\/uploads\/2020\/11\/WPS_1_24c56267-5c63-4eb3-85f1-39d22de2b8ff_600x600.jpg 600w\" sizes=\"(max-width: 487px) 100vw, 487px\" \/><\/p>\n<h2>Jak pod\u0142\u0105czy\u0107 FC do RX<\/h2>\n<h4>FrSky XM+:<\/h4>\n<p><img decoding=\"async\" class=\"wp-image-5527 aligncenter\" src=\"https:\/\/xorr.pl\/wp-content\/uploads\/2020\/11\/RX_-Frsky_089b8585-7df3-4688-8eb8-df9adaeab976_480x480-300x133.jpg\" alt=\"\" width=\"514\" height=\"228\" srcset=\"https:\/\/xorr.pl\/wp-content\/uploads\/2020\/11\/RX_-Frsky_089b8585-7df3-4688-8eb8-df9adaeab976_480x480-300x133.jpg 300w, https:\/\/xorr.pl\/wp-content\/uploads\/2020\/11\/RX_-Frsky_089b8585-7df3-4688-8eb8-df9adaeab976_480x480.jpg 479w\" sizes=\"(max-width: 514px) 100vw, 514px\" \/><\/p>\n<h4>TBS CRSF:<\/h4>\n<p><img decoding=\"async\" class=\"wp-image-5528 aligncenter\" src=\"https:\/\/xorr.pl\/wp-content\/uploads\/2020\/11\/RX_-TBS_024186ba-517a-46c5-b7ff-bff5957b2bfb_480x480-300x133.jpg\" alt=\"\" width=\"568\" height=\"252\" srcset=\"https:\/\/xorr.pl\/wp-content\/uploads\/2020\/11\/RX_-TBS_024186ba-517a-46c5-b7ff-bff5957b2bfb_480x480-300x133.jpg 300w, https:\/\/xorr.pl\/wp-content\/uploads\/2020\/11\/RX_-TBS_024186ba-517a-46c5-b7ff-bff5957b2bfb_480x480.jpg 479w\" sizes=\"(max-width: 568px) 100vw, 568px\" \/><\/p>\n<h2>Zalecane podzespo\u0142y<\/h2>\n<ul>\n<li>Silniki: <a href=\"https:\/\/xorr.pl\/en\/product\/silniki-1805-betafpv-1550kv-4szt\/\">1805 1550KV<\/a>, <a title=\"1506 Brushless Motor\" href=\"https:\/\/xorr.pl\/en\/product\/1506-3000kv-brushless-motors\/\" target=\"_blank\" rel=\"noopener noreferrer\">1506 3000kv<\/a><\/li>\n<li>\u015amig\u0142a: 5125\/3 ; 5020<\/li>\n<li>Rama: 4-5&#8242;<\/li>\n<\/ul>\n<h2>Package:<\/h2>\n<ul>\n<li>1x Toothpick F722 35A AIO 2-6S FC<\/li>\n<li>1x Pigtail (XT60U)<\/li>\n<li>1x Kondensator<\/li>\n<li>1x 6-Pin Connector do DJI Digital VTX<\/li>\n<li>4x M2x10mm \u015bruby<\/li>\n<li>8x M2 nakr\u0119tki<\/li>\n<\/ul>\n<p><img decoding=\"async\" class=\"wp-image-5529 aligncenter\" src=\"https:\/\/xorr.pl\/wp-content\/uploads\/2020\/11\/WPS_1_d3ad2e60-16ff-4923-80b7-e99a33d12471_600x600-300x217.jpg\" alt=\"\" width=\"465\" height=\"336\" srcset=\"https:\/\/xorr.pl\/wp-content\/uploads\/2020\/11\/WPS_1_d3ad2e60-16ff-4923-80b7-e99a33d12471_600x600-300x217.jpg 300w, https:\/\/xorr.pl\/wp-content\/uploads\/2020\/11\/WPS_1_d3ad2e60-16ff-4923-80b7-e99a33d12471_600x600.jpg 600w\" sizes=\"(max-width: 465px) 100vw, 465px\" \/><\/p>\n<\/div>","protected":false},"excerpt":{"rendered":"<p>F722 2-6S AIO 35A FC to niezawodny kontroler lotu, chip F722 o najwy\u017cszej mocy obliczeniowej dost\u0119pnej we wszystkich FC. Konektor 6-pin do pod\u0142\u0105czania nadajnik\u00f3w DJI HD. Wsparcie dla akumulator\u00f3w 6S, oraz wiele innych pozytywnych cech. G\u0142\u00f3wne cechy G\u0142\u00f3wn\u0105 zmian\u0105 wzgl\u0119dem poprzednika jest procesor, wcze\u015bniej stosowano procesor F411 kt\u00f3ry zamieniono na F722. Nowy procesor ma du\u017co [&hellip;]<\/p>","protected":false},"featured_media":5530,"template":"","meta":[],"product_cat":[22,32,40],"product_tag":[],"jetpack_sharing_enabled":true,"_links":{"self":[{"href":"https:\/\/xorr.pl\/en\/wp-json\/wp\/v2\/product\/5521"}],"collection":[{"href":"https:\/\/xorr.pl\/en\/wp-json\/wp\/v2\/product"}],"about":[{"href":"https:\/\/xorr.pl\/en\/wp-json\/wp\/v2\/types\/product"}],"wp:featuredmedia":[{"embeddable":true,"href":"https:\/\/xorr.pl\/en\/wp-json\/wp\/v2\/media\/5530"}],"wp:attachment":[{"href":"https:\/\/xorr.pl\/en\/wp-json\/wp\/v2\/media?parent=5521"}],"wp:term":[{"taxonomy":"product_cat","embeddable":true,"href":"https:\/\/xorr.pl\/en\/wp-json\/wp\/v2\/product_cat?post=5521"},{"taxonomy":"product_tag","embeddable":true,"href":"https:\/\/xorr.pl\/en\/wp-json\/wp\/v2\/product_tag?post=5521"}],"curies":[{"name":"wp","href":"https:\/\/api.w.org\/{rel}","templated":true}]}}