{"id":5522,"date":"2020-11-21T21:54:50","date_gmt":"2020-11-21T20:54:50","guid":{"rendered":"https:\/\/xorr.pl\/?post_type=product&#038;p=5522"},"modified":"2022-12-19T17:40:21","modified_gmt":"2022-12-19T16:40:21","slug":"akumulator-1000mah-4s-75c","status":"publish","type":"product","link":"https:\/\/xorr.pl\/en\/product\/akumulator-1000mah-4s-75c\/","title":{"rendered":"1000mAh 4S 75C Battery"},"content":{"rendered":"<nav role=\"navigation\" aria-label=\"breadcrumbs\"><img decoding=\"async\" class=\"wp-image-5538 aligncenter\" src=\"https:\/\/xorr.pl\/wp-content\/uploads\/2020\/11\/FB-3_4a522038-d074-4ed6-8fbf-64fa0f7b49b1_1024x1024-300x169.jpg\" alt=\"\" width=\"767\" height=\"432\" srcset=\"https:\/\/xorr.pl\/wp-content\/uploads\/2020\/11\/FB-3_4a522038-d074-4ed6-8fbf-64fa0f7b49b1_1024x1024-300x169.jpg 300w, https:\/\/xorr.pl\/wp-content\/uploads\/2020\/11\/FB-3_4a522038-d074-4ed6-8fbf-64fa0f7b49b1_1024x1024-768x432.jpg 768w, https:\/\/xorr.pl\/wp-content\/uploads\/2020\/11\/FB-3_4a522038-d074-4ed6-8fbf-64fa0f7b49b1_1024x1024-600x338.jpg 600w, https:\/\/xorr.pl\/wp-content\/uploads\/2020\/11\/FB-3_4a522038-d074-4ed6-8fbf-64fa0f7b49b1_1024x1024.jpg 1024w\" sizes=\"(max-width: 767px) 100vw, 767px\" \/><\/nav>\n<nav role=\"navigation\" aria-label=\"breadcrumbs\">\n<h2>Specification<\/h2>\n<ul>\n<li>Pojemno\u015b\u0107: 1000mAh<\/li>\n<li>Rate: 75C<\/li>\n<li>Waga: 117.35g<\/li>\n<li>Dimension: 70x34x23mm<\/li>\n<li>Z\u0142\u0105cze: XT60, JST-XH<\/li>\n<li>Kabel: 14AWG Sylikonowa izolacja<\/li>\n<\/ul>\n<h2>Wymiary:<\/h2>\n<p><img decoding=\"async\" class=\"alignnone size-medium wp-image-5539\" src=\"https:\/\/xorr.pl\/wp-content\/uploads\/2020\/11\/WPS_12_7b18c130-56b2-4d45-8f62-eea9be0c004b_600x600-300x207.jpg\" alt=\"\" width=\"300\" height=\"207\" srcset=\"https:\/\/xorr.pl\/wp-content\/uploads\/2020\/11\/WPS_12_7b18c130-56b2-4d45-8f62-eea9be0c004b_600x600-300x207.jpg 300w, https:\/\/xorr.pl\/wp-content\/uploads\/2020\/11\/WPS_12_7b18c130-56b2-4d45-8f62-eea9be0c004b_600x600.jpg 600w\" sizes=\"(max-width: 300px) 100vw, 300px\" \/><\/p>\n<p><span style=\"color: #ff0000;\">W opakowaniu 1szt.<\/span><\/p>\n<p>&nbsp;<\/p>\n<\/nav>","protected":false},"excerpt":{"rendered":"<p>Specyfikacja Pojemno\u015b\u0107: 1000mAh R8: 75C Waga: 117.35g Dimension: 70x34x23mm Z\u0142\u0105cze: XT60, JST-XH Kabel: 14AWG Sylikonowa izolacja Wymiary: W opakowaniu 1szt. &nbsp;<\/p>","protected":false},"featured_media":5533,"template":"","meta":[],"product_cat":[22,25],"product_tag":[],"jetpack_sharing_enabled":true,"_links":{"self":[{"href":"https:\/\/xorr.pl\/en\/wp-json\/wp\/v2\/product\/5522"}],"collection":[{"href":"https:\/\/xorr.pl\/en\/wp-json\/wp\/v2\/product"}],"about":[{"href":"https:\/\/xorr.pl\/en\/wp-json\/wp\/v2\/types\/product"}],"wp:featuredmedia":[{"embeddable":true,"href":"https:\/\/xorr.pl\/en\/wp-json\/wp\/v2\/media\/5533"}],"wp:attachment":[{"href":"https:\/\/xorr.pl\/en\/wp-json\/wp\/v2\/media?parent=5522"}],"wp:term":[{"taxonomy":"product_cat","embeddable":true,"href":"https:\/\/xorr.pl\/en\/wp-json\/wp\/v2\/product_cat?post=5522"},{"taxonomy":"product_tag","embeddable":true,"href":"https:\/\/xorr.pl\/en\/wp-json\/wp\/v2\/product_tag?post=5522"}],"curies":[{"name":"wp","href":"https:\/\/api.w.org\/{rel}","templated":true}]}}