{"id":5561,"date":"2020-11-23T22:35:59","date_gmt":"2020-11-23T21:35:59","guid":{"rendered":"https:\/\/xorr.pl\/?post_type=product&#038;p=5561"},"modified":"2024-08-26T13:32:37","modified_gmt":"2024-08-26T11:32:37","slug":"plytka-bec-do-gopro-hero-6-7-8-naked","status":"publish","type":"product","link":"https:\/\/xorr.pl\/en\/product\/plytka-bec-do-gopro-hero-6-7-8-naked\/","title":{"rendered":"P\u0142ytka BEC do GoPro HERO 6\/7\/8 Naked"},"content":{"rendered":"<p>Na pro\u015bby klient\u00f3w kt\u00f3rym brakowa\u0142o BEC&#8217;a do GoPro 8, Beta takowy zaprojektowa\u0142a. Zasilanie z akumulatora, ultra niska waga (1.5g), BEC 5V@2A, przyciski do GoPro, led&#8217;y oraz nagrywanie na prze\u0142\u0105cznik w radiu, pozwalaj\u0105 cieszy\u0107 si\u0119 z GoPro Naked tak jak z oryginalnej wersji.<\/p>\n<p><span style=\"color: #b3b3b3;\"><em>Zapami\u0119taj: BEC do GP HERO8, razem z kamer\u0105, nie pasuj\u0105. Tutaj mo\u017cecie pobra\u0107 STL do obudowy na GoPro 8: <a title=\"STL file for GoPro HERO8 Case\" href=\"https:\/\/betafpv.freshdesk.com\/support\/solutions\/articles\/27000064755-stl-file-for-case-for-naked-gopro-hero8\" target=\"_blank\" rel=\"noopener noreferrer\">STL file HERO8 Case<\/a><\/em><\/span><\/p>\n<p><img decoding=\"async\" class=\"wp-image-5562 aligncenter\" src=\"https:\/\/xorr.pl\/wp-content\/uploads\/2020\/11\/FB_d3c1ba42-44eb-4a1f-9ef8-c33a30540586_1024x1024-300x169.jpg\" alt=\"\" width=\"564\" height=\"318\" srcset=\"https:\/\/xorr.pl\/wp-content\/uploads\/2020\/11\/FB_d3c1ba42-44eb-4a1f-9ef8-c33a30540586_1024x1024-300x169.jpg 300w, https:\/\/xorr.pl\/wp-content\/uploads\/2020\/11\/FB_d3c1ba42-44eb-4a1f-9ef8-c33a30540586_1024x1024-768x432.jpg 768w, https:\/\/xorr.pl\/wp-content\/uploads\/2020\/11\/FB_d3c1ba42-44eb-4a1f-9ef8-c33a30540586_1024x1024-600x338.jpg 600w, https:\/\/xorr.pl\/wp-content\/uploads\/2020\/11\/FB_d3c1ba42-44eb-4a1f-9ef8-c33a30540586_1024x1024.jpg 1024w\" sizes=\"(max-width: 564px) 100vw, 564px\" \/><\/p>\n<h2>Bullet Point<\/h2>\n<ul>\n<li>P\u0142ytka BEC wa\u017cy zaledwie 1.5g!<\/li>\n<li>Wszystkie przyciski co w normalnym GoPro HERO.<\/li>\n<li>Zintegrowane LED&#8217;y i zasilanie.<\/li>\n<li>Mo\u017cliwo\u015b\u0107 w\u0142\u0105czenia nagrywania z poziomu kontrolera.<\/li>\n<\/ul>\n<h2>Specification<\/h2>\n<ul>\n<li>Waga: 1.53g\/1.57g<\/li>\n<li>BEC: 5V @ 2A<\/li>\n<li>Napi\u0119cie wej\u015bciowe: 2-4S<\/li>\n<li>Konektor: GH 1.25 3P<\/li>\n<\/ul>\n<p><img decoding=\"async\" class=\"wp-image-5563 aligncenter\" src=\"https:\/\/xorr.pl\/wp-content\/uploads\/2020\/11\/WPS_12_600x600-300x110.jpg\" alt=\"\" width=\"472\" height=\"173\" srcset=\"https:\/\/xorr.pl\/wp-content\/uploads\/2020\/11\/WPS_12_600x600-300x110.jpg 300w, https:\/\/xorr.pl\/wp-content\/uploads\/2020\/11\/WPS_12_600x600.jpg 600w\" sizes=\"(max-width: 472px) 100vw, 472px\" \/><\/p>\n<h2 class=\"p16ugcud\" style=\"text-align: start;\" data-key=\"112\" data-type=\"paragraph\">BEC Diagram<\/h2>\n<div class=\"p16ugcud\" style=\"text-align: start;\" data-key=\"112\" data-type=\"paragraph\">\n<div class=\"p16ugcud\" data-type=\"paragraph\" data-key=\"112\">\n<p>Dwa przyciski na p\u0142ytce BEC funkcjonuj\u0105 tak samo jak te na pe\u0142nym GoPro. Najcz\u0119stsze trzy funkcje kt\u00f3re b\u0119dziesz u\u017cywa\u0142:<\/p>\n<ul>\n<li>ON &#8211; naci\u015bnij przycisk &#8220;Power \/ Mode&#8221;, led b\u0142y\u015bnie trzykrotnie i si\u0119 wy\u0142\u0105czy.<\/li>\n<li>W\u0142\u0105cz nagrywanie &#8211; Naci\u015bnij przycisk &#8220;Record&#8221; jednokrotnie, led zacznie miga\u0107 powoli. Je\u017celi led b\u0142y\u015bnie jednokrotnie i przestanie \u015bwieci\u0107 oznacza to brak karty SD w slocie.<\/li>\n<li>Wy\u0142\u0105cz nagrywanie &#8211; Naci\u015bnij przycisk &#8220;Record&#8221;, led przestane miga\u0107.<\/li>\n<\/ul>\n<h4>GoPro HERO6\/7<\/h4>\n<p><img decoding=\"async\" class=\"wp-image-5564 aligncenter\" src=\"https:\/\/xorr.pl\/wp-content\/uploads\/2020\/11\/web_a5eab90b-05bd-4063-838a-5e2188cfa664_1024x1024-300x168.jpg\" alt=\"\" width=\"548\" height=\"307\" srcset=\"https:\/\/xorr.pl\/wp-content\/uploads\/2020\/11\/web_a5eab90b-05bd-4063-838a-5e2188cfa664_1024x1024-300x168.jpg 300w, https:\/\/xorr.pl\/wp-content\/uploads\/2020\/11\/web_a5eab90b-05bd-4063-838a-5e2188cfa664_1024x1024-768x431.jpg 768w, https:\/\/xorr.pl\/wp-content\/uploads\/2020\/11\/web_a5eab90b-05bd-4063-838a-5e2188cfa664_1024x1024-600x336.jpg 600w, https:\/\/xorr.pl\/wp-content\/uploads\/2020\/11\/web_a5eab90b-05bd-4063-838a-5e2188cfa664_1024x1024.jpg 1024w\" sizes=\"(max-width: 548px) 100vw, 548px\" \/><\/p>\n<h4>GoPro HERO8<\/h4>\n<\/div>\n<p><img decoding=\"async\" class=\"wp-image-5565 aligncenter\" src=\"https:\/\/xorr.pl\/wp-content\/uploads\/2020\/11\/f8dc8f7248c3753ff593fd257b8dc2ea_8e2f90ab-be76-4ede-88ea-1d4c2614ac8b_1024x1024-300x168.jpg\" alt=\"\" width=\"486\" height=\"272\" srcset=\"https:\/\/xorr.pl\/wp-content\/uploads\/2020\/11\/f8dc8f7248c3753ff593fd257b8dc2ea_8e2f90ab-be76-4ede-88ea-1d4c2614ac8b_1024x1024-300x168.jpg 300w, https:\/\/xorr.pl\/wp-content\/uploads\/2020\/11\/f8dc8f7248c3753ff593fd257b8dc2ea_8e2f90ab-be76-4ede-88ea-1d4c2614ac8b_1024x1024-768x431.jpg 768w, https:\/\/xorr.pl\/wp-content\/uploads\/2020\/11\/f8dc8f7248c3753ff593fd257b8dc2ea_8e2f90ab-be76-4ede-88ea-1d4c2614ac8b_1024x1024-600x336.jpg 600w, https:\/\/xorr.pl\/wp-content\/uploads\/2020\/11\/f8dc8f7248c3753ff593fd257b8dc2ea_8e2f90ab-be76-4ede-88ea-1d4c2614ac8b_1024x1024.jpg 1024w\" sizes=\"(max-width: 486px) 100vw, 486px\" \/><\/p>\n<h2>LED Status<\/h2>\n<p>Przy normalnym korzystaniu, najpierw podepnij z\u0142\u0105cze G1.25 do GoPro, dopiero wtedy pod\u0142\u0105cz zasilanie. Led za\u015bwieci jednokrotnie, nast\u0119pnie naci\u015bnij przycisk &#8220;Power \/ Mode&#8221; aby w\u0142\u0105czy\u0107 kamer\u0119. Status LED na BEC jest taki sam jak na GoPro<\/p>\n<table style=\"width: 758px; height: 310px;\">\n<tbody>\n<tr style=\"height: 33px;\">\n<td style=\"width: 149px; height: 33px;\">Description<\/td>\n<td style=\"width: 309px; height: 33px;\">Czynno\u015b\u0107<\/td>\n<td style=\"width: 176px; height: 33px;\">Status LED<\/td>\n<\/tr>\n<tr style=\"height: 33px;\">\n<td style=\"width: 149px; height: 33px;\">Kamera w\u0142\u0105czona<\/td>\n<td style=\"width: 309px; height: 33px;\">Naci\u015bnij przycisk &#8220;Power \/ Mode&#8221; jednokrotnie<\/td>\n<td style=\"width: 176px; height: 33px;\">Za\u015bwieci si\u0119 3x i si\u0119 wy\u0142\u0105czy<\/td>\n<\/tr>\n<tr style=\"height: 2px;\">\n<td style=\"width: 149px; height: 2px;\">Kamera wy\u0142\u0105czona<\/td>\n<td style=\"width: 309px; height: 2px;\">Naci\u015bnij przycisk &#8220;Power \/ Mode&#8221; na 5 sekund<\/td>\n<td style=\"width: 176px; height: 2px;\">Miga 7x i si\u0119 wy\u0142\u0105cza<\/td>\n<\/tr>\n<tr style=\"height: 52px;\">\n<td style=\"width: 149px; height: 52px;\">Start nagrywania<\/td>\n<td style=\"width: 309px; height: 52px;\">Naci\u015bnij przycisk &#8220;Record&#8221; jednokrotnie<\/td>\n<td style=\"width: 176px; height: 52px;\">Powoli miga<\/td>\n<\/tr>\n<tr style=\"height: 52px;\">\n<td style=\"width: 149px; height: 52px;\">Nagrywanie zatrzymane<\/td>\n<td style=\"width: 309px; height: 52px;\">Naci\u015bnij przycisk &#8220;Record&#8221; jednokrotnie<\/td>\n<td style=\"width: 176px; height: 52px;\">Led miga 3x i si\u0119 wy\u0142\u0105cza<\/td>\n<\/tr>\n<tr style=\"height: 35px;\">\n<td style=\"width: 149px; height: 35px;\">Prze\u0142\u0105czanie tryb\u00f3w<\/td>\n<td style=\"width: 309px; height: 35px;\">Naci\u015bnij przycisk &#8220;Power \/ Mode&#8221;<\/td>\n<td style=\"width: 176px; height: 35px;\">Sprawd\u017a tryb na wy\u015bwietlaczu LCD<\/td>\n<\/tr>\n<\/tbody>\n<\/table>\n<h2 class=\"p16ugcud\" data-key=\"114\" data-type=\"paragraph\">Jak ustawi\u0107 &#8220;nagrywanie na prze\u0142\u0105cznik&#8221;.<\/h2>\n<p>Od teraz mo\u017cesz w\u0142\u0105cza\u0107 i wy\u0142\u0105cza\u0107 nagrywanie prze\u0142\u0105cznikiem na kontrolerze. Ale wpierw jak to ustawi\u0107?<\/p>\n<div class=\"p16ugcud\" style=\"text-align: start;\" data-key=\"114\" data-type=\"paragraph\">\n<p>Za przyk\u0142ad pos\u0142u\u017cy nam <a title=\"betafpv\" href=\"https:\/\/xorr.pl\/en\/product\/f4-bl-fc-and-esc-v2-0-blheli_3216a\/\" target=\"_blank\" rel=\"noopener noreferrer\">F4 FC V2.0<\/a> stosowany w dronach takich jak <a href=\"https:\/\/xorr.pl\/en\/product\/beta95x-v2-whoop-quadcopter\/\">Beta95X V2<\/a>. Wpierw przylutuj \u017c\u00f3\u0142ty kabel do pin&#8217;a FC B12, kt\u00f3ry s\u0142u\u017cy tylko do tego celu.<\/p>\n<p><img decoding=\"async\" class=\"wp-image-5566 aligncenter\" src=\"https:\/\/xorr.pl\/wp-content\/uploads\/2020\/11\/F405-_95X_-1_a54afb4f-72fa-484e-87cd-dbe5602c7ff7_480x480-300x180.jpg\" alt=\"\" width=\"752\" height=\"451\" srcset=\"https:\/\/xorr.pl\/wp-content\/uploads\/2020\/11\/F405-_95X_-1_a54afb4f-72fa-484e-87cd-dbe5602c7ff7_480x480-300x180.jpg 300w, https:\/\/xorr.pl\/wp-content\/uploads\/2020\/11\/F405-_95X_-1_a54afb4f-72fa-484e-87cd-dbe5602c7ff7_480x480.jpg 480w\" sizes=\"(max-width: 752px) 100vw, 752px\" \/><\/p>\n<p>Nat\u0119pnie korzystamy z fonkcji Pinio w Betaflight, aby m\u00f3c kontrolowa\u0107 nagrywanie. Funkcj\u0119 t\u0105 ustawiamy w nast\u0119puj\u0105cy spos\u00f3b (przekopiuj poni\u017csze wiersze polece\u0144, wklej je do CLI a nast\u0119pnie naci\u015bnij ENTER):<\/p>\n<p>resource FLASH_CS 1 NONE<br \/>\nresource PINIO 1 B12<br \/>\nset pinio_box = 40,255,255,255<br \/>\nsave<\/p>\n<p>Nast\u0119pnie musimy przypisa\u0107 prze\u0142\u0105cznik\/przycisk do funkcji. (Pinio ~ USER1).<br \/>\nPrzypisujemy preferowany kana\u0142 AUX (w tym przypadku AUX4) do Funkcji USER1 Pinio.<br \/>\n<b>Kursor w stanie spoczynku powinien znajdowa\u0107 si\u0119 w pomara\u0144czowym polu.\u00a0<\/b><\/p>\n<p><img decoding=\"async\" class=\"wp-image-5567 aligncenter\" src=\"https:\/\/xorr.pl\/wp-content\/uploads\/2020\/11\/user1-300x65.jpg\" alt=\"\" width=\"632\" height=\"137\" srcset=\"https:\/\/xorr.pl\/wp-content\/uploads\/2020\/11\/user1-300x65.jpg 300w, https:\/\/xorr.pl\/wp-content\/uploads\/2020\/11\/user1.jpg 492w\" sizes=\"(max-width: 632px) 100vw, 632px\" \/><\/p>\n<p>Nast\u0119pnie sprawdzamy czy funkcja Pinio dzia\u0142a. <strong>Sprawd\u017a czy zmieniaj\u0105c warto\u015b\u0107 AUX(4) kursor zmienia po\u0142o\u017cenie, kursor powinien przeskakiwa\u0107 mi\u0119dzy polem pomara\u0144czowym a bia\u0142ym.<\/strong> Nast\u0119pnie sprawd\u017a czy Status LED na kamerze zmienia si\u0119 wskazuj\u0105c na nagrywanie.<\/p>\n<p>Je\u017celi korzystasz z 12A F4 AIO FC, stosowanego w dronach takich jak Beta85X, musisz skorzysta\u0107 z pin&#8217;u LED_STRIP (A08). Skorzystaj z wierszy polece\u0144:<\/p>\n<p>resource LED_STRIP 1 NONE<br \/>\nresource PINIO 1 A08<br \/>\nset pinio_box = 40,255,255,255<br \/>\nsave<\/p>\n<p><img decoding=\"async\" class=\"size-medium wp-image-5568 aligncenter\" src=\"https:\/\/xorr.pl\/wp-content\/uploads\/2020\/11\/F4_AIO_FC_12A_V2_-_85X_-1_593a9c38-53be-42dc-a5d5-15bf14859862_480x480-300x180.jpg\" alt=\"\" width=\"300\" height=\"180\" srcset=\"https:\/\/xorr.pl\/wp-content\/uploads\/2020\/11\/F4_AIO_FC_12A_V2_-_85X_-1_593a9c38-53be-42dc-a5d5-15bf14859862_480x480-300x180.jpg 300w, https:\/\/xorr.pl\/wp-content\/uploads\/2020\/11\/F4_AIO_FC_12A_V2_-_85X_-1_593a9c38-53be-42dc-a5d5-15bf14859862_480x480.jpg 480w\" sizes=\"(max-width: 300px) 100vw, 300px\" \/><\/p>\n<h2>Jak zamontowa\u0107 GoPro HERO6\/8 Black w obudowie i zamontowa\u0107 BEC<\/h2>\n<p>Linki przydatne przy rozbieraniu GoPro:<br \/>\n<a href=\"https:\/\/www.facebook.com\/notes\/naked-cinewhoop-community-gopro-insta360-and-the-others\/gopro-hero6-black-disassembly-guide\/278177150142498\/\">GoPro HERO6 Black Disassembly Guide<\/a><br \/>\n<a title=\"GoPro Hero8 Black disassembly guide\" href=\"https:\/\/drive.google.com\/file\/d\/1SbetTFhECogr-prt_DqIpXEdTE3Jd8EF\/view?fbclid=IwAR0sOXk296xgcrXXDbRanmnYhMVzmSibe6zTS1s-RfiPeJYQgtsDIv5CQIQ\" target=\"_blank\" rel=\"noopener noreferrer\">GoPro HERO8 Black Disassembly Guide<\/a><\/p>\n<p>Zapami\u0119taj: Poni\u017csze czynno\u015bci robisz na w\u0142asne ryzyko, tracisz gwarancj\u0119 GoPro i ryzyko uszkodzenia elektroniki le\u017cy po twojej stronie. Nie jeste\u015bmy odpowiedzialni za pope\u0142nione b\u0142\u0119dy skutkuj\u0105ce uszkodzeniem elektroniki.<\/p>\n<p>Tak powinno wygl\u0105da\u0107 BEC i GoPro w obudowie:<\/p>\n<p><img decoding=\"async\" class=\"wp-image-5569 aligncenter\" src=\"https:\/\/xorr.pl\/wp-content\/uploads\/2020\/11\/BEC__WPS_1_d915a756-1819-40af-ac4a-e77fb7e61545_600x600-300x223.jpg\" alt=\"\" width=\"453\" height=\"337\" srcset=\"https:\/\/xorr.pl\/wp-content\/uploads\/2020\/11\/BEC__WPS_1_d915a756-1819-40af-ac4a-e77fb7e61545_600x600-300x223.jpg 300w, https:\/\/xorr.pl\/wp-content\/uploads\/2020\/11\/BEC__WPS_1_d915a756-1819-40af-ac4a-e77fb7e61545_600x600.jpg 600w\" sizes=\"(max-width: 453px) 100vw, 453px\" \/><\/p>\n<h2>Package<\/h2>\n<ul>\n<li>1x BEC GoPro HERO6\/7<\/li>\n<li>1x Kabel GH1.25 (80mm 30AWG)<\/li>\n<\/ul>\n<p><img decoding=\"async\" class=\"wp-image-5570 aligncenter\" src=\"https:\/\/xorr.pl\/wp-content\/uploads\/2020\/11\/WPS_1_WPS_1_efe0911b-3fcb-4b75-a819-b0522f60e2e5_600x600-300x162.jpg\" alt=\"\" width=\"419\" height=\"226\" srcset=\"https:\/\/xorr.pl\/wp-content\/uploads\/2020\/11\/WPS_1_WPS_1_efe0911b-3fcb-4b75-a819-b0522f60e2e5_600x600-300x162.jpg 300w, https:\/\/xorr.pl\/wp-content\/uploads\/2020\/11\/WPS_1_WPS_1_efe0911b-3fcb-4b75-a819-b0522f60e2e5_600x600.jpg 600w\" sizes=\"(max-width: 419px) 100vw, 419px\" \/><\/p>\n<p>lub<\/p>\n<ul>\n<li>1x BEC GoPro HERO8<\/li>\n<li>1x Kabel GH1.25 (80mm 30AWG)<\/li>\n<li>3x \u015aruby M1.4*4<\/li>\n<\/ul>\n<p><img decoding=\"async\" class=\"wp-image-5571 aligncenter\" src=\"https:\/\/xorr.pl\/wp-content\/uploads\/2020\/11\/BEC__WPS_1_WPS_1_600x600-300x177.jpg\" alt=\"\" width=\"497\" height=\"293\" srcset=\"https:\/\/xorr.pl\/wp-content\/uploads\/2020\/11\/BEC__WPS_1_WPS_1_600x600-300x177.jpg 300w, https:\/\/xorr.pl\/wp-content\/uploads\/2020\/11\/BEC__WPS_1_WPS_1_600x600.jpg 600w\" sizes=\"(max-width: 497px) 100vw, 497px\" \/><\/p>\n<\/div>\n<\/div>","protected":false},"excerpt":{"rendered":"<p>Na pro\u015bby klient\u00f3w kt\u00f3rym brakowa\u0142o BEC&#8217;a do GoPro 8, Beta takowy zaprojektowa\u0142a. Zasilanie z akumulatora, ultra niska waga (1.5g), BEC 5V@2A, przyciski do GoPro, led&#8217;y oraz nagrywanie na prze\u0142\u0105cznik w radiu, pozwalaj\u0105 cieszy\u0107 si\u0119 z GoPro Naked tak jak z oryginalnej wersji. Zapami\u0119taj: BEC do GP HERO8, razem z kamer\u0105, nie pasuj\u0105. Tutaj mo\u017cecie pobra\u0107 [&hellip;]<\/p>","protected":false},"featured_media":5572,"template":"","meta":[],"product_cat":[22,32,33],"product_tag":[],"jetpack_sharing_enabled":true,"_links":{"self":[{"href":"https:\/\/xorr.pl\/en\/wp-json\/wp\/v2\/product\/5561"}],"collection":[{"href":"https:\/\/xorr.pl\/en\/wp-json\/wp\/v2\/product"}],"about":[{"href":"https:\/\/xorr.pl\/en\/wp-json\/wp\/v2\/types\/product"}],"wp:featuredmedia":[{"embeddable":true,"href":"https:\/\/xorr.pl\/en\/wp-json\/wp\/v2\/media\/5572"}],"wp:attachment":[{"href":"https:\/\/xorr.pl\/en\/wp-json\/wp\/v2\/media?parent=5561"}],"wp:term":[{"taxonomy":"product_cat","embeddable":true,"href":"https:\/\/xorr.pl\/en\/wp-json\/wp\/v2\/product_cat?post=5561"},{"taxonomy":"product_tag","embeddable":true,"href":"https:\/\/xorr.pl\/en\/wp-json\/wp\/v2\/product_tag?post=5561"}],"curies":[{"name":"wp","href":"https:\/\/api.w.org\/{rel}","templated":true}]}}