{"id":5580,"date":"2020-11-23T23:07:40","date_gmt":"2020-11-23T22:07:40","guid":{"rendered":"https:\/\/xorr.pl\/?post_type=product&#038;p=5580"},"modified":"2022-03-01T14:33:11","modified_gmt":"2022-03-01T13:33:11","slug":"5-8g-digital-antena-lhcp-1pcs-ang","status":"publish","type":"product","link":"https:\/\/xorr.pl\/en\/product\/5-8g-digital-antena-lhcp-1pcs-ang\/","title":{"rendered":"Air 5.8G FPV Antena"},"content":{"rendered":"<p>Ma\u0142a dobra antena zar\u00f3wno dla cyfrowego systemu DJI FPV (LHCP) jak i analogowych VTX&#8217;\u00f3w (RHCP).<\/p>\n<p><img decoding=\"async\" class=\"wp-image-5581 aligncenter\" src=\"https:\/\/xorr.pl\/wp-content\/uploads\/2020\/11\/FB-_-1_a01a4d6c-a549-48fc-a1b3-ef09e04cd7a5_1024x1024-300x169.jpg\" alt=\"\" width=\"483\" height=\"272\" srcset=\"https:\/\/xorr.pl\/wp-content\/uploads\/2020\/11\/FB-_-1_a01a4d6c-a549-48fc-a1b3-ef09e04cd7a5_1024x1024-300x169.jpg 300w, https:\/\/xorr.pl\/wp-content\/uploads\/2020\/11\/FB-_-1_a01a4d6c-a549-48fc-a1b3-ef09e04cd7a5_1024x1024-768x432.jpg 768w, https:\/\/xorr.pl\/wp-content\/uploads\/2020\/11\/FB-_-1_a01a4d6c-a549-48fc-a1b3-ef09e04cd7a5_1024x1024-600x338.jpg 600w, https:\/\/xorr.pl\/wp-content\/uploads\/2020\/11\/FB-_-1_a01a4d6c-a549-48fc-a1b3-ef09e04cd7a5_1024x1024.jpg 1024w\" sizes=\"(max-width: 483px) 100vw, 483px\" \/><\/p>\n<h2>Specyfikacja LHCP<\/h2>\n<ul>\n<li>Nazwa: Air 5.8GHz Digital VTX (DJI FPV) antena<\/li>\n<li>Z\u0142\u0105cze: IPEX<\/li>\n<li>Polaryzacja: LHCP<\/li>\n<li>Gain: 2.2Dbi<\/li>\n<li>Kolor: Niebieski<\/li>\n<li>Waga: 1.1g<\/li>\n<li>Wymiary: 10.3mm*50mm<\/li>\n<li>Cz\u0119stotliwo\u015b\u0107: 5.8GHz<\/li>\n<li>Zakres: 500 MHz (5.5 \u2013 6.0GHz)<\/li>\n<li>Kabel: RG1.37<\/li>\n<\/ul>\n<p><img decoding=\"async\" src=\"https:\/\/cdn.shopifycdn.net\/s\/files\/1\/1778\/6615\/files\/f7d7c897f798fc44c391847188c3ac79_f7191a6b-f209-46bb-8e59-10b257aeeba9_600x600.jpg?v=1604399836\" \/><\/p>\n<h2>Specyfikacja RHCP<\/h2>\n<ul>\n<li>Nazwa: Air 5.8GHz Analog antena<\/li>\n<li>Z\u0142\u0105cze: IPEX<\/li>\n<li>Polaryzacja: RHCP<\/li>\n<li>Gain: 2.2Dbi<\/li>\n<li>Kolor: Niebieski<\/li>\n<li>Waga: 1.1g<\/li>\n<li>Wymiary: 10.3mm*60mm<\/li>\n<li>Cz\u0119stotliwo\u015b\u0107: 5.8GHz<\/li>\n<li>Zakres: 500 MHz (5.5 \u2013 6.0GHz)<\/li>\n<li>Kabel: RG1.37<\/li>\n<\/ul>\n<p><img decoding=\"async\" src=\"https:\/\/cdn.shopifycdn.net\/s\/files\/1\/1778\/6615\/files\/R_600x600.jpg?v=1604489170\" alt=\"\" \/><\/p>\n<h2>Co otrzymasz?<\/h2>\n<ul>\n<li>1 * Air 5.8GHz Antena LHCP lub RHCP (wg zam\u00f3wienia)<\/li>\n<\/ul>","protected":false},"excerpt":{"rendered":"<p>Ma\u0142a dobra antena zar\u00f3wno dla cyfrowego systemu DJI FPV (LHCP) jak i analogowych VTX&#8217;\u00f3w (RHCP). Specyfikacja LHCP Nazwa: Air 5.8GHz Digital VTX (DJI FPV) antena Z\u0142\u0105cze: IPEX Polaryzacja: LHCP Gain: 2.2Dbi Kolor: Niebieski Waga: 1.1g Wymiary: 10.3mm*50mm Cz\u0119stotliwo\u015b\u0107: 5.8GHz Zakres: 500 MHz (5.5 \u2013 6.0GHz) Kabel: RG1.37 Specyfikacja RHCP Nazwa: Air 5.8GHz Analog antena Z\u0142\u0105cze: [&hellip;]<\/p>","protected":false},"featured_media":5583,"template":"","meta":[],"product_cat":[22,32,37],"product_tag":[],"jetpack_sharing_enabled":true,"_links":{"self":[{"href":"https:\/\/xorr.pl\/en\/wp-json\/wp\/v2\/product\/5580"}],"collection":[{"href":"https:\/\/xorr.pl\/en\/wp-json\/wp\/v2\/product"}],"about":[{"href":"https:\/\/xorr.pl\/en\/wp-json\/wp\/v2\/types\/product"}],"wp:featuredmedia":[{"embeddable":true,"href":"https:\/\/xorr.pl\/en\/wp-json\/wp\/v2\/media\/5583"}],"wp:attachment":[{"href":"https:\/\/xorr.pl\/en\/wp-json\/wp\/v2\/media?parent=5580"}],"wp:term":[{"taxonomy":"product_cat","embeddable":true,"href":"https:\/\/xorr.pl\/en\/wp-json\/wp\/v2\/product_cat?post=5580"},{"taxonomy":"product_tag","embeddable":true,"href":"https:\/\/xorr.pl\/en\/wp-json\/wp\/v2\/product_tag?post=5580"}],"curies":[{"name":"wp","href":"https:\/\/api.w.org\/{rel}","templated":true}]}}