{"id":5617,"date":"2020-12-03T11:47:21","date_gmt":"2020-12-03T10:47:21","guid":{"rendered":"https:\/\/xorr.pl\/?post_type=product&#038;p=5617"},"modified":"2023-03-22T08:59:24","modified_gmt":"2023-03-22T07:59:24","slug":"vtx-betafpv-800mw","status":"publish","type":"product","link":"https:\/\/xorr.pl\/en\/product\/vtx-betafpv-800mw\/","title":{"rendered":"BetaFpv A02 5.8G VTX 800mW"},"content":{"rendered":"<div class=\"product-single__description rte\">\n<p>A02 5.8G VTX to ultralekki VTX o ma\u0142ych wymiarach. Nadaje w zakresie mocy od 25mW do 800mW. Dzi\u0119ki zastosowaniu konektora 6-pin du\u017co \u0142atwiej si\u0119 go montuje. To idealne rozwi\u0105zanie w dronach takich jak whoopy klasy 4&#8242; czy toothpicki.<\/p>\n<p><img decoding=\"async\" class=\"aligncenter\" src=\"https:\/\/cdn.shopifycdn.net\/s\/files\/1\/1778\/6615\/files\/FB1_b235b856-b310-49a2-b172-72413d4b22a3_1024x1024.jpg?v=1603352249\" alt=\"\" \/><\/p>\n<h2>Bullet Point<\/h2>\n<ul>\n<li>A02 VTX to wysokiej jako\u015bci nadajnik obrazu 5.8GHz, kt\u00f3ry pomimo swojej mocy zachowuje &#8220;czysto\u015b\u0107&#8221; nadawanego sygna\u0142u.<\/li>\n<li>Du\u017ca moc nadajnika pozwala na latanie w odleg\u0142o\u015bciach ni\u017c te kt\u00f3re zapewniaj\u0105 ta\u0144sze zamienniki o du\u017co mniejszej mocy.<\/li>\n<li>Nadajnik wa\u017cy zaledwie 5.26g i jest ma\u0142ych rozmiar\u00f3w przez co idealnie pasuje do otwor\u00f3w monta\u017cowych o wymiarach 26x26mm.<\/li>\n<li>Posiada wbudowany mikrofon kt\u00f3ry jest cz\u0119sto pomocny przy lataniu, szczeg\u00f3lnie cz\u0119sto korzystaj\u0105 z niego do\u015bwiadczeni piloci.<\/li>\n<\/ul>\n<h2>Specification<\/h2>\n<ul>\n<li>Moc nadawania: 25\/200\/500\/800mW (regulowana)<\/li>\n<li>Napi\u0119dzie zasilania: 7-35V<\/li>\n<li>Waga: 5.26g (bez anteny)<\/li>\n<li>VTX wymiary: 27.3&#215;27.3&#215;4.5mm<\/li>\n<li>Antena: Air Antenna (MMCX)<\/li>\n<li>Cz\u0119stotliwo\u015b\u0107 nadawania: 5.8GHz 37-kana\u0142\u00f3w<\/li>\n<li>SmartAudio: TAK<\/li>\n<li>Typ modulacji: FM<\/li>\n<li>Temperatura pracy: -10\u2103~+60\u2103<\/li>\n<\/ul>\n<p><img decoding=\"async\" class=\"aligncenter\" src=\"https:\/\/cdn.shopifycdn.net\/s\/files\/1\/1778\/6615\/files\/WPS_1_39ed1afe-6cd9-4bca-8354-c13c76a08fbe_600x600.jpg?v=1603449336\" alt=\"\" \/><\/p>\n<p>Nadajnik A02 nadaje si\u0119 idealnie, zar\u00f3wno do whoop&#8217;\u00f3w jak i toothpick&#8217;\u00f3w!<\/p>\n<p><img decoding=\"async\" class=\"aligncenter\" src=\"https:\/\/cdn.shopifycdn.net\/s\/files\/1\/1778\/6615\/files\/d16501f80e56afc8e28b0d6242dacb42_6fae15e5-fd91-451a-b820-89bed308f6e6_1024x1024.jpg?v=1603780648\" alt=\"\" \/><\/p>\n<h2><\/h2>\n<h2><\/h2>\n<h2>Diagram of LiteRadio 2 SE<\/h2>\n<div><img decoding=\"async\" class=\"aligncenter\" src=\"https:\/\/cdn.shopifycdn.net\/s\/files\/1\/1778\/6615\/files\/WPS_1_e102eac9-e274-47e9-86df-cfe84f3f7809_600x600.jpg?v=1603271461\" alt=\"\" width=\"675\" height=\"458\" \/><\/div>\n<h2>Jak pod\u0142\u0105czy\u0107 VTX do FC<\/h2>\n<p><img decoding=\"async\" src=\"https:\/\/cdn.shopifycdn.net\/s\/files\/1\/1778\/6615\/files\/WPS_1_c4181f98-f233-450b-8aa9-36b714059689_600x600.jpg?v=1603271517\" alt=\"\" \/><\/p>\n<p>&nbsp;<\/p>\n<p><strong>Jak aktywowa\u0107 PitMode<\/strong><\/p>\n<p>Naci\u015bnij przycisk na VTX dwukrotnie, gdy chcesz zacz\u0105\u0107 znowu nadawa\u0107 pon\u00f3w czynno\u015b\u0107.<\/p>\n<p>&nbsp;<\/p>\n<p>Switchable power includes 25mW, 200mW, 500mW and 800mW, and the PitMode is supported on this VTX.<\/p>\n<div class=\"table-wrapper\">\n<table style=\"width: 84.6442%;\">\n<tbody>\n<tr>\n<td style=\"width: 10%;\">RGB<\/td>\n<td style=\"width: 14%;\">Miganie<\/td>\n<td style=\"width: 10%;\">Green<\/td>\n<td style=\"width: 16%;\">\u00a0Czerwony + Zielony<\/td>\n<td style=\"width: 10%;\">Red<\/td>\n<td style=\"width: 15.0316%;\">Niebieski + Czerwony<\/td>\n<\/tr>\n<tr>\n<td style=\"width: 10%;\">W\u0142\u0105czony<\/td>\n<td style=\"width: 14%;\">Pit Mode<\/td>\n<td style=\"width: 10%;\">25mW<\/td>\n<td style=\"width: 16%;\">200mW<\/td>\n<td style=\"width: 10%;\">500mW<\/td>\n<td style=\"width: 15.0316%;\">\u00a0800mW<\/td>\n<\/tr>\n<\/tbody>\n<\/table>\n<\/div>\n<p>Tabel zale\u017cno\u015bci migania a aktualnego kana\u0142u,<\/p>\n<p><img decoding=\"async\" class=\"aligncenter\" src=\"https:\/\/cdn.shopifycdn.net\/s\/files\/1\/1778\/6615\/files\/WPS_1_63c6ea5b-e92e-4698-9007-975b5d0d6d3b_600x600.jpg?v=1603253123\" alt=\"\" width=\"725\" height=\"359\" \/><\/p>\n<h2>Package:<\/h2>\n<ul>\n<li>1x BETAFPV A02 5.8G VTX<\/li>\n<li>1x 6-Pin FC Kabel<\/li>\n<li>1x Air Antena (MMCX)<\/li>\n<li>3x Podk\u0142adki gumowe<\/li>\n<\/ul>\n<p><img decoding=\"async\" class=\"aligncenter\" src=\"https:\/\/cdn.shopifycdn.net\/s\/files\/1\/1778\/6615\/files\/WPS_1_ab60d5b2-dbdb-4558-b0df-e763d6192ac8_600x600.jpg?v=1603252915\" alt=\"\" width=\"875\" height=\"495\" \/><\/p>\n<\/div>\n<div class=\"collapsibles-wrapper collapsibles-wrapper--border-bottom\"><\/div>","protected":false},"excerpt":{"rendered":"<p>A02 5.8G VTX to ultralekki VTX o ma\u0142ych wymiarach. Nadaje w zakresie mocy od 25mW do 800mW. Dzi\u0119ki zastosowaniu konektora 6-pin du\u017co \u0142atwiej si\u0119 go montuje. To idealne rozwi\u0105zanie w dronach takich jak whoopy klasy 4&#8242; czy toothpicki. G\u0142\u00f3wne cechy: A02 VTX to wysokiej jako\u015bci nadajnik obrazu 5.8GHz, kt\u00f3ry pomimo swojej mocy zachowuje &#8220;czysto\u015b\u0107&#8221; nadawanego [&hellip;]<\/p>","protected":false},"featured_media":5618,"template":"","meta":[],"product_cat":[32,33],"product_tag":[],"jetpack_sharing_enabled":true,"_links":{"self":[{"href":"https:\/\/xorr.pl\/en\/wp-json\/wp\/v2\/product\/5617"}],"collection":[{"href":"https:\/\/xorr.pl\/en\/wp-json\/wp\/v2\/product"}],"about":[{"href":"https:\/\/xorr.pl\/en\/wp-json\/wp\/v2\/types\/product"}],"wp:featuredmedia":[{"embeddable":true,"href":"https:\/\/xorr.pl\/en\/wp-json\/wp\/v2\/media\/5618"}],"wp:attachment":[{"href":"https:\/\/xorr.pl\/en\/wp-json\/wp\/v2\/media?parent=5617"}],"wp:term":[{"taxonomy":"product_cat","embeddable":true,"href":"https:\/\/xorr.pl\/en\/wp-json\/wp\/v2\/product_cat?post=5617"},{"taxonomy":"product_tag","embeddable":true,"href":"https:\/\/xorr.pl\/en\/wp-json\/wp\/v2\/product_tag?post=5617"}],"curies":[{"name":"wp","href":"https:\/\/api.w.org\/{rel}","templated":true}]}}