{"id":5663,"date":"2020-12-18T14:25:14","date_gmt":"2020-12-18T13:25:14","guid":{"rendered":"https:\/\/xorr.pl\/?post_type=product&#038;p=5663"},"modified":"2021-11-30T10:29:42","modified_gmt":"2021-11-30T09:29:42","slug":"beta95x-v3-whoop-quadcopter-hd-digital-vtx","status":"publish","type":"product","link":"https:\/\/xorr.pl\/en\/product\/beta95x-v3-whoop-quadcopter-hd-digital-vtx\/","title":{"rendered":"Beta95X V3 Whoop Quadcopter (HD Digital VTX)"},"content":{"rendered":"<div>Cieszymy si\u0119 \u017ce mo\u017cemy zaprezentowa\u0107 wam now\u0105 Bet\u0119, to ju\u017c trzeci model tej generacji. To bezpo\u015bredni nast\u0119pca bety 95X V2. Zaprojektowany specjalnie pod kamer\u0119 SMO 4K. Model ten zosta\u0142 wyposa\u017cony w zestaw Caddx Nebula HD!<\/div>\n<div class=\"msg-content scaleable\">\n<div class=\"msg-text normal-text\">\n<p><img decoding=\"async\" class=\"wp-image-5667 aligncenter\" src=\"https:\/\/xorr.pl\/wp-content\/uploads\/2020\/12\/FB4_1024x1024-300x169.jpg\" alt=\"\" width=\"621\" height=\"350\" srcset=\"https:\/\/xorr.pl\/wp-content\/uploads\/2020\/12\/FB4_1024x1024-300x169.jpg 300w, https:\/\/xorr.pl\/wp-content\/uploads\/2020\/12\/FB4_1024x1024-768x432.jpg 768w, https:\/\/xorr.pl\/wp-content\/uploads\/2020\/12\/FB4_1024x1024-600x338.jpg 600w, https:\/\/xorr.pl\/wp-content\/uploads\/2020\/12\/FB4_1024x1024.jpg 1024w\" sizes=\"(max-width: 621px) 100vw, 621px\" \/><\/p>\n<div class=\"msg-content scaleable\">\n<div class=\"msg-text normal-text\"><\/div>\n<\/div>\n<div class=\"msg-content scaleable\">\n<h2 class=\"msg-text normal-text\">Bullet Point<\/h2>\n<\/div>\n<ul>\n<li>Beta95X V3 nadaje si\u0119 idealnie do kamery SMO 4K. Posiada wbudowane mocowanie na kamer\u0119 i kabel zasilaj\u0105cy. Wystarczy \u017ce pod\u0142\u0105czysz kamer\u0119 do drona, \u017cadnej zb\u0119dnej konfiguracji i modyfikowania drona.<\/li>\n<li>Rama w stylu pusher wykonana z nylonu PA12 kt\u00f3ry s\u0142ynie z wytrzyma\u0142o\u015bci i w\u0142a\u015bciwo\u015bci absorpcyjnych. Dodatkowo ducty ramy wy\u0142o\u017cone s\u0105 piank\u0105 EVA.<\/li>\n<li>Na pok\u0142adzie zainstalowano FC F4 20A oraz silniki 1106.<\/li>\n<li>Obni\u017cono \u015brodek ci\u0119\u017cko\u015bci dla poprawy w\u0142a\u015bciwo\u015bci lotnych.<\/li>\n<\/ul>\n<h2>Specification<\/h2>\n<ul>\n<li>Produkt: Beta95X V3<\/li>\n<li>Waga: 99.1g<\/li>\n<li>WB: 95mm<\/li>\n<li>FC: F4 AIO 20A Toothpick FC V4<\/li>\n<li>Rama: <a title=\"Beta95X V3 Frame Kit\" href=\"https:\/\/betafpv.com\/products\/beta95x-v3-frame-kit\" target=\"_blank\" rel=\"noopener noreferrer\">Beta95X V3 Frame Kit<\/a><\/li>\n<li>Silniki: <a title=\"1106 3800KV Brushless Motor\" href=\"https:\/\/betafpv.com\/collections\/motors\/products\/1106-5000kv-brushless-motors\" target=\"_blank\" rel=\"noopener noreferrer\">1106 3800KV BL<\/a><\/li>\n<li>Props: Gemfan D63-3B (Gray) <a title=\"Gemfan D63 5-Blades Props\" href=\"https:\/\/betafpv.com\/products\/gemfan-d63-5-blade-propellers-1-5mm-shaft\" target=\"_blank\" rel=\"noopener noreferrer\">Gemfan D63 5-Blades Props<\/a><\/li>\n<li>Camera: EOS Camera<\/li>\n<li>FPV Camera Degree: 25\u00b0- 45\u00b0<\/li>\n<li>HD digital camera &amp; VTX:\u00a0Caddx Nebula Nano HD System<\/li>\n<li>Mocowanie kamery: SMO 4K camera\u00a0Mount<\/li>\n<li>K\u0105t mocowania kamery: 5\u00b0- 45\u00b0<\/li>\n<li>Antena: Air 5.8GHz Antenna (LHCP)<\/li>\n<li>Akumulator: 450mAh 4S battery<\/li>\n<li>Konektor: XT30<\/li>\n<li>Czas lotu: oko\u0142o 4.5min<\/li>\n<\/ul>\n<p><img decoding=\"async\" class=\"wp-image-5668 aligncenter\" src=\"https:\/\/xorr.pl\/wp-content\/uploads\/2020\/12\/WPS_1_25ecaa4a-9c13-48ee-99ba-3d54f6899445_600x600-300x129.jpg\" alt=\"\" width=\"488\" height=\"210\" srcset=\"https:\/\/xorr.pl\/wp-content\/uploads\/2020\/12\/WPS_1_25ecaa4a-9c13-48ee-99ba-3d54f6899445_600x600-300x129.jpg 300w, https:\/\/xorr.pl\/wp-content\/uploads\/2020\/12\/WPS_1_25ecaa4a-9c13-48ee-99ba-3d54f6899445_600x600.jpg 600w\" sizes=\"(max-width: 488px) 100vw, 488px\" \/><\/p>\n<h2>BETAFPV SMO 4K Camera<\/h2>\n<p>Meet the SMO 4K Camera - A high-degree ultralight action camera designed for your FPV Drones! Developed by BETAFPV using Insta360 technology, SMO 4K camera only weighs 30g and is perfectly fit for FPV drones. It allows pilots to fly faster, longer, and do more maneuvers, bringing pilots an extraordinary flying experience and a strong visual impact. Meanwhile, with 4K ultra-wide-angle shots and FlowState stabilization function, pilots can shoot 4K wide-angle video with greater details, and get an ultra-smooth and stable video, which makes the SMO 4K camera be the best choice for pilots in search of high-quality video with FPV drones!<\/p>\n<p><img decoding=\"async\" class=\"wp-image-5669 aligncenter\" src=\"https:\/\/xorr.pl\/wp-content\/uploads\/2020\/12\/FB_02_13a2e389-f18f-4f22-b20d-b7c5343a4691_1024x1024-1-300x169.jpg\" alt=\"\" width=\"481\" height=\"271\" srcset=\"https:\/\/xorr.pl\/wp-content\/uploads\/2020\/12\/FB_02_13a2e389-f18f-4f22-b20d-b7c5343a4691_1024x1024-1-300x169.jpg 300w, https:\/\/xorr.pl\/wp-content\/uploads\/2020\/12\/FB_02_13a2e389-f18f-4f22-b20d-b7c5343a4691_1024x1024-1-768x432.jpg 768w, https:\/\/xorr.pl\/wp-content\/uploads\/2020\/12\/FB_02_13a2e389-f18f-4f22-b20d-b7c5343a4691_1024x1024-1-600x338.jpg 600w, https:\/\/xorr.pl\/wp-content\/uploads\/2020\/12\/FB_02_13a2e389-f18f-4f22-b20d-b7c5343a4691_1024x1024-1.jpg 1024w\" sizes=\"(max-width: 481px) 100vw, 481px\" \/><\/p>\n<h2>Nebula Nano HD System<\/h2>\n<p>Caddx Nebula to upgrade wzgl\u0119dem Caddx Vista, kamera jest znacznie l\u017cejsza (24g)! Co Ty na to by lata\u0107 w 720p\/60fps?<\/p>\n<p><img decoding=\"async\" class=\"wp-image-5670 aligncenter\" src=\"https:\/\/xorr.pl\/wp-content\/uploads\/2020\/12\/6aea06196175391d80a25a4046b42177_9c5ae646-833b-498b-9dc9-3e89572b6b4c_1024x1024-300x136.jpg\" alt=\"\" width=\"492\" height=\"223\" srcset=\"https:\/\/xorr.pl\/wp-content\/uploads\/2020\/12\/6aea06196175391d80a25a4046b42177_9c5ae646-833b-498b-9dc9-3e89572b6b4c_1024x1024-300x136.jpg 300w, https:\/\/xorr.pl\/wp-content\/uploads\/2020\/12\/6aea06196175391d80a25a4046b42177_9c5ae646-833b-498b-9dc9-3e89572b6b4c_1024x1024-768x348.jpg 768w, https:\/\/xorr.pl\/wp-content\/uploads\/2020\/12\/6aea06196175391d80a25a4046b42177_9c5ae646-833b-498b-9dc9-3e89572b6b4c_1024x1024-600x272.jpg 600w, https:\/\/xorr.pl\/wp-content\/uploads\/2020\/12\/6aea06196175391d80a25a4046b42177_9c5ae646-833b-498b-9dc9-3e89572b6b4c_1024x1024.jpg 1023w\" sizes=\"(max-width: 492px) 100vw, 492px\" \/><\/p>\n<h2>Beta95X V3 Pusher<\/h2>\n<p>Nowa rama typu pusher zaprojektowana przez BetaFpv to co\u015b czego wcze\u015bniej nie by\u0142o. \u0141\u0105czy nisk\u0105 wag\u0119 i wytrzyma\u0142o\u015b\u0107 dzi\u0119ki zastosowaniu nylonu PA12 kt\u00f3ry gwarantuje tak\u017ce \u015bwietne w\u0142a\u015bciwo\u015bci absorpcyjne drga\u0144 kt\u00f3rych chcemy si\u0119 za wszelk\u0105 cen\u0119 pozby\u0107.<\/p>\n<p><img decoding=\"async\" class=\"wp-image-5671 aligncenter\" src=\"https:\/\/xorr.pl\/wp-content\/uploads\/2020\/12\/V3__WPS_1_600x600-300x219.jpg\" alt=\"\" width=\"464\" height=\"339\" srcset=\"https:\/\/xorr.pl\/wp-content\/uploads\/2020\/12\/V3__WPS_1_600x600-300x219.jpg 300w, https:\/\/xorr.pl\/wp-content\/uploads\/2020\/12\/V3__WPS_1_600x600.jpg 600w\" sizes=\"(max-width: 464px) 100vw, 464px\" \/><\/p>\n<h2>FC &amp; ESC<\/h2>\n<p>Zestaw FC F4 oraz ESC 20A na jednej p\u0142ytce gwarantuje nisk\u0105 wag\u0119 przy zachowaniu odpowiedniej wydajno\u015bci. Ponadto w FC s\u0105 piny kt\u00f3re pozwalaj\u0105 \u0142atwo pod\u0142\u0105czy\u0107 zestaw DJI HD.<\/p>\n<p><img decoding=\"async\" class=\"wp-image-5672 aligncenter\" src=\"https:\/\/xorr.pl\/wp-content\/uploads\/2020\/12\/WPS_1_5458ad8c-b152-4023-9034-35d577147061_1024x1024-1-300x129.jpg\" alt=\"\" width=\"530\" height=\"228\" srcset=\"https:\/\/xorr.pl\/wp-content\/uploads\/2020\/12\/WPS_1_5458ad8c-b152-4023-9034-35d577147061_1024x1024-1-300x129.jpg 300w, https:\/\/xorr.pl\/wp-content\/uploads\/2020\/12\/WPS_1_5458ad8c-b152-4023-9034-35d577147061_1024x1024-1-768x329.jpg 768w, https:\/\/xorr.pl\/wp-content\/uploads\/2020\/12\/WPS_1_5458ad8c-b152-4023-9034-35d577147061_1024x1024-1-600x257.jpg 600w, https:\/\/xorr.pl\/wp-content\/uploads\/2020\/12\/WPS_1_5458ad8c-b152-4023-9034-35d577147061_1024x1024-1.jpg 1024w\" sizes=\"(max-width: 530px) 100vw, 530px\" \/><\/p>\n<h2>Motor &amp; Props<\/h2>\n<p><strong>Gemfan 5-blade<\/strong> &#8211; Beta zastosowa\u0142a nowatorskie \u015bmig\u0142a 5-\u0142opatowe, redukuj\u0105 one wibracje przy niskich pr\u0119dko\u015bciach obrotowych oraz wi\u0119cej mocy.<\/p>\n<p><strong>Silniki 1106 2800 BL<\/strong> zapewniaj\u0105 wystarczaj\u0105c\u0105 ilo\u015b\u0107 mocy przy dobrej wydajno\u015bci i relatywnie ma\u0142ych wibracjach.<\/p>\n<p><img decoding=\"async\" class=\"wp-image-5662 aligncenter\" src=\"https:\/\/xorr.pl\/wp-content\/uploads\/2020\/12\/78204c678967e8facbd41236e3704a70_c9ec650e-846a-4ff5-9f0e-c57e05c98408_720x-300x300.jpg\" alt=\"\" width=\"475\" height=\"475\" \/><\/p>\n<h2>Package:<\/h2>\n<ul>\n<li>1x Beta95X V3 Whoop (HD Digital VTX)<\/li>\n<li>1x \u015amig\u0142a Gemfan D63 5-blades (2CW+2CCW)<\/li>\n<li>1x 20mm mocowanie kamery FPV<\/li>\n<li>1x Zapasowa pianka EVA<\/li>\n<li>1x Adapter USB<\/li>\n<li>1x TypeC Adapter k\u0105towy<\/li>\n<li>1x Adapter\/kabel do Kamery typu Naked<\/li>\n<\/ul>\n<p><em>Batteries and SMO 4K Camera are not included in the package. You can get it here for\u00a0<a href=\"https:\/\/betafpv.com\/collections\/beta85x\/products\/450mah-4s-75c-lipo-battery\">450mAh 4S battery<\/a>\u00a0and\u00a0<a title=\"SMO 4K motion camera\" href=\"https:\/\/betafpv.com\/products\/smo-4k-camera\" target=\"_blank\" rel=\"noopener noreferrer\">SMO 4K camera<\/a>.<\/em><\/p>\n<\/div>\n<div class=\"msg-text normal-text\">\n<p>&nbsp;<\/p>\n<\/div>\n<\/div>","protected":false},"excerpt":{"rendered":"<p>Cieszymy si\u0119 \u017ce mo\u017cemy zaprezentowa\u0107 wam now\u0105 Bet\u0119, to ju\u017c trzeci model tej generacji. To bezpo\u015bredni nast\u0119pca bety 95X V2. Zaprojektowany specjalnie pod kamer\u0119 SMO 4K. Model ten zosta\u0142 wyposa\u017cony w zestaw Caddx Nebula HD! G\u0142\u00f3wne cechy: Beta95X V3 nadaje si\u0119 idealnie do kamery SMO 4K. Posiada wbudowane mocowanie na kamer\u0119 i kabel zasilaj\u0105cy. Wystarczy [&hellip;]<\/p>","protected":false},"featured_media":0,"template":"","meta":[],"product_cat":[22,30],"product_tag":[],"jetpack_sharing_enabled":true,"_links":{"self":[{"href":"https:\/\/xorr.pl\/en\/wp-json\/wp\/v2\/product\/5663"}],"collection":[{"href":"https:\/\/xorr.pl\/en\/wp-json\/wp\/v2\/product"}],"about":[{"href":"https:\/\/xorr.pl\/en\/wp-json\/wp\/v2\/types\/product"}],"wp:attachment":[{"href":"https:\/\/xorr.pl\/en\/wp-json\/wp\/v2\/media?parent=5663"}],"wp:term":[{"taxonomy":"product_cat","embeddable":true,"href":"https:\/\/xorr.pl\/en\/wp-json\/wp\/v2\/product_cat?post=5663"},{"taxonomy":"product_tag","embeddable":true,"href":"https:\/\/xorr.pl\/en\/wp-json\/wp\/v2\/product_tag?post=5663"}],"curies":[{"name":"wp","href":"https:\/\/api.w.org\/{rel}","templated":true}]}}