{"id":5734,"date":"2021-01-21T23:46:17","date_gmt":"2021-01-21T22:46:17","guid":{"rendered":"https:\/\/xorr.pl\/?post_type=product&#038;p=5734"},"modified":"2024-07-05T10:47:00","modified_gmt":"2024-07-05T08:47:00","slug":"gemfan-40mm-1-5mm-shaft","status":"publish","type":"product","link":"https:\/\/xorr.pl\/en\/product\/gemfan-40mm-1-5mm-shaft\/","title":{"rendered":"Gemfan 40mm 3-Blade (1.5mm Shaft) Props"},"content":{"rendered":"<h2><img decoding=\"async\" class=\"alignnone size-medium wp-image-6035\" style=\"font-size: 16px; font-weight: 400;\" src=\"https:\/\/xorr.pl\/wp-content\/uploads\/2021\/01\/00313664-1-300x300.jpg\" alt=\"\" width=\"300\" height=\"300\" srcset=\"https:\/\/xorr.pl\/wp-content\/uploads\/2021\/01\/00313664-1-300x300.jpg 300w, https:\/\/xorr.pl\/wp-content\/uploads\/2021\/01\/00313664-1-150x150.jpg 150w, https:\/\/xorr.pl\/wp-content\/uploads\/2021\/01\/00313664-1-100x100.jpg 100w, https:\/\/xorr.pl\/wp-content\/uploads\/2021\/01\/00313664-1.jpg 540w\" sizes=\"(max-width: 300px) 100vw, 300px\" \/><\/h2>\n<h2><strong>Specification<\/strong><\/h2>\n<ul>\n<li>Materia\u0142: bia\u0142y plastik<\/li>\n<li>Grubo\u015b\u0107 trzpienia: 1.5mm<\/li>\n<li>Waga (2CW+2CCW): 2.2(g)<\/li>\n<\/ul>\n<p>\u015amig\u0142a pasuj\u0105 do Meteor75, Meteor75Lite (Advanced kit)<\/p>\n<h2><strong>Package:\u00a0<\/strong><\/h2>\n<p>For Blue ( 4 PCS) Option<\/p>\n<ul>\n<li>2 * CW \u015amig\u0142a 40mm<\/li>\n<li>2 * CCW \u015amig\u0142a 40mm<\/li>\n<\/ul>\n<p>&nbsp;<\/p>","protected":false},"excerpt":{"rendered":"<p>Specyfikacja Materia\u0142: bia\u0142y plastik Grubo\u015b\u0107 trzpienia: 1.5mm Waga (2CW+2CCW): 2.2(g) \u015amig\u0142a pasuj\u0105 do Meteor75, Meteor75Lite (Advanced kit) W zestawie\u00a0 For Blue ( 4 PCS) Option 2 * CW \u015amig\u0142a 40mm 2 * CCW \u015amig\u0142a 40mm &nbsp;<\/p>","protected":false},"featured_media":6036,"template":"","meta":[],"product_cat":[23,35],"product_tag":[],"jetpack_sharing_enabled":true,"_links":{"self":[{"href":"https:\/\/xorr.pl\/en\/wp-json\/wp\/v2\/product\/5734"}],"collection":[{"href":"https:\/\/xorr.pl\/en\/wp-json\/wp\/v2\/product"}],"about":[{"href":"https:\/\/xorr.pl\/en\/wp-json\/wp\/v2\/types\/product"}],"wp:featuredmedia":[{"embeddable":true,"href":"https:\/\/xorr.pl\/en\/wp-json\/wp\/v2\/media\/6036"}],"wp:attachment":[{"href":"https:\/\/xorr.pl\/en\/wp-json\/wp\/v2\/media?parent=5734"}],"wp:term":[{"taxonomy":"product_cat","embeddable":true,"href":"https:\/\/xorr.pl\/en\/wp-json\/wp\/v2\/product_cat?post=5734"},{"taxonomy":"product_tag","embeddable":true,"href":"https:\/\/xorr.pl\/en\/wp-json\/wp\/v2\/product_tag?post=5734"}],"curies":[{"name":"wp","href":"https:\/\/api.w.org\/{rel}","templated":true}]}}