{"id":5738,"date":"2021-01-21T23:53:35","date_gmt":"2021-01-21T22:53:35","guid":{"rendered":"https:\/\/xorr.pl\/?post_type=product&#038;p=5738"},"modified":"2021-12-30T18:11:24","modified_gmt":"2021-12-30T17:11:24","slug":"silniki-1106-3800kv","status":"publish","type":"product","link":"https:\/\/xorr.pl\/en\/product\/silniki-1106-3800kv\/","title":{"rendered":"1106 3800kV Brushless Motors"},"content":{"rendered":"<p><img decoding=\"async\" src=\"https:\/\/cdn.shopifycdn.net\/s\/files\/1\/1778\/6615\/files\/FB_e8837bab-e36a-42af-b6e4-820c1c42ccc3_1024x1024.jpg?v=1608175989\" alt=\"\" \/><\/p>\n<h2>Bullet Point<\/h2>\n<ul>\n<li>Zaprojekowane do dzia\u0142ania z dronami klasy 4S 85-120mm.<\/li>\n<li>Produkowane metod\u0105 CNC dzwonki silnik\u00f3w.<\/li>\n<li>Materia\u0142 z kt\u00f3rego wykonano dzwonki to wysokiej jako\u015bci aluminium lotnicze, a magnesy zosta\u0142y spieczone ze stopu NdFeB N488H co oznacza ich wytrzyma\u0142o\u015b\u0107 na wysokie temperatury.<\/li>\n<li>\u015awietnie wsp\u00f3\u0142graj\u0105 ze \u015bmig\u0142ami Gemfan D63 5-\u015bmig\u0142owe.<\/li>\n<\/ul>\n<h2>Specification<\/h2>\n<ul>\n<li>Wysoko\u015b\u0107: 14mm<\/li>\n<li>Waga: 6.6g\/pc<\/li>\n<li>\u015arednica trzpienia: \u03c61.5mm<\/li>\n<li>KV (rpm\/V): 3800KV<\/li>\n<\/ul>\n<p><img decoding=\"async\" src=\"https:\/\/cdn.shopifycdn.net\/s\/files\/1\/1778\/6615\/files\/WPS_1_b86a317d-0001-46cd-a5c5-01b42c0ed464_600x600.jpg?v=1608272333\" alt=\"\" \/><\/p>\n<p><img decoding=\"async\" src=\"https:\/\/cdn.shopifycdn.net\/s\/files\/1\/1778\/6615\/files\/WPS_1_eabd54d3-1059-47c9-89b8-d3a8ca68c2f2_600x600.jpg?v=1608272398\" alt=\"\" \/><\/p>\n<p><img decoding=\"async\" src=\"https:\/\/cdn.shopify.com\/s\/files\/1\/1778\/6615\/files\/lADPBE1XYS4j8y3NAujNBiE_1569_744_grande.jpg?v=1566446314\" alt=\"\" \/><\/p>\n<h2><\/h2>\n<h2>Package:<\/h2>\n<ul>\n<li>4x\u00a0 Silniki BETAFPV 1106<\/li>\n<\/ul>","protected":false},"excerpt":{"rendered":"<p>G\u0142\u00f3wne cechy: Zaprojekowane do dzia\u0142ania z dronami klasy 4S 85-120mm. Produkowane metod\u0105 CNC dzwonki silnik\u00f3w. Materia\u0142 z kt\u00f3rego wykonano dzwonki to wysokiej jako\u015bci aluminium lotnicze, a magnesy zosta\u0142y spieczone ze stopu NdFeB N488H co oznacza ich wytrzyma\u0142o\u015b\u0107 na wysokie temperatury. \u015awietnie wsp\u00f3\u0142graj\u0105 ze \u015bmig\u0142ami Gemfan D63 5-\u015bmig\u0142owe. Specyfikacja: Wysoko\u015b\u0107: 14mm Waga: 6.6g\/pc \u015arednica trzpienia: \u03c61.5mm [&hellip;]<\/p>","protected":false},"featured_media":5739,"template":"","meta":[],"product_cat":[22,32,36],"product_tag":[],"jetpack_sharing_enabled":true,"_links":{"self":[{"href":"https:\/\/xorr.pl\/en\/wp-json\/wp\/v2\/product\/5738"}],"collection":[{"href":"https:\/\/xorr.pl\/en\/wp-json\/wp\/v2\/product"}],"about":[{"href":"https:\/\/xorr.pl\/en\/wp-json\/wp\/v2\/types\/product"}],"wp:featuredmedia":[{"embeddable":true,"href":"https:\/\/xorr.pl\/en\/wp-json\/wp\/v2\/media\/5739"}],"wp:attachment":[{"href":"https:\/\/xorr.pl\/en\/wp-json\/wp\/v2\/media?parent=5738"}],"wp:term":[{"taxonomy":"product_cat","embeddable":true,"href":"https:\/\/xorr.pl\/en\/wp-json\/wp\/v2\/product_cat?post=5738"},{"taxonomy":"product_tag","embeddable":true,"href":"https:\/\/xorr.pl\/en\/wp-json\/wp\/v2\/product_tag?post=5738"}],"curies":[{"name":"wp","href":"https:\/\/api.w.org\/{rel}","templated":true}]}}