{"id":5756,"date":"2021-01-26T14:21:27","date_gmt":"2021-01-26T13:21:27","guid":{"rendered":"https:\/\/xorr.pl\/?post_type=product&#038;p=5756"},"modified":"2022-05-30T11:31:39","modified_gmt":"2022-05-30T09:31:39","slug":"smigla-gemfan-d63-5-blade-1-5mm-shaft","status":"publish","type":"product","link":"https:\/\/xorr.pl\/en\/product\/smigla-gemfan-d63-5-blade-1-5mm-shaft\/","title":{"rendered":"Gemfan D63 5-Blade 1.5mm Shaft Props"},"content":{"rendered":"<div>\n<div id=\"product-tabs\">\n<p><img decoding=\"async\" class=\"aligncenter\" src=\"https:\/\/cdn.shopifycdn.net\/s\/files\/1\/1778\/6615\/files\/FB_dc5b6c3d-88b6-448e-aeba-fd9991d71d93_1024x1024.jpg?v=1608175785\" alt=\"\" \/><\/p>\n<\/div>\n<\/div>\n<h2>Specification<\/h2>\n<ul>\n<li>Ilo\u015b\u0107 \u015bmigie\u0142: 5<\/li>\n<li>Kolor: Gray<\/li>\n<li>Waga: 1.76g\/szt<\/li>\n<li>Materia\u0142: PC<\/li>\n<li>Pitch: 1.65in<\/li>\n<li>\u015arednica: 63.5mm\/2.5&#8221;<\/li>\n<li>Grubo\u015b\u0107 \u015brodka: 5mm<\/li>\n<li>Shaft: 1.5mm<\/li>\n<li>Zalecane silniki: 1106 3800KV<\/li>\n<\/ul>\n<p><img decoding=\"async\" class=\"aligncenter\" src=\"https:\/\/cdn.shopifycdn.net\/s\/files\/1\/1778\/6615\/files\/WPS_1_e9fd4639-cfde-4e90-85ca-33d197ea3ec0_600x600.jpg?v=1608175714\" alt=\"\" \/><\/p>\n<h2 class=\"p1\">Package:<\/h2>\n<ul>\n<li>2x D63 5-Blade CW<\/li>\n<li>2x D63 5-Blade CCW<\/li>\n<li>8x \u015aruby M2 7szt.<\/li>\n<\/ul>\n<p><img decoding=\"async\" class=\"aligncenter\" src=\"https:\/\/cdn.shopifycdn.net\/s\/files\/1\/1778\/6615\/files\/WPS_1_833ab5bc-127b-4954-94c0-722b86a80576_600x600.jpg?v=1608175739\" alt=\"\" \/><\/p>","protected":false},"excerpt":{"rendered":"<p>Specyfikacja Ilo\u015b\u0107 \u015bmigie\u0142: 5 Kolor: Gray Waga: 1.76g\/szt Materia\u0142: PC Pitch: 1.65in \u015arednica: 63.5mm\/2.5&#8221; Grubo\u015b\u0107 \u015brodka: 5mm Shaft: 1.5mm Zalecane silniki: 1106 3800KV W zestawie 2x D63 5-Blade CW 2x D63 5-Blade CCW 8x \u015aruby M2 7szt.<\/p>","protected":false},"featured_media":5757,"template":"","meta":[],"product_cat":[23,35],"product_tag":[],"jetpack_sharing_enabled":true,"_links":{"self":[{"href":"https:\/\/xorr.pl\/en\/wp-json\/wp\/v2\/product\/5756"}],"collection":[{"href":"https:\/\/xorr.pl\/en\/wp-json\/wp\/v2\/product"}],"about":[{"href":"https:\/\/xorr.pl\/en\/wp-json\/wp\/v2\/types\/product"}],"wp:featuredmedia":[{"embeddable":true,"href":"https:\/\/xorr.pl\/en\/wp-json\/wp\/v2\/media\/5757"}],"wp:attachment":[{"href":"https:\/\/xorr.pl\/en\/wp-json\/wp\/v2\/media?parent=5756"}],"wp:term":[{"taxonomy":"product_cat","embeddable":true,"href":"https:\/\/xorr.pl\/en\/wp-json\/wp\/v2\/product_cat?post=5756"},{"taxonomy":"product_tag","embeddable":true,"href":"https:\/\/xorr.pl\/en\/wp-json\/wp\/v2\/product_tag?post=5756"}],"curies":[{"name":"wp","href":"https:\/\/api.w.org\/{rel}","templated":true}]}}