{"id":5761,"date":"2021-01-26T14:34:23","date_gmt":"2021-01-26T13:34:23","guid":{"rendered":"https:\/\/xorr.pl\/?post_type=product&#038;p=5761"},"modified":"2024-06-10T13:46:47","modified_gmt":"2024-06-10T11:46:47","slug":"gogle-vr02-fpv","status":"publish","type":"product","link":"https:\/\/xorr.pl\/en\/product\/gogle-vr02-fpv\/","title":{"rendered":"BetaFpv VR02 FPV Goggles"},"content":{"rendered":"<p><img decoding=\"async\" src=\"https:\/\/cdn.shopifycdn.net\/s\/files\/1\/1778\/6615\/files\/16x9_56d742a0-0495-41b5-9a6e-47f7002897c6_1024x1024.jpg?v=1607683186\" alt=\"\" \/><\/p>\n<h1>Bullet Point<\/h1>\n<ul>\n<li>Build in antenna<\/li>\n<li>4.3 inch 800x430px HD LCD Screen<\/li>\n<li>Quick channel auto-search<\/li>\n<li>40-channels including RaceBand<\/li>\n<li>Build in OSD<\/li>\n<\/ul>\n<h2><span style=\"font-size: 1.4em;\">Specification<\/span><\/h2>\n<ul>\n<li>Dimension: 126x143x86.3mm<\/li>\n<li>Weight: 300g with 2hr 2000mAh battery<\/li>\n<li>screen size: 4.3 inch<\/li>\n<li>Screen resolution: 800*480 px<\/li>\n<li>Screen brightness: 300cd\/m2<\/li>\n<li>View Angle: 55\u00b0<\/li>\n<li>Type-C Charging<\/li>\n<li>Voltage: 3.7V, the device operating current of 500mA@3.7V<\/li>\n<li>Battery :2000mAh<\/li>\n<\/ul>\n<p><img decoding=\"async\" src=\"https:\/\/cdn.shopifycdn.net\/s\/files\/1\/1778\/6615\/files\/1_12_600x600.png?v=1610094512\" alt=\"\" \/><\/p>\n<h1>Band and Channel Selection<\/h1>\n<div>\n<div>\n<div class=\"table-wrapper\">\n<table>\n<colgroup>\n<col \/>\n<col \/>\n<col \/>\n<col \/>\n<col \/>\n<col \/>\n<col \/>\n<col \/>\n<col \/><\/colgroup>\n<tbody>\n<tr>\n<td data-cell-id=\"7197-1582709647931-cell-0-0\">\n<div class=\"table-cell-line\">\u00a0\u00a0CH<\/div>\n<\/td>\n<td colspan=\"1\" rowspan=\"2\" data-cell-id=\"7197-1582709647931-cell-0-1\">\n<div class=\"table-cell-line\">CH\u00a01<\/div>\n<div class=\"table-cell-line\">(MHZ)<\/div>\n<\/td>\n<td colspan=\"1\" rowspan=\"2\" data-cell-id=\"7197-1582709647931-cell-0-2\">\n<div class=\"table-cell-line\">CH\u00a02<\/div>\n<div class=\"table-cell-line\">(MHZ)<\/div>\n<\/td>\n<td colspan=\"1\" rowspan=\"2\" data-cell-id=\"7197-1582709647931-cell-0-3\">\n<div class=\"table-cell-line\">CH\u00a03<\/div>\n<div class=\"table-cell-line\">(MHZ)<\/div>\n<\/td>\n<td colspan=\"1\" rowspan=\"2\" data-cell-id=\"7197-1582709647931-cell-0-4\">\n<div class=\"table-cell-line\">CH\u00a04<\/div>\n<div class=\"table-cell-line\">(MHZ)<\/div>\n<\/td>\n<td colspan=\"1\" rowspan=\"2\" data-cell-id=\"7197-1582709647931-cell-0-5\">\n<div class=\"table-cell-line\">CH\u00a05<\/div>\n<div class=\"table-cell-line\">(MHZ)<\/div>\n<\/td>\n<td colspan=\"1\" rowspan=\"2\" data-cell-id=\"7197-1582709647931-cell-0-6\">\n<div class=\"table-cell-line\">CH\u00a06<\/div>\n<div class=\"table-cell-line\">(MHZ)<\/div>\n<\/td>\n<td colspan=\"1\" rowspan=\"2\" data-cell-id=\"7197-1582709647931-cell-0-7\">\n<div class=\"table-cell-line\">CH\u00a07<\/div>\n<div class=\"table-cell-line\">(MHZ)<\/div>\n<\/td>\n<td colspan=\"1\" rowspan=\"2\" data-cell-id=\"7197-1582709647931-cell-0-8\">\n<div class=\"table-cell-line\">CH\u00a08<\/div>\n<div class=\"table-cell-line\">(MHZ)<\/div>\n<\/td>\n<\/tr>\n<tr>\n<td data-cell-id=\"7197-1582709647931-cell-1-0\">\n<div class=\"table-cell-line\">GROUP<\/div>\n<\/td>\n<\/tr>\n<tr>\n<td data-cell-id=\"7197-1582709647931-cell-2-0\">\n<div class=\"table-cell-line\">A<\/div>\n<\/td>\n<td data-cell-id=\"7197-1582709647931-cell-2-1\">\n<div class=\"table-cell-line\">5865<\/div>\n<\/td>\n<td data-cell-id=\"7197-1582709647931-cell-2-2\">\n<div class=\"table-cell-line\">5845<\/div>\n<\/td>\n<td data-cell-id=\"7197-1582709647931-cell-2-3\">\n<div class=\"table-cell-line\">5825<\/div>\n<\/td>\n<td data-cell-id=\"7197-1582709647931-cell-2-4\">\n<div class=\"table-cell-line\">5805<\/div>\n<\/td>\n<td data-cell-id=\"7197-1582709647931-cell-2-5\">\n<div class=\"table-cell-line\">5785<\/div>\n<\/td>\n<td data-cell-id=\"7197-1582709647931-cell-2-6\">\n<div class=\"table-cell-line\">5765<\/div>\n<\/td>\n<td data-cell-id=\"7197-1582709647931-cell-2-7\">\n<div class=\"table-cell-line\">5745<\/div>\n<\/td>\n<td data-cell-id=\"7197-1582709647931-cell-2-8\">\n<div class=\"table-cell-line\">5725<\/div>\n<\/td>\n<\/tr>\n<tr>\n<td data-cell-id=\"7197-1582709647931-cell-3-0\">\n<div class=\"table-cell-line\">B<\/div>\n<\/td>\n<td data-cell-id=\"7197-1582709647931-cell-3-1\">\n<div class=\"table-cell-line\">5733<\/div>\n<\/td>\n<td data-cell-id=\"7197-1582709647931-cell-3-2\">\n<div class=\"table-cell-line\">5752<\/div>\n<\/td>\n<td data-cell-id=\"7197-1582709647931-cell-3-3\">\n<div class=\"table-cell-line\">5771<\/div>\n<\/td>\n<td data-cell-id=\"7197-1582709647931-cell-3-4\">\n<div class=\"table-cell-line\">5790<\/div>\n<\/td>\n<td data-cell-id=\"7197-1582709647931-cell-3-5\">\n<div class=\"table-cell-line\">5809<\/div>\n<\/td>\n<td data-cell-id=\"7197-1582709647931-cell-3-6\">\n<div class=\"table-cell-line\">5828<\/div>\n<\/td>\n<td data-cell-id=\"7197-1582709647931-cell-3-7\">\n<div class=\"table-cell-line\">5847<\/div>\n<\/td>\n<td data-cell-id=\"7197-1582709647931-cell-3-8\">\n<div class=\"table-cell-line\">5866<\/div>\n<\/td>\n<\/tr>\n<tr>\n<td data-cell-id=\"7197-1582709647931-cell-4-0\">\n<div class=\"table-cell-line\">E<\/div>\n<\/td>\n<td data-cell-id=\"7197-1582709647931-cell-4-1\">\n<div class=\"table-cell-line\">5705<\/div>\n<\/td>\n<td data-cell-id=\"7197-1582709647931-cell-4-2\">\n<div class=\"table-cell-line\">5685<\/div>\n<\/td>\n<td data-cell-id=\"7197-1582709647931-cell-4-3\">\n<div class=\"table-cell-line\">5665<\/div>\n<\/td>\n<td data-cell-id=\"7197-1582709647931-cell-4-4\">\n<div class=\"table-cell-line\">5645<\/div>\n<\/td>\n<td data-cell-id=\"7197-1582709647931-cell-4-5\">\n<div class=\"table-cell-line\">5885<\/div>\n<\/td>\n<td data-cell-id=\"7197-1582709647931-cell-4-6\">\n<div class=\"table-cell-line\">5905<\/div>\n<\/td>\n<td data-cell-id=\"7197-1582709647931-cell-4-7\">\n<div class=\"table-cell-line\">5925<\/div>\n<\/td>\n<td data-cell-id=\"7197-1582709647931-cell-4-8\">\n<div class=\"table-cell-line\">5945<\/div>\n<\/td>\n<\/tr>\n<tr>\n<td data-cell-id=\"7197-1582709647931-cell-5-0\">\n<div class=\"table-cell-line\">F<\/div>\n<\/td>\n<td data-cell-id=\"7197-1582709647931-cell-5-1\">\n<div class=\"table-cell-line\">5740<\/div>\n<\/td>\n<td data-cell-id=\"7197-1582709647931-cell-5-2\">\n<div class=\"table-cell-line\">5760<\/div>\n<\/td>\n<td data-cell-id=\"7197-1582709647931-cell-5-3\">\n<div class=\"table-cell-line\">5780<\/div>\n<\/td>\n<td data-cell-id=\"7197-1582709647931-cell-5-4\">\n<div class=\"table-cell-line\">5800<\/div>\n<\/td>\n<td data-cell-id=\"7197-1582709647931-cell-5-5\">\n<div class=\"table-cell-line\">5820<\/div>\n<\/td>\n<td data-cell-id=\"7197-1582709647931-cell-5-6\">\n<div class=\"table-cell-line\">5840<\/div>\n<\/td>\n<td data-cell-id=\"7197-1582709647931-cell-5-7\">\n<div class=\"table-cell-line\">5860<\/div>\n<\/td>\n<td data-cell-id=\"7197-1582709647931-cell-5-8\">\n<div class=\"table-cell-line\">5880<\/div>\n<\/td>\n<\/tr>\n<tr>\n<td data-cell-id=\"7197-1582709647931-cell-6-0\">\n<div class=\"table-cell-line\">R<\/div>\n<\/td>\n<td data-cell-id=\"7197-1582709647931-cell-6-1\">\n<div class=\"table-cell-line\">5658<\/div>\n<\/td>\n<td data-cell-id=\"7197-1582709647931-cell-6-2\">\n<div class=\"table-cell-line\">5695<\/div>\n<\/td>\n<td data-cell-id=\"7197-1582709647931-cell-6-3\">\n<div class=\"table-cell-line\">5732<\/div>\n<\/td>\n<td data-cell-id=\"7197-1582709647931-cell-6-4\">\n<div class=\"table-cell-line\">5769<\/div>\n<\/td>\n<td data-cell-id=\"7197-1582709647931-cell-6-5\">\n<div class=\"table-cell-line\">5806<\/div>\n<\/td>\n<td data-cell-id=\"7197-1582709647931-cell-6-6\">\n<div class=\"table-cell-line\">5843<\/div>\n<\/td>\n<td data-cell-id=\"7197-1582709647931-cell-6-7\">\n<div class=\"table-cell-line\">5880<\/div>\n<\/td>\n<td data-cell-id=\"7197-1582709647931-cell-6-8\">\n<div class=\"table-cell-line\">5917<\/div>\n<\/td>\n<\/tr>\n<tr>\n<td data-cell-id=\"7197-1582709647931-cell-6-0\">L<\/td>\n<td data-cell-id=\"7197-1582709647931-cell-6-1\">5362<\/td>\n<td data-cell-id=\"7197-1582709647931-cell-6-2\">5399<\/td>\n<td data-cell-id=\"7197-1582709647931-cell-6-3\">5436<\/td>\n<td data-cell-id=\"7197-1582709647931-cell-6-4\">5473<\/td>\n<td data-cell-id=\"7197-1582709647931-cell-6-5\">5510<\/td>\n<td data-cell-id=\"7197-1582709647931-cell-6-6\">5547<\/td>\n<td data-cell-id=\"7197-1582709647931-cell-6-7\">5584<\/td>\n<td data-cell-id=\"7197-1582709647931-cell-6-8\">5621<\/td>\n<\/tr>\n<\/tbody>\n<\/table>\n<\/div>\n<\/div>\n<\/div>\n<p>&nbsp;<\/p>\n<p><b>How to use the frequency sweep function?<\/b><\/p>\n<p>Po w\u0142\u0105czeniu gogli, naci\u015bnij kr\u00f3tko przycisk &#8220;S&#8221;. Korzystaj\u0105c z przycisk\u00f3w &#8220;Band+&#8221; i &#8220;Ch+&#8221;<\/p>\n<div class=\"table-wrapper\">\n<table width=\"100%\">\n<tbody>\n<tr>\n<td style=\"width: 30.5243%;\">Green<\/td>\n<td style=\"width: 66.4794%;\">0&lt;RSSI&lt;20, not occupied<\/td>\n<\/tr>\n<tr>\n<td style=\"width: 30.5243%;\">Yellow<\/td>\n<td style=\"width: 66.4794%;\">20&lt;RSSI&lt;70, there is a drone occupying the Band far away, or there is interference<\/td>\n<\/tr>\n<tr>\n<td style=\"width: 30.5243%;\">Red<\/td>\n<td style=\"width: 66.4794%;\">70&lt;RSSI&lt;99, occupied<\/td>\n<\/tr>\n<tr>\n<td style=\"width: 30.5243%;\">White<\/td>\n<td style=\"width: 66.4794%;\">current Band (highest RSSI in the sweep result)<\/td>\n<\/tr>\n<\/tbody>\n<\/table>\n<\/div>\n<p><img decoding=\"async\" src=\"https:\/\/cdn.shopifycdn.net\/s\/files\/1\/1778\/6615\/files\/WPS_1_e4881ca1-9975-4322-8dec-70f2c8e1470c_600x600.jpg?v=1606361442\" alt=\"\" \/><\/p>\n<div>\n<p><img decoding=\"async\" src=\"https:\/\/cdn.shopifycdn.net\/s\/files\/1\/1778\/6615\/files\/WPS_1_03f589f9-6c4c-4161-beac-fcae45303908_600x600.jpg?v=1606361390\" alt=\"\" \/><\/p>\n<\/div>\n<div><\/div>\n<h1><\/h1>\n<h1>Package:<\/h1>\n<ul>\n<li>1x BETAFPV VR02 FPV Gogle<\/li>\n<li>1 * Adjustable Headband<\/li>\n<\/ul>","protected":false},"excerpt":{"rendered":"<p>G\u0142\u00f3wne cechy: Wbudowana antena oraz niska waga ca\u0142ego zestawu. Wy\u015bwietlacz 4.3 cala 800x380px HD LCD. Szybkie automatyczne wyszukiwanie kana\u0142\u00f3w (zaledwie 2.5 sekundy). 40-kana\u0142owy odbiornik z kana\u0142em RaceBand. Wbudowane OSD Specyfikacja Wymiary: 126x143x86.3mm Waga: 300g Rozmiar ekranu: 4.3 inch Rozdzielczo\u015b\u0107: 800*480 px Jasno\u015b\u0107: 300cd\/m2 FOV: 55\u00b0 Z\u0142\u0105cze USB-C do \u0142adowania Napi\u0119cie znamionowe: 3.7V, urz\u0105dzenie pracuje przy [&hellip;]<\/p>","protected":false},"featured_media":5762,"template":"","meta":[],"product_cat":[32,37],"product_tag":[],"jetpack_sharing_enabled":true,"_links":{"self":[{"href":"https:\/\/xorr.pl\/en\/wp-json\/wp\/v2\/product\/5761"}],"collection":[{"href":"https:\/\/xorr.pl\/en\/wp-json\/wp\/v2\/product"}],"about":[{"href":"https:\/\/xorr.pl\/en\/wp-json\/wp\/v2\/types\/product"}],"wp:featuredmedia":[{"embeddable":true,"href":"https:\/\/xorr.pl\/en\/wp-json\/wp\/v2\/media\/5762"}],"wp:attachment":[{"href":"https:\/\/xorr.pl\/en\/wp-json\/wp\/v2\/media?parent=5761"}],"wp:term":[{"taxonomy":"product_cat","embeddable":true,"href":"https:\/\/xorr.pl\/en\/wp-json\/wp\/v2\/product_cat?post=5761"},{"taxonomy":"product_tag","embeddable":true,"href":"https:\/\/xorr.pl\/en\/wp-json\/wp\/v2\/product_tag?post=5761"}],"curies":[{"name":"wp","href":"https:\/\/api.w.org\/{rel}","templated":true}]}}