{"id":5767,"date":"2021-01-26T23:39:35","date_gmt":"2021-01-26T22:39:35","guid":{"rendered":"https:\/\/xorr.pl\/?post_type=product&#038;p=5767"},"modified":"2022-10-18T10:49:49","modified_gmt":"2022-10-18T08:49:49","slug":"spi-frsky-receiver","status":"publish","type":"product","link":"https:\/\/xorr.pl\/en\/product\/spi-frsky-receiver\/","title":{"rendered":"SPI Frsky Receiver"},"content":{"rendered":"<h2>Specification<\/h2>\n<ul>\n<li>Chip: CC2500<\/li>\n<li>Weight: 0.43g<\/li>\n<li>Connection Way: Pin-Connecto<\/li>\n<li>Support Protocol: Frsky D8, Futaba<\/li>\n<li>Dimensions: 13.5mm*9mm<\/li>\n<\/ul>\n<p><img decoding=\"async\" src=\"https:\/\/cdn.shopifycdn.net\/s\/files\/1\/1778\/6615\/files\/WPS_1_3e3715e9-ad76-47dd-b2d9-f899d896395b_600x600.jpg?v=1604572280\" alt=\"\" \/><\/p>\n<p>This SPI receiver comes with Plug &amp; Play port, and is specially designed for the F4 1S AIO FC(No Rx) and lite 1-2S Brushless FC(NO Rx), no soldering work needed, super easy to install.<\/p>\n<p><img decoding=\"async\" src=\"https:\/\/cdn.shopifycdn.net\/s\/files\/1\/1778\/6615\/files\/d88ddc19ac256816e2d8aa598f118a58_600x600.jpg?v=1604571020\" alt=\"\" \/><\/p>\n<h2>Package:<\/h2>\n<ul>\n<li>1 * SPI Frsky Receiver<\/li>\n<\/ul>","protected":false},"excerpt":{"rendered":"<p>Specyfikacja Chip: CC2500 Waga: 0.43g Spos\u00f3b pod\u0142\u0105czenia: Pin-Connector Wspierane protoko\u0142y: Frsky D8, Futaba Wymiary: 13.5mmx9mm Ten odbiornik SPI mo\u017cna pod\u0142\u0105czy\u0107 do F4 1S AIO FC sposobem Plug&amp;Play. W zestawie 1x Odbiornik SPI Frsky \/ Futaba<\/p>","protected":false},"featured_media":5768,"template":"","meta":[],"product_cat":[22,32,41],"product_tag":[],"jetpack_sharing_enabled":true,"_links":{"self":[{"href":"https:\/\/xorr.pl\/en\/wp-json\/wp\/v2\/product\/5767"}],"collection":[{"href":"https:\/\/xorr.pl\/en\/wp-json\/wp\/v2\/product"}],"about":[{"href":"https:\/\/xorr.pl\/en\/wp-json\/wp\/v2\/types\/product"}],"wp:featuredmedia":[{"embeddable":true,"href":"https:\/\/xorr.pl\/en\/wp-json\/wp\/v2\/media\/5768"}],"wp:attachment":[{"href":"https:\/\/xorr.pl\/en\/wp-json\/wp\/v2\/media?parent=5767"}],"wp:term":[{"taxonomy":"product_cat","embeddable":true,"href":"https:\/\/xorr.pl\/en\/wp-json\/wp\/v2\/product_cat?post=5767"},{"taxonomy":"product_tag","embeddable":true,"href":"https:\/\/xorr.pl\/en\/wp-json\/wp\/v2\/product_tag?post=5767"}],"curies":[{"name":"wp","href":"https:\/\/api.w.org\/{rel}","templated":true}]}}