{"id":5861,"date":"2021-03-19T20:33:46","date_gmt":"2021-03-19T19:33:46","guid":{"rendered":"https:\/\/xorr.pl\/?post_type=product&#038;p=5861"},"modified":"2024-04-04T04:51:19","modified_gmt":"2024-04-04T02:51:19","slug":"smigla-hq-4025-2-blade-1-5mm-shaft","status":"publish","type":"product","link":"https:\/\/xorr.pl\/en\/product\/smigla-hq-4025-2-blade-1-5mm-shaft\/","title":{"rendered":"HQ 4025 2-Blade 1.5mm Shaft Props"},"content":{"rendered":"<div>\n<div id=\"product-tabs\">\n<p>Idealne \u015bmig\u0142a do silnik\u00f3w 1505 oraz 1404. Polecane do projekt\u00f3w typu <strong>#MicroLR<\/strong><\/p>\n<p><img decoding=\"async\" src=\"https:\/\/cdn.shopify.com\/s\/files\/1\/1778\/6615\/files\/2_1119ea05-2bff-429d-964b-879e2a60f3d6_1024x1024.jpg?v=1576217980\" \/><\/p>\n<\/div>\n<\/div>\n<h2><\/h2>\n<h2>Specification<\/h2>\n<ul>\n<li>Ilo\u015b\u0107 \u0142opat: 2<\/li>\n<li>Kolor: Prze\u017aroczysty szary<\/li>\n<li>Waga: 1.4g\/szt<\/li>\n<li>Materia\u0142: Poly Carbon<\/li>\n<li>\u015arednica: 4 cale, oko\u0142o 101.6mm<\/li>\n<li>Shaft: 1.5mm<\/li>\n<\/ul>\n<p><img decoding=\"async\" src=\"https:\/\/cdn.shopify.com\/s\/files\/1\/1778\/6615\/files\/f7d7c897f798fc44c391847188c3ac79_600x600.jpg?v=1576218639\" \/><\/p>\n<h2 class=\"p1\">Package:<\/h2>\n<ul>\n<li>2 * \u015bmig\u0142a 4025 2-Blade CW<\/li>\n<li>2 * \u015bmig\u0142a 4025 2-Blade CCW<\/li>\n<\/ul>","protected":false},"excerpt":{"rendered":"<p>Idealne \u015bmig\u0142a do silnik\u00f3w 1505 oraz 1404. Polecane do projekt\u00f3w typu #MicroLR Specyfikacja Ilo\u015b\u0107 \u0142opat: 2 Kolor: Prze\u017aroczysty szary Waga: 1.4g\/szt Materia\u0142: Poly Carbon \u015arednica: 4 cale, oko\u0142o 101.6mm Shaft: 1.5mm W zestawie 2 * \u015bmig\u0142a 4025 2-Blade CW 2 * \u015bmig\u0142a 4025 2-Blade CCW<\/p>","protected":false},"featured_media":5862,"template":"","meta":[],"product_cat":[23,35],"product_tag":[],"jetpack_sharing_enabled":true,"_links":{"self":[{"href":"https:\/\/xorr.pl\/en\/wp-json\/wp\/v2\/product\/5861"}],"collection":[{"href":"https:\/\/xorr.pl\/en\/wp-json\/wp\/v2\/product"}],"about":[{"href":"https:\/\/xorr.pl\/en\/wp-json\/wp\/v2\/types\/product"}],"wp:featuredmedia":[{"embeddable":true,"href":"https:\/\/xorr.pl\/en\/wp-json\/wp\/v2\/media\/5862"}],"wp:attachment":[{"href":"https:\/\/xorr.pl\/en\/wp-json\/wp\/v2\/media?parent=5861"}],"wp:term":[{"taxonomy":"product_cat","embeddable":true,"href":"https:\/\/xorr.pl\/en\/wp-json\/wp\/v2\/product_cat?post=5861"},{"taxonomy":"product_tag","embeddable":true,"href":"https:\/\/xorr.pl\/en\/wp-json\/wp\/v2\/product_tag?post=5861"}],"curies":[{"name":"wp","href":"https:\/\/api.w.org\/{rel}","templated":true}]}}