{"id":5865,"date":"2021-03-19T20:44:42","date_gmt":"2021-03-19T19:44:42","guid":{"rendered":"https:\/\/xorr.pl\/?post_type=product&#038;p=5865"},"modified":"2021-12-30T18:09:54","modified_gmt":"2021-12-30T17:09:54","slug":"smigla-gemfan-5125-3-blade-5mm-15mm-shaft","status":"publish","type":"product","link":"https:\/\/xorr.pl\/en\/product\/smigla-gemfan-5125-3-blade-5mm-15mm-shaft\/","title":{"rendered":"Gemfan 5125 3-blade Props"},"content":{"rendered":"<div>\n<div id=\"product-tabs\">\n<p>Gemfan 5125 s\u0105 to najl\u017cejsze 5 calowe 3 \u0142opatowe \u015bmig\u0142a na rynku \ud83d\ude42 Idealne do ultralekkich konstrukcji z wykorzystaniem silnik\u00f3w typu 2004. Posiadaj\u0105ce mo\u017cliwo\u015b\u0107 monta\u017cu zar\u00f3wno klasycznie (5mm trzpie\u0144) a tak\u017ce T-mount (2 \u015brubki M2 i trzpie\u0144 1.5mm).<\/p>\n<p><img decoding=\"async\" class=\"aligncenter\" src=\"https:\/\/cdn.shopify.cn\/s\/files\/1\/1778\/6615\/files\/FB_dc6773cb-b140-40d4-a587-98eab6cd0a8c_1024x1024.jpg?v=1589196679\" \/><\/p>\n<\/div>\n<\/div>\n<h2><\/h2>\n<h2>Specification<\/h2>\n<ul>\n<li>Ilo\u015b\u0107 \u0142opat: 3<\/li>\n<li>Kolor: Prze\u017aroczysty szary<\/li>\n<li>Waga: 2.8g\/szt lub 3.0g z adapterem T-mount<\/li>\n<li>Materia\u0142: Poly Carbon<\/li>\n<li>\u015arednica: 5.1 cali, oko\u0142o 127mm<\/li>\n<li>Shaft: 5mm oraz 1.5mm z adapterem<\/li>\n<\/ul>\n<p><img decoding=\"async\" class=\"aligncenter\" src=\"https:\/\/cdn.shopify.cn\/s\/files\/1\/1778\/6615\/files\/5447fdfa71cc2407cb21d806289ba7e4_1024x1024.jpg?v=1589197386\" \/><\/p>\n<h2 class=\"p1\">Package:<\/h2>\n<ul>\n<li>2x \u015bmig\u0142a 5125\u00a02-Blade CW<\/li>\n<li>2x \u015bmig\u0142a 5125\u00a02-Blade CCW<\/li>\n<li>4x adaptery T-mount<\/li>\n<li>8x \u015bruby M2*7<\/li>\n<\/ul>\n<p><img decoding=\"async\" class=\"aligncenter\" src=\"https:\/\/cdn.shopify.cn\/s\/files\/1\/1778\/6615\/files\/1_889a6fff-52b4-4fdb-8a03-d6876540c04c_600x600.jpg?v=1589249042\" \/><\/p>","protected":false},"excerpt":{"rendered":"<p>Gemfan 5125 s\u0105 to najl\u017cejsze 5 calowe 3 \u0142opatowe \u015bmig\u0142a na rynku \ud83d\ude42 Idealne do ultralekkich konstrukcji z wykorzystaniem silnik\u00f3w typu 2004. Posiadaj\u0105ce mo\u017cliwo\u015b\u0107 monta\u017cu zar\u00f3wno klasycznie (5mm trzpie\u0144) a tak\u017ce T-mount (2 \u015brubki M2 i trzpie\u0144 1.5mm). Specyfikacja Ilo\u015b\u0107 \u0142opat: 3 Kolor: Prze\u017aroczysty szary Waga: 2.8g\/szt lub 3.0g z adapterem T-mount Materia\u0142: Poly Carbon [&hellip;]<\/p>","protected":false},"featured_media":5866,"template":"","meta":[],"product_cat":[23,35],"product_tag":[],"jetpack_sharing_enabled":true,"_links":{"self":[{"href":"https:\/\/xorr.pl\/en\/wp-json\/wp\/v2\/product\/5865"}],"collection":[{"href":"https:\/\/xorr.pl\/en\/wp-json\/wp\/v2\/product"}],"about":[{"href":"https:\/\/xorr.pl\/en\/wp-json\/wp\/v2\/types\/product"}],"wp:featuredmedia":[{"embeddable":true,"href":"https:\/\/xorr.pl\/en\/wp-json\/wp\/v2\/media\/5866"}],"wp:attachment":[{"href":"https:\/\/xorr.pl\/en\/wp-json\/wp\/v2\/media?parent=5865"}],"wp:term":[{"taxonomy":"product_cat","embeddable":true,"href":"https:\/\/xorr.pl\/en\/wp-json\/wp\/v2\/product_cat?post=5865"},{"taxonomy":"product_tag","embeddable":true,"href":"https:\/\/xorr.pl\/en\/wp-json\/wp\/v2\/product_tag?post=5865"}],"curies":[{"name":"wp","href":"https:\/\/api.w.org\/{rel}","templated":true}]}}