{"id":5868,"date":"2021-03-19T20:53:56","date_gmt":"2021-03-19T19:53:56","guid":{"rendered":"https:\/\/xorr.pl\/?post_type=product&#038;p=5868"},"modified":"2022-06-07T18:55:42","modified_gmt":"2022-06-07T16:55:42","slug":"silniki-bezszczotkowe-1204-5000kv","status":"publish","type":"product","link":"https:\/\/xorr.pl\/en\/product\/silniki-bezszczotkowe-1204-5000kv\/","title":{"rendered":"Silniki bezszczotkowe 1204 5000KV"},"content":{"rendered":"<p>1204 5000KV to jedne z najlepszych silnik\u00f3w od BetaFPV, idealne do 2-3 calowych dron\u00f3w FPV. Projektowane z my\u015bl\u0105 o wydajno\u015bci oraz szybkiego pozbywania si\u0119 ciep\u0142a. Okazuje si\u0119 tak\u017ce s\u0105 s\u0105 bardzo wytrzyma\u0142e a wa\u017c\u0105 jedynie 5.9g. M\u00f3wi\u0105c wprost, jak kupisz to si\u0119 nie zawiedziesz \ud83d\ude42<\/p>\n<p><img decoding=\"async\" src=\"https:\/\/cdn.shopify.com\/s\/files\/1\/1778\/6615\/files\/saasasa_6.jpg?v=1570844160\" \/><\/p>\n<h2>Bullet Point<\/h2>\n<ul>\n<li>Wysoka wydajno\u015b\u0107 = d\u0142ugi czas lotu.<\/li>\n<li>Wykonane z jednego kawa\u0142ka stopu aluminium.<\/li>\n<li>Zakrzywione magnesy = ciche i &#8220;smooth&#8221; :p<\/li>\n<li>Kompatybilne z bateriami lipo 3-4S<\/li>\n<\/ul>\n<p><img decoding=\"async\" class=\"aligncenter\" src=\"https:\/\/cdn.shopify.com\/s\/files\/1\/1778\/6615\/files\/comp_1d809355-c2fd-4b43-a844-8053be22246f_600x600.jpg?v=1576920420\" \/><\/p>\n<h2>Specification<\/h2>\n<ul>\n<li>Wysoko\u015b\u0107: 14mm<\/li>\n<li>Waga: 5.9g\/szt.<\/li>\n<li>\u015arednica trzpienia (Shaft): \u03c61.5mm<\/li>\n<li>KV (rpm\/V): 5000KV<\/li>\n<li>Napi\u0119cie zasilaj\u0105ce: 3 &#8211; 4S LiPo<\/li>\n<li>Kabel z wtyczk\u0105: Micro JST-1.25 3-pin + kable 28AWG<\/li>\n<\/ul>\n<p><img decoding=\"async\" class=\"aligncenter\" src=\"https:\/\/cdn.shopify.com\/s\/files\/1\/1778\/6615\/files\/1204_5000kv_not_600x600.jpg?v=1570764545\" \/><\/p>\n<h2><img decoding=\"async\" class=\"aligncenter\" src=\"https:\/\/cdn.shopify.com\/s\/files\/1\/1778\/6615\/files\/Snipaste_2019-10-10_11-22-20_600x600.png?v=1570677768\" \/><\/h2>\n<h2>Package:<\/h2>\n<ul>\n<li>4x silniki BETAFPV 1204 5000KV<\/li>\n<li>8x \u015bruby M2<\/li>\n<\/ul>","protected":false},"excerpt":{"rendered":"<p>1204 5000KV to jedne z najlepszych silnik\u00f3w od BetaFPV, idealne do 2-3 calowych dron\u00f3w FPV. Projektowane z my\u015bl\u0105 o wydajno\u015bci oraz szybkiego pozbywania si\u0119 ciep\u0142a. Okazuje si\u0119 tak\u017ce s\u0105 s\u0105 bardzo wytrzyma\u0142e a wa\u017c\u0105 jedynie 5.9g. M\u00f3wi\u0105c wprost, jak kupisz to si\u0119 nie zawiedziesz \ud83d\ude42 G\u0142\u00f3wne cechy: Wysoka wydajno\u015b\u0107 = d\u0142ugi czas lotu. Wykonane z [&hellip;]<\/p>","protected":false},"featured_media":5870,"template":"","meta":[],"product_cat":[32,36],"product_tag":[],"jetpack_sharing_enabled":true,"_links":{"self":[{"href":"https:\/\/xorr.pl\/en\/wp-json\/wp\/v2\/product\/5868"}],"collection":[{"href":"https:\/\/xorr.pl\/en\/wp-json\/wp\/v2\/product"}],"about":[{"href":"https:\/\/xorr.pl\/en\/wp-json\/wp\/v2\/types\/product"}],"wp:featuredmedia":[{"embeddable":true,"href":"https:\/\/xorr.pl\/en\/wp-json\/wp\/v2\/media\/5870"}],"wp:attachment":[{"href":"https:\/\/xorr.pl\/en\/wp-json\/wp\/v2\/media?parent=5868"}],"wp:term":[{"taxonomy":"product_cat","embeddable":true,"href":"https:\/\/xorr.pl\/en\/wp-json\/wp\/v2\/product_cat?post=5868"},{"taxonomy":"product_tag","embeddable":true,"href":"https:\/\/xorr.pl\/en\/wp-json\/wp\/v2\/product_tag?post=5868"}],"curies":[{"name":"wp","href":"https:\/\/api.w.org\/{rel}","templated":true}]}}