{"id":5874,"date":"2021-03-19T21:23:21","date_gmt":"2021-03-19T20:23:21","guid":{"rendered":"https:\/\/xorr.pl\/?post_type=product&#038;p=5874"},"modified":"2024-07-05T09:20:03","modified_gmt":"2024-07-05T07:20:03","slug":"beta95x-v3-rama","status":"publish","type":"product","link":"https:\/\/xorr.pl\/en\/product\/beta95x-v3-rama\/","title":{"rendered":"Beta95X V3 Frame"},"content":{"rendered":"<div id=\"revy-bundles-wrapper\" class=\"\">\n<div id=\"revy-bundle-wrapper\" class=\"\" data-product-id=\"5143883677830\">\n<div class=\"revy-bundle-wrapper-inner\">\n<div class=\"revy-bundle-action\">3-cia generacja ramy kt\u00f3ra Bety95x kt\u00f3ra wprowadzi\u0142a rewolucj\u0119 w \u015bwiecie cinewhoop. Rama w stylu pusher wykonana z tworzywa sztucznego (nylon PA12) na <strong>wtryskarce<\/strong>\u00a0z zintegrowanym szkieletem z w\u0142\u00f3kna w\u0119glowego. Jest zdecydowanie bardziej wytrzyma\u0142a ni\u017c V2 i du\u017co \u0142atwiejsza je\u015bli chodzi o dost\u0119p i monta\u017c podzespo\u0142\u00f3w. Wida\u0107 \u017ce BetaFPV w\u0142o\u017cy\u0142a w ni\u0105 du\u017co pracy.<\/div>\n<div><\/div>\n<\/div>\n<\/div>\n<\/div>\n<div><img decoding=\"async\" src=\"https:\/\/cdn.shopifycdn.net\/s\/files\/1\/1778\/6615\/files\/FB1_ffebefb7-fb53-46b6-a24d-713bae8392ef_1024x1024.jpg?v=1608286939\" \/><\/div>\n<div><\/div>\n<h2>Najwa\u017cniejsze cechy:<\/h2>\n<div class=\"product-single__description rte\">\n<ul>\n<li>Po\u0142\u0105czenie w\u0142\u00f3kna w\u0119glowego i nylonu PA12.<\/li>\n<li>Mniejsze wibracje oraz zmniejszona g\u0142o\u015bno\u015b\u0107.<\/li>\n<li>Ta\u015bma EVA Foam (ta czerwona g\u0105beczka naklejona w oku\u0142 ramy) chroni\u0105cy ram\u0119 a tak\u017ce otoczenie drona.<\/li>\n<li>Posiada system redukcji drga\u0144 do monta\u017cu kamery SMO 4K (s\u0105 dost\u0119pne <a href=\"https:\/\/support.betafpv.com\/hc\/en-us\/articles\/900004866603-STL-File-of-the-Base-of-Naked-Camera-for-95X-V3\">druki 3D do monta\u017cu GoPro Lite<\/a>)<\/li>\n<\/ul>\n<p><img decoding=\"async\" src=\"https:\/\/cdn.shopifycdn.net\/s\/files\/1\/1778\/6615\/files\/WPS_1_35fd70fe-7700-4781-809f-5c40a04c1042_600x600.jpg?v=1608287078\" \/><\/p>\n<h2>Polecane cz\u0119\u015bci:<\/h2>\n<ul>\n<li>FC: <a href=\"https:\/\/xorr.pl\/en\/product\/toothpick-f4-f405-2-4s-aio-brushless-flight-controller-20ablheli_s-v4\/\">Toothpick F405 AIO 20A FC V4<\/a><\/li>\n<li>Silniki: <a href=\"https:\/\/xorr.pl\/en\/product\/silniki-1106-3800kv\/\">1106 3800KV Brushless Motor<\/a><\/li>\n<li>Props: Gemfan D63-3B (Gray) <a href=\"https:\/\/xorr.pl\/en\/product\/smigla-gemfan-d63-5-blade-1-5mm-shaft\/\">Gemfan D63 5-Blades Props<\/a><\/li>\n<li>Kamera: EOS<\/li>\n<li>VTX: <a href=\"https:\/\/xorr.pl\/en\/product\/m02-25-350mw-5-8g-nano-vtx\/\">M02 25-250mW 5.8G VTX<\/a><\/li>\n<li>Antena: Air 5.8GHz Antenna (RHCP)<\/li>\n<li>Bateria: <a href=\"https:\/\/xorr.pl\/en\/product\/450mah-4s-75c-lipo-bateria\/\">450mAh 4S battery<\/a><\/li>\n<\/ul>\n<h2>Specification<\/h2>\n<ul>\n<li>Rozmiar: 100mm<\/li>\n<li>Kolor: czarny<\/li>\n<li>Materia\u0142: PA12 + w\u0142\u00f3kno w\u0119glowe<\/li>\n<li>Waga: 39.09g<\/li>\n<\/ul>\n<p><img decoding=\"async\" class=\"aligncenter\" src=\"https:\/\/cdn.shopifycdn.net\/s\/files\/1\/1778\/6615\/files\/1_78f6d395-75ee-4c0c-93a7-014d62652d30_600x600.jpg?v=1608290596\" \/><\/p>\n<h2>W zestawie otrzymujesz:<\/h2>\n<ul>\n<li>1x rama Beta95X V3<\/li>\n<li>3x Gumowe dystanse<\/li>\n<li>1x system monta\u017cu kamery micro (20mm)<\/li>\n<li>1x system monta\u017cu kamery nano (14mm)<\/li>\n<li>2x ta\u015bma EVA Foam<\/li>\n<li>2x podk\u0142adka antypo\u015blizgowa pod bateri\u0119<\/li>\n<li>1x pasek mocuj\u0105cy bateri\u0119<\/li>\n<li>1x zestaw \u015brubek monta\u017cowych<\/li>\n<\/ul>\n<p><img decoding=\"async\" class=\"aligncenter\" src=\"https:\/\/cdn.shopifycdn.net\/s\/files\/1\/1778\/6615\/files\/WPS_1_f7af19b7-d165-469a-817b-bdc987dd3b0e_600x600.jpg?v=1608287254\" \/><\/p>\n<\/div>","protected":false},"excerpt":{"rendered":"<p>3-cia generacja ramy kt\u00f3ra Bety95x kt\u00f3ra wprowadzi\u0142a rewolucj\u0119 w \u015bwiecie cinewhoop. Rama w stylu pusher wykonana z tworzywa sztucznego (nylon PA12) na wtryskarce\u00a0z zintegrowanym szkieletem z w\u0142\u00f3kna w\u0119glowego. Jest zdecydowanie bardziej wytrzyma\u0142a ni\u017c V2 i du\u017co \u0142atwiejsza je\u015bli chodzi o dost\u0119p i monta\u017c podzespo\u0142\u00f3w. Wida\u0107 \u017ce BetaFPV w\u0142o\u017cy\u0142a w ni\u0105 du\u017co pracy. Najwa\u017cniejsze cechy: Po\u0142\u0105czenie [&hellip;]<\/p>","protected":false},"featured_media":5875,"template":"","meta":[],"product_cat":[22,23,38],"product_tag":[],"jetpack_sharing_enabled":true,"_links":{"self":[{"href":"https:\/\/xorr.pl\/en\/wp-json\/wp\/v2\/product\/5874"}],"collection":[{"href":"https:\/\/xorr.pl\/en\/wp-json\/wp\/v2\/product"}],"about":[{"href":"https:\/\/xorr.pl\/en\/wp-json\/wp\/v2\/types\/product"}],"wp:featuredmedia":[{"embeddable":true,"href":"https:\/\/xorr.pl\/en\/wp-json\/wp\/v2\/media\/5875"}],"wp:attachment":[{"href":"https:\/\/xorr.pl\/en\/wp-json\/wp\/v2\/media?parent=5874"}],"wp:term":[{"taxonomy":"product_cat","embeddable":true,"href":"https:\/\/xorr.pl\/en\/wp-json\/wp\/v2\/product_cat?post=5874"},{"taxonomy":"product_tag","embeddable":true,"href":"https:\/\/xorr.pl\/en\/wp-json\/wp\/v2\/product_tag?post=5874"}],"curies":[{"name":"wp","href":"https:\/\/api.w.org\/{rel}","templated":true}]}}