{"id":5879,"date":"2021-03-19T21:57:07","date_gmt":"2021-03-19T20:57:07","guid":{"rendered":"https:\/\/xorr.pl\/?post_type=product&#038;p=5879"},"modified":"2024-07-05T10:12:05","modified_gmt":"2024-07-05T08:12:05","slug":"literadio-2-se-frysky-mode-2","status":"publish","type":"product","link":"https:\/\/xorr.pl\/en\/product\/literadio-2-se-frysky-mode-2\/","title":{"rendered":"LiteRadio 2 SE V2 (mode-2)"},"content":{"rendered":"<h3>Our opinion on LiteRadio 2<\/h3>\n<p>LiteRadio 2 SE Radio Transmitter is the upgraded version based on LiteRadio 2 and comes with huge improvements.<\/p>\n<p class=\"responsive-video-wrap clr\"><iframe loading=\"lazy\" title=\"Recenzja LiteRadio v2 | Beta95X - pierwsze wra\u017cenia | Odc. 01\" width=\"1200\" height=\"675\" src=\"https:\/\/www.youtube.com\/embed\/j2WkARXOqzg?feature=oembed\" frameborder=\"0\" allow=\"accelerometer; autoplay; clipboard-write; encrypted-media; gyroscope; picture-in-picture; web-share\" allowfullscreen><\/iframe><\/p>\n<h3><span style=\"color: #333333;\">LiteRadio 2 SE has many improvements over previous transsmiter<\/span><\/h3>\n<ul>\n<li>Built-in 1000 mAh 1S battery, LiteRadio 2 SE increases the endurance to 8 hours.<\/li>\n<li>Updates with BETAFPV self-developed LiteRadio System. Pilots can directly operate the Joystick Calibration and Upgrade Firmware on the radio transmitter.<\/li>\n<li><span style=\"color: #333333;\">Supports the Frsky \/ Futaba \/ Bayang, pilots can easily change Futaba, Frsky D8, Frsky FCC D16, and Frsky LBT D16 mode via the radio transmitter.<\/span><\/li>\n<li>Zwi\u0119kszona moc transmisji do <strong>100mW.<\/strong><\/li>\n<li><span style=\"color: #333333;\">Comes with 100mW transmitting power, LiteRadio 2 SE brings a wider operating range.<\/span><\/li>\n<li>You can you this transsmiter as joystick for computer simulator.<\/li>\n<\/ul>\n<p><img decoding=\"async\" src=\"https:\/\/cdn.shopifycdn.net\/s\/files\/1\/1778\/6615\/files\/FB_e35e2842-0789-4937-b703-1cd8fcfc0643_1024x1024.jpg?v=1609750114\" \/><\/p>\n<h2>Specification<\/h2>\n<ul>\n<li>Color: White<\/li>\n<li>Frequency Range: 2.4G (2403MHz-2447MHz) <span class=\"__aliyun_node_has_color __aliyun_node_has_bgcolor\">2.4G (<\/span>2403MHz-2447MHz)<\/li>\n<li>2.4G System:\u00a0NRF24L01\u00a0or CC2500<\/li>\n<li>Channel: 8<\/li>\n<li>Support Protocol: Bayang \/ Futaba S-FHSS \/ Frsky FCC D16\/ Frsky LBT D16 \/ Frsky D8<\/li>\n<li>Power: \u2264100mw<\/li>\n<li>Support USB Charging \/ Firmware Update\nSupport BETAFPV Simulator Connected \/ Customized LiteRadio System \/ Joystick Calibration<\/li>\n<li>Battery: Built-in 1000mAh 1S Battery<\/li>\n<\/ul>\n<p><img decoding=\"async\" src=\"https:\/\/cdn.shopifycdn.net\/s\/files\/1\/1778\/6615\/files\/Type-C_1_600x600.png?v=1609398985\" \/><\/p>\n<h2>LiteRadio 2 SE and LiteRadio 2 Comparision<\/h2>\n<table style=\"width: 93.2584%;\">\n<tbody>\n<tr>\n<td style=\"width: 21%;\"><\/td>\n<td style=\"width: 30%;\"><strong>\u00a0LiteRadio 2 SE<\/strong><\/td>\n<td style=\"width: 31.2584%;\"><strong>LiteRadio 2<\/strong><\/td>\n<\/tr>\n<tr>\n<td style=\"width: 21%;\">System<\/td>\n<td style=\"width: 30%;\">Customized LiteRadio System<\/td>\n<td style=\"width: 31.2584%;\">Opensource OPENTX<\/td>\n<\/tr>\n<tr>\n<td style=\"width: 21%;\">Power<\/td>\n<td style=\"width: 30%;\">Built-in 1000mAh 1S Battery<\/td>\n<td style=\"width: 31.2584%;\">Removable 350mAh 2S Battery<\/td>\n<\/tr>\n<tr>\n<td style=\"width: 21%;\">RF Power<\/td>\n<td style=\"width: 30%;\">100mW<\/td>\n<td style=\"width: 31.2584%;\">80mW<\/td>\n<\/tr>\n<tr>\n<td style=\"width: 21%;\">Working Time<\/td>\n<td style=\"width: 30%;\">8 Hours<\/td>\n<td style=\"width: 31.2584%;\">3 Hours<\/td>\n<\/tr>\n<tr>\n<td style=\"width: 21%;\">Protocols<\/td>\n<td style=\"width: 30%;\">Frsky FCC D16\/Frsky LBT\u00a0D16\/Frsky D8\/Futaba S-FHSS,<\/td>\n<td style=\"width: 31.2584%;\">Frsky FCC D16\/Frsky LBT\u00a0D16 \/Frsky D8<\/td>\n<\/tr>\n<tr>\n<td style=\"width: 21%;\">Joystick Calibration<\/td>\n<td style=\"width: 30%;\">Yes<\/td>\n<td style=\"width: 31.2584%;\">No(Could with OpenTX Companion)<\/td>\n<\/tr>\n<tr>\n<td style=\"width: 21%;\">Firmware Update<\/td>\n<td style=\"width: 30%;\">Yes<\/td>\n<td style=\"width: 31.2584%;\">No<\/td>\n<\/tr>\n<\/tbody>\n<\/table>\n<p>&nbsp;<\/p>\n<h2>Radio manual<\/h2>\n<h3>Diagram of LiteRadio 2 SE<\/h3>\n<p><img decoding=\"async\" src=\"https:\/\/cdn.shopifycdn.net\/s\/files\/1\/1778\/6615\/files\/15f67f2162918466a84111455d7a2a7d_f72103bf-abed-448f-96c0-9fac2ca2608d_600x600.jpg?v=1609749932\" \/><\/p>\n<h3>Spos\u00f3b zmiany protoko\u0142\u00f3w<\/h3>\n<p>How to switch the protocol<\/p>\n<ol>\n<li>Turn on radio<\/li>\n<li>Push and hold \"bind\" button on the backside of the radio<\/li>\n<li>Led indicator shows active protocol<\/li>\n<li>Click button until you choose right protocol<\/li>\n<\/ol>\n<div style=\"text-align: left;\">\n<div class=\"table-wrapper\">\n<table width=\"100%\">\n<tbody>\n<tr>\n<td>LED Status<\/td>\n<td>Protocol Version<\/td>\n<\/tr>\n<tr>\n<td>Flash Once<\/td>\n<td>Frsky FCC D16<\/td>\n<\/tr>\n<tr>\n<td>Flash Twice<\/td>\n<td>Frsky\u00a0LBT D16<\/td>\n<\/tr>\n<tr>\n<td>Flash Three Times<\/td>\n<td>Frsky\u00a0D8<\/td>\n<\/tr>\n<tr>\n<td>Flash Four Times<\/td>\n<td>Futaba S-FHSS<\/td>\n<\/tr>\n<\/tbody>\n<\/table>\n<\/div>\n<\/div>\n<h3>Joystick Calibration<\/h3>\n<p class=\"responsive-video-wrap clr\"><iframe loading=\"lazy\" title=\"BETAFPV Literadio 2 SE Joystick Calibration\" width=\"1200\" height=\"675\" src=\"https:\/\/www.youtube.com\/embed\/mkDREF-_yOk?feature=oembed\" frameborder=\"0\" allow=\"accelerometer; autoplay; clipboard-write; encrypted-media; gyroscope; picture-in-picture; web-share\" allowfullscreen><\/iframe><\/p>\n<h2>Package:<\/h2>\n<ul>\n<li>1 * LiteRadio 2 SE<\/li>\n<li>1 *\u00a0<span data-mce-fragment=\"1\">Radio manual<\/span><\/li>\n<\/ul>","protected":false},"excerpt":{"rendered":"<p>Nasza recenzja radia LiteRadio 2. To jest nowsza (SE) wersja natomiast ergonomia w dalszym ci\u0105gu jest taka sama. LiteRadio 2 SE to ulepszona wersja LiteRadio 2 posiadaj\u0105ca liczne usprawnienia: Wbudowana bateria 1000 mAh 1S, kt\u00f3ra starcza na 8 godzin dzia\u0142ania. Nowy system opracowany przez BetaFPV, umo\u017cliwiaj\u0105cy kalibracj\u0119 oraz aktualizacj\u0119 oprogramowania bezpo\u015brednio z poziomu radia. Wsparcie [&hellip;]<\/p>","protected":false},"featured_media":0,"template":"","meta":[],"product_cat":[32,41],"product_tag":[],"jetpack_sharing_enabled":true,"_links":{"self":[{"href":"https:\/\/xorr.pl\/en\/wp-json\/wp\/v2\/product\/5879"}],"collection":[{"href":"https:\/\/xorr.pl\/en\/wp-json\/wp\/v2\/product"}],"about":[{"href":"https:\/\/xorr.pl\/en\/wp-json\/wp\/v2\/types\/product"}],"wp:attachment":[{"href":"https:\/\/xorr.pl\/en\/wp-json\/wp\/v2\/media?parent=5879"}],"wp:term":[{"taxonomy":"product_cat","embeddable":true,"href":"https:\/\/xorr.pl\/en\/wp-json\/wp\/v2\/product_cat?post=5879"},{"taxonomy":"product_tag","embeddable":true,"href":"https:\/\/xorr.pl\/en\/wp-json\/wp\/v2\/product_tag?post=5879"}],"curies":[{"name":"wp","href":"https:\/\/api.w.org\/{rel}","templated":true}]}}