{"id":5885,"date":"2021-03-19T23:15:09","date_gmt":"2021-03-19T22:15:09","guid":{"rendered":"https:\/\/xorr.pl\/?post_type=product&#038;p=5885"},"modified":"2021-08-11T22:58:26","modified_gmt":"2021-08-11T20:58:26","slug":"silniki-bezszczotkowe-1505-3600kv","status":"publish","type":"product","link":"https:\/\/xorr.pl\/en\/product\/silniki-bezszczotkowe-1505-3600kv\/","title":{"rendered":"1506 3600kv Brushless Motors"},"content":{"rendered":"<p>1505 3600KV to nowe silniki od BetaFPV stworzone z my\u015bl\u0105 o 4 calowych dronach. Idealnie komponuj\u0105 si\u0119 z 20A AIO FC: <a href=\"https:\/\/xorr.pl\/en\/product\/toothpick-f4-f405-2-4s-aio-brushless-flight-controller-20ablheli_s-v4\/\">Toothpick F405 2-4S AIO Brushless Flight Controller 20A (BLHELI_32) V4<\/a><br \/>\nPolecane do wykorzystania w projekcie <strong>#MicroLR<\/strong> wraz z <a href=\"https:\/\/xorr.pl\/en\/product\/smigla-hq-4025-2-blade-1-5mm-shaft\/\">4 calowymi \u015bmig\u0142ami od HQ<\/a><\/p>\n<p><img decoding=\"async\" src=\"https:\/\/cdn.shopify.com\/s\/files\/1\/1778\/6615\/files\/mto_1024x1024.jpg?v=1576481719\" \/><\/p>\n<h2>Por\u00f3wnanie silnik\u00f3w 12xx\/14xx\/15xx<\/h2>\n<p><img decoding=\"async\" src=\"https:\/\/cdn.shopify.com\/s\/files\/1\/1778\/6615\/files\/comp_1d809355-c2fd-4b43-a844-8053be22246f_600x600.jpg?v=1576920420\" \/><\/p>\n<h2>Specification<\/h2>\n<ul>\n<li>Waga: 13.08g\/szt.<\/li>\n<li>\u015arednica trzpienia (Shaft): \u03c61.5mm<\/li>\n<li>KV (rpm\/V): 3600KV<\/li>\n<li>Napi\u0119cie zasilaj\u0105ce: 3 &#8211; 4S LiPo<\/li>\n<li>Kabel: 80mm 28AWG<\/li>\n<\/ul>\n<p>&nbsp;<\/p>\n<h2><img decoding=\"async\" src=\"https:\/\/cdn.shopify.com\/s\/files\/1\/1778\/6615\/files\/1505_3600_1024x1024.jpg?v=1576488958\" \/><\/h2>\n<p><img decoding=\"async\" src=\"https:\/\/cdn.shopify.com\/s\/files\/1\/1778\/6615\/files\/test_c0ea0974-bbbe-4830-ad4d-c98483176d0f_1024x1024.jpg?v=1576224977\" \/><\/p>\n<h2>Package:<\/h2>\n<ul>\n<li>4 * silniki BETAFPV 1505 3600KV<\/li>\n<li>8 * \u015bruby M2<\/li>\n<\/ul>","protected":false},"excerpt":{"rendered":"<p>1505 3600KV to nowe silniki od BetaFPV stworzone z my\u015bl\u0105 o 4 calowych dronach. Idealnie komponuj\u0105 si\u0119 z 20A AIO FC: Toothpick F405 2-4S AIO Brushless Flight Controller 20A (BLHELI_32) V4 Polecane do wykorzystania w projekcie #MicroLR wraz z 4 calowymi \u015bmig\u0142ami od HQ Por\u00f3wnanie silnik\u00f3w 12xx\/14xx\/15xx Specyfikacja: Waga: 13.08g\/szt. \u015arednica trzpienia (Shaft): \u03c61.5mm KV [&hellip;]<\/p>","protected":false},"featured_media":5887,"template":"","meta":[],"product_cat":[32,36],"product_tag":[],"jetpack_sharing_enabled":true,"_links":{"self":[{"href":"https:\/\/xorr.pl\/en\/wp-json\/wp\/v2\/product\/5885"}],"collection":[{"href":"https:\/\/xorr.pl\/en\/wp-json\/wp\/v2\/product"}],"about":[{"href":"https:\/\/xorr.pl\/en\/wp-json\/wp\/v2\/types\/product"}],"wp:featuredmedia":[{"embeddable":true,"href":"https:\/\/xorr.pl\/en\/wp-json\/wp\/v2\/media\/5887"}],"wp:attachment":[{"href":"https:\/\/xorr.pl\/en\/wp-json\/wp\/v2\/media?parent=5885"}],"wp:term":[{"taxonomy":"product_cat","embeddable":true,"href":"https:\/\/xorr.pl\/en\/wp-json\/wp\/v2\/product_cat?post=5885"},{"taxonomy":"product_tag","embeddable":true,"href":"https:\/\/xorr.pl\/en\/wp-json\/wp\/v2\/product_tag?post=5885"}],"curies":[{"name":"wp","href":"https:\/\/api.w.org\/{rel}","templated":true}]}}