{"id":5896,"date":"2021-03-20T23:44:27","date_gmt":"2021-03-20T22:44:27","guid":{"rendered":"https:\/\/xorr.pl\/?post_type=product&#038;p=5896"},"modified":"2022-04-14T09:13:44","modified_gmt":"2022-04-14T07:13:44","slug":"jumper-t-lite","status":"publish","type":"product","link":"https:\/\/xorr.pl\/en\/product\/jumper-t-lite\/","title":{"rendered":"Jumper T-Lite Multiprotocol"},"content":{"rendered":"<p>Radio firmy Jumper w stylu <a href=\"https:\/\/xorr.pl\/en\/product\/literadio-2-se-frysky-mode-2\/\">LiteRadio 2 SE<\/a>, wyposa\u017cone we wszystko to co brakowa\u0142o w radiu BetyFPV:<\/p>\n<ul>\n<li>Gimbale na czujnikach halla<\/li>\n<li>Ekran<\/li>\n<li>Wbudowany g\u0142o\u015bnik<\/li>\n<li>Mo\u017cliwo\u015b\u0107 montowania rozszerze\u0144 typu nano<\/li>\n<\/ul>\n<p><strong><span style=\"color: #ff0000;\">UWAGA. Przed uruchomieniem radia nale\u017cy pod\u0142\u0105czy\u0107 anten\u0119. Niepod\u0142\u0105czenie anteny spowoduje uszkodzenie radia.<\/span><\/strong><\/p>\n<p><img decoding=\"async\" class=\"aligncenter\" src=\"https:\/\/dronexpert.eu\/images\/RACE\/Jumper\/bab5a6998c.gif\" alt=\"alt\" \/><\/p>\n<h2>JP4IN1 Opis:<\/h2>\n<ul>\n<li>Rozmiar:\u00a0166\u00a0*\u00a0106\u00a0*\u00a056 mm<\/li>\n<li>Waga:\u00a0260g\u00a0(z\u00a018650)<\/li>\n<li>Napi\u0119cie:\u00a0DC3\u00a05-4.\u00a02V<\/li>\n<li>Kana\u0142:\u00a016\u00a0kana\u0142\u00f3w<\/li>\n<li>Zewn\u0119trzna\u00a0karta\u00a0Micro\u00a0SD:\u00a0ponownie\u00a0pod\u0142\u0105czona karta SD<\/li>\n<li>System: OpenTX<\/li>\n<li>Ekran:\u00a01,3\u00a0&#8221;\u00a012864<\/li>\n<li>Wysokiej\u00a0jako\u015bci\u00a0gimbale\u00a0z\u00a0czujnikiem\u00a0halla<\/li>\n<li>Wewn\u0119trzny\u00a0modu\u0142 JP4IN1 wieloprotoko\u0142owy:\n<ul>\n<li>A7105-Flysky,\u00a0Hubsan,\u00a0AFHDS2A\u00a0itp<\/li>\n<li>CC2500-Frsky,\u00a0Futaba\u00a0SFHSS,\u00a0Hitec,\u00a0Radiolink,\u00a0Esky, Corona itp<\/li>\n<li>CYRF6936-DSM\u00a0\/\u00a0DSMX,\u00a0Walkera\u00a0Devo,\u00a0Wfly itp<\/li>\n<li>NRF24L01-HISKY,\u00a0Syma,\u00a0ASSAN\u00a0itp<\/li>\n<\/ul>\n<\/li>\n<li>Wbudowane \u0142adowanie USB-C<\/li>\n<\/ul>\n<h2>CC2500 Opis:<\/h2>\n<ul>\n<li>Rozmiar:\u00a0166\u00a0*\u00a0106\u00a0*\u00a056 mm<\/li>\n<li>Waga:\u00a0260g\u00a0(z\u00a018650)<\/li>\n<li>Napi\u0119cie:\u00a0DC3\u00a05-4.\u00a02V<\/li>\n<li>Kana\u0142:\u00a016\u00a0kana\u0142\u00f3w<\/li>\n<li>Zewn\u0119trzna\u00a0karta\u00a0Micro\u00a0SD:\u00a0ponownie\u00a0pod\u0142\u0105czona karta SD<\/li>\n<li>System: OpenTX<\/li>\n<li>Ekran:\u00a01,3\u00a0&#8221;\u00a012864<\/li>\n<li>Wysokiej\u00a0jako\u015bci\u00a0gimbale\u00a0z\u00a0czujnikiem\u00a0halla<\/li>\n<li>Wewn\u0119trzny\u00a0modu\u0142 JP4IN1 wieloprotoko\u0142owy:\n<ul>\n<li>CC2500-Frsky,\u00a0Futaba\u00a0SFHSS,\u00a0Hitec,\u00a0Radiolink,\u00a0Esky, Corona itp<\/li>\n<\/ul>\n<\/li>\n<li>Wbudowane \u0142adowanie USB-C<\/li>\n<\/ul>\n<h2><img decoding=\"async\" class=\"alignnone wp-image-5897 size-full\" style=\"font-size: 16px;\" src=\"https:\/\/xorr.pl\/wp-content\/uploads\/2021\/03\/JumperTlite.jpg\" alt=\"\" width=\"1000\" height=\"781\" srcset=\"https:\/\/xorr.pl\/wp-content\/uploads\/2021\/03\/JumperTlite.jpg 1000w, https:\/\/xorr.pl\/wp-content\/uploads\/2021\/03\/JumperTlite-300x234.jpg 300w, https:\/\/xorr.pl\/wp-content\/uploads\/2021\/03\/JumperTlite-768x600.jpg 768w, https:\/\/xorr.pl\/wp-content\/uploads\/2021\/03\/JumperTlite-600x469.jpg 600w\" sizes=\"(max-width: 1000px) 100vw, 1000px\" \/><\/h2>\n<h2>Package:<\/h2>\n<ul>\n<li>1 * Jumper T-LITE<\/li>\n<\/ul>","protected":false},"excerpt":{"rendered":"<p>Radio firmy Jumper w stylu LiteRadio 2 SE, wyposa\u017cone we wszystko to co brakowa\u0142o w radiu BetyFPV: Gimbale na czujnikach halla Ekran Wbudowany g\u0142o\u015bnik Mo\u017cliwo\u015b\u0107 montowania rozszerze\u0144 typu nano UWAGA. Przed uruchomieniem radia nale\u017cy pod\u0142\u0105czy\u0107 anten\u0119. Niepod\u0142\u0105czenie anteny spowoduje uszkodzenie radia. JP4IN1 Opis: Rozmiar:\u00a0166\u00a0*\u00a0106\u00a0*\u00a056 mm Waga:\u00a0260g\u00a0(z\u00a018650) Napi\u0119cie:\u00a0DC3\u00a05-4.\u00a02V Kana\u0142:\u00a016\u00a0kana\u0142\u00f3w Zewn\u0119trzna\u00a0karta\u00a0Micro\u00a0SD:\u00a0ponownie\u00a0pod\u0142\u0105czona karta SD System: OpenTX Ekran:\u00a01,3\u00a0&#8221;\u00a012864 Wysokiej\u00a0jako\u015bci\u00a0gimbale\u00a0z\u00a0czujnikiem\u00a0halla [&hellip;]<\/p>","protected":false},"featured_media":5901,"template":"","meta":[],"product_cat":[32,41],"product_tag":[],"jetpack_sharing_enabled":true,"_links":{"self":[{"href":"https:\/\/xorr.pl\/en\/wp-json\/wp\/v2\/product\/5896"}],"collection":[{"href":"https:\/\/xorr.pl\/en\/wp-json\/wp\/v2\/product"}],"about":[{"href":"https:\/\/xorr.pl\/en\/wp-json\/wp\/v2\/types\/product"}],"wp:featuredmedia":[{"embeddable":true,"href":"https:\/\/xorr.pl\/en\/wp-json\/wp\/v2\/media\/5901"}],"wp:attachment":[{"href":"https:\/\/xorr.pl\/en\/wp-json\/wp\/v2\/media?parent=5896"}],"wp:term":[{"taxonomy":"product_cat","embeddable":true,"href":"https:\/\/xorr.pl\/en\/wp-json\/wp\/v2\/product_cat?post=5896"},{"taxonomy":"product_tag","embeddable":true,"href":"https:\/\/xorr.pl\/en\/wp-json\/wp\/v2\/product_tag?post=5896"}],"curies":[{"name":"wp","href":"https:\/\/api.w.org\/{rel}","templated":true}]}}