{"id":5914,"date":"2021-03-21T18:40:17","date_gmt":"2021-03-21T17:40:17","guid":{"rendered":"https:\/\/xorr.pl\/?post_type=product&#038;p=5914"},"modified":"2024-06-03T20:16:31","modified_gmt":"2024-06-03T18:16:31","slug":"narzedzie-do-zdejmowania-smigiel","status":"publish","type":"product","link":"https:\/\/xorr.pl\/en\/product\/narzedzie-do-zdejmowania-smigiel\/","title":{"rendered":"Prop removal tool"},"content":{"rendered":"","protected":false},"excerpt":{"rendered":"<p>Narz\u0119dzie s\u0142u\u017cy do zdejmowania \u015bmigie\u0142 z dron\u00f3w klasy whoop. Dzi\u0119ki niemu szybko zdejmiesz \u015bmig\u0142a ze swojego drona bez ryzyka uszkodzenia silnika czy samego \u015bmig\u0142a.<\/p>","protected":false},"featured_media":5915,"template":"","meta":[],"product_cat":[22,23,35],"product_tag":[],"jetpack_sharing_enabled":true,"_links":{"self":[{"href":"https:\/\/xorr.pl\/en\/wp-json\/wp\/v2\/product\/5914"}],"collection":[{"href":"https:\/\/xorr.pl\/en\/wp-json\/wp\/v2\/product"}],"about":[{"href":"https:\/\/xorr.pl\/en\/wp-json\/wp\/v2\/types\/product"}],"wp:featuredmedia":[{"embeddable":true,"href":"https:\/\/xorr.pl\/en\/wp-json\/wp\/v2\/media\/5915"}],"wp:attachment":[{"href":"https:\/\/xorr.pl\/en\/wp-json\/wp\/v2\/media?parent=5914"}],"wp:term":[{"taxonomy":"product_cat","embeddable":true,"href":"https:\/\/xorr.pl\/en\/wp-json\/wp\/v2\/product_cat?post=5914"},{"taxonomy":"product_tag","embeddable":true,"href":"https:\/\/xorr.pl\/en\/wp-json\/wp\/v2\/product_tag?post=5914"}],"curies":[{"name":"wp","href":"https:\/\/api.w.org\/{rel}","templated":true}]}}