{"id":5922,"date":"2021-03-21T22:15:20","date_gmt":"2021-03-21T21:15:20","guid":{"rendered":"https:\/\/xorr.pl\/?post_type=product&#038;p=5922"},"modified":"2023-10-20T20:56:56","modified_gmt":"2023-10-20T18:56:56","slug":"canopy-for-micro-camera","status":"publish","type":"product","link":"https:\/\/xorr.pl\/en\/product\/canopy-for-micro-camera\/","title":{"rendered":"Canopy for Micro Camera"},"content":{"rendered":"<p>Canopy zosta\u0142y stworzone w technologii wtrysku. Dzi\u0119ki temu s\u0105 jeszcze l\u017aejsze i wytrzymalsze \ud83d\ude42<\/p>\n<p>Pasuj\u0105 najlepiej do kamer z obiektywem 1\/3 cala takich jak C01 Pro. Nadaj\u0105 si\u0119 tak\u017ce do dr\u00f3w takich jak Meteor65 jak i Beta85 pro 2.<\/p>\n<p><img decoding=\"async\" class=\"aligncenter\" src=\"https:\/\/cdn.shopify.com\/s\/files\/1\/1778\/6615\/files\/fb_f268b841-36b1-4fd9-8c65-23a08f8e7a1f_1024x1024.jpg?v=1583495355\" alt=\"\" \/><\/p>\n<h2>Bullet Point<\/h2>\n<ul class=\"a-unordered-list a-vertical a-spacing-none\">\n<li>Najlepszy zamiennik dla starczych generacj\u0105 canopy.<\/li>\n<li>Niska waga, jedynie 1,3 grama.<\/li>\n<li>Dost\u0119pne w 6 kolorach<\/li>\n<\/ul>\n<h2><a class=\"rte__image\" href=\"https:\/\/www.instagram.com\/p\/B-N4PePHTyC\/\" target=\"_blank\" rel=\"noopener noreferrer\"><img decoding=\"async\" class=\"aligncenter\" src=\"https:\/\/cdn.shopify.cn\/s\/files\/1\/1778\/6615\/files\/canopy_ad2ac428-19cc-470c-9f37-2829caa7a6ff.jpg?v=1585296108\" alt=\"\" width=\"798\" height=\"447\" \/><\/a><\/h2>\n<h2>Mocowanie kamery:<\/h2>\n<p>Do tego canopy pasuj\u0105 zar\u00f3wno kamery z obiektywem 1\/3 cala jak i 1\/4.<\/p>\n<p><img decoding=\"async\" class=\"aligncenter\" src=\"https:\/\/cdn.shopify.com\/s\/files\/1\/1778\/6615\/files\/829229129ae5d90f597f2b94bc9b2d83_73d91c45-a96b-408d-adb7-48ea606c33ad_480x480.jpg?v=1583402593\" alt=\"\" width=\"664\" height=\"343\" \/><\/p>\n<h2>Spcyfikacja:<\/h2>\n<ul>\n<li>Materia\u0142: PP<\/li>\n<li>K\u0105t kamery: 30\u00b0<\/li>\n<li>Waga: 1.31g\/szt.<\/li>\n<li>Kolor: Bia\u0142y\/Czarny\/Niebieski\/Zielony\/Pomara\u0144czowy<\/li>\n<\/ul>\n<h2>Package:<\/h2>\n<ul>\n<li>1x Micro Canopy<\/li>\n<li>1x Mocowanie na kamer\u0119 1\/3&#8243;<\/li>\n<li>1x Mocowanie na kamer\u0119 1\/4&#8243;<\/li>\n<li>1x zestaw \u015brub M1.2&#215;4<\/li>\n<\/ul>\n<p><img decoding=\"async\" class=\"aligncenter\" src=\"https:\/\/cdn.shopify.com\/s\/files\/1\/1778\/6615\/files\/f1d3f2e934a7f7df4970562b60a46e3c_0134403f-44aa-4f98-a620-c12105fc5952_480x480.jpg?v=1583316804\" alt=\"\" width=\"661\" height=\"661\" \/><\/p>","protected":false},"excerpt":{"rendered":"<p>Je\u017celi jeste\u015b zainteresowany jakim\u015b szczeg\u00f3lnym kolorem to odezwij si\u0119 na naszym chacie w celu doboru koloru.<\/p>","protected":false},"featured_media":5924,"template":"","meta":[],"product_cat":[22,23,38],"product_tag":[],"jetpack_sharing_enabled":true,"_links":{"self":[{"href":"https:\/\/xorr.pl\/en\/wp-json\/wp\/v2\/product\/5922"}],"collection":[{"href":"https:\/\/xorr.pl\/en\/wp-json\/wp\/v2\/product"}],"about":[{"href":"https:\/\/xorr.pl\/en\/wp-json\/wp\/v2\/types\/product"}],"wp:featuredmedia":[{"embeddable":true,"href":"https:\/\/xorr.pl\/en\/wp-json\/wp\/v2\/media\/5924"}],"wp:attachment":[{"href":"https:\/\/xorr.pl\/en\/wp-json\/wp\/v2\/media?parent=5922"}],"wp:term":[{"taxonomy":"product_cat","embeddable":true,"href":"https:\/\/xorr.pl\/en\/wp-json\/wp\/v2\/product_cat?post=5922"},{"taxonomy":"product_tag","embeddable":true,"href":"https:\/\/xorr.pl\/en\/wp-json\/wp\/v2\/product_tag?post=5922"}],"curies":[{"name":"wp","href":"https:\/\/api.w.org\/{rel}","templated":true}]}}