{"id":5998,"date":"2021-04-13T22:07:19","date_gmt":"2021-04-13T20:07:19","guid":{"rendered":"https:\/\/xorr.pl\/?post_type=product&#038;p=5998"},"modified":"2023-08-08T16:31:52","modified_gmt":"2023-08-08T14:31:52","slug":"smigla-gemfan-2020-4-smiglowe-%cf%861-5mm","status":"publish","type":"product","link":"https:\/\/xorr.pl\/en\/product\/smigla-gemfan-2020-4-smiglowe-%cf%861-5mm\/","title":{"rendered":"Gemfan 2020 4-blade \u03c61.5mm Props"},"content":{"rendered":"<h2>Specifikacja:<\/h2>\n<ul>\n<li>Ilo\u015b\u0107 ramion: 4<\/li>\n<li>Material:\u00a0PC (Poly Carbonates)<\/li>\n<li>\u015arednica zewn\u0119trzna: 50.3mm<\/li>\n<li>Otw\u00f3r mocuj\u0105cy: 1.5mm<\/li>\n<li>Waga: 0.93g<\/li>\n<li>Kolory: niebieski<\/li>\n<\/ul>\n<p><img decoding=\"async\" class=\"wp-image-6001 aligncenter\" src=\"https:\/\/xorr.pl\/wp-content\/uploads\/2021\/04\/WPS_1_1a7e03b7-bf27-4bb6-9a32-8cd42d92fbf4_600x600-300x155.jpg\" alt=\"\" width=\"604\" height=\"312\" srcset=\"https:\/\/xorr.pl\/wp-content\/uploads\/2021\/04\/WPS_1_1a7e03b7-bf27-4bb6-9a32-8cd42d92fbf4_600x600-300x155.jpg 300w, https:\/\/xorr.pl\/wp-content\/uploads\/2021\/04\/WPS_1_1a7e03b7-bf27-4bb6-9a32-8cd42d92fbf4_600x600.jpg 600w\" sizes=\"(max-width: 604px) 100vw, 604px\" \/><\/p>\n<p><img decoding=\"async\" class=\"wp-image-6002 aligncenter\" src=\"https:\/\/xorr.pl\/wp-content\/uploads\/2021\/04\/WPS_1_cc71a507-3197-4009-ad69-db0ba0555fa2_600x600-300x91.jpg\" alt=\"\" width=\"527\" height=\"160\" srcset=\"https:\/\/xorr.pl\/wp-content\/uploads\/2021\/04\/WPS_1_cc71a507-3197-4009-ad69-db0ba0555fa2_600x600-300x91.jpg 300w, https:\/\/xorr.pl\/wp-content\/uploads\/2021\/04\/WPS_1_cc71a507-3197-4009-ad69-db0ba0555fa2_600x600.jpg 600w\" sizes=\"(max-width: 527px) 100vw, 527px\" \/><\/p>","protected":false},"excerpt":{"rendered":"<p>Specifikacja: Ilo\u015b\u0107 ramion: 4 Material:\u00a0PC (Poly Carbonates) \u015arednica zewn\u0119trzna: 50.3mm Otw\u00f3r mocuj\u0105cy: 1.5mm Waga: 0.93g Kolory: niebieski<\/p>","protected":false},"featured_media":5999,"template":"","meta":[],"product_cat":[23,35],"product_tag":[],"jetpack_sharing_enabled":true,"_links":{"self":[{"href":"https:\/\/xorr.pl\/en\/wp-json\/wp\/v2\/product\/5998"}],"collection":[{"href":"https:\/\/xorr.pl\/en\/wp-json\/wp\/v2\/product"}],"about":[{"href":"https:\/\/xorr.pl\/en\/wp-json\/wp\/v2\/types\/product"}],"wp:featuredmedia":[{"embeddable":true,"href":"https:\/\/xorr.pl\/en\/wp-json\/wp\/v2\/media\/5999"}],"wp:attachment":[{"href":"https:\/\/xorr.pl\/en\/wp-json\/wp\/v2\/media?parent=5998"}],"wp:term":[{"taxonomy":"product_cat","embeddable":true,"href":"https:\/\/xorr.pl\/en\/wp-json\/wp\/v2\/product_cat?post=5998"},{"taxonomy":"product_tag","embeddable":true,"href":"https:\/\/xorr.pl\/en\/wp-json\/wp\/v2\/product_tag?post=5998"}],"curies":[{"name":"wp","href":"https:\/\/api.w.org\/{rel}","templated":true}]}}