{"id":6072,"date":"2021-05-24T20:42:27","date_gmt":"2021-05-24T18:42:27","guid":{"rendered":"https:\/\/xorr.pl\/?post_type=product&#038;p=6072"},"modified":"2022-11-26T16:51:45","modified_gmt":"2022-11-26T15:51:45","slug":"rama-twig-et5-5","status":"publish","type":"product","link":"https:\/\/xorr.pl\/en\/product\/rama-twig-et5-5\/","title":{"rendered":"TWIG ET5 5\u2033 Frame"},"content":{"rendered":"<p>ET5 to powi\u0119kszona rama od Twig&#8217;a pozwalaj\u0105ca na zamontowanie \u015bmigie\u0142 o rozmiarze 5&#8242;. Carbonowy mainplate zosta\u0142 wyci\u0119ty z wysokiej jako\u015bci carbonu T700 o grubo\u015bci 3.5mm. Ci\u0119cie by\u0142o wzd\u0142u\u017c linii co zwi\u0119ksza wytrzyma\u0142o\u015b\u0107 poprzeczn\u0105 a kraw\u0119dzie zosta\u0142y zaokr\u0105glone. Odleg\u0142o\u015b\u0107 pomi\u0119dzy prz\u0119k\u0105tnymi motorami wynosi 200mm.<\/p>\n<p><img decoding=\"async\" class=\"aligncenter\" src=\"https:\/\/cdn.shopify.cn\/s\/files\/1\/1778\/6615\/files\/FB-TWIG_ET5_1024x1024.jpg?v=1586939339\" alt=\"\" \/><\/p>\n<p>&nbsp;<\/p>\n<h2>Bullet Point<\/h2>\n<ul>\n<li>High grade 3.5mm thick T700 carbon cut along the weave and chamfered on both sides interior and exterior edges at .7mm<\/li>\n<li>Wysokiej jako\u015bci w\u0142\u00f3kno w\u0119glowe ci\u0119te zgodnie ze sztuk\u0105.<\/li>\n<li>Otwory mocuj\u0105ce 20&#215;20<\/li>\n<li>Regulacja k\u0105ta nachylenia kamery 5-55 stopni. (mocowanie nie znajduje si\u0119 w zestawie)<\/li>\n<\/ul>\n<h2>Specification<\/h2>\n<ul>\n<li>Rozmiar: 5cali<\/li>\n<li>Materia\u0142: T700<\/li>\n<li>Wheelbase: 200mm<\/li>\n<li>Wagat: 33.6g<\/li>\n<li>Grubo\u015b\u0107 ramy: 3.5mm<\/li>\n<\/ul>","protected":false},"excerpt":{"rendered":"<p>ET5 to powi\u0119kszona rama od Twig&#8217;a pozwalaj\u0105ca na zamontowanie \u015bmigie\u0142 o rozmiarze 5&#8242;. Carbonowy mainplate zosta\u0142 wyci\u0119ty z wysokiej jako\u015bci carbonu T700 o grubo\u015bci 3.5mm. Ci\u0119cie by\u0142o wzd\u0142u\u017c linii co zwi\u0119ksza wytrzyma\u0142o\u015b\u0107 poprzeczn\u0105 a kraw\u0119dzie zosta\u0142y zaokr\u0105glone. Odleg\u0142o\u015b\u0107 pomi\u0119dzy prz\u0119k\u0105tnymi motorami wynosi 200mm. &nbsp; G\u0142\u00f3wne cechy: High grade 3.5mm thick T700 carbon cut along the [&hellip;]<\/p>","protected":false},"featured_media":6073,"template":"","meta":[],"product_cat":[22,23,38],"product_tag":[],"jetpack_sharing_enabled":true,"_links":{"self":[{"href":"https:\/\/xorr.pl\/en\/wp-json\/wp\/v2\/product\/6072"}],"collection":[{"href":"https:\/\/xorr.pl\/en\/wp-json\/wp\/v2\/product"}],"about":[{"href":"https:\/\/xorr.pl\/en\/wp-json\/wp\/v2\/types\/product"}],"wp:featuredmedia":[{"embeddable":true,"href":"https:\/\/xorr.pl\/en\/wp-json\/wp\/v2\/media\/6073"}],"wp:attachment":[{"href":"https:\/\/xorr.pl\/en\/wp-json\/wp\/v2\/media?parent=6072"}],"wp:term":[{"taxonomy":"product_cat","embeddable":true,"href":"https:\/\/xorr.pl\/en\/wp-json\/wp\/v2\/product_cat?post=6072"},{"taxonomy":"product_tag","embeddable":true,"href":"https:\/\/xorr.pl\/en\/wp-json\/wp\/v2\/product_tag?post=6072"}],"curies":[{"name":"wp","href":"https:\/\/api.w.org\/{rel}","templated":true}]}}