{"id":6075,"date":"2021-05-24T20:54:25","date_gmt":"2021-05-24T18:54:25","guid":{"rendered":"https:\/\/xorr.pl\/?post_type=product&#038;p=6075"},"modified":"2022-04-25T09:48:55","modified_gmt":"2022-04-25T07:48:55","slug":"750mah-4s-95c-lipo","status":"publish","type":"product","link":"https:\/\/xorr.pl\/en\/product\/750mah-4s-95c-lipo\/","title":{"rendered":"750mAh 4S 95C Lipo Battery"},"content":{"rendered":"<p>Akumulatory Betafpv 750mAh 4S lipo oferuje bardzo dobre osi\u0105gi w przyst\u0119pnej cenie! Przez maxksmalny pr\u0105d roz\u0142adowania 95C nie zabraknie Ci pr\u0105du w najwa\u017cniejszym momencie \ud83d\ude42<\/p>\n<p><img decoding=\"async\" class=\"aligncenter\" src=\"https:\/\/cdn.shopifycdn.net\/s\/files\/1\/1778\/6615\/files\/a10ac50f96c45021366784e1b98ee394_9b327d3f-1711-47d4-9e1e-d333242a7fff_1024x1024.jpg?v=1616758390\" alt=\"\" \/><\/p>\n<h2>Specification<\/h2>\n<ul>\n<li>Pojemno\u015b\u0107: 750mAh<\/li>\n<li>Moc: 11.1Wh<\/li>\n<li>Napi\u0119cie: 14.8V<\/li>\n<li>Rate: 95C<\/li>\n<li>Waga: 81.74g<\/li>\n<li>Wymiary: 60*30*25mm<\/li>\n<li>Z\u0142\u0105cze: XT30U<\/li>\n<\/ul>\n<p><img decoding=\"async\" class=\"aligncenter\" src=\"https:\/\/cdn.shopifycdn.net\/s\/files\/1\/1778\/6615\/files\/114a5c0012b06a7971f293f72efdece0_7234e44e-0dcd-4021-a6c5-ee49abf7939a_1024x1024.jpg?v=1616753443\" alt=\"\" \/><\/p>\n<h2>Dimension<\/h2>\n<p><img decoding=\"async\" class=\"aligncenter\" src=\"https:\/\/cdn.shopifycdn.net\/s\/files\/1\/1778\/6615\/files\/1_eea80654-d967-4857-aabc-c2a5174426b7_1024x1024.jpg?v=1616753567\" alt=\"\" \/><\/p>","protected":false},"excerpt":{"rendered":"<p>Akumulatory Betafpv 750mAh 4S lipo oferuje bardzo dobre osi\u0105gi w przyst\u0119pnej cenie! Przez maxksmalny pr\u0105d roz\u0142adowania 95C nie zabraknie Ci pr\u0105du w najwa\u017cniejszym momencie \ud83d\ude42 Specyfikacja: Pojemno\u015b\u0107: 750mAh Moc: 11.1Wh Napi\u0119cie: 14.8V Rate: 95C Waga: 81.74g Wymiary: 60*30*25mm Z\u0142\u0105cze: XT30U Wymiary<\/p>","protected":false},"featured_media":6076,"template":"","meta":[],"product_cat":[22,25],"product_tag":[],"jetpack_sharing_enabled":true,"_links":{"self":[{"href":"https:\/\/xorr.pl\/en\/wp-json\/wp\/v2\/product\/6075"}],"collection":[{"href":"https:\/\/xorr.pl\/en\/wp-json\/wp\/v2\/product"}],"about":[{"href":"https:\/\/xorr.pl\/en\/wp-json\/wp\/v2\/types\/product"}],"wp:featuredmedia":[{"embeddable":true,"href":"https:\/\/xorr.pl\/en\/wp-json\/wp\/v2\/media\/6076"}],"wp:attachment":[{"href":"https:\/\/xorr.pl\/en\/wp-json\/wp\/v2\/media?parent=6075"}],"wp:term":[{"taxonomy":"product_cat","embeddable":true,"href":"https:\/\/xorr.pl\/en\/wp-json\/wp\/v2\/product_cat?post=6075"},{"taxonomy":"product_tag","embeddable":true,"href":"https:\/\/xorr.pl\/en\/wp-json\/wp\/v2\/product_tag?post=6075"}],"curies":[{"name":"wp","href":"https:\/\/api.w.org\/{rel}","templated":true}]}}